{"id":9121,"date":"2017-03-31T11:42:33","date_gmt":"2017-03-31T09:42:33","guid":{"rendered":"https:\/\/www.meetingpoint-music-messiaen.net\/pl\/?page_id=9121"},"modified":"2019-05-04T12:13:41","modified_gmt":"2019-05-04T10:13:41","slug":"zip-zap","status":"publish","type":"page","link":"https:\/\/www.meetingpoint-memory-messiaen.eu\/pl\/zip-zap\/","title":{"rendered":"Zip-Zap"},"content":{"rendered":"<p>[vc_row css_animation=&#8221;&#8221; row_type=&#8221;row&#8221; use_row_as_full_screen_section=&#8221;no&#8221; type=&#8221;full_width&#8221; angled_section=&#8221;no&#8221; text_align=&#8221;left&#8221; background_image_as_pattern=&#8221;without_pattern&#8221; gap=&#8221;25&#8243;][vc_column][vc_column_text]<img decoding=\"async\" src=\"https:\/\/www.meetingpoint-memory-messiaen.eu\/wp-content\/uploads\/2019\/04\/zip-zap-cover-de.jpg\" alt=\"Zip-Zap\" \/><\/p>\n<p>Pewnie nie raz ka\u017cdy z nas znalaz\u0142 si\u0119 w sytuacji kiedy bariera j\u0119zykowa uniemo\u017cliwi\u0142a nawi\u0105zanie kontaktu, a nawet wsp\u00f3\u0142prac\u0119 z partnerem z Niemiec. Najwy\u017cszy czas to zmieni\u0107!<\/p>\n<p>Stowarzyszenie Meetingpoint Music Messiaen co roku\u00a0zaprasza na polsko-niemieckie warsztaty animacji j\u0119zykowej. Wydarzenie kierowane jest przede wszystkim do nauczycieli, animator\u00f3w oraz organizator\u00f3w polsko-niemieckich spotka\u0144 dzieci i m\u0142odzie\u017cy. W programie zosta\u0142y przewidziane zar\u00f3wno \u0107wiczenia, kt\u00f3re pozwol\u0105 nam si\u0119 oswoi\u0107 z j\u0119zykiem s\u0105siad\u00f3w, jak i te, kt\u00f3re u\u0142atwi\u0105 nam komunikacj\u0119 z zagranicznym partnerem. Warsztaty s\u0105\u00a0prowadzone przez dw\u00f3ch do\u015bwiadczonych referent\u00f3w Polsko-Niemieckiej Wsp\u00f3\u0142pracy M\u0142odzie\u017cy.<\/p>\n<p><strong>Wi\u0119cej informacji<\/strong> o warsztatach animacji j\u0119zykowej 2019 mo\u017cna znale\u017a\u0107 <a href=\"https:\/\/www.meetingpoint-memory-messiaen.eu\/pl\/warsztaty-animacji-jezykowej-zip-zap\/\">tutaj<\/a>.[\/vc_column_text][\/vc_column][\/vc_row][vc_row css_animation=&#8221;&#8221; row_type=&#8221;row&#8221; use_row_as_full_screen_section=&#8221;no&#8221; type=&#8221;full_width&#8221; angled_section=&#8221;no&#8221; text_align=&#8221;left&#8221; background_image_as_pattern=&#8221;without_pattern&#8221; gap=&#8221;25&#8243;][vc_column][vc_separator type=&#8221;normal&#8221;][\/vc_column][\/vc_row][vc_row css_animation=&#8221;&#8221; row_type=&#8221;row&#8221; use_row_as_full_screen_section=&#8221;no&#8221; type=&#8221;full_width&#8221; angled_section=&#8221;no&#8221; text_align=&#8221;left&#8221; background_image_as_pattern=&#8221;without_pattern&#8221; gap=&#8221;25&#8243;][vc_column][vc_column_text]Warsztaty s\u0105 dofinansowane ze \u015brodk\u00f3w Polsko-Niemieckiej Wsp\u00f3\u0142pracy M\u0142odzie\u017cy.[\/vc_column_text][\/vc_column][\/vc_row][vc_row css_animation=&#8221;&#8221; row_type=&#8221;row&#8221; use_row_as_full_screen_section=&#8221;no&#8221; type=&#8221;full_width&#8221; angled_section=&#8221;no&#8221; text_align=&#8221;left&#8221; background_image_as_pattern=&#8221;without_pattern&#8221; gap=&#8221;25&#8243;][vc_column][vc_raw_html]JTNDYSUyMGhyZWYlM0QlMjJodHRwJTNBJTJGJTJGd3d3LmRwancub3JnJTIyJTIwdGFyZ2V0JTNEJTIyX2JsYW5rJTIyJTNFJTNDaW1nJTIwY2xhc3MlM0QlMjJ3aWR0aC0xMDAlMjIlMjBzcmMlM0QlMjJodHRwcyUzQSUyRiUyRnd3dy5tZWV0aW5ncG9pbnQtbXVzaWMtbWVzc2lhZW4ubmV0JTJGd3AtY29udGVudCUyRnVwbG9hZHMlMkYyMDE5JTJGMDQlMkZkcGp3LWxvZ28uc3ZnJTIyJTIwYWx0JTNEJTIyRFBKVyUyMiUyMCUyRiUzRSUzQyUyRmElM0U=[\/vc_raw_html][\/vc_column][\/vc_row]<\/p>\n","protected":false},"excerpt":{"rendered":"<p>[vc_row css_animation=&#8221;&#8221; row_type=&#8221;row&#8221; use_row_as_full_screen_section=&#8221;no&#8221; type=&#8221;full_width&#8221; angled_section=&#8221;no&#8221; text_align=&#8221;left&#8221; background_image_as_pattern=&#8221;without_pattern&#8221; gap=&#8221;25&#8243;][vc_column][vc_column_text] Pewnie nie raz ka\u017cdy z nas znalaz\u0142 si\u0119 w sytuacji kiedy bariera j\u0119zykowa uniemo\u017cliwi\u0142a nawi\u0105zanie kontaktu, a nawet wsp\u00f3\u0142prac\u0119 z partnerem z Niemiec. Najwy\u017cszy czas to zmieni\u0107! Stowarzyszenie Meetingpoint Music Messiaen co roku\u00a0zaprasza na polsko-niemieckie warsztaty&#8230;<\/p>\n","protected":false},"author":21,"featured_media":0,"parent":0,"menu_order":0,"comment_status":"closed","ping_status":"closed","template":"","meta":{"footnotes":""},"class_list":["post-9121","page","type-page","status-publish","hentry"],"yoast_head":"<!-- This site is optimized with the Yoast SEO plugin v24.3 - https:\/\/yoast.com\/wordpress\/plugins\/seo\/ -->\n<title>Zip-Zap - Meetingpoint Memory Messiaen e.V.<\/title>\n<meta name=\"robots\" content=\"index, follow, max-snippet:-1, max-image-preview:large, max-video-preview:-1\" \/>\n<link rel=\"canonical\" href=\"https:\/\/www.meetingpoint-memory-messiaen.eu\/pl\/zip-zap\/\" \/>\n<meta property=\"og:locale\" content=\"pl_PL\" \/>\n<meta property=\"og:type\" content=\"article\" \/>\n<meta property=\"og:title\" content=\"Zip-Zap - Meetingpoint Memory Messiaen e.V.\" \/>\n<meta property=\"og:description\" content=\"[vc_row css_animation=&#8221;&#8221; row_type=&#8221;row&#8221; use_row_as_full_screen_section=&#8221;no&#8221; type=&#8221;full_width&#8221; angled_section=&#8221;no&#8221; text_align=&#8221;left&#8221; background_image_as_pattern=&#8221;without_pattern&#8221; gap=&#8221;25&#8243;][vc_column][vc_column_text] Pewnie nie raz ka\u017cdy z nas znalaz\u0142 si\u0119 w sytuacji kiedy bariera j\u0119zykowa uniemo\u017cliwi\u0142a nawi\u0105zanie kontaktu, a nawet wsp\u00f3\u0142prac\u0119 z partnerem z Niemiec. Najwy\u017cszy czas to zmieni\u0107! Stowarzyszenie Meetingpoint Music Messiaen co roku\u00a0zaprasza na polsko-niemieckie warsztaty...\" \/>\n<meta property=\"og:url\" content=\"https:\/\/www.meetingpoint-memory-messiaen.eu\/pl\/zip-zap\/\" \/>\n<meta property=\"og:site_name\" content=\"Meetingpoint Memory Messiaen e.V.\" \/>\n<meta property=\"article:modified_time\" content=\"2019-05-04T10:13:41+00:00\" \/>\n<meta property=\"og:image\" content=\"https:\/\/www.meetingpoint-memory-messiaen.eu\/wp-content\/uploads\/2019\/04\/zip-zap-cover-de.jpg\" \/>\n<meta name=\"twitter:card\" content=\"summary_large_image\" \/>\n<meta name=\"twitter:label1\" content=\"Szacowany czas czytania\" \/>\n\t<meta name=\"twitter:data1\" content=\"2 minuty\" \/>\n<script type=\"application\/ld+json\" class=\"yoast-schema-graph\">{\"@context\":\"https:\/\/schema.org\",\"@graph\":[{\"@type\":\"WebPage\",\"@id\":\"https:\/\/www.meetingpoint-memory-messiaen.eu\/pl\/zip-zap\/\",\"url\":\"https:\/\/www.meetingpoint-memory-messiaen.eu\/pl\/zip-zap\/\",\"name\":\"Zip-Zap - Meetingpoint Memory Messiaen e.V.\",\"isPartOf\":{\"@id\":\"https:\/\/www.meetingpoint-memory-messiaen.eu\/pl\/#website\"},\"primaryImageOfPage\":{\"@id\":\"https:\/\/www.meetingpoint-memory-messiaen.eu\/pl\/zip-zap\/#primaryimage\"},\"image\":{\"@id\":\"https:\/\/www.meetingpoint-memory-messiaen.eu\/pl\/zip-zap\/#primaryimage\"},\"thumbnailUrl\":\"https:\/\/www.meetingpoint-memory-messiaen.eu\/wp-content\/uploads\/2019\/04\/zip-zap-cover-de.jpg\",\"datePublished\":\"2017-03-31T09:42:33+00:00\",\"dateModified\":\"2019-05-04T10:13:41+00:00\",\"breadcrumb\":{\"@id\":\"https:\/\/www.meetingpoint-memory-messiaen.eu\/pl\/zip-zap\/#breadcrumb\"},\"inLanguage\":\"pl-PL\",\"potentialAction\":[{\"@type\":\"ReadAction\",\"target\":[\"https:\/\/www.meetingpoint-memory-messiaen.eu\/pl\/zip-zap\/\"]}]},{\"@type\":\"ImageObject\",\"inLanguage\":\"pl-PL\",\"@id\":\"https:\/\/www.meetingpoint-memory-messiaen.eu\/pl\/zip-zap\/#primaryimage\",\"url\":\"https:\/\/www.meetingpoint-memory-messiaen.eu\/wp-content\/uploads\/2019\/04\/zip-zap-cover-de.jpg\",\"contentUrl\":\"https:\/\/www.meetingpoint-memory-messiaen.eu\/wp-content\/uploads\/2019\/04\/zip-zap-cover-de.jpg\"},{\"@type\":\"BreadcrumbList\",\"@id\":\"https:\/\/www.meetingpoint-memory-messiaen.eu\/pl\/zip-zap\/#breadcrumb\",\"itemListElement\":[{\"@type\":\"ListItem\",\"position\":1,\"name\":\"Home\",\"item\":\"https:\/\/www.meetingpoint-memory-messiaen.eu\/pl\/\"},{\"@type\":\"ListItem\",\"position\":2,\"name\":\"Zip-Zap\"}]},{\"@type\":\"WebSite\",\"@id\":\"https:\/\/www.meetingpoint-memory-messiaen.eu\/pl\/#website\",\"url\":\"https:\/\/www.meetingpoint-memory-messiaen.eu\/pl\/\",\"name\":\"Meetingpoint Memory Messiaen e.V.\",\"description\":\"\",\"potentialAction\":[{\"@type\":\"SearchAction\",\"target\":{\"@type\":\"EntryPoint\",\"urlTemplate\":\"https:\/\/www.meetingpoint-memory-messiaen.eu\/pl\/?s={search_term_string}\"},\"query-input\":{\"@type\":\"PropertyValueSpecification\",\"valueRequired\":true,\"valueName\":\"search_term_string\"}}],\"inLanguage\":\"pl-PL\"}]}<\/script>\n<!-- \/ Yoast SEO plugin. -->","yoast_head_json":{"title":"Zip-Zap - Meetingpoint Memory Messiaen e.V.","robots":{"index":"index","follow":"follow","max-snippet":"max-snippet:-1","max-image-preview":"max-image-preview:large","max-video-preview":"max-video-preview:-1"},"canonical":"https:\/\/www.meetingpoint-memory-messiaen.eu\/pl\/zip-zap\/","og_locale":"pl_PL","og_type":"article","og_title":"Zip-Zap - Meetingpoint Memory Messiaen e.V.","og_description":"[vc_row css_animation=&#8221;&#8221; row_type=&#8221;row&#8221; use_row_as_full_screen_section=&#8221;no&#8221; type=&#8221;full_width&#8221; angled_section=&#8221;no&#8221; text_align=&#8221;left&#8221; background_image_as_pattern=&#8221;without_pattern&#8221; gap=&#8221;25&#8243;][vc_column][vc_column_text] Pewnie nie raz ka\u017cdy z nas znalaz\u0142 si\u0119 w sytuacji kiedy bariera j\u0119zykowa uniemo\u017cliwi\u0142a nawi\u0105zanie kontaktu, a nawet wsp\u00f3\u0142prac\u0119 z partnerem z Niemiec. Najwy\u017cszy czas to zmieni\u0107! Stowarzyszenie Meetingpoint Music Messiaen co roku\u00a0zaprasza na polsko-niemieckie warsztaty...","og_url":"https:\/\/www.meetingpoint-memory-messiaen.eu\/pl\/zip-zap\/","og_site_name":"Meetingpoint Memory Messiaen e.V.","article_modified_time":"2019-05-04T10:13:41+00:00","og_image":[{"url":"https:\/\/www.meetingpoint-memory-messiaen.eu\/wp-content\/uploads\/2019\/04\/zip-zap-cover-de.jpg","type":"","width":"","height":""}],"twitter_card":"summary_large_image","twitter_misc":{"Szacowany czas czytania":"2 minuty"},"schema":{"@context":"https:\/\/schema.org","@graph":[{"@type":"WebPage","@id":"https:\/\/www.meetingpoint-memory-messiaen.eu\/pl\/zip-zap\/","url":"https:\/\/www.meetingpoint-memory-messiaen.eu\/pl\/zip-zap\/","name":"Zip-Zap - Meetingpoint Memory Messiaen e.V.","isPartOf":{"@id":"https:\/\/www.meetingpoint-memory-messiaen.eu\/pl\/#website"},"primaryImageOfPage":{"@id":"https:\/\/www.meetingpoint-memory-messiaen.eu\/pl\/zip-zap\/#primaryimage"},"image":{"@id":"https:\/\/www.meetingpoint-memory-messiaen.eu\/pl\/zip-zap\/#primaryimage"},"thumbnailUrl":"https:\/\/www.meetingpoint-memory-messiaen.eu\/wp-content\/uploads\/2019\/04\/zip-zap-cover-de.jpg","datePublished":"2017-03-31T09:42:33+00:00","dateModified":"2019-05-04T10:13:41+00:00","breadcrumb":{"@id":"https:\/\/www.meetingpoint-memory-messiaen.eu\/pl\/zip-zap\/#breadcrumb"},"inLanguage":"pl-PL","potentialAction":[{"@type":"ReadAction","target":["https:\/\/www.meetingpoint-memory-messiaen.eu\/pl\/zip-zap\/"]}]},{"@type":"ImageObject","inLanguage":"pl-PL","@id":"https:\/\/www.meetingpoint-memory-messiaen.eu\/pl\/zip-zap\/#primaryimage","url":"https:\/\/www.meetingpoint-memory-messiaen.eu\/wp-content\/uploads\/2019\/04\/zip-zap-cover-de.jpg","contentUrl":"https:\/\/www.meetingpoint-memory-messiaen.eu\/wp-content\/uploads\/2019\/04\/zip-zap-cover-de.jpg"},{"@type":"BreadcrumbList","@id":"https:\/\/www.meetingpoint-memory-messiaen.eu\/pl\/zip-zap\/#breadcrumb","itemListElement":[{"@type":"ListItem","position":1,"name":"Home","item":"https:\/\/www.meetingpoint-memory-messiaen.eu\/pl\/"},{"@type":"ListItem","position":2,"name":"Zip-Zap"}]},{"@type":"WebSite","@id":"https:\/\/www.meetingpoint-memory-messiaen.eu\/pl\/#website","url":"https:\/\/www.meetingpoint-memory-messiaen.eu\/pl\/","name":"Meetingpoint Memory Messiaen e.V.","description":"","potentialAction":[{"@type":"SearchAction","target":{"@type":"EntryPoint","urlTemplate":"https:\/\/www.meetingpoint-memory-messiaen.eu\/pl\/?s={search_term_string}"},"query-input":{"@type":"PropertyValueSpecification","valueRequired":true,"valueName":"search_term_string"}}],"inLanguage":"pl-PL"}]}},"_links":{"self":[{"href":"https:\/\/www.meetingpoint-memory-messiaen.eu\/pl\/wp-json\/wp\/v2\/pages\/9121","targetHints":{"allow":["GET"]}}],"collection":[{"href":"https:\/\/www.meetingpoint-memory-messiaen.eu\/pl\/wp-json\/wp\/v2\/pages"}],"about":[{"href":"https:\/\/www.meetingpoint-memory-messiaen.eu\/pl\/wp-json\/wp\/v2\/types\/page"}],"author":[{"embeddable":true,"href":"https:\/\/www.meetingpoint-memory-messiaen.eu\/pl\/wp-json\/wp\/v2\/users\/21"}],"replies":[{"embeddable":true,"href":"https:\/\/www.meetingpoint-memory-messiaen.eu\/pl\/wp-json\/wp\/v2\/comments?post=9121"}],"version-history":[{"count":17,"href":"https:\/\/www.meetingpoint-memory-messiaen.eu\/pl\/wp-json\/wp\/v2\/pages\/9121\/revisions"}],"predecessor-version":[{"id":13810,"href":"https:\/\/www.meetingpoint-memory-messiaen.eu\/pl\/wp-json\/wp\/v2\/pages\/9121\/revisions\/13810"}],"wp:attachment":[{"href":"https:\/\/www.meetingpoint-memory-messiaen.eu\/pl\/wp-json\/wp\/v2\/media?parent=9121"}],"curies":[{"name":"wp","href":"https:\/\/api.w.org\/{rel}","templated":true}]}}