{"id":9088,"date":"2017-03-20T10:49:46","date_gmt":"2017-03-20T09:49:46","guid":{"rendered":"https:\/\/www.meetingpoint-music-messiaen.net\/pl\/?page_id=9088"},"modified":"2019-05-04T11:07:23","modified_gmt":"2019-05-04T09:07:23","slug":"warsztaty-historyczne","status":"publish","type":"page","link":"https:\/\/www.meetingpoint-memory-messiaen.eu\/pl\/warsztaty-historyczne\/","title":{"rendered":"Warsztaty historyczne"},"content":{"rendered":"<p>[vc_row css_animation=&#8221;&#8221; row_type=&#8221;row&#8221; use_row_as_full_screen_section=&#8221;no&#8221; type=&#8221;full_width&#8221; angled_section=&#8221;no&#8221; text_align=&#8221;left&#8221; background_image_as_pattern=&#8221;without_pattern&#8221;][vc_column][vc_column_text]<img decoding=\"async\" src=\"https:\/\/www.meetingpoint-memory-messiaen.eu\/wp-content\/uploads\/2019\/04\/geschichtswerkstatt.jpg\" alt=\"Warsztaty historyczne\" \/><\/p>\n<p>Polsko-niemieckie warsztaty historyczne to kilkudniowe spotkania m\u0142odzie\u017cy, kt\u00f3rych celem jest wsp\u00f3lna praca i przekszta\u0142cenie by\u0142ego nazistowskiego obozu jenieckiego Stalagu VIII A w \u00a0pe\u0142ne szacunku miejsce pami\u0119ci.<\/p>\n<p>Oko\u0142o 120.000 \u017co\u0142nierzy przebywa\u0142o w obozie podczas II wojny \u015bwiatowej &#8211; wielu z nich zgin\u0119\u0142o i zosta\u0142o anonimowo pogrzebanych. Pocz\u0105tkowo do Stalagu VIII A trafiali przede wszystkim je\u0144cy polscy. W czasie trwania wojny ob\u00f3z sta\u0142 si\u0119 miejscem zsy\u0142ki r\u00f3wnie\u017c \u017co\u0142nierzy innych narodowo\u015bci, m.in. Francuz\u00f3w, Belg\u00f3w, Serb\u00f3w, W\u0142och\u00f3w, Sowiet\u00f3w. Wi\u0119\u017aniowie radzieccy byli odseparowani od reszty je\u0144c\u00f3w i traktowani w wyj\u0105tkowo okrutny spos\u00f3b.<\/p>\n<p>Poprzez swoj\u0105 prac\u0119 i zaanga\u017cowanie uczniowie poznaj\u0105 histori\u0119 obozu, losy je\u0144c\u00f3w i tym samym tworz\u0105 most mi\u0119dzy przesz\u0142o\u015bci\u0105 i przysz\u0142o\u015bci\u0105. Warsztaty historyczne wp\u0142ywaj\u0105 nie tylko na m\u0142odzie\u017c, lecz r\u00f3wnie\u017c i na miejsce pami\u0119ci.<\/p>\n<p><strong>Wi\u0119cej informacji<\/strong> o warsztatach historycznych 2017\u00a0\u201e\u015aladami historii w Stalagu VIII A\u201c znajd\u0105 Pa\u0144stwo <a href=\"https:\/\/www.meetingpoint-memory-messiaen.eu\/pl\/sladami-historii-stalagu-viii-a\/\" target=\"_blank\" rel=\"noopener noreferrer\">tutaj<\/a>.[\/vc_column_text][\/vc_column][\/vc_row][vc_row css_animation=&#8221;&#8221; row_type=&#8221;row&#8221; use_row_as_full_screen_section=&#8221;no&#8221; type=&#8221;full_width&#8221; angled_section=&#8221;no&#8221; text_align=&#8221;left&#8221; background_image_as_pattern=&#8221;without_pattern&#8221; gap=&#8221;25&#8243;][vc_column][vc_separator type=&#8221;normal&#8221;][\/vc_column][\/vc_row][vc_row css_animation=&#8221;&#8221; row_type=&#8221;row&#8221; use_row_as_full_screen_section=&#8221;no&#8221; type=&#8221;full_width&#8221; angled_section=&#8221;no&#8221; text_align=&#8221;left&#8221; background_image_as_pattern=&#8221;without_pattern&#8221;][vc_column][vc_column_text]<strong>Kontakt:<\/strong><\/p>\n<p>Alexandra Grochowski<br \/>\n<a href=\"mailto:jugend-international@goerlitz.de\">history@themusicpoint.net<\/a><br \/>\n0049 3581 66 12 69[\/vc_column_text][\/vc_column][\/vc_row]<\/p>\n","protected":false},"excerpt":{"rendered":"<p>[vc_row css_animation=&#8221;&#8221; row_type=&#8221;row&#8221; use_row_as_full_screen_section=&#8221;no&#8221; type=&#8221;full_width&#8221; angled_section=&#8221;no&#8221; text_align=&#8221;left&#8221; background_image_as_pattern=&#8221;without_pattern&#8221;][vc_column][vc_column_text] Polsko-niemieckie warsztaty historyczne to kilkudniowe spotkania m\u0142odzie\u017cy, kt\u00f3rych celem jest wsp\u00f3lna praca i przekszta\u0142cenie by\u0142ego nazistowskiego obozu jenieckiego Stalagu VIII A w \u00a0pe\u0142ne szacunku miejsce pami\u0119ci. Oko\u0142o 120.000 \u017co\u0142nierzy przebywa\u0142o w obozie podczas II wojny \u015bwiatowej &#8211;&#8230;<\/p>\n","protected":false},"author":21,"featured_media":0,"parent":0,"menu_order":0,"comment_status":"closed","ping_status":"closed","template":"","meta":{"footnotes":""},"class_list":["post-9088","page","type-page","status-publish","hentry"],"yoast_head":"<!-- This site is optimized with the Yoast SEO plugin v24.3 - https:\/\/yoast.com\/wordpress\/plugins\/seo\/ -->\n<title>Warsztaty historyczne - Meetingpoint Memory Messiaen e.V.<\/title>\n<meta name=\"robots\" content=\"index, follow, max-snippet:-1, max-image-preview:large, max-video-preview:-1\" \/>\n<link rel=\"canonical\" href=\"https:\/\/www.meetingpoint-memory-messiaen.eu\/pl\/warsztaty-historyczne\/\" \/>\n<meta property=\"og:locale\" content=\"pl_PL\" \/>\n<meta property=\"og:type\" content=\"article\" \/>\n<meta property=\"og:title\" content=\"Warsztaty historyczne - Meetingpoint Memory Messiaen e.V.\" \/>\n<meta property=\"og:description\" content=\"[vc_row css_animation=&#8221;&#8221; row_type=&#8221;row&#8221; use_row_as_full_screen_section=&#8221;no&#8221; type=&#8221;full_width&#8221; angled_section=&#8221;no&#8221; text_align=&#8221;left&#8221; background_image_as_pattern=&#8221;without_pattern&#8221;][vc_column][vc_column_text] Polsko-niemieckie warsztaty historyczne to kilkudniowe spotkania m\u0142odzie\u017cy, kt\u00f3rych celem jest wsp\u00f3lna praca i przekszta\u0142cenie by\u0142ego nazistowskiego obozu jenieckiego Stalagu VIII A w \u00a0pe\u0142ne szacunku miejsce pami\u0119ci. Oko\u0142o 120.000 \u017co\u0142nierzy przebywa\u0142o w obozie podczas II wojny \u015bwiatowej &#8211;...\" \/>\n<meta property=\"og:url\" content=\"https:\/\/www.meetingpoint-memory-messiaen.eu\/pl\/warsztaty-historyczne\/\" \/>\n<meta property=\"og:site_name\" content=\"Meetingpoint Memory Messiaen e.V.\" \/>\n<meta property=\"article:modified_time\" content=\"2019-05-04T09:07:23+00:00\" \/>\n<meta property=\"og:image\" content=\"https:\/\/www.meetingpoint-memory-messiaen.eu\/wp-content\/uploads\/2019\/04\/geschichtswerkstatt.jpg\" \/>\n<meta name=\"twitter:card\" content=\"summary_large_image\" \/>\n<meta name=\"twitter:label1\" content=\"Szacowany czas czytania\" \/>\n\t<meta name=\"twitter:data1\" content=\"2 minuty\" \/>\n<script type=\"application\/ld+json\" class=\"yoast-schema-graph\">{\"@context\":\"https:\/\/schema.org\",\"@graph\":[{\"@type\":\"WebPage\",\"@id\":\"https:\/\/www.meetingpoint-memory-messiaen.eu\/pl\/warsztaty-historyczne\/\",\"url\":\"https:\/\/www.meetingpoint-memory-messiaen.eu\/pl\/warsztaty-historyczne\/\",\"name\":\"Warsztaty historyczne - Meetingpoint Memory Messiaen e.V.\",\"isPartOf\":{\"@id\":\"https:\/\/www.meetingpoint-memory-messiaen.eu\/pl\/#website\"},\"primaryImageOfPage\":{\"@id\":\"https:\/\/www.meetingpoint-memory-messiaen.eu\/pl\/warsztaty-historyczne\/#primaryimage\"},\"image\":{\"@id\":\"https:\/\/www.meetingpoint-memory-messiaen.eu\/pl\/warsztaty-historyczne\/#primaryimage\"},\"thumbnailUrl\":\"https:\/\/www.meetingpoint-memory-messiaen.eu\/wp-content\/uploads\/2019\/04\/geschichtswerkstatt.jpg\",\"datePublished\":\"2017-03-20T09:49:46+00:00\",\"dateModified\":\"2019-05-04T09:07:23+00:00\",\"breadcrumb\":{\"@id\":\"https:\/\/www.meetingpoint-memory-messiaen.eu\/pl\/warsztaty-historyczne\/#breadcrumb\"},\"inLanguage\":\"pl-PL\",\"potentialAction\":[{\"@type\":\"ReadAction\",\"target\":[\"https:\/\/www.meetingpoint-memory-messiaen.eu\/pl\/warsztaty-historyczne\/\"]}]},{\"@type\":\"ImageObject\",\"inLanguage\":\"pl-PL\",\"@id\":\"https:\/\/www.meetingpoint-memory-messiaen.eu\/pl\/warsztaty-historyczne\/#primaryimage\",\"url\":\"https:\/\/www.meetingpoint-memory-messiaen.eu\/wp-content\/uploads\/2019\/04\/geschichtswerkstatt.jpg\",\"contentUrl\":\"https:\/\/www.meetingpoint-memory-messiaen.eu\/wp-content\/uploads\/2019\/04\/geschichtswerkstatt.jpg\"},{\"@type\":\"BreadcrumbList\",\"@id\":\"https:\/\/www.meetingpoint-memory-messiaen.eu\/pl\/warsztaty-historyczne\/#breadcrumb\",\"itemListElement\":[{\"@type\":\"ListItem\",\"position\":1,\"name\":\"Home\",\"item\":\"https:\/\/www.meetingpoint-memory-messiaen.eu\/pl\/\"},{\"@type\":\"ListItem\",\"position\":2,\"name\":\"Warsztaty historyczne\"}]},{\"@type\":\"WebSite\",\"@id\":\"https:\/\/www.meetingpoint-memory-messiaen.eu\/pl\/#website\",\"url\":\"https:\/\/www.meetingpoint-memory-messiaen.eu\/pl\/\",\"name\":\"Meetingpoint Memory Messiaen e.V.\",\"description\":\"\",\"potentialAction\":[{\"@type\":\"SearchAction\",\"target\":{\"@type\":\"EntryPoint\",\"urlTemplate\":\"https:\/\/www.meetingpoint-memory-messiaen.eu\/pl\/?s={search_term_string}\"},\"query-input\":{\"@type\":\"PropertyValueSpecification\",\"valueRequired\":true,\"valueName\":\"search_term_string\"}}],\"inLanguage\":\"pl-PL\"}]}<\/script>\n<!-- \/ Yoast SEO plugin. -->","yoast_head_json":{"title":"Warsztaty historyczne - Meetingpoint Memory Messiaen e.V.","robots":{"index":"index","follow":"follow","max-snippet":"max-snippet:-1","max-image-preview":"max-image-preview:large","max-video-preview":"max-video-preview:-1"},"canonical":"https:\/\/www.meetingpoint-memory-messiaen.eu\/pl\/warsztaty-historyczne\/","og_locale":"pl_PL","og_type":"article","og_title":"Warsztaty historyczne - Meetingpoint Memory Messiaen e.V.","og_description":"[vc_row css_animation=&#8221;&#8221; row_type=&#8221;row&#8221; use_row_as_full_screen_section=&#8221;no&#8221; type=&#8221;full_width&#8221; angled_section=&#8221;no&#8221; text_align=&#8221;left&#8221; background_image_as_pattern=&#8221;without_pattern&#8221;][vc_column][vc_column_text] Polsko-niemieckie warsztaty historyczne to kilkudniowe spotkania m\u0142odzie\u017cy, kt\u00f3rych celem jest wsp\u00f3lna praca i przekszta\u0142cenie by\u0142ego nazistowskiego obozu jenieckiego Stalagu VIII A w \u00a0pe\u0142ne szacunku miejsce pami\u0119ci. Oko\u0142o 120.000 \u017co\u0142nierzy przebywa\u0142o w obozie podczas II wojny \u015bwiatowej &#8211;...","og_url":"https:\/\/www.meetingpoint-memory-messiaen.eu\/pl\/warsztaty-historyczne\/","og_site_name":"Meetingpoint Memory Messiaen e.V.","article_modified_time":"2019-05-04T09:07:23+00:00","og_image":[{"url":"https:\/\/www.meetingpoint-memory-messiaen.eu\/wp-content\/uploads\/2019\/04\/geschichtswerkstatt.jpg","type":"","width":"","height":""}],"twitter_card":"summary_large_image","twitter_misc":{"Szacowany czas czytania":"2 minuty"},"schema":{"@context":"https:\/\/schema.org","@graph":[{"@type":"WebPage","@id":"https:\/\/www.meetingpoint-memory-messiaen.eu\/pl\/warsztaty-historyczne\/","url":"https:\/\/www.meetingpoint-memory-messiaen.eu\/pl\/warsztaty-historyczne\/","name":"Warsztaty historyczne - Meetingpoint Memory Messiaen e.V.","isPartOf":{"@id":"https:\/\/www.meetingpoint-memory-messiaen.eu\/pl\/#website"},"primaryImageOfPage":{"@id":"https:\/\/www.meetingpoint-memory-messiaen.eu\/pl\/warsztaty-historyczne\/#primaryimage"},"image":{"@id":"https:\/\/www.meetingpoint-memory-messiaen.eu\/pl\/warsztaty-historyczne\/#primaryimage"},"thumbnailUrl":"https:\/\/www.meetingpoint-memory-messiaen.eu\/wp-content\/uploads\/2019\/04\/geschichtswerkstatt.jpg","datePublished":"2017-03-20T09:49:46+00:00","dateModified":"2019-05-04T09:07:23+00:00","breadcrumb":{"@id":"https:\/\/www.meetingpoint-memory-messiaen.eu\/pl\/warsztaty-historyczne\/#breadcrumb"},"inLanguage":"pl-PL","potentialAction":[{"@type":"ReadAction","target":["https:\/\/www.meetingpoint-memory-messiaen.eu\/pl\/warsztaty-historyczne\/"]}]},{"@type":"ImageObject","inLanguage":"pl-PL","@id":"https:\/\/www.meetingpoint-memory-messiaen.eu\/pl\/warsztaty-historyczne\/#primaryimage","url":"https:\/\/www.meetingpoint-memory-messiaen.eu\/wp-content\/uploads\/2019\/04\/geschichtswerkstatt.jpg","contentUrl":"https:\/\/www.meetingpoint-memory-messiaen.eu\/wp-content\/uploads\/2019\/04\/geschichtswerkstatt.jpg"},{"@type":"BreadcrumbList","@id":"https:\/\/www.meetingpoint-memory-messiaen.eu\/pl\/warsztaty-historyczne\/#breadcrumb","itemListElement":[{"@type":"ListItem","position":1,"name":"Home","item":"https:\/\/www.meetingpoint-memory-messiaen.eu\/pl\/"},{"@type":"ListItem","position":2,"name":"Warsztaty historyczne"}]},{"@type":"WebSite","@id":"https:\/\/www.meetingpoint-memory-messiaen.eu\/pl\/#website","url":"https:\/\/www.meetingpoint-memory-messiaen.eu\/pl\/","name":"Meetingpoint Memory Messiaen e.V.","description":"","potentialAction":[{"@type":"SearchAction","target":{"@type":"EntryPoint","urlTemplate":"https:\/\/www.meetingpoint-memory-messiaen.eu\/pl\/?s={search_term_string}"},"query-input":{"@type":"PropertyValueSpecification","valueRequired":true,"valueName":"search_term_string"}}],"inLanguage":"pl-PL"}]}},"_links":{"self":[{"href":"https:\/\/www.meetingpoint-memory-messiaen.eu\/pl\/wp-json\/wp\/v2\/pages\/9088","targetHints":{"allow":["GET"]}}],"collection":[{"href":"https:\/\/www.meetingpoint-memory-messiaen.eu\/pl\/wp-json\/wp\/v2\/pages"}],"about":[{"href":"https:\/\/www.meetingpoint-memory-messiaen.eu\/pl\/wp-json\/wp\/v2\/types\/page"}],"author":[{"embeddable":true,"href":"https:\/\/www.meetingpoint-memory-messiaen.eu\/pl\/wp-json\/wp\/v2\/users\/21"}],"replies":[{"embeddable":true,"href":"https:\/\/www.meetingpoint-memory-messiaen.eu\/pl\/wp-json\/wp\/v2\/comments?post=9088"}],"version-history":[{"count":10,"href":"https:\/\/www.meetingpoint-memory-messiaen.eu\/pl\/wp-json\/wp\/v2\/pages\/9088\/revisions"}],"predecessor-version":[{"id":13800,"href":"https:\/\/www.meetingpoint-memory-messiaen.eu\/pl\/wp-json\/wp\/v2\/pages\/9088\/revisions\/13800"}],"wp:attachment":[{"href":"https:\/\/www.meetingpoint-memory-messiaen.eu\/pl\/wp-json\/wp\/v2\/media?parent=9088"}],"curies":[{"name":"wp","href":"https:\/\/api.w.org\/{rel}","templated":true}]}}