{"id":4627,"date":"2014-04-29T10:18:13","date_gmt":"2014-04-29T08:18:13","guid":{"rendered":"http:\/\/wordpress.themusicpoint.net\/?page_id=4627"},"modified":"2023-11-13T12:52:17","modified_gmt":"2023-11-13T11:52:17","slug":"jednostka-centralna-pnwm","status":"publish","type":"page","link":"https:\/\/www.meetingpoint-memory-messiaen.eu\/pl\/jednostka-centralna-pnwm\/","title":{"rendered":"Jednostka centralna PNWM"},"content":{"rendered":"<p>[vc_row css_animation=&#8221;&#8221; row_type=&#8221;row&#8221; use_row_as_full_screen_section=&#8221;no&#8221; type=&#8221;full_width&#8221; angled_section=&#8221;no&#8221; text_align=&#8221;left&#8221; background_image_as_pattern=&#8221;without_pattern&#8221; gap=&#8221;25&#8243;][vc_column][vc_column_text]<img decoding=\"async\" src=\"https:\/\/www.meetingpoint-memory-messiaen.eu\/wp-content\/uploads\/2019\/04\/dpjw-zentralstelle-workation-22.jpg\" alt=\"Jednostka centralna PNWM\" \/>[\/vc_column_text][\/vc_column][\/vc_row][vc_row css_animation=&#8221;&#8221; row_type=&#8221;row&#8221; use_row_as_full_screen_section=&#8221;no&#8221; type=&#8221;full_width&#8221; angled_section=&#8221;no&#8221; text_align=&#8221;left&#8221; background_image_as_pattern=&#8221;without_pattern&#8221; gap=&#8221;25&#8243;][vc_column][vc_column_text]Polsko-niemiecka Wsp\u00f3\u0142praca M\u0142odzie\u017cy\u00a0(<a href=\"https:\/\/www.pnwm.org\" target=\"_blank\" rel=\"noopener noreferrer\">PNWM<\/a>) to mi\u0119dzynarodowa organizacja, kt\u00f3ra wspiera finansowo polsko-niemiecki projekty z udzia\u0142em m\u0142odzie\u017cy. W dniu 17 czerwca 1991 roku ministrowie spraw zagranicznych Polski i Niemiec podpisali Umow\u0119 mi\u0119dzy Rz\u0105dem Rzeczypospolitej Polskiej a Rz\u0105dem Republiki Federalnej Niemiec o utworzeniu PNWM.<\/p>\n<p>Aby u\u0142atwi\u0107 proces sk\u0142adania wniosk\u00f3w PNWM wsp\u00f3\u0142pracuje z sieci\u0105 jednostek centralnych w Polsce i Niemczech. Jednostki centralne Polsko-Niemieckiej Wsp\u00f3\u0142pracy M\u0142odzie\u017cy to niezale\u017cne organizacje i stowarzyszenia, kt\u00f3re pracuj\u0105 z m\u0142odymi lud\u017ami lub prowadz\u0105 wymian\u0119. Organizacje te\u00a0rozpatruj\u0105 na zlecenie PNWM wnioski o dofinansowanie oraz reprezentuj\u0105 interesy organizacji m\u0142odzie\u017cowych, przekazuj\u0105c PNWM wa\u017cne uwagi i sugestie.[\/vc_column_text][\/vc_column][\/vc_row][vc_row css_animation=&#8221;&#8221; row_type=&#8221;row&#8221; use_row_as_full_screen_section=&#8221;no&#8221; type=&#8221;full_width&#8221; angled_section=&#8221;no&#8221; text_align=&#8221;left&#8221; background_image_as_pattern=&#8221;without_pattern&#8221; gap=&#8221;25&#8243;][vc_column][vc_raw_html]JTNDYSUyMGhyZWYlM0QlMjJodHRwJTNBJTJGJTJGd3d3LmRwancub3JnJTIyJTIwdGFyZ2V0JTNEJTIyX2JsYW5rJTIyJTNFJTNDaW1nJTIwY2xhc3MlM0QlMjJ3aWR0aC0xMDAlMjIlMjBzcmMlM0QlMjJodHRwcyUzQSUyRiUyRnd3dy5tZWV0aW5ncG9pbnQtbXVzaWMtbWVzc2lhZW4ubmV0JTJGd3AtY29udGVudCUyRnVwbG9hZHMlMkYyMDE5JTJGMDQlMkZkcGp3LWxvZ28uc3ZnJTIyJTIwYWx0JTNEJTIyUE5XTSUyMiUyMCUyRiUzRSUzQyUyRmElM0U=[\/vc_raw_html][\/vc_column][\/vc_row][vc_row css_animation=&#8221;&#8221; row_type=&#8221;row&#8221; use_row_as_full_screen_section=&#8221;no&#8221; type=&#8221;full_width&#8221; angled_section=&#8221;no&#8221; text_align=&#8221;left&#8221; background_image_as_pattern=&#8221;without_pattern&#8221; gap=&#8221;25&#8243;][vc_column][vc_column_text]<\/p>\n<h3 class=\"top-padded-20\">Stowarzyszenie Meetingpoint Memory Messiaen e.V. jako Jednostka Centralna PNWM<\/h3>\n<p>Stowarzyszenie Meetingpoint Memory Messiaen jest jednostk\u0105 centraln\u0105 PNWM od kwietnia 2014 roku. Do naszych zada\u0144 nale\u017cy wspieranie g\u00f6rlitzkich instytucji w realizacji polsko-niemieckich projekt\u00f3w m\u0142odzie\u017cowych. Organizacje pozaszkolne z G\u00f6rlitz mog\u0105 bezpo\u015brednio do nas sk\u0142ada\u0107 wnioski o dofinansowanie projektu przez PNWM. Wszystkie inne organizacje, grupy oraz osoby prywatne z G\u00f6rlitz-Zgorzeleca informujemy o dzia\u0142alno\u015bci PNWM oraz konsultujemy przy pisaniu wniosk\u00f3w b\u0105d\u017a sporz\u0105dzaniu rozlicze\u0144 projekt\u00f3w.<\/p>\n<h3 class=\"top-padded-20\">Jakie przedsi\u0119wzi\u0119cia dotuje PNWM?<\/h3>\n<ul>\n<li>Polsko-niemieckie wymiany m\u0142odzie\u017cy<\/li>\n<li>Tr\u00f3jstronne projekty\u00a0wymiany m\u0142odzie\u017cy<\/li>\n<li>Programy specjalistyczne dla pracownik\u00f3w m\u0142odziezowych<\/li>\n<li>Praktyka w kraju s\u0105siada<\/li>\n<li>Ma\u0142ego projekty (publikacje, koncerty, itd.)<\/li>\n<\/ul>\n<p class=\"top-padded-20\">Dalsze informacje w zak\u0142adce\u00a0<a href=\"https:\/\/www.pnwm.org\/dotacje\/\" target=\"_blank\" rel=\"noopener noreferrer\">Dotacje<\/a> na stronie <a href=\"https:\/\/www.pnwm.org\" target=\"_blank\" rel=\"noopener noreferrer\">PNWM<\/a>.<\/p>\n<p>[\/vc_column_text][\/vc_column][\/vc_row][vc_row css_animation=&#8221;&#8221; row_type=&#8221;row&#8221; use_row_as_full_screen_section=&#8221;no&#8221; type=&#8221;full_width&#8221; angled_section=&#8221;no&#8221; text_align=&#8221;left&#8221; background_image_as_pattern=&#8221;without_pattern&#8221; gap=&#8221;25&#8243;][vc_column][vc_column_text]<strong>Kontakt:<\/strong><\/p>\n<p>Alexandra Grochowski<br \/>\n<a class=\"mailto-link\" href=\"mailto:dpjw@meetingpointmm.eu\" target=\"_blank\" rel=\"noopener\">dpjw@meetingpointmm.eu<\/a><br \/>\n+49 3581 66 12 69<\/p>\n<p>W razie pyta\u0144 zapraszamy do kontaktu! <strong>Sk\u0142adanie wniosk\u00f3w jest mo\u017cliwe przez ca\u0142y rok!<\/strong>[\/vc_column_text][\/vc_column][\/vc_row]<\/p>\n","protected":false},"excerpt":{"rendered":"<p>[vc_row css_animation=&#8221;&#8221; row_type=&#8221;row&#8221; use_row_as_full_screen_section=&#8221;no&#8221; type=&#8221;full_width&#8221; angled_section=&#8221;no&#8221; text_align=&#8221;left&#8221; background_image_as_pattern=&#8221;without_pattern&#8221; gap=&#8221;25&#8243;][vc_column][vc_column_text][\/vc_column_text][\/vc_column][\/vc_row][vc_row css_animation=&#8221;&#8221; row_type=&#8221;row&#8221; use_row_as_full_screen_section=&#8221;no&#8221; type=&#8221;full_width&#8221; angled_section=&#8221;no&#8221; text_align=&#8221;left&#8221; background_image_as_pattern=&#8221;without_pattern&#8221; gap=&#8221;25&#8243;][vc_column][vc_column_text]Polsko-niemiecka Wsp\u00f3\u0142praca M\u0142odzie\u017cy\u00a0(PNWM) to mi\u0119dzynarodowa organizacja, kt\u00f3ra wspiera finansowo polsko-niemiecki projekty z udzia\u0142em m\u0142odzie\u017cy. W dniu 17 czerwca 1991 roku ministrowie spraw zagranicznych Polski i Niemiec podpisali Umow\u0119 mi\u0119dzy&#8230;<\/p>\n","protected":false},"author":21,"featured_media":0,"parent":0,"menu_order":0,"comment_status":"closed","ping_status":"closed","template":"","meta":{"footnotes":""},"class_list":["post-4627","page","type-page","status-publish","hentry"],"yoast_head":"<!-- This site is optimized with the Yoast SEO plugin v24.3 - https:\/\/yoast.com\/wordpress\/plugins\/seo\/ -->\n<title>Jednostka centralna PNWM - Meetingpoint Memory Messiaen e.V.<\/title>\n<meta name=\"robots\" content=\"index, follow, max-snippet:-1, max-image-preview:large, max-video-preview:-1\" \/>\n<link rel=\"canonical\" href=\"https:\/\/www.meetingpoint-memory-messiaen.eu\/pl\/jednostka-centralna-pnwm\/\" \/>\n<meta property=\"og:locale\" content=\"pl_PL\" \/>\n<meta property=\"og:type\" content=\"article\" \/>\n<meta property=\"og:title\" content=\"Jednostka centralna PNWM - Meetingpoint Memory Messiaen e.V.\" \/>\n<meta property=\"og:description\" content=\"[vc_row css_animation=&#8221;&#8221; row_type=&#8221;row&#8221; use_row_as_full_screen_section=&#8221;no&#8221; type=&#8221;full_width&#8221; angled_section=&#8221;no&#8221; text_align=&#8221;left&#8221; background_image_as_pattern=&#8221;without_pattern&#8221; gap=&#8221;25&#8243;][vc_column][vc_column_text][\/vc_column_text][\/vc_column][\/vc_row][vc_row css_animation=&#8221;&#8221; row_type=&#8221;row&#8221; use_row_as_full_screen_section=&#8221;no&#8221; type=&#8221;full_width&#8221; angled_section=&#8221;no&#8221; text_align=&#8221;left&#8221; background_image_as_pattern=&#8221;without_pattern&#8221; gap=&#8221;25&#8243;][vc_column][vc_column_text]Polsko-niemiecka Wsp\u00f3\u0142praca M\u0142odzie\u017cy\u00a0(PNWM) to mi\u0119dzynarodowa organizacja, kt\u00f3ra wspiera finansowo polsko-niemiecki projekty z udzia\u0142em m\u0142odzie\u017cy. W dniu 17 czerwca 1991 roku ministrowie spraw zagranicznych Polski i Niemiec podpisali Umow\u0119 mi\u0119dzy...\" \/>\n<meta property=\"og:url\" content=\"https:\/\/www.meetingpoint-memory-messiaen.eu\/pl\/jednostka-centralna-pnwm\/\" \/>\n<meta property=\"og:site_name\" content=\"Meetingpoint Memory Messiaen e.V.\" \/>\n<meta property=\"article:modified_time\" content=\"2023-11-13T11:52:17+00:00\" \/>\n<meta property=\"og:image\" content=\"https:\/\/www.meetingpoint-memory-messiaen.eu\/wp-content\/uploads\/2019\/04\/dpjw-zentralstelle-workation-22.jpg\" \/>\n<meta name=\"twitter:card\" content=\"summary_large_image\" \/>\n<meta name=\"twitter:label1\" content=\"Szacowany czas czytania\" \/>\n\t<meta name=\"twitter:data1\" content=\"2 minuty\" \/>\n<script type=\"application\/ld+json\" class=\"yoast-schema-graph\">{\"@context\":\"https:\/\/schema.org\",\"@graph\":[{\"@type\":\"WebPage\",\"@id\":\"https:\/\/www.meetingpoint-memory-messiaen.eu\/pl\/jednostka-centralna-pnwm\/\",\"url\":\"https:\/\/www.meetingpoint-memory-messiaen.eu\/pl\/jednostka-centralna-pnwm\/\",\"name\":\"Jednostka centralna PNWM - Meetingpoint Memory Messiaen e.V.\",\"isPartOf\":{\"@id\":\"https:\/\/www.meetingpoint-memory-messiaen.eu\/pl\/#website\"},\"primaryImageOfPage\":{\"@id\":\"https:\/\/www.meetingpoint-memory-messiaen.eu\/pl\/jednostka-centralna-pnwm\/#primaryimage\"},\"image\":{\"@id\":\"https:\/\/www.meetingpoint-memory-messiaen.eu\/pl\/jednostka-centralna-pnwm\/#primaryimage\"},\"thumbnailUrl\":\"https:\/\/www.meetingpoint-memory-messiaen.eu\/wp-content\/uploads\/2019\/04\/dpjw-zentralstelle-workation-22.jpg\",\"datePublished\":\"2014-04-29T08:18:13+00:00\",\"dateModified\":\"2023-11-13T11:52:17+00:00\",\"breadcrumb\":{\"@id\":\"https:\/\/www.meetingpoint-memory-messiaen.eu\/pl\/jednostka-centralna-pnwm\/#breadcrumb\"},\"inLanguage\":\"pl-PL\",\"potentialAction\":[{\"@type\":\"ReadAction\",\"target\":[\"https:\/\/www.meetingpoint-memory-messiaen.eu\/pl\/jednostka-centralna-pnwm\/\"]}]},{\"@type\":\"ImageObject\",\"inLanguage\":\"pl-PL\",\"@id\":\"https:\/\/www.meetingpoint-memory-messiaen.eu\/pl\/jednostka-centralna-pnwm\/#primaryimage\",\"url\":\"https:\/\/www.meetingpoint-memory-messiaen.eu\/wp-content\/uploads\/2019\/04\/dpjw-zentralstelle-workation-22.jpg\",\"contentUrl\":\"https:\/\/www.meetingpoint-memory-messiaen.eu\/wp-content\/uploads\/2019\/04\/dpjw-zentralstelle-workation-22.jpg\"},{\"@type\":\"BreadcrumbList\",\"@id\":\"https:\/\/www.meetingpoint-memory-messiaen.eu\/pl\/jednostka-centralna-pnwm\/#breadcrumb\",\"itemListElement\":[{\"@type\":\"ListItem\",\"position\":1,\"name\":\"Home\",\"item\":\"https:\/\/www.meetingpoint-memory-messiaen.eu\/pl\/\"},{\"@type\":\"ListItem\",\"position\":2,\"name\":\"Jednostka centralna PNWM\"}]},{\"@type\":\"WebSite\",\"@id\":\"https:\/\/www.meetingpoint-memory-messiaen.eu\/pl\/#website\",\"url\":\"https:\/\/www.meetingpoint-memory-messiaen.eu\/pl\/\",\"name\":\"Meetingpoint Memory Messiaen e.V.\",\"description\":\"\",\"potentialAction\":[{\"@type\":\"SearchAction\",\"target\":{\"@type\":\"EntryPoint\",\"urlTemplate\":\"https:\/\/www.meetingpoint-memory-messiaen.eu\/pl\/?s={search_term_string}\"},\"query-input\":{\"@type\":\"PropertyValueSpecification\",\"valueRequired\":true,\"valueName\":\"search_term_string\"}}],\"inLanguage\":\"pl-PL\"}]}<\/script>\n<!-- \/ Yoast SEO plugin. -->","yoast_head_json":{"title":"Jednostka centralna PNWM - Meetingpoint Memory Messiaen e.V.","robots":{"index":"index","follow":"follow","max-snippet":"max-snippet:-1","max-image-preview":"max-image-preview:large","max-video-preview":"max-video-preview:-1"},"canonical":"https:\/\/www.meetingpoint-memory-messiaen.eu\/pl\/jednostka-centralna-pnwm\/","og_locale":"pl_PL","og_type":"article","og_title":"Jednostka centralna PNWM - Meetingpoint Memory Messiaen e.V.","og_description":"[vc_row css_animation=&#8221;&#8221; row_type=&#8221;row&#8221; use_row_as_full_screen_section=&#8221;no&#8221; type=&#8221;full_width&#8221; angled_section=&#8221;no&#8221; text_align=&#8221;left&#8221; background_image_as_pattern=&#8221;without_pattern&#8221; gap=&#8221;25&#8243;][vc_column][vc_column_text][\/vc_column_text][\/vc_column][\/vc_row][vc_row css_animation=&#8221;&#8221; row_type=&#8221;row&#8221; use_row_as_full_screen_section=&#8221;no&#8221; type=&#8221;full_width&#8221; angled_section=&#8221;no&#8221; text_align=&#8221;left&#8221; background_image_as_pattern=&#8221;without_pattern&#8221; gap=&#8221;25&#8243;][vc_column][vc_column_text]Polsko-niemiecka Wsp\u00f3\u0142praca M\u0142odzie\u017cy\u00a0(PNWM) to mi\u0119dzynarodowa organizacja, kt\u00f3ra wspiera finansowo polsko-niemiecki projekty z udzia\u0142em m\u0142odzie\u017cy. W dniu 17 czerwca 1991 roku ministrowie spraw zagranicznych Polski i Niemiec podpisali Umow\u0119 mi\u0119dzy...","og_url":"https:\/\/www.meetingpoint-memory-messiaen.eu\/pl\/jednostka-centralna-pnwm\/","og_site_name":"Meetingpoint Memory Messiaen e.V.","article_modified_time":"2023-11-13T11:52:17+00:00","og_image":[{"url":"https:\/\/www.meetingpoint-memory-messiaen.eu\/wp-content\/uploads\/2019\/04\/dpjw-zentralstelle-workation-22.jpg","type":"","width":"","height":""}],"twitter_card":"summary_large_image","twitter_misc":{"Szacowany czas czytania":"2 minuty"},"schema":{"@context":"https:\/\/schema.org","@graph":[{"@type":"WebPage","@id":"https:\/\/www.meetingpoint-memory-messiaen.eu\/pl\/jednostka-centralna-pnwm\/","url":"https:\/\/www.meetingpoint-memory-messiaen.eu\/pl\/jednostka-centralna-pnwm\/","name":"Jednostka centralna PNWM - Meetingpoint Memory Messiaen e.V.","isPartOf":{"@id":"https:\/\/www.meetingpoint-memory-messiaen.eu\/pl\/#website"},"primaryImageOfPage":{"@id":"https:\/\/www.meetingpoint-memory-messiaen.eu\/pl\/jednostka-centralna-pnwm\/#primaryimage"},"image":{"@id":"https:\/\/www.meetingpoint-memory-messiaen.eu\/pl\/jednostka-centralna-pnwm\/#primaryimage"},"thumbnailUrl":"https:\/\/www.meetingpoint-memory-messiaen.eu\/wp-content\/uploads\/2019\/04\/dpjw-zentralstelle-workation-22.jpg","datePublished":"2014-04-29T08:18:13+00:00","dateModified":"2023-11-13T11:52:17+00:00","breadcrumb":{"@id":"https:\/\/www.meetingpoint-memory-messiaen.eu\/pl\/jednostka-centralna-pnwm\/#breadcrumb"},"inLanguage":"pl-PL","potentialAction":[{"@type":"ReadAction","target":["https:\/\/www.meetingpoint-memory-messiaen.eu\/pl\/jednostka-centralna-pnwm\/"]}]},{"@type":"ImageObject","inLanguage":"pl-PL","@id":"https:\/\/www.meetingpoint-memory-messiaen.eu\/pl\/jednostka-centralna-pnwm\/#primaryimage","url":"https:\/\/www.meetingpoint-memory-messiaen.eu\/wp-content\/uploads\/2019\/04\/dpjw-zentralstelle-workation-22.jpg","contentUrl":"https:\/\/www.meetingpoint-memory-messiaen.eu\/wp-content\/uploads\/2019\/04\/dpjw-zentralstelle-workation-22.jpg"},{"@type":"BreadcrumbList","@id":"https:\/\/www.meetingpoint-memory-messiaen.eu\/pl\/jednostka-centralna-pnwm\/#breadcrumb","itemListElement":[{"@type":"ListItem","position":1,"name":"Home","item":"https:\/\/www.meetingpoint-memory-messiaen.eu\/pl\/"},{"@type":"ListItem","position":2,"name":"Jednostka centralna PNWM"}]},{"@type":"WebSite","@id":"https:\/\/www.meetingpoint-memory-messiaen.eu\/pl\/#website","url":"https:\/\/www.meetingpoint-memory-messiaen.eu\/pl\/","name":"Meetingpoint Memory Messiaen e.V.","description":"","potentialAction":[{"@type":"SearchAction","target":{"@type":"EntryPoint","urlTemplate":"https:\/\/www.meetingpoint-memory-messiaen.eu\/pl\/?s={search_term_string}"},"query-input":{"@type":"PropertyValueSpecification","valueRequired":true,"valueName":"search_term_string"}}],"inLanguage":"pl-PL"}]}},"_links":{"self":[{"href":"https:\/\/www.meetingpoint-memory-messiaen.eu\/pl\/wp-json\/wp\/v2\/pages\/4627","targetHints":{"allow":["GET"]}}],"collection":[{"href":"https:\/\/www.meetingpoint-memory-messiaen.eu\/pl\/wp-json\/wp\/v2\/pages"}],"about":[{"href":"https:\/\/www.meetingpoint-memory-messiaen.eu\/pl\/wp-json\/wp\/v2\/types\/page"}],"author":[{"embeddable":true,"href":"https:\/\/www.meetingpoint-memory-messiaen.eu\/pl\/wp-json\/wp\/v2\/users\/21"}],"replies":[{"embeddable":true,"href":"https:\/\/www.meetingpoint-memory-messiaen.eu\/pl\/wp-json\/wp\/v2\/comments?post=4627"}],"version-history":[{"count":17,"href":"https:\/\/www.meetingpoint-memory-messiaen.eu\/pl\/wp-json\/wp\/v2\/pages\/4627\/revisions"}],"predecessor-version":[{"id":8153,"href":"https:\/\/www.meetingpoint-memory-messiaen.eu\/pl\/wp-json\/wp\/v2\/pages\/4627\/revisions\/8153"}],"wp:attachment":[{"href":"https:\/\/www.meetingpoint-memory-messiaen.eu\/pl\/wp-json\/wp\/v2\/media?parent=4627"}],"curies":[{"name":"wp","href":"https:\/\/api.w.org\/{rel}","templated":true}]}}