{"id":4476,"date":"2014-03-22T13:28:32","date_gmt":"2014-03-22T12:28:32","guid":{"rendered":"http:\/\/wordpress.themusicpoint.net\/?page_id=4476"},"modified":"2024-03-04T13:23:18","modified_gmt":"2024-03-04T12:23:18","slug":"jednostka-koordynacyjna-ds-pracy-z-mlodzieza","status":"publish","type":"page","link":"https:\/\/www.meetingpoint-memory-messiaen.eu\/pl\/jednostka-koordynacyjna-ds-pracy-z-mlodzieza\/","title":{"rendered":"Jednostka koordynacyjna ds. pracy z m\u0142odzie\u017c\u0105"},"content":{"rendered":"<p>[vc_row css_animation=&#8221;&#8221; row_type=&#8221;row&#8221; use_row_as_full_screen_section=&#8221;no&#8221; type=&#8221;full_width&#8221; angled_section=&#8221;no&#8221; text_align=&#8221;left&#8221; background_image_as_pattern=&#8221;without_pattern&#8221; gap=&#8221;25&#8243;][vc_column][vc_column_text]<img decoding=\"async\" src=\"https:\/\/www.meetingpoint-memory-messiaen.eu\/wp-content\/uploads\/2019\/04\/jugendarbeit.jpg\" alt=\"Praca z m\u0142odzie\u017c\u0105\" \/>[\/vc_column_text][\/vc_column][\/vc_row][vc_row css_animation=&#8221;&#8221; row_type=&#8221;row&#8221; use_row_as_full_screen_section=&#8221;no&#8221; type=&#8221;full_width&#8221; angled_section=&#8221;no&#8221; text_align=&#8221;left&#8221; background_image_as_pattern=&#8221;without_pattern&#8221;][vc_column][vc_column_text]Jednostka Koordynacyjna ds. Mi\u0119dzynarodowej Pracy z Dzie\u0107mi i M\u0142odzie\u017c\u0105 w G\u00f6rlitz-Zgorzelcu (Biuro M\u0142odzie\u017cowe) powsta\u0142a z inicjatywy miasta G\u00f6rlitz i w 2014 roku zosta\u0142a w\u0142\u0105czona w struktury stowarzyszenia MEETINGPOINT MUSIC MESSIAEN. Do zada\u0144 jednostki nale\u017cy przede wszystkim informowanie m\u0142odzie\u017cy z G\u00f6rlitz i Zgorzelca o praktykach zagranicznych, projektach wakacyjnych oraz mo\u017cliwo\u015bciach sp\u0119dzania wolnego czasu. Wa\u017cnym aspektem jej pracy pozostaje r\u00f3wnie\u017c wspieranie dzia\u0142a\u0144 organizacji pozarz\u0105dowych, pracownik\u00f3w m\u0142odzie\u017cowych oraz nauczycieli przy realizacji projekt\u00f3w mi\u0119dzynarodowych. Jednostka koordynacyjna jest niezale\u017cnym punktem informacji stworzonym z my\u015bl\u0105 o m\u0142odzie\u017cy i instytucjach w mie\u015bcie G\u00f6rlitz-Zgorzelec.<\/p>\n<p>Wi\u0119cej informacji: <a href=\"http:\/\/www.jugendbuero-goerlitz.de\/\" target=\"_blank\" rel=\"noopener noreferrer\">www.jugendbuero-goerlitz.de<\/a><\/p>\n<p>&nbsp;<\/p>\n<p>Projekt &#8222;jednostka koordynacyjna ds. pracy z m\u0142odzie\u017c\u0105&#8221; jest finansowany przez miasto G\u00f6rlitz.[\/vc_column_text][vc_single_image image=&#8221;18252&#8243; img_size=&#8221;medium&#8221; qode_css_animation=&#8221;&#8221;][\/vc_column][\/vc_row][vc_row css_animation=&#8221;&#8221; row_type=&#8221;row&#8221; use_row_as_full_screen_section=&#8221;no&#8221; type=&#8221;full_width&#8221; angled_section=&#8221;no&#8221; text_align=&#8221;left&#8221; background_image_as_pattern=&#8221;without_pattern&#8221;][vc_column][vc_column_text]<strong>Kontakt:<\/strong><br \/>\n<a href=\"mailto:jugend-international@goerlitz.de\">jugend-international@goerlitz.de<\/a><br \/>\n+49 3581 66 12 69<\/p>\n<p class=\"bottom-padded-20\">Nasze biuro w G\u00f6rlitz przy <a href=\"https:\/\/www.google.com\/maps\/place\/MEETINGPOINT+MUSIC+MESSIAEN+e.V.\/@51.1540746,14.9816662,17z\/data=!4m13!1m7!3m6!1s0x4708dc3046adc403:0xa22b7bf1508da38f!2sDemianipl.+40,+02826+G%C3%B6rlitz,+Niemcy!3b1!8m2!3d51.1540746!4d14.9838549!3m4!1s0x4708dc3046b1062f:0x7fc7a65ee5d84286!8m2!3d51.1540746!4d14.9838549\">Demianiplatz 40<\/a> jest otwarte we <strong>wtorki<\/strong> i <strong>czwartki<\/strong> od godz. <strong>10.00 do 16.00<\/strong> (cz\u0119sto d\u0142u\u017cej).<\/p>\n<p>[\/vc_column_text][\/vc_column][\/vc_row][vc_row css_animation=&#8221;&#8221; row_type=&#8221;row&#8221; use_row_as_full_screen_section=&#8221;no&#8221; type=&#8221;full_width&#8221; angled_section=&#8221;no&#8221; text_align=&#8221;left&#8221; background_image_as_pattern=&#8221;without_pattern&#8221;][vc_column][vc_separator type=&#8221;normal&#8221; thickness=&#8221;2&#8243; down=&#8221;15&#8243; color=&#8221;#f3f3f3&#8243;][\/vc_column][\/vc_row][vc_row css_animation=&#8221;&#8221; row_type=&#8221;row&#8221; use_row_as_full_screen_section=&#8221;no&#8221; type=&#8221;full_width&#8221; angled_section=&#8221;no&#8221; text_align=&#8221;left&#8221; background_image_as_pattern=&#8221;without_pattern&#8221; gap=&#8221;25&#8243;][vc_column][vc_column_text]<\/p>\n<p><center><a href=\"https:\/\/www.ijab.de\/was-wir-tun\/mobilitaet-jugendinformation\/eurodesk-deutschland\/\" target=\"_blank\" rel=\"noopener noreferrer\"><img decoding=\"async\" src=\"https:\/\/www.meetingpoint-memory-messiaen.eu\/wp-content\/uploads\/2014\/03\/eurodesk-goerlitz-logo-1.png\" alt=\"Eurodesk G\u00f6rlitz\" \/><\/a><\/center>[\/vc_column_text][\/vc_column][\/vc_row]<\/p>\n","protected":false},"excerpt":{"rendered":"<p>[vc_row css_animation=&#8221;&#8221; row_type=&#8221;row&#8221; use_row_as_full_screen_section=&#8221;no&#8221; type=&#8221;full_width&#8221; angled_section=&#8221;no&#8221; text_align=&#8221;left&#8221; background_image_as_pattern=&#8221;without_pattern&#8221; gap=&#8221;25&#8243;][vc_column][vc_column_text][\/vc_column_text][\/vc_column][\/vc_row][vc_row css_animation=&#8221;&#8221; row_type=&#8221;row&#8221; use_row_as_full_screen_section=&#8221;no&#8221; type=&#8221;full_width&#8221; angled_section=&#8221;no&#8221; text_align=&#8221;left&#8221; background_image_as_pattern=&#8221;without_pattern&#8221;][vc_column][vc_column_text]Jednostka Koordynacyjna ds. Mi\u0119dzynarodowej Pracy z Dzie\u0107mi i M\u0142odzie\u017c\u0105 w G\u00f6rlitz-Zgorzelcu (Biuro M\u0142odzie\u017cowe) powsta\u0142a z inicjatywy miasta G\u00f6rlitz i w 2014 roku zosta\u0142a w\u0142\u0105czona w struktury stowarzyszenia MEETINGPOINT MUSIC MESSIAEN&#8230;.<\/p>\n","protected":false},"author":21,"featured_media":0,"parent":0,"menu_order":0,"comment_status":"closed","ping_status":"closed","template":"","meta":{"footnotes":""},"class_list":["post-4476","page","type-page","status-publish","hentry"],"yoast_head":"<!-- This site is optimized with the Yoast SEO plugin v24.3 - https:\/\/yoast.com\/wordpress\/plugins\/seo\/ -->\n<title>Jednostka koordynacyjna ds. pracy z m\u0142odzie\u017c\u0105 - Meetingpoint Memory Messiaen e.V.<\/title>\n<meta name=\"robots\" content=\"index, follow, max-snippet:-1, max-image-preview:large, max-video-preview:-1\" \/>\n<link rel=\"canonical\" href=\"https:\/\/www.meetingpoint-memory-messiaen.eu\/pl\/jednostka-koordynacyjna-ds-pracy-z-mlodzieza\/\" \/>\n<meta property=\"og:locale\" content=\"pl_PL\" \/>\n<meta property=\"og:type\" content=\"article\" \/>\n<meta property=\"og:title\" content=\"Jednostka koordynacyjna ds. pracy z m\u0142odzie\u017c\u0105 - Meetingpoint Memory Messiaen e.V.\" \/>\n<meta property=\"og:description\" content=\"[vc_row css_animation=&#8221;&#8221; row_type=&#8221;row&#8221; use_row_as_full_screen_section=&#8221;no&#8221; type=&#8221;full_width&#8221; angled_section=&#8221;no&#8221; text_align=&#8221;left&#8221; background_image_as_pattern=&#8221;without_pattern&#8221; gap=&#8221;25&#8243;][vc_column][vc_column_text][\/vc_column_text][\/vc_column][\/vc_row][vc_row css_animation=&#8221;&#8221; row_type=&#8221;row&#8221; use_row_as_full_screen_section=&#8221;no&#8221; type=&#8221;full_width&#8221; angled_section=&#8221;no&#8221; text_align=&#8221;left&#8221; background_image_as_pattern=&#8221;without_pattern&#8221;][vc_column][vc_column_text]Jednostka Koordynacyjna ds. Mi\u0119dzynarodowej Pracy z Dzie\u0107mi i M\u0142odzie\u017c\u0105 w G\u00f6rlitz-Zgorzelcu (Biuro M\u0142odzie\u017cowe) powsta\u0142a z inicjatywy miasta G\u00f6rlitz i w 2014 roku zosta\u0142a w\u0142\u0105czona w struktury stowarzyszenia MEETINGPOINT MUSIC MESSIAEN....\" \/>\n<meta property=\"og:url\" content=\"https:\/\/www.meetingpoint-memory-messiaen.eu\/pl\/jednostka-koordynacyjna-ds-pracy-z-mlodzieza\/\" \/>\n<meta property=\"og:site_name\" content=\"Meetingpoint Memory Messiaen e.V.\" \/>\n<meta property=\"article:modified_time\" content=\"2024-03-04T12:23:18+00:00\" \/>\n<meta property=\"og:image\" content=\"https:\/\/www.meetingpoint-memory-messiaen.eu\/wp-content\/uploads\/2019\/04\/jugendarbeit.jpg\" \/>\n<meta name=\"twitter:card\" content=\"summary_large_image\" \/>\n<meta name=\"twitter:label1\" content=\"Szacowany czas czytania\" \/>\n\t<meta name=\"twitter:data1\" content=\"2 minuty\" \/>\n<script type=\"application\/ld+json\" class=\"yoast-schema-graph\">{\"@context\":\"https:\/\/schema.org\",\"@graph\":[{\"@type\":\"WebPage\",\"@id\":\"https:\/\/www.meetingpoint-memory-messiaen.eu\/pl\/jednostka-koordynacyjna-ds-pracy-z-mlodzieza\/\",\"url\":\"https:\/\/www.meetingpoint-memory-messiaen.eu\/pl\/jednostka-koordynacyjna-ds-pracy-z-mlodzieza\/\",\"name\":\"Jednostka koordynacyjna ds. pracy z m\u0142odzie\u017c\u0105 - Meetingpoint Memory Messiaen e.V.\",\"isPartOf\":{\"@id\":\"https:\/\/www.meetingpoint-memory-messiaen.eu\/pl\/#website\"},\"primaryImageOfPage\":{\"@id\":\"https:\/\/www.meetingpoint-memory-messiaen.eu\/pl\/jednostka-koordynacyjna-ds-pracy-z-mlodzieza\/#primaryimage\"},\"image\":{\"@id\":\"https:\/\/www.meetingpoint-memory-messiaen.eu\/pl\/jednostka-koordynacyjna-ds-pracy-z-mlodzieza\/#primaryimage\"},\"thumbnailUrl\":\"https:\/\/www.meetingpoint-memory-messiaen.eu\/wp-content\/uploads\/2019\/04\/jugendarbeit.jpg\",\"datePublished\":\"2014-03-22T12:28:32+00:00\",\"dateModified\":\"2024-03-04T12:23:18+00:00\",\"breadcrumb\":{\"@id\":\"https:\/\/www.meetingpoint-memory-messiaen.eu\/pl\/jednostka-koordynacyjna-ds-pracy-z-mlodzieza\/#breadcrumb\"},\"inLanguage\":\"pl-PL\",\"potentialAction\":[{\"@type\":\"ReadAction\",\"target\":[\"https:\/\/www.meetingpoint-memory-messiaen.eu\/pl\/jednostka-koordynacyjna-ds-pracy-z-mlodzieza\/\"]}]},{\"@type\":\"ImageObject\",\"inLanguage\":\"pl-PL\",\"@id\":\"https:\/\/www.meetingpoint-memory-messiaen.eu\/pl\/jednostka-koordynacyjna-ds-pracy-z-mlodzieza\/#primaryimage\",\"url\":\"https:\/\/www.meetingpoint-memory-messiaen.eu\/wp-content\/uploads\/2019\/04\/jugendarbeit.jpg\",\"contentUrl\":\"https:\/\/www.meetingpoint-memory-messiaen.eu\/wp-content\/uploads\/2019\/04\/jugendarbeit.jpg\"},{\"@type\":\"BreadcrumbList\",\"@id\":\"https:\/\/www.meetingpoint-memory-messiaen.eu\/pl\/jednostka-koordynacyjna-ds-pracy-z-mlodzieza\/#breadcrumb\",\"itemListElement\":[{\"@type\":\"ListItem\",\"position\":1,\"name\":\"Home\",\"item\":\"https:\/\/www.meetingpoint-memory-messiaen.eu\/pl\/\"},{\"@type\":\"ListItem\",\"position\":2,\"name\":\"Jednostka koordynacyjna ds. pracy z m\u0142odzie\u017c\u0105\"}]},{\"@type\":\"WebSite\",\"@id\":\"https:\/\/www.meetingpoint-memory-messiaen.eu\/pl\/#website\",\"url\":\"https:\/\/www.meetingpoint-memory-messiaen.eu\/pl\/\",\"name\":\"Meetingpoint Memory Messiaen e.V.\",\"description\":\"\",\"potentialAction\":[{\"@type\":\"SearchAction\",\"target\":{\"@type\":\"EntryPoint\",\"urlTemplate\":\"https:\/\/www.meetingpoint-memory-messiaen.eu\/pl\/?s={search_term_string}\"},\"query-input\":{\"@type\":\"PropertyValueSpecification\",\"valueRequired\":true,\"valueName\":\"search_term_string\"}}],\"inLanguage\":\"pl-PL\"}]}<\/script>\n<!-- \/ Yoast SEO plugin. -->","yoast_head_json":{"title":"Jednostka koordynacyjna ds. pracy z m\u0142odzie\u017c\u0105 - Meetingpoint Memory Messiaen e.V.","robots":{"index":"index","follow":"follow","max-snippet":"max-snippet:-1","max-image-preview":"max-image-preview:large","max-video-preview":"max-video-preview:-1"},"canonical":"https:\/\/www.meetingpoint-memory-messiaen.eu\/pl\/jednostka-koordynacyjna-ds-pracy-z-mlodzieza\/","og_locale":"pl_PL","og_type":"article","og_title":"Jednostka koordynacyjna ds. pracy z m\u0142odzie\u017c\u0105 - Meetingpoint Memory Messiaen e.V.","og_description":"[vc_row css_animation=&#8221;&#8221; row_type=&#8221;row&#8221; use_row_as_full_screen_section=&#8221;no&#8221; type=&#8221;full_width&#8221; angled_section=&#8221;no&#8221; text_align=&#8221;left&#8221; background_image_as_pattern=&#8221;without_pattern&#8221; gap=&#8221;25&#8243;][vc_column][vc_column_text][\/vc_column_text][\/vc_column][\/vc_row][vc_row css_animation=&#8221;&#8221; row_type=&#8221;row&#8221; use_row_as_full_screen_section=&#8221;no&#8221; type=&#8221;full_width&#8221; angled_section=&#8221;no&#8221; text_align=&#8221;left&#8221; background_image_as_pattern=&#8221;without_pattern&#8221;][vc_column][vc_column_text]Jednostka Koordynacyjna ds. Mi\u0119dzynarodowej Pracy z Dzie\u0107mi i M\u0142odzie\u017c\u0105 w G\u00f6rlitz-Zgorzelcu (Biuro M\u0142odzie\u017cowe) powsta\u0142a z inicjatywy miasta G\u00f6rlitz i w 2014 roku zosta\u0142a w\u0142\u0105czona w struktury stowarzyszenia MEETINGPOINT MUSIC MESSIAEN....","og_url":"https:\/\/www.meetingpoint-memory-messiaen.eu\/pl\/jednostka-koordynacyjna-ds-pracy-z-mlodzieza\/","og_site_name":"Meetingpoint Memory Messiaen e.V.","article_modified_time":"2024-03-04T12:23:18+00:00","og_image":[{"url":"https:\/\/www.meetingpoint-memory-messiaen.eu\/wp-content\/uploads\/2019\/04\/jugendarbeit.jpg","type":"","width":"","height":""}],"twitter_card":"summary_large_image","twitter_misc":{"Szacowany czas czytania":"2 minuty"},"schema":{"@context":"https:\/\/schema.org","@graph":[{"@type":"WebPage","@id":"https:\/\/www.meetingpoint-memory-messiaen.eu\/pl\/jednostka-koordynacyjna-ds-pracy-z-mlodzieza\/","url":"https:\/\/www.meetingpoint-memory-messiaen.eu\/pl\/jednostka-koordynacyjna-ds-pracy-z-mlodzieza\/","name":"Jednostka koordynacyjna ds. pracy z m\u0142odzie\u017c\u0105 - Meetingpoint Memory Messiaen e.V.","isPartOf":{"@id":"https:\/\/www.meetingpoint-memory-messiaen.eu\/pl\/#website"},"primaryImageOfPage":{"@id":"https:\/\/www.meetingpoint-memory-messiaen.eu\/pl\/jednostka-koordynacyjna-ds-pracy-z-mlodzieza\/#primaryimage"},"image":{"@id":"https:\/\/www.meetingpoint-memory-messiaen.eu\/pl\/jednostka-koordynacyjna-ds-pracy-z-mlodzieza\/#primaryimage"},"thumbnailUrl":"https:\/\/www.meetingpoint-memory-messiaen.eu\/wp-content\/uploads\/2019\/04\/jugendarbeit.jpg","datePublished":"2014-03-22T12:28:32+00:00","dateModified":"2024-03-04T12:23:18+00:00","breadcrumb":{"@id":"https:\/\/www.meetingpoint-memory-messiaen.eu\/pl\/jednostka-koordynacyjna-ds-pracy-z-mlodzieza\/#breadcrumb"},"inLanguage":"pl-PL","potentialAction":[{"@type":"ReadAction","target":["https:\/\/www.meetingpoint-memory-messiaen.eu\/pl\/jednostka-koordynacyjna-ds-pracy-z-mlodzieza\/"]}]},{"@type":"ImageObject","inLanguage":"pl-PL","@id":"https:\/\/www.meetingpoint-memory-messiaen.eu\/pl\/jednostka-koordynacyjna-ds-pracy-z-mlodzieza\/#primaryimage","url":"https:\/\/www.meetingpoint-memory-messiaen.eu\/wp-content\/uploads\/2019\/04\/jugendarbeit.jpg","contentUrl":"https:\/\/www.meetingpoint-memory-messiaen.eu\/wp-content\/uploads\/2019\/04\/jugendarbeit.jpg"},{"@type":"BreadcrumbList","@id":"https:\/\/www.meetingpoint-memory-messiaen.eu\/pl\/jednostka-koordynacyjna-ds-pracy-z-mlodzieza\/#breadcrumb","itemListElement":[{"@type":"ListItem","position":1,"name":"Home","item":"https:\/\/www.meetingpoint-memory-messiaen.eu\/pl\/"},{"@type":"ListItem","position":2,"name":"Jednostka koordynacyjna ds. pracy z m\u0142odzie\u017c\u0105"}]},{"@type":"WebSite","@id":"https:\/\/www.meetingpoint-memory-messiaen.eu\/pl\/#website","url":"https:\/\/www.meetingpoint-memory-messiaen.eu\/pl\/","name":"Meetingpoint Memory Messiaen e.V.","description":"","potentialAction":[{"@type":"SearchAction","target":{"@type":"EntryPoint","urlTemplate":"https:\/\/www.meetingpoint-memory-messiaen.eu\/pl\/?s={search_term_string}"},"query-input":{"@type":"PropertyValueSpecification","valueRequired":true,"valueName":"search_term_string"}}],"inLanguage":"pl-PL"}]}},"_links":{"self":[{"href":"https:\/\/www.meetingpoint-memory-messiaen.eu\/pl\/wp-json\/wp\/v2\/pages\/4476","targetHints":{"allow":["GET"]}}],"collection":[{"href":"https:\/\/www.meetingpoint-memory-messiaen.eu\/pl\/wp-json\/wp\/v2\/pages"}],"about":[{"href":"https:\/\/www.meetingpoint-memory-messiaen.eu\/pl\/wp-json\/wp\/v2\/types\/page"}],"author":[{"embeddable":true,"href":"https:\/\/www.meetingpoint-memory-messiaen.eu\/pl\/wp-json\/wp\/v2\/users\/21"}],"replies":[{"embeddable":true,"href":"https:\/\/www.meetingpoint-memory-messiaen.eu\/pl\/wp-json\/wp\/v2\/comments?post=4476"}],"version-history":[{"count":27,"href":"https:\/\/www.meetingpoint-memory-messiaen.eu\/pl\/wp-json\/wp\/v2\/pages\/4476\/revisions"}],"predecessor-version":[{"id":18299,"href":"https:\/\/www.meetingpoint-memory-messiaen.eu\/pl\/wp-json\/wp\/v2\/pages\/4476\/revisions\/18299"}],"wp:attachment":[{"href":"https:\/\/www.meetingpoint-memory-messiaen.eu\/pl\/wp-json\/wp\/v2\/media?parent=4476"}],"curies":[{"name":"wp","href":"https:\/\/api.w.org\/{rel}","templated":true}]}}