{"id":4115,"date":"2014-02-03T15:36:35","date_gmt":"2014-02-03T14:36:35","guid":{"rendered":"http:\/\/wordpress.themusicpoint.net\/?page_id=4115"},"modified":"2025-04-02T10:41:58","modified_gmt":"2025-04-02T08:41:58","slug":"miasto-dzieci","status":"publish","type":"page","link":"https:\/\/www.meetingpoint-memory-messiaen.eu\/pl\/miasto-dzieci\/","title":{"rendered":"Kindermiasto"},"content":{"rendered":"<p>[vc_row css_animation=&#8221;&#8221; row_type=&#8221;row&#8221; use_row_as_full_screen_section=&#8221;no&#8221; type=&#8221;full_width&#8221; angled_section=&#8221;no&#8221; text_align=&#8221;left&#8221; background_image_as_pattern=&#8221;without_pattern&#8221; gap=&#8221;25&#8243;][vc_column][vc_gallery interval=&#8221;3&#8243; images=&#8221;17410,17411,17412,17413,17414,17415,17416,17417,17418,17419,17420,17421,17422&#8243; img_size=&#8221;full&#8221;][vc_column_text]<\/p>\n<h3 style=\"text-align: center;\"><strong>KINDERMIASTO 2025<\/strong><\/h3>\n<h3 style=\"text-align: center;\"><strong>01-04.07 &amp; 07-10.07<\/strong><\/h3>\n<p>Miasto dzieci to jedyny w swoim rodzaju projekt wakacyjny dla polskich i niemieckich dzieci, g\u0142\u00f3wnie ze Zgorzelca i G\u00f6rlitz, cho\u0107 nie tylko.\u00a0Urz\u0105dzone na wz\u00f3r prawdziwego miasta miasteczko ma swoje urz\u0119dy, zak\u0142ady pracy, walut\u0119, w\u0142adze i czuwaj\u0105c\u0105 nad porz\u0105dkiem policj\u0119. Obywatele miasteczka pracuj\u0105 i bawi\u0105 si\u0119, ale musz\u0105 przy tym &#8211; jak w prawdziwym \u015bwiecie &#8211; przestrzega\u0107 ustalonych zasad. J\u0119zykami urz\u0119dowymi na terenie miasteczka s\u0105 polski i niemiecki, ale mali obywatele ch\u0119tnie wykorzystuj\u0105 tak\u017ce znajomo\u015b\u0107 innych j\u0119zyk\u00f3w.<\/p>\n<p>Miasto Dzieci jest otwarte w dni powszednie od godziny 9 do 16. Opiek\u0119 nad dzie\u0107mi sprawuj\u0105 doro\u015bli pracownicy i wolontariusze. Pierwsz\u0105 z obowi\u0105zkowych wizyt ka\u017cdy przybywaj\u0105cy sk\u0142ada w urz\u0119dzie meldunkowym, gdzie otrzymuje dow\u00f3d osobisty, wa\u017cny na terenie miasta. Kolejn\u0105 instytucj\u0105, kt\u00f3r\u0105 tym razem codziennie odwiedza ka\u017cdy uczestnik, jest urz\u0105d pracy. Tam wydawane s\u0105 &#8222;karty pracy&#8221; uprawniaj\u0105ce do podj\u0119cia zatrudnienia w wyznaczonym lub wybranym warsztacie czy instytucji. Pracowa\u0107 mo\u017cna na p\u00f3\u0142 etatu (2 godz.) lub ca\u0142y etat (4 godz.). Dzieci pracuj\u0105 m.in. w stra\u017cy po\u017carnej, policji, stra\u017cy granicznej, urz\u0119dzie pracy, banku, radiu, gazecie, piekarni i w kwiaciarni. W miasteczku dzia\u0142a biblioteka, punkt selektywnej zbi\u00f3rki odpad\u00f3w, w kt\u00f3rym dzieci ucz\u0105 si\u0119, jak segregowa\u0107 odpady i dowiaduj\u0105, dlaczego powinni\u015bmy dba\u0107 o \u015brodowisko. Za prac\u0119, jak w prawdziwym \u015bwiecie, dzieciaki otrzymaj\u0105 wynagrodzenie wyp\u0142acane przez bank po okazaniu dowodu i &#8222;karty pracy&#8221;, na kt\u00f3rej pracodawca zapisuje czas pracy. Wyp\u0142aty dokonywane s\u0105 w &#8222;lokalnej&#8221; walucie (s\u0142onie, wielb\u0142\u0105dy, ma\u0142py, \u017caby).<\/p>\n<h4 style=\"text-align: center;\"><strong>BRZMI CIEKAWIE?<\/strong><\/h4>\n<p>Wejd\u017a na naszego\u00a0<a href=\"https:\/\/www.facebook.com\/KimiZgorlitz\/\" target=\"_blank\" rel=\"noopener\">Facebooka<\/a>, \u00a0<a href=\"https:\/\/www.instagram.com\/kindermiasto_zgorlitz\/\" target=\"_blank\" rel=\"noopener\">Instagrama<\/a> lub zg\u0142o\u015b si\u0119 bezpo\u015brednio pod adresem <a href=\"mailto:info@kindermiasto.eu\" target=\"_blank\" rel=\"noopener\">info@kindermiasto.eu<\/a>.<\/p>\n<div class=\"wpb_column vc_column_container vc_col-sm-12\">\n<div class=\"vc_column-inner\">\n<div class=\"wpb_wrapper\">\n<div class=\"wpb_text_column wpb_content_element \">\n<div class=\"wpb_wrapper\" style=\"text-align: center;\">\n<p>&nbsp;<\/p>\n<\/div>\n<\/div>\n<\/div>\n<\/div>\n<\/div>\n<p>[\/vc_column_text][vc_empty_space][vc_row_inner row_type=&#8221;row&#8221; type=&#8221;full_width&#8221; text_align=&#8221;left&#8221; css_animation=&#8221;&#8221;][vc_column_inner width=&#8221;1\/4&#8243;]<a  itemprop=\"url\" href=\"https:\/\/kindermiasto.eu\/\" target=\"_blank\" data-hover-background-color='#409dd2'  class=\"qbutton  large center default\" style=\"margin: 0 auto; \">Strona WWW<\/a>[\/vc_column_inner][vc_column_inner width=&#8221;1\/4&#8243;]<a  itemprop=\"url\" href=\"https:\/\/kindermiasto.eu\/\" target=\"_blank\" data-hover-background-color='#e2001e'  class=\"qbutton  large center default\" style=\"margin: 0 auto; \">Archiwum<\/a>[\/vc_column_inner][vc_column_inner width=&#8221;1\/4&#8243;]<a  itemprop=\"url\" href=\"https:\/\/www.facebook.com\/KimiZgorlitz\/\" target=\"_blank\" data-hover-background-color='#4867aa'  class=\"qbutton  large center default\" style=\"margin: 0 auto; \">Facebook<\/a>[\/vc_column_inner][vc_column_inner width=&#8221;1\/4&#8243;]<a  itemprop=\"url\" href=\"https:\/\/www.instagram.com\/kindermiasto_zgorlitz\/\" target=\"_blank\" data-hover-background-color='#f7007b'  class=\"qbutton  large center default\" style=\"margin: 0 auto; \">Instagram<\/a>[\/vc_column_inner][\/vc_row_inner][\/vc_column][\/vc_row][vc_column][\/vc_column][vc_row css_animation=&#8221;&#8221; row_type=&#8221;row&#8221; use_row_as_full_screen_section=&#8221;no&#8221; type=&#8221;full_width&#8221; angled_section=&#8221;no&#8221; text_align=&#8221;left&#8221; background_image_as_pattern=&#8221;without_pattern&#8221; gap=&#8221;25&#8243;][vc_column][vc_column_text]<\/p>\n<p style=\"text-align: center;\"><strong>Dokumentacja Kindermiasto Zgorlitz 2021<\/strong><\/p>\n<p style=\"text-align: center;\"><a href=\"https:\/\/www.meetingpoint-memory-messiaen.eu\/pl\/wp-content\/uploads\/2021\/12\/Kimi-21-Dokumentation_Dokumentacja.pdf\">Kimi 21 Dokumentation_Dokumentacja<\/a><\/p>\n<p>[\/vc_column_text][vc_separator type=&#8221;normal&#8221;][\/vc_column][\/vc_row][vc_row css_animation=&#8221;&#8221; row_type=&#8221;row&#8221; use_row_as_full_screen_section=&#8221;no&#8221; type=&#8221;full_width&#8221; angled_section=&#8221;no&#8221; text_align=&#8221;left&#8221; background_image_as_pattern=&#8221;without_pattern&#8221; gap=&#8221;25&#8243;][vc_column][vc_column_text]<strong>Kontakt:<\/strong><\/p>\n<p><a href=\"mailto: info@kindermiasto.eu\">info@kindermiasto.eu<\/a><\/p>\n<p>+49 (0)3581 661269[\/vc_column_text][\/vc_column][\/vc_row]<\/p>\n","protected":false},"excerpt":{"rendered":"<p>[vc_row css_animation=&#8221;&#8221; row_type=&#8221;row&#8221; use_row_as_full_screen_section=&#8221;no&#8221; type=&#8221;full_width&#8221; angled_section=&#8221;no&#8221; text_align=&#8221;left&#8221; background_image_as_pattern=&#8221;without_pattern&#8221; gap=&#8221;25&#8243;][vc_column][vc_gallery interval=&#8221;3&#8243; images=&#8221;17410,17411,17412,17413,17414,17415,17416,17417,17418,17419,17420,17421,17422&#8243; img_size=&#8221;full&#8221;][vc_column_text] KINDERMIASTO 2025 01-04.07 &amp; 07-10.07 Miasto dzieci to jedyny w swoim rodzaju projekt wakacyjny dla polskich i niemieckich dzieci, g\u0142\u00f3wnie ze Zgorzelca i G\u00f6rlitz, cho\u0107 nie tylko.\u00a0Urz\u0105dzone na wz\u00f3r prawdziwego miasta miasteczko ma&#8230;<\/p>\n","protected":false},"author":21,"featured_media":0,"parent":0,"menu_order":0,"comment_status":"closed","ping_status":"closed","template":"","meta":{"footnotes":""},"class_list":["post-4115","page","type-page","status-publish","hentry"],"yoast_head":"<!-- This site is optimized with the Yoast SEO plugin v24.3 - https:\/\/yoast.com\/wordpress\/plugins\/seo\/ -->\n<title>Kindermiasto - Meetingpoint Memory Messiaen e.V.<\/title>\n<meta name=\"robots\" content=\"index, follow, max-snippet:-1, max-image-preview:large, max-video-preview:-1\" \/>\n<link rel=\"canonical\" href=\"https:\/\/www.meetingpoint-memory-messiaen.eu\/pl\/miasto-dzieci\/\" \/>\n<meta property=\"og:locale\" content=\"pl_PL\" \/>\n<meta property=\"og:type\" content=\"article\" \/>\n<meta property=\"og:title\" content=\"Kindermiasto - Meetingpoint Memory Messiaen e.V.\" \/>\n<meta property=\"og:description\" content=\"[vc_row css_animation=&#8221;&#8221; row_type=&#8221;row&#8221; use_row_as_full_screen_section=&#8221;no&#8221; type=&#8221;full_width&#8221; angled_section=&#8221;no&#8221; text_align=&#8221;left&#8221; background_image_as_pattern=&#8221;without_pattern&#8221; gap=&#8221;25&#8243;][vc_column][vc_gallery interval=&#8221;3&#8243; images=&#8221;17410,17411,17412,17413,17414,17415,17416,17417,17418,17419,17420,17421,17422&#8243; img_size=&#8221;full&#8221;][vc_column_text] KINDERMIASTO 2025 01-04.07 &amp; 07-10.07 Miasto dzieci to jedyny w swoim rodzaju projekt wakacyjny dla polskich i niemieckich dzieci, g\u0142\u00f3wnie ze Zgorzelca i G\u00f6rlitz, cho\u0107 nie tylko.\u00a0Urz\u0105dzone na wz\u00f3r prawdziwego miasta miasteczko ma...\" \/>\n<meta property=\"og:url\" content=\"https:\/\/www.meetingpoint-memory-messiaen.eu\/pl\/miasto-dzieci\/\" \/>\n<meta property=\"og:site_name\" content=\"Meetingpoint Memory Messiaen e.V.\" \/>\n<meta property=\"article:modified_time\" content=\"2025-04-02T08:41:58+00:00\" \/>\n<meta name=\"twitter:card\" content=\"summary_large_image\" \/>\n<meta name=\"twitter:label1\" content=\"Szacowany czas czytania\" \/>\n\t<meta name=\"twitter:data1\" content=\"5 minut\" \/>\n<script type=\"application\/ld+json\" class=\"yoast-schema-graph\">{\"@context\":\"https:\/\/schema.org\",\"@graph\":[{\"@type\":\"WebPage\",\"@id\":\"https:\/\/www.meetingpoint-memory-messiaen.eu\/pl\/miasto-dzieci\/\",\"url\":\"https:\/\/www.meetingpoint-memory-messiaen.eu\/pl\/miasto-dzieci\/\",\"name\":\"Kindermiasto - Meetingpoint Memory Messiaen e.V.\",\"isPartOf\":{\"@id\":\"https:\/\/www.meetingpoint-memory-messiaen.eu\/pl\/#website\"},\"datePublished\":\"2014-02-03T14:36:35+00:00\",\"dateModified\":\"2025-04-02T08:41:58+00:00\",\"breadcrumb\":{\"@id\":\"https:\/\/www.meetingpoint-memory-messiaen.eu\/pl\/miasto-dzieci\/#breadcrumb\"},\"inLanguage\":\"pl-PL\",\"potentialAction\":[{\"@type\":\"ReadAction\",\"target\":[\"https:\/\/www.meetingpoint-memory-messiaen.eu\/pl\/miasto-dzieci\/\"]}]},{\"@type\":\"BreadcrumbList\",\"@id\":\"https:\/\/www.meetingpoint-memory-messiaen.eu\/pl\/miasto-dzieci\/#breadcrumb\",\"itemListElement\":[{\"@type\":\"ListItem\",\"position\":1,\"name\":\"Home\",\"item\":\"https:\/\/www.meetingpoint-memory-messiaen.eu\/pl\/\"},{\"@type\":\"ListItem\",\"position\":2,\"name\":\"Kindermiasto\"}]},{\"@type\":\"WebSite\",\"@id\":\"https:\/\/www.meetingpoint-memory-messiaen.eu\/pl\/#website\",\"url\":\"https:\/\/www.meetingpoint-memory-messiaen.eu\/pl\/\",\"name\":\"Meetingpoint Memory Messiaen e.V.\",\"description\":\"\",\"potentialAction\":[{\"@type\":\"SearchAction\",\"target\":{\"@type\":\"EntryPoint\",\"urlTemplate\":\"https:\/\/www.meetingpoint-memory-messiaen.eu\/pl\/?s={search_term_string}\"},\"query-input\":{\"@type\":\"PropertyValueSpecification\",\"valueRequired\":true,\"valueName\":\"search_term_string\"}}],\"inLanguage\":\"pl-PL\"}]}<\/script>\n<!-- \/ Yoast SEO plugin. -->","yoast_head_json":{"title":"Kindermiasto - Meetingpoint Memory Messiaen e.V.","robots":{"index":"index","follow":"follow","max-snippet":"max-snippet:-1","max-image-preview":"max-image-preview:large","max-video-preview":"max-video-preview:-1"},"canonical":"https:\/\/www.meetingpoint-memory-messiaen.eu\/pl\/miasto-dzieci\/","og_locale":"pl_PL","og_type":"article","og_title":"Kindermiasto - Meetingpoint Memory Messiaen e.V.","og_description":"[vc_row css_animation=&#8221;&#8221; row_type=&#8221;row&#8221; use_row_as_full_screen_section=&#8221;no&#8221; type=&#8221;full_width&#8221; angled_section=&#8221;no&#8221; text_align=&#8221;left&#8221; background_image_as_pattern=&#8221;without_pattern&#8221; gap=&#8221;25&#8243;][vc_column][vc_gallery interval=&#8221;3&#8243; images=&#8221;17410,17411,17412,17413,17414,17415,17416,17417,17418,17419,17420,17421,17422&#8243; img_size=&#8221;full&#8221;][vc_column_text] KINDERMIASTO 2025 01-04.07 &amp; 07-10.07 Miasto dzieci to jedyny w swoim rodzaju projekt wakacyjny dla polskich i niemieckich dzieci, g\u0142\u00f3wnie ze Zgorzelca i G\u00f6rlitz, cho\u0107 nie tylko.\u00a0Urz\u0105dzone na wz\u00f3r prawdziwego miasta miasteczko ma...","og_url":"https:\/\/www.meetingpoint-memory-messiaen.eu\/pl\/miasto-dzieci\/","og_site_name":"Meetingpoint Memory Messiaen e.V.","article_modified_time":"2025-04-02T08:41:58+00:00","twitter_card":"summary_large_image","twitter_misc":{"Szacowany czas czytania":"5 minut"},"schema":{"@context":"https:\/\/schema.org","@graph":[{"@type":"WebPage","@id":"https:\/\/www.meetingpoint-memory-messiaen.eu\/pl\/miasto-dzieci\/","url":"https:\/\/www.meetingpoint-memory-messiaen.eu\/pl\/miasto-dzieci\/","name":"Kindermiasto - Meetingpoint Memory Messiaen e.V.","isPartOf":{"@id":"https:\/\/www.meetingpoint-memory-messiaen.eu\/pl\/#website"},"datePublished":"2014-02-03T14:36:35+00:00","dateModified":"2025-04-02T08:41:58+00:00","breadcrumb":{"@id":"https:\/\/www.meetingpoint-memory-messiaen.eu\/pl\/miasto-dzieci\/#breadcrumb"},"inLanguage":"pl-PL","potentialAction":[{"@type":"ReadAction","target":["https:\/\/www.meetingpoint-memory-messiaen.eu\/pl\/miasto-dzieci\/"]}]},{"@type":"BreadcrumbList","@id":"https:\/\/www.meetingpoint-memory-messiaen.eu\/pl\/miasto-dzieci\/#breadcrumb","itemListElement":[{"@type":"ListItem","position":1,"name":"Home","item":"https:\/\/www.meetingpoint-memory-messiaen.eu\/pl\/"},{"@type":"ListItem","position":2,"name":"Kindermiasto"}]},{"@type":"WebSite","@id":"https:\/\/www.meetingpoint-memory-messiaen.eu\/pl\/#website","url":"https:\/\/www.meetingpoint-memory-messiaen.eu\/pl\/","name":"Meetingpoint Memory Messiaen e.V.","description":"","potentialAction":[{"@type":"SearchAction","target":{"@type":"EntryPoint","urlTemplate":"https:\/\/www.meetingpoint-memory-messiaen.eu\/pl\/?s={search_term_string}"},"query-input":{"@type":"PropertyValueSpecification","valueRequired":true,"valueName":"search_term_string"}}],"inLanguage":"pl-PL"}]}},"_links":{"self":[{"href":"https:\/\/www.meetingpoint-memory-messiaen.eu\/pl\/wp-json\/wp\/v2\/pages\/4115","targetHints":{"allow":["GET"]}}],"collection":[{"href":"https:\/\/www.meetingpoint-memory-messiaen.eu\/pl\/wp-json\/wp\/v2\/pages"}],"about":[{"href":"https:\/\/www.meetingpoint-memory-messiaen.eu\/pl\/wp-json\/wp\/v2\/types\/page"}],"author":[{"embeddable":true,"href":"https:\/\/www.meetingpoint-memory-messiaen.eu\/pl\/wp-json\/wp\/v2\/users\/21"}],"replies":[{"embeddable":true,"href":"https:\/\/www.meetingpoint-memory-messiaen.eu\/pl\/wp-json\/wp\/v2\/comments?post=4115"}],"version-history":[{"count":23,"href":"https:\/\/www.meetingpoint-memory-messiaen.eu\/pl\/wp-json\/wp\/v2\/pages\/4115\/revisions"}],"predecessor-version":[{"id":18973,"href":"https:\/\/www.meetingpoint-memory-messiaen.eu\/pl\/wp-json\/wp\/v2\/pages\/4115\/revisions\/18973"}],"wp:attachment":[{"href":"https:\/\/www.meetingpoint-memory-messiaen.eu\/pl\/wp-json\/wp\/v2\/media?parent=4115"}],"curies":[{"name":"wp","href":"https:\/\/api.w.org\/{rel}","templated":true}]}}