{"id":2971,"date":"2014-01-04T19:17:51","date_gmt":"2014-01-04T18:17:51","guid":{"rendered":"http:\/\/wordpress.themusicpoint.net\/?page_id=2971"},"modified":"2019-05-04T10:57:43","modified_gmt":"2019-05-04T08:57:43","slug":"przeciwko-zapomnieniu-robotnicy-przymusowi-w-goerlitz","status":"publish","type":"page","link":"https:\/\/www.meetingpoint-memory-messiaen.eu\/pl\/przeciwko-zapomnieniu-robotnicy-przymusowi-w-goerlitz\/","title":{"rendered":"Przeciwko zapomnieniu: Robotnicy przymusowi w G\u00f6rlitz"},"content":{"rendered":"<p>[vc_row css_animation=&#8221;&#8221; row_type=&#8221;row&#8221; use_row_as_full_screen_section=&#8221;no&#8221; type=&#8221;full_width&#8221; angled_section=&#8221;no&#8221; text_align=&#8221;left&#8221; background_image_as_pattern=&#8221;without_pattern&#8221; gap=&#8221;25&#8243;][vc_column][vc_column_text]<img decoding=\"async\" src=\"https:\/\/www.meetingpoint-memory-messiaen.eu\/wp-content\/uploads\/2019\/04\/gegen-das-vergessen-ns-zwangsarbeit-gorlitz.jpg\" alt=\"Przeciwko zapomnieniu: Robotnicy przymusowi w G\u00f6rlitz\" \/><\/p>\n<p>Projekt bada warunki \u017cycia (zakwaterowanie, wy\u017cywienie, wyzysk) robotnik\u00f3w przymusowych w g\u00f6rlitzkich zak\u0142adach pracy w latach 1939-1945. Uwag\u0119 po\u015bwi\u0119ca przed wszystkim dw\u00f3m grupom robotnik\u00f3w: je\u0144com Stalagu VIII A, kt\u00f3rzy zostali zmuszeni do pracy w zewn\u0119trznych komandach oraz przymusowym robotnikom cywilnym z Europy \u015arodkowej i Wschodniej sprowadzonym do G\u00f6rlitz. Interesuj\u0105 nas przede wszystkim kontakty z mieszka\u0144cami, warunki \u017cycia oraz gospodarcze znaczenie pracy przymusowej dla miasta.<\/p>\n<p>Celem projektu jest przywr\u00f3cenie pami\u0119ci o robotnikach przymusowych w G\u00f6rlitz. Poprzez oferty edukacyjne skierowane do spo\u0142eczno\u015bci miasta poruszymy\u00a0temat, kt\u00f3ry r\u00f3\u017cnie by\u0142 spostrzegany w okresie III Rzeszy, NRD, jak i po 1989 roku.<\/p>\n<p><strong>Cele projektu:<\/strong><\/p>\n<ul>\n<li>zebranie i spisanie wiedzy historycznej o \u017cyciu codzienny i wyzysku robotnik\u00f3w przymusowych w G\u00f6rlitz<\/li>\n<li>przeprowadzenie, analizowanie oraz archiwizowanie rozm\u00f3w ze \u015bwiadkami historii oraz badanie \u017ar\u00f3de\u0142 historycznych<\/li>\n<li>przywr\u00f3cenie w spo\u0142eczno\u015bci miejskiej pami\u0119ci o robotnikach przymusowych w G\u00f6rlitz (zaj\u0119cia zar\u00f3wno dla m\u0142odzie\u017cy, jak i dla doros\u0142ych)<\/li>\n<\/ul>\n<p class=\"top-padded-20\"><strong>SZUKAMY \u015aWIADK\u00d3W HISTORII:<\/strong> Stowarzyszenie Meetingpoint Music Messiaen poszukuje w ramach projektu \u201ePrzeciwko zapomnieniu &#8211; robotnicy przymusowi w G\u00f6rlitz\u201c os\u00f3b, kt\u00f3re opowiedz\u0105 nam o swoich do\u015bwiadczeniach z pracownikami przymusowymi oraz je\u0144cami wojennymi w latach 1939-1945.<\/p>\n<p class=\"top-padded-20\"><a href=\"https:\/\/zwangsarbeitgoerlitz.wixsite.com\/start\" target=\"_blank\" rel=\"noopener noreferrer\">Strona projektu<\/a><\/p>\n<p>[\/vc_column_text][\/vc_column][\/vc_row][vc_row css_animation=&#8221;&#8221; row_type=&#8221;row&#8221; use_row_as_full_screen_section=&#8221;no&#8221; type=&#8221;full_width&#8221; angled_section=&#8221;no&#8221; text_align=&#8221;left&#8221; background_image_as_pattern=&#8221;without_pattern&#8221; gap=&#8221;25&#8243;][vc_column][vc_separator type=&#8221;normal&#8221;][\/vc_column][\/vc_row][vc_row css_animation=&#8221;&#8221; row_type=&#8221;row&#8221; use_row_as_full_screen_section=&#8221;no&#8221; type=&#8221;full_width&#8221; angled_section=&#8221;no&#8221; text_align=&#8221;left&#8221; background_image_as_pattern=&#8221;without_pattern&#8221; gap=&#8221;25&#8243;][vc_column][vc_column_text]<strong>Kontakt:<\/strong><\/p>\n<p>Klara-Maeve O&#8217;Reilly<br \/>\n<a href=\"mailto:meeting@themusicpoint.net\">meeting@themusicpoint.net<\/a><br \/>\n03581 661 269<\/p>\n<p class=\"top-padded-40 bottom-padded-20\">Projekt jest dofinansowany ze \u015brodk\u00f3w fundacji <a href=\"https:\/\/www.stiftung-evz.de\/start.html\" target=\"_blank\" rel=\"noopener noreferrer\">Stiftung Erinnerung, Verantwortung und Zukunft<\/a>.<\/p>\n<p>[\/vc_column_text][\/vc_column][\/vc_row][vc_row css_animation=&#8221;&#8221; row_type=&#8221;row&#8221; use_row_as_full_screen_section=&#8221;no&#8221; type=&#8221;full_width&#8221; angled_section=&#8221;no&#8221; text_align=&#8221;center&#8221; background_image_as_pattern=&#8221;without_pattern&#8221; z_index=&#8221;&#8221;][vc_column][vc_raw_html]JTNDaW1nJTIwc3JjJTNEJTIyaHR0cHMlM0ElMkYlMkZ3d3cubWVldGluZ3BvaW50LW11c2ljLW1lc3NpYWVuLm5ldCUyRndwLWNvbnRlbnQlMkZ1cGxvYWRzJTJGMjAxOSUyRjA0JTJGZXZ6LWxvZ28uc3ZnJTIyJTIwYWx0JTNEJTIyRVZaJTIwbG9nbyUyMiUyMGNsYXNzJTNEJTIyd2lkdGgtNTAlMjIlMjAlMkYlM0U=[\/vc_raw_html][\/vc_column][\/vc_row]<\/p>\n","protected":false},"excerpt":{"rendered":"<p>[vc_row css_animation=&#8221;&#8221; row_type=&#8221;row&#8221; use_row_as_full_screen_section=&#8221;no&#8221; type=&#8221;full_width&#8221; angled_section=&#8221;no&#8221; text_align=&#8221;left&#8221; background_image_as_pattern=&#8221;without_pattern&#8221; gap=&#8221;25&#8243;][vc_column][vc_column_text] Projekt bada warunki \u017cycia (zakwaterowanie, wy\u017cywienie, wyzysk) robotnik\u00f3w przymusowych w g\u00f6rlitzkich zak\u0142adach pracy w latach 1939-1945. Uwag\u0119 po\u015bwi\u0119ca przed wszystkim dw\u00f3m grupom robotnik\u00f3w: je\u0144com Stalagu VIII A, kt\u00f3rzy zostali zmuszeni do pracy w zewn\u0119trznych komandach oraz&#8230;<\/p>\n","protected":false},"author":21,"featured_media":0,"parent":0,"menu_order":0,"comment_status":"closed","ping_status":"closed","template":"","meta":{"footnotes":""},"class_list":["post-2971","page","type-page","status-publish","hentry"],"yoast_head":"<!-- This site is optimized with the Yoast SEO plugin v24.3 - https:\/\/yoast.com\/wordpress\/plugins\/seo\/ -->\n<title>Przeciwko zapomnieniu: Robotnicy przymusowi w G\u00f6rlitz - Meetingpoint Memory Messiaen e.V.<\/title>\n<meta name=\"robots\" content=\"index, follow, max-snippet:-1, max-image-preview:large, max-video-preview:-1\" \/>\n<link rel=\"canonical\" href=\"https:\/\/www.meetingpoint-memory-messiaen.eu\/pl\/przeciwko-zapomnieniu-robotnicy-przymusowi-w-goerlitz\/\" \/>\n<meta property=\"og:locale\" content=\"pl_PL\" \/>\n<meta property=\"og:type\" content=\"article\" \/>\n<meta property=\"og:title\" content=\"Przeciwko zapomnieniu: Robotnicy przymusowi w G\u00f6rlitz - Meetingpoint Memory Messiaen e.V.\" \/>\n<meta property=\"og:description\" content=\"[vc_row css_animation=&#8221;&#8221; row_type=&#8221;row&#8221; use_row_as_full_screen_section=&#8221;no&#8221; type=&#8221;full_width&#8221; angled_section=&#8221;no&#8221; text_align=&#8221;left&#8221; background_image_as_pattern=&#8221;without_pattern&#8221; gap=&#8221;25&#8243;][vc_column][vc_column_text] Projekt bada warunki \u017cycia (zakwaterowanie, wy\u017cywienie, wyzysk) robotnik\u00f3w przymusowych w g\u00f6rlitzkich zak\u0142adach pracy w latach 1939-1945. Uwag\u0119 po\u015bwi\u0119ca przed wszystkim dw\u00f3m grupom robotnik\u00f3w: je\u0144com Stalagu VIII A, kt\u00f3rzy zostali zmuszeni do pracy w zewn\u0119trznych komandach oraz...\" \/>\n<meta property=\"og:url\" content=\"https:\/\/www.meetingpoint-memory-messiaen.eu\/pl\/przeciwko-zapomnieniu-robotnicy-przymusowi-w-goerlitz\/\" \/>\n<meta property=\"og:site_name\" content=\"Meetingpoint Memory Messiaen e.V.\" \/>\n<meta property=\"article:modified_time\" content=\"2019-05-04T08:57:43+00:00\" \/>\n<meta property=\"og:image\" content=\"https:\/\/www.meetingpoint-memory-messiaen.eu\/wp-content\/uploads\/2019\/04\/gegen-das-vergessen-ns-zwangsarbeit-gorlitz.jpg\" \/>\n<meta name=\"twitter:card\" content=\"summary_large_image\" \/>\n<meta name=\"twitter:label1\" content=\"Szacowany czas czytania\" \/>\n\t<meta name=\"twitter:data1\" content=\"2 minuty\" \/>\n<script type=\"application\/ld+json\" class=\"yoast-schema-graph\">{\"@context\":\"https:\/\/schema.org\",\"@graph\":[{\"@type\":\"WebPage\",\"@id\":\"https:\/\/www.meetingpoint-memory-messiaen.eu\/pl\/przeciwko-zapomnieniu-robotnicy-przymusowi-w-goerlitz\/\",\"url\":\"https:\/\/www.meetingpoint-memory-messiaen.eu\/pl\/przeciwko-zapomnieniu-robotnicy-przymusowi-w-goerlitz\/\",\"name\":\"Przeciwko zapomnieniu: Robotnicy przymusowi w G\u00f6rlitz - Meetingpoint Memory Messiaen e.V.\",\"isPartOf\":{\"@id\":\"https:\/\/www.meetingpoint-memory-messiaen.eu\/pl\/#website\"},\"primaryImageOfPage\":{\"@id\":\"https:\/\/www.meetingpoint-memory-messiaen.eu\/pl\/przeciwko-zapomnieniu-robotnicy-przymusowi-w-goerlitz\/#primaryimage\"},\"image\":{\"@id\":\"https:\/\/www.meetingpoint-memory-messiaen.eu\/pl\/przeciwko-zapomnieniu-robotnicy-przymusowi-w-goerlitz\/#primaryimage\"},\"thumbnailUrl\":\"https:\/\/www.meetingpoint-memory-messiaen.eu\/wp-content\/uploads\/2019\/04\/gegen-das-vergessen-ns-zwangsarbeit-gorlitz.jpg\",\"datePublished\":\"2014-01-04T18:17:51+00:00\",\"dateModified\":\"2019-05-04T08:57:43+00:00\",\"breadcrumb\":{\"@id\":\"https:\/\/www.meetingpoint-memory-messiaen.eu\/pl\/przeciwko-zapomnieniu-robotnicy-przymusowi-w-goerlitz\/#breadcrumb\"},\"inLanguage\":\"pl-PL\",\"potentialAction\":[{\"@type\":\"ReadAction\",\"target\":[\"https:\/\/www.meetingpoint-memory-messiaen.eu\/pl\/przeciwko-zapomnieniu-robotnicy-przymusowi-w-goerlitz\/\"]}]},{\"@type\":\"ImageObject\",\"inLanguage\":\"pl-PL\",\"@id\":\"https:\/\/www.meetingpoint-memory-messiaen.eu\/pl\/przeciwko-zapomnieniu-robotnicy-przymusowi-w-goerlitz\/#primaryimage\",\"url\":\"https:\/\/www.meetingpoint-memory-messiaen.eu\/wp-content\/uploads\/2019\/04\/gegen-das-vergessen-ns-zwangsarbeit-gorlitz.jpg\",\"contentUrl\":\"https:\/\/www.meetingpoint-memory-messiaen.eu\/wp-content\/uploads\/2019\/04\/gegen-das-vergessen-ns-zwangsarbeit-gorlitz.jpg\"},{\"@type\":\"BreadcrumbList\",\"@id\":\"https:\/\/www.meetingpoint-memory-messiaen.eu\/pl\/przeciwko-zapomnieniu-robotnicy-przymusowi-w-goerlitz\/#breadcrumb\",\"itemListElement\":[{\"@type\":\"ListItem\",\"position\":1,\"name\":\"Home\",\"item\":\"https:\/\/www.meetingpoint-memory-messiaen.eu\/pl\/\"},{\"@type\":\"ListItem\",\"position\":2,\"name\":\"Przeciwko zapomnieniu: Robotnicy przymusowi w G\u00f6rlitz\"}]},{\"@type\":\"WebSite\",\"@id\":\"https:\/\/www.meetingpoint-memory-messiaen.eu\/pl\/#website\",\"url\":\"https:\/\/www.meetingpoint-memory-messiaen.eu\/pl\/\",\"name\":\"Meetingpoint Memory Messiaen e.V.\",\"description\":\"\",\"potentialAction\":[{\"@type\":\"SearchAction\",\"target\":{\"@type\":\"EntryPoint\",\"urlTemplate\":\"https:\/\/www.meetingpoint-memory-messiaen.eu\/pl\/?s={search_term_string}\"},\"query-input\":{\"@type\":\"PropertyValueSpecification\",\"valueRequired\":true,\"valueName\":\"search_term_string\"}}],\"inLanguage\":\"pl-PL\"}]}<\/script>\n<!-- \/ Yoast SEO plugin. -->","yoast_head_json":{"title":"Przeciwko zapomnieniu: Robotnicy przymusowi w G\u00f6rlitz - Meetingpoint Memory Messiaen e.V.","robots":{"index":"index","follow":"follow","max-snippet":"max-snippet:-1","max-image-preview":"max-image-preview:large","max-video-preview":"max-video-preview:-1"},"canonical":"https:\/\/www.meetingpoint-memory-messiaen.eu\/pl\/przeciwko-zapomnieniu-robotnicy-przymusowi-w-goerlitz\/","og_locale":"pl_PL","og_type":"article","og_title":"Przeciwko zapomnieniu: Robotnicy przymusowi w G\u00f6rlitz - Meetingpoint Memory Messiaen e.V.","og_description":"[vc_row css_animation=&#8221;&#8221; row_type=&#8221;row&#8221; use_row_as_full_screen_section=&#8221;no&#8221; type=&#8221;full_width&#8221; angled_section=&#8221;no&#8221; text_align=&#8221;left&#8221; background_image_as_pattern=&#8221;without_pattern&#8221; gap=&#8221;25&#8243;][vc_column][vc_column_text] Projekt bada warunki \u017cycia (zakwaterowanie, wy\u017cywienie, wyzysk) robotnik\u00f3w przymusowych w g\u00f6rlitzkich zak\u0142adach pracy w latach 1939-1945. Uwag\u0119 po\u015bwi\u0119ca przed wszystkim dw\u00f3m grupom robotnik\u00f3w: je\u0144com Stalagu VIII A, kt\u00f3rzy zostali zmuszeni do pracy w zewn\u0119trznych komandach oraz...","og_url":"https:\/\/www.meetingpoint-memory-messiaen.eu\/pl\/przeciwko-zapomnieniu-robotnicy-przymusowi-w-goerlitz\/","og_site_name":"Meetingpoint Memory Messiaen e.V.","article_modified_time":"2019-05-04T08:57:43+00:00","og_image":[{"url":"https:\/\/www.meetingpoint-memory-messiaen.eu\/wp-content\/uploads\/2019\/04\/gegen-das-vergessen-ns-zwangsarbeit-gorlitz.jpg","type":"","width":"","height":""}],"twitter_card":"summary_large_image","twitter_misc":{"Szacowany czas czytania":"2 minuty"},"schema":{"@context":"https:\/\/schema.org","@graph":[{"@type":"WebPage","@id":"https:\/\/www.meetingpoint-memory-messiaen.eu\/pl\/przeciwko-zapomnieniu-robotnicy-przymusowi-w-goerlitz\/","url":"https:\/\/www.meetingpoint-memory-messiaen.eu\/pl\/przeciwko-zapomnieniu-robotnicy-przymusowi-w-goerlitz\/","name":"Przeciwko zapomnieniu: Robotnicy przymusowi w G\u00f6rlitz - Meetingpoint Memory Messiaen e.V.","isPartOf":{"@id":"https:\/\/www.meetingpoint-memory-messiaen.eu\/pl\/#website"},"primaryImageOfPage":{"@id":"https:\/\/www.meetingpoint-memory-messiaen.eu\/pl\/przeciwko-zapomnieniu-robotnicy-przymusowi-w-goerlitz\/#primaryimage"},"image":{"@id":"https:\/\/www.meetingpoint-memory-messiaen.eu\/pl\/przeciwko-zapomnieniu-robotnicy-przymusowi-w-goerlitz\/#primaryimage"},"thumbnailUrl":"https:\/\/www.meetingpoint-memory-messiaen.eu\/wp-content\/uploads\/2019\/04\/gegen-das-vergessen-ns-zwangsarbeit-gorlitz.jpg","datePublished":"2014-01-04T18:17:51+00:00","dateModified":"2019-05-04T08:57:43+00:00","breadcrumb":{"@id":"https:\/\/www.meetingpoint-memory-messiaen.eu\/pl\/przeciwko-zapomnieniu-robotnicy-przymusowi-w-goerlitz\/#breadcrumb"},"inLanguage":"pl-PL","potentialAction":[{"@type":"ReadAction","target":["https:\/\/www.meetingpoint-memory-messiaen.eu\/pl\/przeciwko-zapomnieniu-robotnicy-przymusowi-w-goerlitz\/"]}]},{"@type":"ImageObject","inLanguage":"pl-PL","@id":"https:\/\/www.meetingpoint-memory-messiaen.eu\/pl\/przeciwko-zapomnieniu-robotnicy-przymusowi-w-goerlitz\/#primaryimage","url":"https:\/\/www.meetingpoint-memory-messiaen.eu\/wp-content\/uploads\/2019\/04\/gegen-das-vergessen-ns-zwangsarbeit-gorlitz.jpg","contentUrl":"https:\/\/www.meetingpoint-memory-messiaen.eu\/wp-content\/uploads\/2019\/04\/gegen-das-vergessen-ns-zwangsarbeit-gorlitz.jpg"},{"@type":"BreadcrumbList","@id":"https:\/\/www.meetingpoint-memory-messiaen.eu\/pl\/przeciwko-zapomnieniu-robotnicy-przymusowi-w-goerlitz\/#breadcrumb","itemListElement":[{"@type":"ListItem","position":1,"name":"Home","item":"https:\/\/www.meetingpoint-memory-messiaen.eu\/pl\/"},{"@type":"ListItem","position":2,"name":"Przeciwko zapomnieniu: Robotnicy przymusowi w G\u00f6rlitz"}]},{"@type":"WebSite","@id":"https:\/\/www.meetingpoint-memory-messiaen.eu\/pl\/#website","url":"https:\/\/www.meetingpoint-memory-messiaen.eu\/pl\/","name":"Meetingpoint Memory Messiaen e.V.","description":"","potentialAction":[{"@type":"SearchAction","target":{"@type":"EntryPoint","urlTemplate":"https:\/\/www.meetingpoint-memory-messiaen.eu\/pl\/?s={search_term_string}"},"query-input":{"@type":"PropertyValueSpecification","valueRequired":true,"valueName":"search_term_string"}}],"inLanguage":"pl-PL"}]}},"_links":{"self":[{"href":"https:\/\/www.meetingpoint-memory-messiaen.eu\/pl\/wp-json\/wp\/v2\/pages\/2971","targetHints":{"allow":["GET"]}}],"collection":[{"href":"https:\/\/www.meetingpoint-memory-messiaen.eu\/pl\/wp-json\/wp\/v2\/pages"}],"about":[{"href":"https:\/\/www.meetingpoint-memory-messiaen.eu\/pl\/wp-json\/wp\/v2\/types\/page"}],"author":[{"embeddable":true,"href":"https:\/\/www.meetingpoint-memory-messiaen.eu\/pl\/wp-json\/wp\/v2\/users\/21"}],"replies":[{"embeddable":true,"href":"https:\/\/www.meetingpoint-memory-messiaen.eu\/pl\/wp-json\/wp\/v2\/comments?post=2971"}],"version-history":[{"count":15,"href":"https:\/\/www.meetingpoint-memory-messiaen.eu\/pl\/wp-json\/wp\/v2\/pages\/2971\/revisions"}],"predecessor-version":[{"id":13796,"href":"https:\/\/www.meetingpoint-memory-messiaen.eu\/pl\/wp-json\/wp\/v2\/pages\/2971\/revisions\/13796"}],"wp:attachment":[{"href":"https:\/\/www.meetingpoint-memory-messiaen.eu\/pl\/wp-json\/wp\/v2\/media?parent=2971"}],"curies":[{"name":"wp","href":"https:\/\/api.w.org\/{rel}","templated":true}]}}