{"id":2967,"date":"2014-01-04T19:16:49","date_gmt":"2014-01-04T18:16:49","guid":{"rendered":"http:\/\/wordpress.themusicpoint.net\/?page_id=2967"},"modified":"2019-05-15T21:34:38","modified_gmt":"2019-05-15T19:34:38","slug":"wyjazd-na-probe-generalna","status":"publish","type":"page","link":"https:\/\/www.meetingpoint-memory-messiaen.eu\/pl\/wyjazd-na-probe-generalna\/","title":{"rendered":"Wyjazd na pr\u00f3b\u0119 generaln\u0105"},"content":{"rendered":"<p>[vc_row css_animation=&#8221;&#8221; row_type=&#8221;row&#8221; use_row_as_full_screen_section=&#8221;no&#8221; type=&#8221;full_width&#8221; angled_section=&#8221;no&#8221; text_align=&#8221;left&#8221; background_image_as_pattern=&#8221;without_pattern&#8221;][vc_column][vc_column_text]<img decoding=\"async\" src=\"https:\/\/www.meetingpoint-memory-messiaen.eu\/wp-content\/uploads\/2019\/04\/generalprobenfahrten-1.jpg\" alt=\"Wyjazd na pr\u00f3b\u0119 generaln\u0105\" \/><\/p>\n<p class=\"centered bottom-padded-20\">Wyjazd na pr\u00f3b\u0119 generaln\u0105, 24.10.2014<\/p>\n<h4 class=\"bottom-padded-20\">Pr\u00f3ba przed koncertem Staatskapelle Dresden, 2015<\/h4>\n<p><img decoding=\"async\" src=\"https:\/\/www.meetingpoint-memory-messiaen.eu\/wp-content\/uploads\/2019\/04\/generalprobenfahrten-3.jpg\" alt=\"Wyjazd na pr\u00f3b\u0119 generaln\u0105\" \/><\/p>\n<p class=\"top-padded-20\">Ka\u017cdy koncert poprzedzony jest pr\u00f3b\u0105 i\u00a0dotyczy to r\u00f3wnie\u017c mi\u0119dzynarodowej Orkiestry Pa\u0144stwowej Drezna (<a href=\"http:\/\/www.staatskapelle-dresden.de\/\" target=\"_blank\" rel=\"noopener noreferrer\">S\u00e4chsische Staatskapelle Dresden<\/a>). Do\u0142\u0105cz do nas i sprawd\u017a, jak powstaj\u0105 interpretacje znanych dzie\u0142, a tak\u017ce poczuj spektakularn\u0105 moc muzyki, kt\u00f3ra oczarowuje publiczno\u015b\u0107. Po wprowadzeniu przez dramaturga b\u0119dziesz m\u00f3g\u0142 zobaczy\u0107, jak powstaj\u0105 koncerty symfoniczne i jakimi metodami pos\u0142uguje si\u0119 dyrygent w trakcie swojej pracy.<\/p>\n<p>W trakcie pr\u00f3by cz\u0119sto mamy\u00a0mo\u017cliwo\u015b\u0107 porozmawiania z muzykami oraz z dyrygentem.[\/vc_column_text][vc_column_text]Interesujesz si\u0119 muzyk\u0105 i chcesz dozna\u0107 czego\u015b nowego? Wybierz si\u0119 z nami na pr\u00f3b\u0119 generaln\u0105!<\/p>\n<ul>\n<li>Bilety wst\u0119pu zapewnia stowarzyszenie MEETIGPOINT MUSIC MESSIAEN e.V.<\/li>\n<li>Do Drezna wsp\u00f3lnie pojedziemy poci\u0105giem (bilet grupowy)<\/li>\n<li>Odjazd z dworca g\u0142\u00f3wnego w G\u00f6rlitz o godzinie 07.30, powr\u00f3t ok. godziny\u00a016:00<\/li>\n<li>Koszt: ok. 10,00 PLN<\/li>\n<\/ul>\n<p class=\"top-padded-40 bottom-padded-20\"><strong>Zg\u0142o\u015b si\u0119 do nas, by wzi\u0105\u0107 udzia\u0142 w pr\u00f3bach generalnych w roku szkolnym 2017\/2018.<\/strong><\/p>\n<h4>Koncert Symfoniczny\u00a0w pi\u0105tek, 13.10.2017<\/h4>\n<p>Arvo P\u00e4rt &#8222;Tabulas rasa&#8221;<br \/>\nGustav Mahler &#8222;Pie\u015b\u0144 ziemi&#8221;<\/p>\n<p class=\"bottom-padded-20\">Dyrygent: Donald Runnicles<\/p>\n<h4>Koncert Symfoniczny w pi\u0105tek, 5.01.2018<\/h4>\n<p>Alban Berg, koncert skrzypcowy &#8222;Wspomnienie anio\u0142a&#8221;<br \/>\nGustav Mahler &#8222;Symfonia Nr 4 G\/Dur&#8221;<\/p>\n<p class=\"bottom-padded-20\">Dyrygent:\u00a0Robin Ticciati<\/p>\n<h4>Koncert Symfoniczny w sobot\u0119. 24.03.2018<\/h4>\n<p>Ariel Ramirez &#8222;Misa Criolla&#8221;<br \/>\nLeonard Bernstein, &#8222;Serenade nach Platons&#8221;<br \/>\nFranz Schubert &#8222;Masza G-Dur D167&#8221;<\/p>\n<p class=\"bottom-padded-20\">Dyrygent: Omer Meir Wellber<\/p>\n<h4>Koncert Symfoniczny w sobot\u0119. 14.04.2018<\/h4>\n<p>Arvo P\u00e4rt &#8222;Symfonia Nr 4 &#8211; Los Angeles&#8221;<br \/>\nClaude Debussy, &#8222;La mer&#8221;<br \/>\nMaurice Ravel &#8222;La valse&#8221;<\/p>\n<p class=\"bottom-padded-20\">Dyrygent: Myung-Whun Chung<\/p>\n<h4>Koncert Symfoniczny w sobot\u0119. 9.06.2018<\/h4>\n<p>Arvo P\u00e4rt &#8222;Swansong&#8221;<br \/>\nMieczyslaw Weinberg, &#8222;Koncert skrzypcowy g-Moll op. 67&#8221;<br \/>\nJean Sibelius &#8222;Lemmink\u00e4inen&#8221; &#8211; suite op. 22<\/p>\n<p class=\"bottom-padded-20\">Dyrygent: Paavo J\u00e4rvi<\/p>\n<p><strong>Kontakt i zg\u0142oszenia:<\/strong><\/p>\n<p class=\"bottom-padded-40\">Sarah Weinberg<br \/>\n<a href=\"mailto:music@themusicpoint.net\" target=\"_blank\" rel=\"noopener noreferrer\">music@themusicpoint.net<\/a><br \/>\n03581 661269<\/p>\n<p>[\/vc_column_text][vc_raw_html]JTNDYSUyMGhyZWYlM0QlMjJodHRwJTNBJTJGJTJGd3d3LnN0YWF0c2thcGVsbGUtZHJlc2Rlbi5kZSUyRmVuJTJGJTIyJTIwdGFyZ2V0JTNEJTIyX2JsYW5rJTIyJTIwcmVsJTNEJTIybm9vcGVuZXIlMjBub3JlZmVycmVyJTIyJTNFJTNDaW1nJTIwY2xhc3MlM0QlMjJ3aWR0aC0zMyUyMiUyMHNyYyUzRCUyMmh0dHBzJTNBJTJGJTJGd3d3Lm1lZXRpbmdwb2ludC1tdXNpYy1tZXNzaWFlbi5uZXQlMkZ3cC1jb250ZW50JTJGdXBsb2FkcyUyRjIwMTklMkYwNSUyRnNhZWNoc2lzY2hlLXN0YWF0c2thcGVsbGUtZHJlc2Rlbi1sb2dvLnN2ZyUyMiUyMGFsdCUzRCUyMlMlQzMlQTRjaHNpc2NoZSUyMFN0YWF0c2thcGVsbGUlMjBEcmVzZGVuJTIyJTIwJTJGJTNFJTNDJTJGYSUzRQ==[\/vc_raw_html][\/vc_column][\/vc_row]<\/p>\n","protected":false},"excerpt":{"rendered":"<p>[vc_row css_animation=&#8221;&#8221; row_type=&#8221;row&#8221; use_row_as_full_screen_section=&#8221;no&#8221; type=&#8221;full_width&#8221; angled_section=&#8221;no&#8221; text_align=&#8221;left&#8221; background_image_as_pattern=&#8221;without_pattern&#8221;][vc_column][vc_column_text] Wyjazd na pr\u00f3b\u0119 generaln\u0105, 24.10.2014 Pr\u00f3ba przed koncertem Staatskapelle Dresden, 2015 Ka\u017cdy koncert poprzedzony jest pr\u00f3b\u0105 i\u00a0dotyczy to r\u00f3wnie\u017c mi\u0119dzynarodowej Orkiestry Pa\u0144stwowej Drezna (S\u00e4chsische Staatskapelle Dresden). Do\u0142\u0105cz do nas i sprawd\u017a, jak powstaj\u0105 interpretacje znanych dzie\u0142, a&#8230;<\/p>\n","protected":false},"author":21,"featured_media":0,"parent":0,"menu_order":0,"comment_status":"closed","ping_status":"closed","template":"","meta":{"footnotes":""},"class_list":["post-2967","page","type-page","status-publish","hentry"],"yoast_head":"<!-- This site is optimized with the Yoast SEO plugin v24.3 - https:\/\/yoast.com\/wordpress\/plugins\/seo\/ -->\n<title>Wyjazd na pr\u00f3b\u0119 generaln\u0105 - Meetingpoint Memory Messiaen e.V.<\/title>\n<meta name=\"robots\" content=\"index, follow, max-snippet:-1, max-image-preview:large, max-video-preview:-1\" \/>\n<link rel=\"canonical\" href=\"https:\/\/www.meetingpoint-memory-messiaen.eu\/pl\/wyjazd-na-probe-generalna\/\" \/>\n<meta property=\"og:locale\" content=\"pl_PL\" \/>\n<meta property=\"og:type\" content=\"article\" \/>\n<meta property=\"og:title\" content=\"Wyjazd na pr\u00f3b\u0119 generaln\u0105 - Meetingpoint Memory Messiaen e.V.\" \/>\n<meta property=\"og:description\" content=\"[vc_row css_animation=&#8221;&#8221; row_type=&#8221;row&#8221; use_row_as_full_screen_section=&#8221;no&#8221; type=&#8221;full_width&#8221; angled_section=&#8221;no&#8221; text_align=&#8221;left&#8221; background_image_as_pattern=&#8221;without_pattern&#8221;][vc_column][vc_column_text] Wyjazd na pr\u00f3b\u0119 generaln\u0105, 24.10.2014 Pr\u00f3ba przed koncertem Staatskapelle Dresden, 2015 Ka\u017cdy koncert poprzedzony jest pr\u00f3b\u0105 i\u00a0dotyczy to r\u00f3wnie\u017c mi\u0119dzynarodowej Orkiestry Pa\u0144stwowej Drezna (S\u00e4chsische Staatskapelle Dresden). Do\u0142\u0105cz do nas i sprawd\u017a, jak powstaj\u0105 interpretacje znanych dzie\u0142, a...\" \/>\n<meta property=\"og:url\" content=\"https:\/\/www.meetingpoint-memory-messiaen.eu\/pl\/wyjazd-na-probe-generalna\/\" \/>\n<meta property=\"og:site_name\" content=\"Meetingpoint Memory Messiaen e.V.\" \/>\n<meta property=\"article:modified_time\" content=\"2019-05-15T19:34:38+00:00\" \/>\n<meta property=\"og:image\" content=\"https:\/\/www.meetingpoint-memory-messiaen.eu\/wp-content\/uploads\/2019\/04\/generalprobenfahrten-1.jpg\" \/>\n<meta name=\"twitter:card\" content=\"summary_large_image\" \/>\n<meta name=\"twitter:label1\" content=\"Szacowany czas czytania\" \/>\n\t<meta name=\"twitter:data1\" content=\"2 minuty\" \/>\n<script type=\"application\/ld+json\" class=\"yoast-schema-graph\">{\"@context\":\"https:\/\/schema.org\",\"@graph\":[{\"@type\":\"WebPage\",\"@id\":\"https:\/\/www.meetingpoint-memory-messiaen.eu\/pl\/wyjazd-na-probe-generalna\/\",\"url\":\"https:\/\/www.meetingpoint-memory-messiaen.eu\/pl\/wyjazd-na-probe-generalna\/\",\"name\":\"Wyjazd na pr\u00f3b\u0119 generaln\u0105 - Meetingpoint Memory Messiaen e.V.\",\"isPartOf\":{\"@id\":\"https:\/\/www.meetingpoint-memory-messiaen.eu\/pl\/#website\"},\"primaryImageOfPage\":{\"@id\":\"https:\/\/www.meetingpoint-memory-messiaen.eu\/pl\/wyjazd-na-probe-generalna\/#primaryimage\"},\"image\":{\"@id\":\"https:\/\/www.meetingpoint-memory-messiaen.eu\/pl\/wyjazd-na-probe-generalna\/#primaryimage\"},\"thumbnailUrl\":\"https:\/\/www.meetingpoint-memory-messiaen.eu\/wp-content\/uploads\/2019\/04\/generalprobenfahrten-1.jpg\",\"datePublished\":\"2014-01-04T18:16:49+00:00\",\"dateModified\":\"2019-05-15T19:34:38+00:00\",\"breadcrumb\":{\"@id\":\"https:\/\/www.meetingpoint-memory-messiaen.eu\/pl\/wyjazd-na-probe-generalna\/#breadcrumb\"},\"inLanguage\":\"pl-PL\",\"potentialAction\":[{\"@type\":\"ReadAction\",\"target\":[\"https:\/\/www.meetingpoint-memory-messiaen.eu\/pl\/wyjazd-na-probe-generalna\/\"]}]},{\"@type\":\"ImageObject\",\"inLanguage\":\"pl-PL\",\"@id\":\"https:\/\/www.meetingpoint-memory-messiaen.eu\/pl\/wyjazd-na-probe-generalna\/#primaryimage\",\"url\":\"https:\/\/www.meetingpoint-memory-messiaen.eu\/wp-content\/uploads\/2019\/04\/generalprobenfahrten-1.jpg\",\"contentUrl\":\"https:\/\/www.meetingpoint-memory-messiaen.eu\/wp-content\/uploads\/2019\/04\/generalprobenfahrten-1.jpg\"},{\"@type\":\"BreadcrumbList\",\"@id\":\"https:\/\/www.meetingpoint-memory-messiaen.eu\/pl\/wyjazd-na-probe-generalna\/#breadcrumb\",\"itemListElement\":[{\"@type\":\"ListItem\",\"position\":1,\"name\":\"Home\",\"item\":\"https:\/\/www.meetingpoint-memory-messiaen.eu\/pl\/\"},{\"@type\":\"ListItem\",\"position\":2,\"name\":\"Wyjazd na pr\u00f3b\u0119 generaln\u0105\"}]},{\"@type\":\"WebSite\",\"@id\":\"https:\/\/www.meetingpoint-memory-messiaen.eu\/pl\/#website\",\"url\":\"https:\/\/www.meetingpoint-memory-messiaen.eu\/pl\/\",\"name\":\"Meetingpoint Memory Messiaen e.V.\",\"description\":\"\",\"potentialAction\":[{\"@type\":\"SearchAction\",\"target\":{\"@type\":\"EntryPoint\",\"urlTemplate\":\"https:\/\/www.meetingpoint-memory-messiaen.eu\/pl\/?s={search_term_string}\"},\"query-input\":{\"@type\":\"PropertyValueSpecification\",\"valueRequired\":true,\"valueName\":\"search_term_string\"}}],\"inLanguage\":\"pl-PL\"}]}<\/script>\n<!-- \/ Yoast SEO plugin. -->","yoast_head_json":{"title":"Wyjazd na pr\u00f3b\u0119 generaln\u0105 - Meetingpoint Memory Messiaen e.V.","robots":{"index":"index","follow":"follow","max-snippet":"max-snippet:-1","max-image-preview":"max-image-preview:large","max-video-preview":"max-video-preview:-1"},"canonical":"https:\/\/www.meetingpoint-memory-messiaen.eu\/pl\/wyjazd-na-probe-generalna\/","og_locale":"pl_PL","og_type":"article","og_title":"Wyjazd na pr\u00f3b\u0119 generaln\u0105 - Meetingpoint Memory Messiaen e.V.","og_description":"[vc_row css_animation=&#8221;&#8221; row_type=&#8221;row&#8221; use_row_as_full_screen_section=&#8221;no&#8221; type=&#8221;full_width&#8221; angled_section=&#8221;no&#8221; text_align=&#8221;left&#8221; background_image_as_pattern=&#8221;without_pattern&#8221;][vc_column][vc_column_text] Wyjazd na pr\u00f3b\u0119 generaln\u0105, 24.10.2014 Pr\u00f3ba przed koncertem Staatskapelle Dresden, 2015 Ka\u017cdy koncert poprzedzony jest pr\u00f3b\u0105 i\u00a0dotyczy to r\u00f3wnie\u017c mi\u0119dzynarodowej Orkiestry Pa\u0144stwowej Drezna (S\u00e4chsische Staatskapelle Dresden). Do\u0142\u0105cz do nas i sprawd\u017a, jak powstaj\u0105 interpretacje znanych dzie\u0142, a...","og_url":"https:\/\/www.meetingpoint-memory-messiaen.eu\/pl\/wyjazd-na-probe-generalna\/","og_site_name":"Meetingpoint Memory Messiaen e.V.","article_modified_time":"2019-05-15T19:34:38+00:00","og_image":[{"url":"https:\/\/www.meetingpoint-memory-messiaen.eu\/wp-content\/uploads\/2019\/04\/generalprobenfahrten-1.jpg","type":"","width":"","height":""}],"twitter_card":"summary_large_image","twitter_misc":{"Szacowany czas czytania":"2 minuty"},"schema":{"@context":"https:\/\/schema.org","@graph":[{"@type":"WebPage","@id":"https:\/\/www.meetingpoint-memory-messiaen.eu\/pl\/wyjazd-na-probe-generalna\/","url":"https:\/\/www.meetingpoint-memory-messiaen.eu\/pl\/wyjazd-na-probe-generalna\/","name":"Wyjazd na pr\u00f3b\u0119 generaln\u0105 - Meetingpoint Memory Messiaen e.V.","isPartOf":{"@id":"https:\/\/www.meetingpoint-memory-messiaen.eu\/pl\/#website"},"primaryImageOfPage":{"@id":"https:\/\/www.meetingpoint-memory-messiaen.eu\/pl\/wyjazd-na-probe-generalna\/#primaryimage"},"image":{"@id":"https:\/\/www.meetingpoint-memory-messiaen.eu\/pl\/wyjazd-na-probe-generalna\/#primaryimage"},"thumbnailUrl":"https:\/\/www.meetingpoint-memory-messiaen.eu\/wp-content\/uploads\/2019\/04\/generalprobenfahrten-1.jpg","datePublished":"2014-01-04T18:16:49+00:00","dateModified":"2019-05-15T19:34:38+00:00","breadcrumb":{"@id":"https:\/\/www.meetingpoint-memory-messiaen.eu\/pl\/wyjazd-na-probe-generalna\/#breadcrumb"},"inLanguage":"pl-PL","potentialAction":[{"@type":"ReadAction","target":["https:\/\/www.meetingpoint-memory-messiaen.eu\/pl\/wyjazd-na-probe-generalna\/"]}]},{"@type":"ImageObject","inLanguage":"pl-PL","@id":"https:\/\/www.meetingpoint-memory-messiaen.eu\/pl\/wyjazd-na-probe-generalna\/#primaryimage","url":"https:\/\/www.meetingpoint-memory-messiaen.eu\/wp-content\/uploads\/2019\/04\/generalprobenfahrten-1.jpg","contentUrl":"https:\/\/www.meetingpoint-memory-messiaen.eu\/wp-content\/uploads\/2019\/04\/generalprobenfahrten-1.jpg"},{"@type":"BreadcrumbList","@id":"https:\/\/www.meetingpoint-memory-messiaen.eu\/pl\/wyjazd-na-probe-generalna\/#breadcrumb","itemListElement":[{"@type":"ListItem","position":1,"name":"Home","item":"https:\/\/www.meetingpoint-memory-messiaen.eu\/pl\/"},{"@type":"ListItem","position":2,"name":"Wyjazd na pr\u00f3b\u0119 generaln\u0105"}]},{"@type":"WebSite","@id":"https:\/\/www.meetingpoint-memory-messiaen.eu\/pl\/#website","url":"https:\/\/www.meetingpoint-memory-messiaen.eu\/pl\/","name":"Meetingpoint Memory Messiaen e.V.","description":"","potentialAction":[{"@type":"SearchAction","target":{"@type":"EntryPoint","urlTemplate":"https:\/\/www.meetingpoint-memory-messiaen.eu\/pl\/?s={search_term_string}"},"query-input":{"@type":"PropertyValueSpecification","valueRequired":true,"valueName":"search_term_string"}}],"inLanguage":"pl-PL"}]}},"_links":{"self":[{"href":"https:\/\/www.meetingpoint-memory-messiaen.eu\/pl\/wp-json\/wp\/v2\/pages\/2967","targetHints":{"allow":["GET"]}}],"collection":[{"href":"https:\/\/www.meetingpoint-memory-messiaen.eu\/pl\/wp-json\/wp\/v2\/pages"}],"about":[{"href":"https:\/\/www.meetingpoint-memory-messiaen.eu\/pl\/wp-json\/wp\/v2\/types\/page"}],"author":[{"embeddable":true,"href":"https:\/\/www.meetingpoint-memory-messiaen.eu\/pl\/wp-json\/wp\/v2\/users\/21"}],"replies":[{"embeddable":true,"href":"https:\/\/www.meetingpoint-memory-messiaen.eu\/pl\/wp-json\/wp\/v2\/comments?post=2967"}],"version-history":[{"count":38,"href":"https:\/\/www.meetingpoint-memory-messiaen.eu\/pl\/wp-json\/wp\/v2\/pages\/2967\/revisions"}],"predecessor-version":[{"id":13883,"href":"https:\/\/www.meetingpoint-memory-messiaen.eu\/pl\/wp-json\/wp\/v2\/pages\/2967\/revisions\/13883"}],"wp:attachment":[{"href":"https:\/\/www.meetingpoint-memory-messiaen.eu\/pl\/wp-json\/wp\/v2\/media?parent=2967"}],"curies":[{"name":"wp","href":"https:\/\/api.w.org\/{rel}","templated":true}]}}