{"id":2959,"date":"2014-01-04T19:14:12","date_gmt":"2014-01-04T18:14:12","guid":{"rendered":"http:\/\/wordpress.themusicpoint.net\/?page_id=2959"},"modified":"2026-03-24T11:14:32","modified_gmt":"2026-03-24T10:14:32","slug":"younion","status":"publish","type":"page","link":"https:\/\/www.meetingpoint-memory-messiaen.eu\/pl\/younion\/","title":{"rendered":"YOUNION"},"content":{"rendered":"<p>[vc_row css_animation=&#8221;&#8221; row_type=&#8221;row&#8221; use_row_as_full_screen_section=&#8221;no&#8221; type=&#8221;full_width&#8221; angled_section=&#8221;no&#8221; text_align=&#8221;left&#8221; background_image_as_pattern=&#8221;without_pattern&#8221;][vc_column][vc_single_image image=&#8221;18443&#8243; img_size=&#8221;full&#8221; alignment=&#8221;center&#8221; onclick=&#8221;custom_link&#8221; img_link_target=&#8221;_blank&#8221; qode_css_animation=&#8221;&#8221; link=&#8221;https:\/\/mmm-younion.eu&#8221;][vc_empty_space height=&#8221;64px&#8221;][vc_column_text]<\/p>\n<h1 style=\"color: #409dd2; text-align: center;\"><strong><a href=\"https:\/\/mmm-younion.eu\">YOUNION* 2024: 20.07-03.08.2024<\/a><\/strong><\/h1>\n<p>[\/vc_column_text][vc_column_text]<\/p>\n<p style=\"text-align: center;\">Mi\u0119dzynarodowe spotkanie m\u0142odzie\u017cy na rzecz edukacji demokratycznej i wymiany w historycznym miejscu pami\u0119ci Stalagu VIII A<\/p>\n<p>[\/vc_column_text][\/vc_column][\/vc_row][vc_row css_animation=&#8221;&#8221; row_type=&#8221;row&#8221; use_row_as_full_screen_section=&#8221;no&#8221; type=&#8221;full_width&#8221; angled_section=&#8221;no&#8221; text_align=&#8221;left&#8221; background_image_as_pattern=&#8221;without_pattern&#8221;][vc_column][vc_column_text]<strong>YOUNION\u00a0to kreatywna i mi\u0119dzynarodowa praca w historycznym miejscu. Ka\u017cdego lata m\u0142odzi ludzie przyje\u017cd\u017caj\u0105 do G\u00f6rlitz i Zgorzelca, aby pozna\u0107 histori\u0119 miejsca zapomnianego przez dekady, by\u0142ego niemieckiego obozu jenieckiego Stalag VIII A.<\/strong><\/p>\n<p><span style=\"font-weight: 400;\">30 m\u0142odych Europejczyk\u00f3w spotyka si\u0119 w Europamie\u015bcie G\u00f6rlitz-Zgorzelec, aby wsp\u00f3lnie prze\u017cy\u0107 dwa wakacyjne tygodnie. W tym czasie poznaj\u0105 ludzi z innych kultur, wymieni\u0105 si\u0119 do\u015bwiadczeniami o sytuacji politycznej w ich krajach oraz zastanawiaj\u0105 si\u0119 nad wsp\u00f3ln\u0105 przysz\u0142o\u015bci\u0105 w Europie. M\u0142odzi ludzie nawi\u0105zuj\u0105 nowe znajomo\u015bci i przyja\u017anie, buduj\u0105 zaufanie do siebie i pracuj\u0105 w zespole.<\/span><\/p>\n<p><span style=\"font-weight: 400;\">Nieodzownym elementem spotkania m\u0142odzie\u017cy YOUNION s\u0105 odbywaj\u0105ce si\u0119 na terenie Miejsca Pami\u0119ci Stalagu VIII A warsztaty. W trzech grupach uczestnicy opracowuj\u0105 tematy spo\u0142eczno-polityczne, takie jak demokracja, spo\u0142ecze\u0144stwo, r\u00f3\u017cnorodno\u015b\u0107, partycypacja czy inkluzja. Poprzez refleksje o przesz\u0142o\u015bci uczestnicy zastanowiaj\u0105 si\u0119 nad czasami, w kt\u00f3rych \u017cyj\u0105, nad swoim \u017cyciem i to\u017csamo\u015bci\u0105, nie zapominaj\u0105c tym samym o przysz\u0142o\u015bci.<\/span><\/p>\n<p>Podczas YOUNION uczestnicy zakwaterowani s\u0105 w schronisku w G\u00f6rlitz, w kt\u00f3rym s\u0105 odpowiedzialni za porz\u0105dek i posi\u0142ki. Ka\u017cdego wieczora odbywa si\u0119 spotkanie plenarne, podczas kt\u00f3rego omawiane s\u0105 spostrze\u017cenia i uwagi, sukcesy i pora\u017cki danego dnia. Grupa wsp\u00f3lnie tworzy program ramowy oraz organizuje sobie czas wolny. Poprzez r\u00f3\u017cne aktywno\u015bci codziennie pracujemy nad integracj\u0105 grupy oraz partycypacj\u0105 ka\u017cdego jej cz\u0142onka. Aby zrozumie\u0107 tematyk\u0119 spotkania oraz nawi\u0105za\u0107 kontakty uczestnicy powinni porozumiewa\u0107 si\u0119 po angielsku w stopniu komunikatywnym.<\/p>\n<p>*od 2006 do 2012 pod nazw\u0105 projektu \u201eWorkcamp\u201d, nast\u0119pnie w latach 2013\u20132023 \u201eWorcation\u201d<\/p>\n<h2 style=\"text-align: center;\"><strong>Brzmi ciekawie?<\/strong><\/h2>\n<p>[\/vc_column_text][\/vc_column][vc_column][vc_row_inner row_type=&#8221;row&#8221; type=&#8221;full_width&#8221; text_align=&#8221;center&#8221; css_animation=&#8221;&#8221;][vc_column_inner][vc_empty_space]<a  itemprop=\"url\" href=\"https:\/\/docs.google.com\/forms\/d\/e\/1FAIpQLSct8Hv4ZJ6AZwUdwGjX83c0ZXkv8V38QAYTOxiwaXpOGCkw0A\/viewform\" target=\"_blank\" data-hover-background-color='#409dd2'  class=\"qbutton  large center default\" style=\"margin: 0 auto; \">Rejestracja<\/a>[\/vc_column_inner][\/vc_row_inner][vc_column_text]Wejd\u017a na naszego<a href=\"https:\/\/www.facebook.com\/Worcation\/\" target=\"_blank\" rel=\"noopener noreferrer\"> Facebooka,<\/a> <a href=\"https:\/\/www.instagram.com\/accounts\/login\/?next=\/worcation_grzg\/\" target=\"_blank\" rel=\"noopener\">Instagrama<\/a> lub zg\u0142o\u015b si\u0119 bezpo\u015brednio pod adresem <a href=\"mailto:info@worcation.eu\">info@worcation.eu<\/a>.[\/vc_column_text][vc_empty_space][vc_row_inner row_type=&#8221;row&#8221; type=&#8221;full_width&#8221; text_align=&#8221;left&#8221; css_animation=&#8221;&#8221;][vc_column_inner width=&#8221;1\/4&#8243;]<a  itemprop=\"url\" href=\"https:\/\/mmm-younion.eu\" target=\"_blank\" data-hover-background-color='#409dd2'  class=\"qbutton  large center default\" style=\"margin: 0 auto; \">Strona WWW<\/a>[\/vc_column_inner][vc_column_inner width=&#8221;1\/4&#8243;]<a  itemprop=\"url\" href=\"https:\/\/mmm-younion.eu\/blog\/\" target=\"_blank\" data-hover-background-color='#e2001e'  class=\"qbutton  large center default\" style=\"margin: 0 auto; \">Archiwum<\/a>[\/vc_column_inner][vc_column_inner width=&#8221;1\/4&#8243;]<a  itemprop=\"url\" href=\"https:\/\/www.facebook.com\/Worcation\/\" target=\"_blank\" data-hover-background-color='#4867aa'  class=\"qbutton  large center default\" style=\"margin: 0 auto; \">Facebook<\/a>[\/vc_column_inner][vc_column_inner width=&#8221;1\/4&#8243;]<a  itemprop=\"url\" href=\"https:\/\/www.instagram.com\/worcation_grzg\/\" target=\"_blank\" data-hover-background-color='#f7007b'  class=\"qbutton  large center default\" style=\"margin: 0 auto; \">Instagram<\/a>[\/vc_column_inner][\/vc_row_inner][\/vc_column][\/vc_row][vc_column][\/vc_column][vc_row css_animation=&#8221;&#8221; row_type=&#8221;row&#8221; use_row_as_full_screen_section=&#8221;no&#8221; type=&#8221;full_width&#8221; angled_section=&#8221;no&#8221; text_align=&#8221;left&#8221; background_image_as_pattern=&#8221;without_pattern&#8221;][vc_column][vc_gallery interval=&#8221;3&#8243; images=&#8221;15331,16687,16686,16688,16689,16692,16691,16695,15359,15357&#8243; img_size=&#8221;full&#8221;][\/vc_column][\/vc_row]<\/p>\n","protected":false},"excerpt":{"rendered":"<p>[vc_row css_animation=&#8221;&#8221; row_type=&#8221;row&#8221; use_row_as_full_screen_section=&#8221;no&#8221; type=&#8221;full_width&#8221; angled_section=&#8221;no&#8221; text_align=&#8221;left&#8221; background_image_as_pattern=&#8221;without_pattern&#8221;][vc_column][vc_single_image image=&#8221;18443&#8243; img_size=&#8221;full&#8221; alignment=&#8221;center&#8221; onclick=&#8221;custom_link&#8221; img_link_target=&#8221;_blank&#8221; qode_css_animation=&#8221;&#8221; link=&#8221;https:\/\/mmm-younion.eu&#8221;][vc_empty_space height=&#8221;64px&#8221;][vc_column_text] YOUNION* 2024: 20.07-03.08.2024 [\/vc_column_text][vc_column_text] Mi\u0119dzynarodowe spotkanie m\u0142odzie\u017cy na rzecz edukacji demokratycznej i wymiany w historycznym miejscu pami\u0119ci Stalagu VIII A [\/vc_column_text][\/vc_column][\/vc_row][vc_row css_animation=&#8221;&#8221; row_type=&#8221;row&#8221; use_row_as_full_screen_section=&#8221;no&#8221; type=&#8221;full_width&#8221; angled_section=&#8221;no&#8221; text_align=&#8221;left&#8221; background_image_as_pattern=&#8221;without_pattern&#8221;][vc_column][vc_column_text]YOUNION\u00a0to kreatywna&#8230;<\/p>\n","protected":false},"author":21,"featured_media":0,"parent":0,"menu_order":0,"comment_status":"closed","ping_status":"closed","template":"","meta":{"footnotes":""},"class_list":["post-2959","page","type-page","status-publish","hentry"],"yoast_head":"<!-- This site is optimized with the Yoast SEO plugin v24.3 - https:\/\/yoast.com\/wordpress\/plugins\/seo\/ -->\n<title>YOUNION - Meetingpoint Memory Messiaen e.V.<\/title>\n<meta name=\"description\" content=\"WORCATION to kreatywna i mi\u0119dzynarodowa praca w historycznym miejscu.\" \/>\n<meta name=\"robots\" content=\"index, follow, max-snippet:-1, max-image-preview:large, max-video-preview:-1\" \/>\n<link rel=\"canonical\" href=\"https:\/\/www.meetingpoint-memory-messiaen.eu\/pl\/younion\/\" \/>\n<meta property=\"og:locale\" content=\"pl_PL\" \/>\n<meta property=\"og:type\" content=\"article\" \/>\n<meta property=\"og:title\" content=\"YOUNION - Meetingpoint Memory Messiaen e.V.\" \/>\n<meta property=\"og:description\" content=\"WORCATION to kreatywna i mi\u0119dzynarodowa praca w historycznym miejscu.\" \/>\n<meta property=\"og:url\" content=\"https:\/\/www.meetingpoint-memory-messiaen.eu\/pl\/younion\/\" \/>\n<meta property=\"og:site_name\" content=\"Meetingpoint Memory Messiaen e.V.\" \/>\n<meta property=\"article:modified_time\" content=\"2026-03-24T10:14:32+00:00\" \/>\n<meta name=\"twitter:card\" content=\"summary_large_image\" \/>\n<meta name=\"twitter:label1\" content=\"Szacowany czas czytania\" \/>\n\t<meta name=\"twitter:data1\" content=\"5 minut\" \/>\n<script type=\"application\/ld+json\" class=\"yoast-schema-graph\">{\"@context\":\"https:\/\/schema.org\",\"@graph\":[{\"@type\":\"WebPage\",\"@id\":\"https:\/\/www.meetingpoint-memory-messiaen.eu\/pl\/younion\/\",\"url\":\"https:\/\/www.meetingpoint-memory-messiaen.eu\/pl\/younion\/\",\"name\":\"YOUNION - Meetingpoint Memory Messiaen e.V.\",\"isPartOf\":{\"@id\":\"https:\/\/www.meetingpoint-memory-messiaen.eu\/pl\/#website\"},\"datePublished\":\"2014-01-04T18:14:12+00:00\",\"dateModified\":\"2026-03-24T10:14:32+00:00\",\"description\":\"WORCATION to kreatywna i mi\u0119dzynarodowa praca w historycznym miejscu.\",\"breadcrumb\":{\"@id\":\"https:\/\/www.meetingpoint-memory-messiaen.eu\/pl\/younion\/#breadcrumb\"},\"inLanguage\":\"pl-PL\",\"potentialAction\":[{\"@type\":\"ReadAction\",\"target\":[\"https:\/\/www.meetingpoint-memory-messiaen.eu\/pl\/younion\/\"]}]},{\"@type\":\"BreadcrumbList\",\"@id\":\"https:\/\/www.meetingpoint-memory-messiaen.eu\/pl\/younion\/#breadcrumb\",\"itemListElement\":[{\"@type\":\"ListItem\",\"position\":1,\"name\":\"Home\",\"item\":\"https:\/\/www.meetingpoint-memory-messiaen.eu\/pl\/\"},{\"@type\":\"ListItem\",\"position\":2,\"name\":\"YOUNION\"}]},{\"@type\":\"WebSite\",\"@id\":\"https:\/\/www.meetingpoint-memory-messiaen.eu\/pl\/#website\",\"url\":\"https:\/\/www.meetingpoint-memory-messiaen.eu\/pl\/\",\"name\":\"Meetingpoint Memory Messiaen e.V.\",\"description\":\"\",\"potentialAction\":[{\"@type\":\"SearchAction\",\"target\":{\"@type\":\"EntryPoint\",\"urlTemplate\":\"https:\/\/www.meetingpoint-memory-messiaen.eu\/pl\/?s={search_term_string}\"},\"query-input\":{\"@type\":\"PropertyValueSpecification\",\"valueRequired\":true,\"valueName\":\"search_term_string\"}}],\"inLanguage\":\"pl-PL\"}]}<\/script>\n<!-- \/ Yoast SEO plugin. -->","yoast_head_json":{"title":"YOUNION - Meetingpoint Memory Messiaen e.V.","description":"WORCATION to kreatywna i mi\u0119dzynarodowa praca w historycznym miejscu.","robots":{"index":"index","follow":"follow","max-snippet":"max-snippet:-1","max-image-preview":"max-image-preview:large","max-video-preview":"max-video-preview:-1"},"canonical":"https:\/\/www.meetingpoint-memory-messiaen.eu\/pl\/younion\/","og_locale":"pl_PL","og_type":"article","og_title":"YOUNION - Meetingpoint Memory Messiaen e.V.","og_description":"WORCATION to kreatywna i mi\u0119dzynarodowa praca w historycznym miejscu.","og_url":"https:\/\/www.meetingpoint-memory-messiaen.eu\/pl\/younion\/","og_site_name":"Meetingpoint Memory Messiaen e.V.","article_modified_time":"2026-03-24T10:14:32+00:00","twitter_card":"summary_large_image","twitter_misc":{"Szacowany czas czytania":"5 minut"},"schema":{"@context":"https:\/\/schema.org","@graph":[{"@type":"WebPage","@id":"https:\/\/www.meetingpoint-memory-messiaen.eu\/pl\/younion\/","url":"https:\/\/www.meetingpoint-memory-messiaen.eu\/pl\/younion\/","name":"YOUNION - Meetingpoint Memory Messiaen e.V.","isPartOf":{"@id":"https:\/\/www.meetingpoint-memory-messiaen.eu\/pl\/#website"},"datePublished":"2014-01-04T18:14:12+00:00","dateModified":"2026-03-24T10:14:32+00:00","description":"WORCATION to kreatywna i mi\u0119dzynarodowa praca w historycznym miejscu.","breadcrumb":{"@id":"https:\/\/www.meetingpoint-memory-messiaen.eu\/pl\/younion\/#breadcrumb"},"inLanguage":"pl-PL","potentialAction":[{"@type":"ReadAction","target":["https:\/\/www.meetingpoint-memory-messiaen.eu\/pl\/younion\/"]}]},{"@type":"BreadcrumbList","@id":"https:\/\/www.meetingpoint-memory-messiaen.eu\/pl\/younion\/#breadcrumb","itemListElement":[{"@type":"ListItem","position":1,"name":"Home","item":"https:\/\/www.meetingpoint-memory-messiaen.eu\/pl\/"},{"@type":"ListItem","position":2,"name":"YOUNION"}]},{"@type":"WebSite","@id":"https:\/\/www.meetingpoint-memory-messiaen.eu\/pl\/#website","url":"https:\/\/www.meetingpoint-memory-messiaen.eu\/pl\/","name":"Meetingpoint Memory Messiaen e.V.","description":"","potentialAction":[{"@type":"SearchAction","target":{"@type":"EntryPoint","urlTemplate":"https:\/\/www.meetingpoint-memory-messiaen.eu\/pl\/?s={search_term_string}"},"query-input":{"@type":"PropertyValueSpecification","valueRequired":true,"valueName":"search_term_string"}}],"inLanguage":"pl-PL"}]}},"_links":{"self":[{"href":"https:\/\/www.meetingpoint-memory-messiaen.eu\/pl\/wp-json\/wp\/v2\/pages\/2959","targetHints":{"allow":["GET"]}}],"collection":[{"href":"https:\/\/www.meetingpoint-memory-messiaen.eu\/pl\/wp-json\/wp\/v2\/pages"}],"about":[{"href":"https:\/\/www.meetingpoint-memory-messiaen.eu\/pl\/wp-json\/wp\/v2\/types\/page"}],"author":[{"embeddable":true,"href":"https:\/\/www.meetingpoint-memory-messiaen.eu\/pl\/wp-json\/wp\/v2\/users\/21"}],"replies":[{"embeddable":true,"href":"https:\/\/www.meetingpoint-memory-messiaen.eu\/pl\/wp-json\/wp\/v2\/comments?post=2959"}],"version-history":[{"count":69,"href":"https:\/\/www.meetingpoint-memory-messiaen.eu\/pl\/wp-json\/wp\/v2\/pages\/2959\/revisions"}],"predecessor-version":[{"id":19292,"href":"https:\/\/www.meetingpoint-memory-messiaen.eu\/pl\/wp-json\/wp\/v2\/pages\/2959\/revisions\/19292"}],"wp:attachment":[{"href":"https:\/\/www.meetingpoint-memory-messiaen.eu\/pl\/wp-json\/wp\/v2\/media?parent=2959"}],"curies":[{"name":"wp","href":"https:\/\/api.w.org\/{rel}","templated":true}]}}