{"id":2957,"date":"2014-01-04T19:13:45","date_gmt":"2014-01-04T18:13:45","guid":{"rendered":"http:\/\/wordpress.themusicpoint.net\/?page_id=2957"},"modified":"2025-01-30T12:09:20","modified_gmt":"2025-01-30T11:09:20","slug":"oferta-edukacyjna","status":"publish","type":"page","link":"https:\/\/www.meetingpoint-memory-messiaen.eu\/pl\/oferta-edukacyjna\/","title":{"rendered":"Oferta edukacyjna"},"content":{"rendered":"<p>[vc_row css_animation=&#8221;&#8221; row_type=&#8221;row&#8221; use_row_as_full_screen_section=&#8221;no&#8221; type=&#8221;full_width&#8221; angled_section=&#8221;no&#8221; text_align=&#8221;left&#8221; background_image_as_pattern=&#8221;without_pattern&#8221;][vc_column][vc_column_text]<\/p>\n<div class=\"wpb_text_column wpb_content_element \">\n<div class=\"wpb_wrapper\">\n<p>Niniejszym przedstawiamy pierwsze wydanie oferty edukacyjnej Miejsca Pami\u0119ci Stalag VIII A. Oferta edukacyjna Miejsca Pami\u0119ci Stalag VIII A skierowana jest do uczennic i uczni\u00f3w, studentek i student\u00f3w, grup m\u0142odzie\u017cowych z Polski i Niemiec oraz m\u0142odych doros\u0142ych z ca\u0142ej Europy. Mo\u017ce by\u0107 wykorzystana zar\u00f3wno podczas zaj\u0119\u0107 szkolnych jak i pozaszkolnych, w celu przyblizenia m\u0142odym ludziom temat\u00f3w zwi\u0105zanych ze Stalagiem VIII A oraz poznania przez nich indywidualnych los\u00f3w wi\u0119\u017ani\u00f3w tego obozu. Oferta sk\u0142ada si\u0119 z metodycznie dopasowanych modu\u0142\u00f3w. Mo\u017cna je \u0142\u0105czy\u0107 na r\u00f3\u017cne sposoby w ramach oferowanych przez nas blok\u00f3w: od dwu- lub trzygodzinnego zwiedzania, przez p\u00f3\u0142dniowe oraz ca\u0142odniowe warsztaty, po pobyty kilkudniowe. Stosowane metody i wybrane tematy s\u0105 skierowane do m\u0142odzie\u017cy od 12 roku \u017cycia i dostosowane do potrzeb w porozumieniu z opiekunami grup. Zapraszamy do zapoznania si\u0119 ze szczeg\u00f3lami naszej oferty programowej i wsp\u00f3lnego zaplanowania wizyty w Miejscu Pami\u0119ci!<\/p>\n<p>UWAGA: Od 2025 roku obowi\u0105zuj\u0105 nowe ceny za ofert\u0119 p\u00f3\u0142dniow\u0105 i ca\u0142odniow\u0105 w Miejscu Pami\u0119ci Stalag VIII A.<\/p>\n<p><img loading=\"lazy\" decoding=\"async\" class=\"alignleft wp-image-18926 size-full\" src=\"https:\/\/www.meetingpoint-memory-messiaen.eu\/pl\/wp-content\/uploads\/2025\/01\/nowe-ceny-oferta-eduk-300px.jpg\" alt=\"\" width=\"300\" height=\"183\" \/><\/p>\n<\/div>\n<\/div>\n<p>[\/vc_column_text][vc_empty_space][vc_gutenberg]<\/p>\n<div class=\"wp-block-file\"><object class=\"wp-block-file__embed\" style=\"width: 100%; height: 1338px;\" data=\"https:\/\/www.meetingpoint-memory-messiaen.eu\/pl\/wp-content\/uploads\/2022\/12\/Oferta_edukacyjna_StalagVIIIA-1.pdf\" type=\"application\/pdf\" width=\"300\" height=\"150\" aria-label=\"Einbettung von gorlitz fin_de_906.\" data-mce-fragment=\"1\"><\/object><a id=\"wp-block-file--media-2dbd5dd0-055d-4997-aadf-ee17487e6af7\" href=\"https:\/\/www.meetingpoint-memory-messiaen.eu\/pl\/wp-content\/uploads\/2022\/12\/Oferta_edukacyjna_StalagVIIIA-1.pdf\"><\/a><a class=\"wp-block-file__button\" href=\"https:\/\/www.meetingpoint-memory-messiaen.eu\/pl\/wp-content\/uploads\/2022\/12\/Oferta_edukacyjna_StalagVIIIA-1.pdf\" download=\"\" aria-describedby=\"wp-block-file--media-2dbd5dd0-055d-4997-aadf-ee17487e6af7\">pobierz<\/a><\/div>\n<p>[\/vc_gutenberg][\/vc_column][vc_column][\/vc_column][\/vc_row]<\/p>\n","protected":false},"excerpt":{"rendered":"<p>[vc_row css_animation=&#8221;&#8221; row_type=&#8221;row&#8221; use_row_as_full_screen_section=&#8221;no&#8221; type=&#8221;full_width&#8221; angled_section=&#8221;no&#8221; text_align=&#8221;left&#8221; background_image_as_pattern=&#8221;without_pattern&#8221;][vc_column][vc_column_text] Niniejszym przedstawiamy pierwsze wydanie oferty edukacyjnej Miejsca Pami\u0119ci Stalag VIII A. Oferta edukacyjna Miejsca Pami\u0119ci Stalag VIII A skierowana jest do uczennic i uczni\u00f3w, studentek i student\u00f3w, grup m\u0142odzie\u017cowych z Polski i Niemiec oraz m\u0142odych doros\u0142ych z&#8230;<\/p>\n","protected":false},"author":21,"featured_media":0,"parent":0,"menu_order":0,"comment_status":"closed","ping_status":"closed","template":"","meta":{"footnotes":""},"class_list":["post-2957","page","type-page","status-publish","hentry"],"yoast_head":"<!-- This site is optimized with the Yoast SEO plugin v24.3 - https:\/\/yoast.com\/wordpress\/plugins\/seo\/ -->\n<title>Oferta edukacyjna - Meetingpoint Memory Messiaen e.V.<\/title>\n<meta name=\"robots\" content=\"index, follow, max-snippet:-1, max-image-preview:large, max-video-preview:-1\" \/>\n<link rel=\"canonical\" href=\"https:\/\/www.meetingpoint-memory-messiaen.eu\/pl\/oferta-edukacyjna\/\" \/>\n<meta property=\"og:locale\" content=\"pl_PL\" \/>\n<meta property=\"og:type\" content=\"article\" \/>\n<meta property=\"og:title\" content=\"Oferta edukacyjna - Meetingpoint Memory Messiaen e.V.\" \/>\n<meta property=\"og:description\" content=\"[vc_row css_animation=&#8221;&#8221; row_type=&#8221;row&#8221; use_row_as_full_screen_section=&#8221;no&#8221; type=&#8221;full_width&#8221; angled_section=&#8221;no&#8221; text_align=&#8221;left&#8221; background_image_as_pattern=&#8221;without_pattern&#8221;][vc_column][vc_column_text] Niniejszym przedstawiamy pierwsze wydanie oferty edukacyjnej Miejsca Pami\u0119ci Stalag VIII A. Oferta edukacyjna Miejsca Pami\u0119ci Stalag VIII A skierowana jest do uczennic i uczni\u00f3w, studentek i student\u00f3w, grup m\u0142odzie\u017cowych z Polski i Niemiec oraz m\u0142odych doros\u0142ych z...\" \/>\n<meta property=\"og:url\" content=\"https:\/\/www.meetingpoint-memory-messiaen.eu\/pl\/oferta-edukacyjna\/\" \/>\n<meta property=\"og:site_name\" content=\"Meetingpoint Memory Messiaen e.V.\" \/>\n<meta property=\"article:modified_time\" content=\"2025-01-30T11:09:20+00:00\" \/>\n<meta property=\"og:image\" content=\"https:\/\/www.meetingpoint-memory-messiaen.eu\/pl\/wp-content\/uploads\/2025\/01\/nowe-ceny-oferta-eduk-300px.jpg\" \/>\n\t<meta property=\"og:image:width\" content=\"300\" \/>\n\t<meta property=\"og:image:height\" content=\"183\" \/>\n\t<meta property=\"og:image:type\" content=\"image\/jpeg\" \/>\n<meta name=\"twitter:card\" content=\"summary_large_image\" \/>\n<meta name=\"twitter:label1\" content=\"Szacowany czas czytania\" \/>\n\t<meta name=\"twitter:data1\" content=\"2 minuty\" \/>\n<script type=\"application\/ld+json\" class=\"yoast-schema-graph\">{\"@context\":\"https:\/\/schema.org\",\"@graph\":[{\"@type\":\"WebPage\",\"@id\":\"https:\/\/www.meetingpoint-memory-messiaen.eu\/pl\/oferta-edukacyjna\/\",\"url\":\"https:\/\/www.meetingpoint-memory-messiaen.eu\/pl\/oferta-edukacyjna\/\",\"name\":\"Oferta edukacyjna - Meetingpoint Memory Messiaen e.V.\",\"isPartOf\":{\"@id\":\"https:\/\/www.meetingpoint-memory-messiaen.eu\/pl\/#website\"},\"primaryImageOfPage\":{\"@id\":\"https:\/\/www.meetingpoint-memory-messiaen.eu\/pl\/oferta-edukacyjna\/#primaryimage\"},\"image\":{\"@id\":\"https:\/\/www.meetingpoint-memory-messiaen.eu\/pl\/oferta-edukacyjna\/#primaryimage\"},\"thumbnailUrl\":\"https:\/\/www.meetingpoint-memory-messiaen.eu\/pl\/wp-content\/uploads\/2025\/01\/nowe-ceny-oferta-eduk-300px.jpg\",\"datePublished\":\"2014-01-04T18:13:45+00:00\",\"dateModified\":\"2025-01-30T11:09:20+00:00\",\"breadcrumb\":{\"@id\":\"https:\/\/www.meetingpoint-memory-messiaen.eu\/pl\/oferta-edukacyjna\/#breadcrumb\"},\"inLanguage\":\"pl-PL\",\"potentialAction\":[{\"@type\":\"ReadAction\",\"target\":[\"https:\/\/www.meetingpoint-memory-messiaen.eu\/pl\/oferta-edukacyjna\/\"]}]},{\"@type\":\"ImageObject\",\"inLanguage\":\"pl-PL\",\"@id\":\"https:\/\/www.meetingpoint-memory-messiaen.eu\/pl\/oferta-edukacyjna\/#primaryimage\",\"url\":\"https:\/\/www.meetingpoint-memory-messiaen.eu\/pl\/wp-content\/uploads\/2025\/01\/nowe-ceny-oferta-eduk-300px.jpg\",\"contentUrl\":\"https:\/\/www.meetingpoint-memory-messiaen.eu\/pl\/wp-content\/uploads\/2025\/01\/nowe-ceny-oferta-eduk-300px.jpg\",\"width\":300,\"height\":183},{\"@type\":\"BreadcrumbList\",\"@id\":\"https:\/\/www.meetingpoint-memory-messiaen.eu\/pl\/oferta-edukacyjna\/#breadcrumb\",\"itemListElement\":[{\"@type\":\"ListItem\",\"position\":1,\"name\":\"Home\",\"item\":\"https:\/\/www.meetingpoint-memory-messiaen.eu\/pl\/\"},{\"@type\":\"ListItem\",\"position\":2,\"name\":\"Oferta edukacyjna\"}]},{\"@type\":\"WebSite\",\"@id\":\"https:\/\/www.meetingpoint-memory-messiaen.eu\/pl\/#website\",\"url\":\"https:\/\/www.meetingpoint-memory-messiaen.eu\/pl\/\",\"name\":\"Meetingpoint Memory Messiaen e.V.\",\"description\":\"\",\"potentialAction\":[{\"@type\":\"SearchAction\",\"target\":{\"@type\":\"EntryPoint\",\"urlTemplate\":\"https:\/\/www.meetingpoint-memory-messiaen.eu\/pl\/?s={search_term_string}\"},\"query-input\":{\"@type\":\"PropertyValueSpecification\",\"valueRequired\":true,\"valueName\":\"search_term_string\"}}],\"inLanguage\":\"pl-PL\"}]}<\/script>\n<!-- \/ Yoast SEO plugin. -->","yoast_head_json":{"title":"Oferta edukacyjna - Meetingpoint Memory Messiaen e.V.","robots":{"index":"index","follow":"follow","max-snippet":"max-snippet:-1","max-image-preview":"max-image-preview:large","max-video-preview":"max-video-preview:-1"},"canonical":"https:\/\/www.meetingpoint-memory-messiaen.eu\/pl\/oferta-edukacyjna\/","og_locale":"pl_PL","og_type":"article","og_title":"Oferta edukacyjna - Meetingpoint Memory Messiaen e.V.","og_description":"[vc_row css_animation=&#8221;&#8221; row_type=&#8221;row&#8221; use_row_as_full_screen_section=&#8221;no&#8221; type=&#8221;full_width&#8221; angled_section=&#8221;no&#8221; text_align=&#8221;left&#8221; background_image_as_pattern=&#8221;without_pattern&#8221;][vc_column][vc_column_text] Niniejszym przedstawiamy pierwsze wydanie oferty edukacyjnej Miejsca Pami\u0119ci Stalag VIII A. Oferta edukacyjna Miejsca Pami\u0119ci Stalag VIII A skierowana jest do uczennic i uczni\u00f3w, studentek i student\u00f3w, grup m\u0142odzie\u017cowych z Polski i Niemiec oraz m\u0142odych doros\u0142ych z...","og_url":"https:\/\/www.meetingpoint-memory-messiaen.eu\/pl\/oferta-edukacyjna\/","og_site_name":"Meetingpoint Memory Messiaen e.V.","article_modified_time":"2025-01-30T11:09:20+00:00","og_image":[{"width":300,"height":183,"url":"https:\/\/www.meetingpoint-memory-messiaen.eu\/pl\/wp-content\/uploads\/2025\/01\/nowe-ceny-oferta-eduk-300px.jpg","type":"image\/jpeg"}],"twitter_card":"summary_large_image","twitter_misc":{"Szacowany czas czytania":"2 minuty"},"schema":{"@context":"https:\/\/schema.org","@graph":[{"@type":"WebPage","@id":"https:\/\/www.meetingpoint-memory-messiaen.eu\/pl\/oferta-edukacyjna\/","url":"https:\/\/www.meetingpoint-memory-messiaen.eu\/pl\/oferta-edukacyjna\/","name":"Oferta edukacyjna - Meetingpoint Memory Messiaen e.V.","isPartOf":{"@id":"https:\/\/www.meetingpoint-memory-messiaen.eu\/pl\/#website"},"primaryImageOfPage":{"@id":"https:\/\/www.meetingpoint-memory-messiaen.eu\/pl\/oferta-edukacyjna\/#primaryimage"},"image":{"@id":"https:\/\/www.meetingpoint-memory-messiaen.eu\/pl\/oferta-edukacyjna\/#primaryimage"},"thumbnailUrl":"https:\/\/www.meetingpoint-memory-messiaen.eu\/pl\/wp-content\/uploads\/2025\/01\/nowe-ceny-oferta-eduk-300px.jpg","datePublished":"2014-01-04T18:13:45+00:00","dateModified":"2025-01-30T11:09:20+00:00","breadcrumb":{"@id":"https:\/\/www.meetingpoint-memory-messiaen.eu\/pl\/oferta-edukacyjna\/#breadcrumb"},"inLanguage":"pl-PL","potentialAction":[{"@type":"ReadAction","target":["https:\/\/www.meetingpoint-memory-messiaen.eu\/pl\/oferta-edukacyjna\/"]}]},{"@type":"ImageObject","inLanguage":"pl-PL","@id":"https:\/\/www.meetingpoint-memory-messiaen.eu\/pl\/oferta-edukacyjna\/#primaryimage","url":"https:\/\/www.meetingpoint-memory-messiaen.eu\/pl\/wp-content\/uploads\/2025\/01\/nowe-ceny-oferta-eduk-300px.jpg","contentUrl":"https:\/\/www.meetingpoint-memory-messiaen.eu\/pl\/wp-content\/uploads\/2025\/01\/nowe-ceny-oferta-eduk-300px.jpg","width":300,"height":183},{"@type":"BreadcrumbList","@id":"https:\/\/www.meetingpoint-memory-messiaen.eu\/pl\/oferta-edukacyjna\/#breadcrumb","itemListElement":[{"@type":"ListItem","position":1,"name":"Home","item":"https:\/\/www.meetingpoint-memory-messiaen.eu\/pl\/"},{"@type":"ListItem","position":2,"name":"Oferta edukacyjna"}]},{"@type":"WebSite","@id":"https:\/\/www.meetingpoint-memory-messiaen.eu\/pl\/#website","url":"https:\/\/www.meetingpoint-memory-messiaen.eu\/pl\/","name":"Meetingpoint Memory Messiaen e.V.","description":"","potentialAction":[{"@type":"SearchAction","target":{"@type":"EntryPoint","urlTemplate":"https:\/\/www.meetingpoint-memory-messiaen.eu\/pl\/?s={search_term_string}"},"query-input":{"@type":"PropertyValueSpecification","valueRequired":true,"valueName":"search_term_string"}}],"inLanguage":"pl-PL"}]}},"_links":{"self":[{"href":"https:\/\/www.meetingpoint-memory-messiaen.eu\/pl\/wp-json\/wp\/v2\/pages\/2957","targetHints":{"allow":["GET"]}}],"collection":[{"href":"https:\/\/www.meetingpoint-memory-messiaen.eu\/pl\/wp-json\/wp\/v2\/pages"}],"about":[{"href":"https:\/\/www.meetingpoint-memory-messiaen.eu\/pl\/wp-json\/wp\/v2\/types\/page"}],"author":[{"embeddable":true,"href":"https:\/\/www.meetingpoint-memory-messiaen.eu\/pl\/wp-json\/wp\/v2\/users\/21"}],"replies":[{"embeddable":true,"href":"https:\/\/www.meetingpoint-memory-messiaen.eu\/pl\/wp-json\/wp\/v2\/comments?post=2957"}],"version-history":[{"count":21,"href":"https:\/\/www.meetingpoint-memory-messiaen.eu\/pl\/wp-json\/wp\/v2\/pages\/2957\/revisions"}],"predecessor-version":[{"id":18927,"href":"https:\/\/www.meetingpoint-memory-messiaen.eu\/pl\/wp-json\/wp\/v2\/pages\/2957\/revisions\/18927"}],"wp:attachment":[{"href":"https:\/\/www.meetingpoint-memory-messiaen.eu\/pl\/wp-json\/wp\/v2\/media?parent=2957"}],"curies":[{"name":"wp","href":"https:\/\/api.w.org\/{rel}","templated":true}]}}