{"id":2953,"date":"2014-01-04T19:12:14","date_gmt":"2014-01-04T18:12:14","guid":{"rendered":"http:\/\/wordpress.themusicpoint.net\/?page_id=2953"},"modified":"2019-05-02T12:27:27","modified_gmt":"2019-05-02T10:27:27","slug":"sinfonietta-dresden","status":"publish","type":"page","link":"https:\/\/www.meetingpoint-memory-messiaen.eu\/pl\/sinfonietta-dresden\/","title":{"rendered":"Sinfonietta Dresden"},"content":{"rendered":"<p>[vc_row css_animation=&#8221;&#8221; row_type=&#8221;row&#8221; use_row_as_full_screen_section=&#8221;no&#8221; type=&#8221;full_width&#8221; angled_section=&#8221;no&#8221; text_align=&#8221;left&#8221; background_image_as_pattern=&#8221;without_pattern&#8221; gap=&#8221;25&#8243;][vc_column][vc_column_text]<img decoding=\"async\" src=\"https:\/\/www.meetingpoint-memory-messiaen.eu\/wp-content\/uploads\/2019\/04\/sinfonietta-dresden-1.jpg\" alt=\"Sinfonietta Dresden\" \/><\/p>\n<p class=\"top-padded-20\"><a href=\"http:\/\/www.sinfonietta-dresden.de\/\" target=\"_blank\" rel=\"noopener noreferrer\">Sinfonietta Dresden<\/a> rozpocz\u0119\u0142a swoj\u0105 dzia\u0142alno\u015b\u0107 uroczystym koncertem w 1994 roku dyrygowanym przez Hansa Christoph Rademanna, kt\u00f3ry odby\u0142 si\u0119 na Zamku Pillnitz. Historia orkiestry jest jednak du\u017co starsza i si\u0119ga roku 1987, kiedy to grupa aktywnych student\u00f3w muzyki po\u0142\u0105czy\u0142a si\u0119 z nowo za\u0142o\u017conym drezde\u0144skim ch\u00f3rem kameralnym &#8211; Dresdner Kammerorchester.<\/p>\n<p>Sinfonietta Dresden zyska\u0142a popularno\u015b\u0107 w bran\u017cy muzycznej dzi\u0119ki licznym koncertom z Dresdner Kreuzchor, Singakademie Dresden, ch\u00f3rem Szko\u0142y Wy\u017cszej Muzyki Ko\u015bcielnej w Dre\u017anie, ch\u00f3rem uniwersyteckim w Dre\u017anie oraz ch\u00f3rem Bacha w Dre\u017anie. Ponadto w\u015br\u00f3d partner\u00f3w muzycznych orkiestry znajdziemy wiele innych ch\u00f3r\u00f3w ko\u015bcielnych w Saksonii.<\/p>\n<p>Orkiestra daje r\u00f3wnie\u017c w\u0142asne koncerty, podczas kt\u00f3rych, balansuj\u0105c mi\u0119dzy now\u0105 i star\u0105 muzyk\u0105, \u0142amie utarte wzorce. Badania nad historycznymi praktykami id\u0105 oczywi\u015bcie w parze z dobr\u0105 znajomo\u015bci\u0105 nowoczesnych technik gry. W\u0142a\u015bnie to po\u0142\u0105czenie zosta\u0142o szczeg\u00f3lnie wysoko ocenione przez krytyk\u00f3w w dw\u00f3ch cyklach koncertowych \u201eSpannunge\u201d (napi\u0119cie) oraz \u201eSpiegelungen\u201d (odbicia). Podczas wyst\u0119p\u00f3w utwory znanych kompozytor\u00f3w spotka\u0142y si\u0119 ze wsp\u00f3\u0142czesn\u0105 muzyk\u0105 artyst\u00f3w sakso\u0144skich i europejskich. Szczeg\u00f3lnie wa\u017cna jest dla Sinfonietty, ma\u0142o u nas rozpowszechniona, awangardowa muzyka Europy Wschodniej.<\/p>\n<p>Orkiestra wyst\u0119powa\u0142a na wielu festiwalach, m.in. Dresdner Musikfestspielen, Festival Dreiklang, Koblenzer Mendelssohn, Festival zur regionalen Musikgeschichte Magdeburg, Drezde\u0144skich Dnach muzyki wsp\u00f3\u0142czesnej, Fr\u00fchjahrstagen zeitgen\u00f6ssischer Musik Weimar, Halleschen Musiktagen, Deutschen Bachfest oraz na Lausitzer Musiksommer. \u015acis\u0142a wsp\u00f3\u0142praca \u0142\u0105czy Sinfoniett\u0119 z takimi dyrygentami, jak Judith Kubitz, Ekkehard Klemm, Milko Kersten oraz Christfried Br\u00f6del.<\/p>\n<p>Sinfonietta Dresden anga\u017cowa\u0142a si\u0119 na rzecz budowy Nowej Synagogi w Dre\u017anie oraz odbudowy Frauenkirche w Dre\u017anie. Jest partnerem Meetingpoint Music Messiaen w G\u00f6rlitz oraz KlangNetz Dresden. Koncerty orkiestry odbywa\u0142y si\u0119 w ca\u0142ych Niemczech, Czechach, na S\u0142owacji, w Polsce oraz Hiszpanii.<\/p>\n<p><strong>Koncert Sinfonietta Dresden odb\u0119dzie si\u0119 8 wrze\u015bnia 2017 roku w Europejskim Centrum Pami\u0119\u0107, Edukacja, Kultura (Ko\u017alice 1, Zgorzelec).<\/strong><\/p>\n<p>Wi\u0119cej informacji: wkr\u00f3tce[\/vc_column_text][\/vc_column][\/vc_row]<\/p>\n","protected":false},"excerpt":{"rendered":"<p>[vc_row css_animation=&#8221;&#8221; row_type=&#8221;row&#8221; use_row_as_full_screen_section=&#8221;no&#8221; type=&#8221;full_width&#8221; angled_section=&#8221;no&#8221; text_align=&#8221;left&#8221; background_image_as_pattern=&#8221;without_pattern&#8221; gap=&#8221;25&#8243;][vc_column][vc_column_text] Sinfonietta Dresden rozpocz\u0119\u0142a swoj\u0105 dzia\u0142alno\u015b\u0107 uroczystym koncertem w 1994 roku dyrygowanym przez Hansa Christoph Rademanna, kt\u00f3ry odby\u0142 si\u0119 na Zamku Pillnitz. Historia orkiestry jest jednak du\u017co starsza i si\u0119ga roku 1987, kiedy to grupa aktywnych student\u00f3w&#8230;<\/p>\n","protected":false},"author":21,"featured_media":0,"parent":0,"menu_order":0,"comment_status":"closed","ping_status":"closed","template":"","meta":{"footnotes":""},"class_list":["post-2953","page","type-page","status-publish","hentry"],"yoast_head":"<!-- This site is optimized with the Yoast SEO plugin v24.3 - https:\/\/yoast.com\/wordpress\/plugins\/seo\/ -->\n<title>Sinfonietta Dresden - Meetingpoint Memory Messiaen e.V.<\/title>\n<meta name=\"robots\" content=\"index, follow, max-snippet:-1, max-image-preview:large, max-video-preview:-1\" \/>\n<link rel=\"canonical\" href=\"https:\/\/www.meetingpoint-memory-messiaen.eu\/pl\/sinfonietta-dresden\/\" \/>\n<meta property=\"og:locale\" content=\"pl_PL\" \/>\n<meta property=\"og:type\" content=\"article\" \/>\n<meta property=\"og:title\" content=\"Sinfonietta Dresden - Meetingpoint Memory Messiaen e.V.\" \/>\n<meta property=\"og:description\" content=\"[vc_row css_animation=&#8221;&#8221; row_type=&#8221;row&#8221; use_row_as_full_screen_section=&#8221;no&#8221; type=&#8221;full_width&#8221; angled_section=&#8221;no&#8221; text_align=&#8221;left&#8221; background_image_as_pattern=&#8221;without_pattern&#8221; gap=&#8221;25&#8243;][vc_column][vc_column_text] Sinfonietta Dresden rozpocz\u0119\u0142a swoj\u0105 dzia\u0142alno\u015b\u0107 uroczystym koncertem w 1994 roku dyrygowanym przez Hansa Christoph Rademanna, kt\u00f3ry odby\u0142 si\u0119 na Zamku Pillnitz. Historia orkiestry jest jednak du\u017co starsza i si\u0119ga roku 1987, kiedy to grupa aktywnych student\u00f3w...\" \/>\n<meta property=\"og:url\" content=\"https:\/\/www.meetingpoint-memory-messiaen.eu\/pl\/sinfonietta-dresden\/\" \/>\n<meta property=\"og:site_name\" content=\"Meetingpoint Memory Messiaen e.V.\" \/>\n<meta property=\"article:modified_time\" content=\"2019-05-02T10:27:27+00:00\" \/>\n<meta property=\"og:image\" content=\"https:\/\/www.meetingpoint-memory-messiaen.eu\/wp-content\/uploads\/2019\/04\/sinfonietta-dresden-1.jpg\" \/>\n<meta name=\"twitter:card\" content=\"summary_large_image\" \/>\n<meta name=\"twitter:label1\" content=\"Szacowany czas czytania\" \/>\n\t<meta name=\"twitter:data1\" content=\"2 minuty\" \/>\n<script type=\"application\/ld+json\" class=\"yoast-schema-graph\">{\"@context\":\"https:\/\/schema.org\",\"@graph\":[{\"@type\":\"WebPage\",\"@id\":\"https:\/\/www.meetingpoint-memory-messiaen.eu\/pl\/sinfonietta-dresden\/\",\"url\":\"https:\/\/www.meetingpoint-memory-messiaen.eu\/pl\/sinfonietta-dresden\/\",\"name\":\"Sinfonietta Dresden - Meetingpoint Memory Messiaen e.V.\",\"isPartOf\":{\"@id\":\"https:\/\/www.meetingpoint-memory-messiaen.eu\/pl\/#website\"},\"primaryImageOfPage\":{\"@id\":\"https:\/\/www.meetingpoint-memory-messiaen.eu\/pl\/sinfonietta-dresden\/#primaryimage\"},\"image\":{\"@id\":\"https:\/\/www.meetingpoint-memory-messiaen.eu\/pl\/sinfonietta-dresden\/#primaryimage\"},\"thumbnailUrl\":\"https:\/\/www.meetingpoint-memory-messiaen.eu\/wp-content\/uploads\/2019\/04\/sinfonietta-dresden-1.jpg\",\"datePublished\":\"2014-01-04T18:12:14+00:00\",\"dateModified\":\"2019-05-02T10:27:27+00:00\",\"breadcrumb\":{\"@id\":\"https:\/\/www.meetingpoint-memory-messiaen.eu\/pl\/sinfonietta-dresden\/#breadcrumb\"},\"inLanguage\":\"pl-PL\",\"potentialAction\":[{\"@type\":\"ReadAction\",\"target\":[\"https:\/\/www.meetingpoint-memory-messiaen.eu\/pl\/sinfonietta-dresden\/\"]}]},{\"@type\":\"ImageObject\",\"inLanguage\":\"pl-PL\",\"@id\":\"https:\/\/www.meetingpoint-memory-messiaen.eu\/pl\/sinfonietta-dresden\/#primaryimage\",\"url\":\"https:\/\/www.meetingpoint-memory-messiaen.eu\/wp-content\/uploads\/2019\/04\/sinfonietta-dresden-1.jpg\",\"contentUrl\":\"https:\/\/www.meetingpoint-memory-messiaen.eu\/wp-content\/uploads\/2019\/04\/sinfonietta-dresden-1.jpg\"},{\"@type\":\"BreadcrumbList\",\"@id\":\"https:\/\/www.meetingpoint-memory-messiaen.eu\/pl\/sinfonietta-dresden\/#breadcrumb\",\"itemListElement\":[{\"@type\":\"ListItem\",\"position\":1,\"name\":\"Home\",\"item\":\"https:\/\/www.meetingpoint-memory-messiaen.eu\/pl\/\"},{\"@type\":\"ListItem\",\"position\":2,\"name\":\"Sinfonietta Dresden\"}]},{\"@type\":\"WebSite\",\"@id\":\"https:\/\/www.meetingpoint-memory-messiaen.eu\/pl\/#website\",\"url\":\"https:\/\/www.meetingpoint-memory-messiaen.eu\/pl\/\",\"name\":\"Meetingpoint Memory Messiaen e.V.\",\"description\":\"\",\"potentialAction\":[{\"@type\":\"SearchAction\",\"target\":{\"@type\":\"EntryPoint\",\"urlTemplate\":\"https:\/\/www.meetingpoint-memory-messiaen.eu\/pl\/?s={search_term_string}\"},\"query-input\":{\"@type\":\"PropertyValueSpecification\",\"valueRequired\":true,\"valueName\":\"search_term_string\"}}],\"inLanguage\":\"pl-PL\"}]}<\/script>\n<!-- \/ Yoast SEO plugin. -->","yoast_head_json":{"title":"Sinfonietta Dresden - Meetingpoint Memory Messiaen e.V.","robots":{"index":"index","follow":"follow","max-snippet":"max-snippet:-1","max-image-preview":"max-image-preview:large","max-video-preview":"max-video-preview:-1"},"canonical":"https:\/\/www.meetingpoint-memory-messiaen.eu\/pl\/sinfonietta-dresden\/","og_locale":"pl_PL","og_type":"article","og_title":"Sinfonietta Dresden - Meetingpoint Memory Messiaen e.V.","og_description":"[vc_row css_animation=&#8221;&#8221; row_type=&#8221;row&#8221; use_row_as_full_screen_section=&#8221;no&#8221; type=&#8221;full_width&#8221; angled_section=&#8221;no&#8221; text_align=&#8221;left&#8221; background_image_as_pattern=&#8221;without_pattern&#8221; gap=&#8221;25&#8243;][vc_column][vc_column_text] Sinfonietta Dresden rozpocz\u0119\u0142a swoj\u0105 dzia\u0142alno\u015b\u0107 uroczystym koncertem w 1994 roku dyrygowanym przez Hansa Christoph Rademanna, kt\u00f3ry odby\u0142 si\u0119 na Zamku Pillnitz. Historia orkiestry jest jednak du\u017co starsza i si\u0119ga roku 1987, kiedy to grupa aktywnych student\u00f3w...","og_url":"https:\/\/www.meetingpoint-memory-messiaen.eu\/pl\/sinfonietta-dresden\/","og_site_name":"Meetingpoint Memory Messiaen e.V.","article_modified_time":"2019-05-02T10:27:27+00:00","og_image":[{"url":"https:\/\/www.meetingpoint-memory-messiaen.eu\/wp-content\/uploads\/2019\/04\/sinfonietta-dresden-1.jpg","type":"","width":"","height":""}],"twitter_card":"summary_large_image","twitter_misc":{"Szacowany czas czytania":"2 minuty"},"schema":{"@context":"https:\/\/schema.org","@graph":[{"@type":"WebPage","@id":"https:\/\/www.meetingpoint-memory-messiaen.eu\/pl\/sinfonietta-dresden\/","url":"https:\/\/www.meetingpoint-memory-messiaen.eu\/pl\/sinfonietta-dresden\/","name":"Sinfonietta Dresden - Meetingpoint Memory Messiaen e.V.","isPartOf":{"@id":"https:\/\/www.meetingpoint-memory-messiaen.eu\/pl\/#website"},"primaryImageOfPage":{"@id":"https:\/\/www.meetingpoint-memory-messiaen.eu\/pl\/sinfonietta-dresden\/#primaryimage"},"image":{"@id":"https:\/\/www.meetingpoint-memory-messiaen.eu\/pl\/sinfonietta-dresden\/#primaryimage"},"thumbnailUrl":"https:\/\/www.meetingpoint-memory-messiaen.eu\/wp-content\/uploads\/2019\/04\/sinfonietta-dresden-1.jpg","datePublished":"2014-01-04T18:12:14+00:00","dateModified":"2019-05-02T10:27:27+00:00","breadcrumb":{"@id":"https:\/\/www.meetingpoint-memory-messiaen.eu\/pl\/sinfonietta-dresden\/#breadcrumb"},"inLanguage":"pl-PL","potentialAction":[{"@type":"ReadAction","target":["https:\/\/www.meetingpoint-memory-messiaen.eu\/pl\/sinfonietta-dresden\/"]}]},{"@type":"ImageObject","inLanguage":"pl-PL","@id":"https:\/\/www.meetingpoint-memory-messiaen.eu\/pl\/sinfonietta-dresden\/#primaryimage","url":"https:\/\/www.meetingpoint-memory-messiaen.eu\/wp-content\/uploads\/2019\/04\/sinfonietta-dresden-1.jpg","contentUrl":"https:\/\/www.meetingpoint-memory-messiaen.eu\/wp-content\/uploads\/2019\/04\/sinfonietta-dresden-1.jpg"},{"@type":"BreadcrumbList","@id":"https:\/\/www.meetingpoint-memory-messiaen.eu\/pl\/sinfonietta-dresden\/#breadcrumb","itemListElement":[{"@type":"ListItem","position":1,"name":"Home","item":"https:\/\/www.meetingpoint-memory-messiaen.eu\/pl\/"},{"@type":"ListItem","position":2,"name":"Sinfonietta Dresden"}]},{"@type":"WebSite","@id":"https:\/\/www.meetingpoint-memory-messiaen.eu\/pl\/#website","url":"https:\/\/www.meetingpoint-memory-messiaen.eu\/pl\/","name":"Meetingpoint Memory Messiaen e.V.","description":"","potentialAction":[{"@type":"SearchAction","target":{"@type":"EntryPoint","urlTemplate":"https:\/\/www.meetingpoint-memory-messiaen.eu\/pl\/?s={search_term_string}"},"query-input":{"@type":"PropertyValueSpecification","valueRequired":true,"valueName":"search_term_string"}}],"inLanguage":"pl-PL"}]}},"_links":{"self":[{"href":"https:\/\/www.meetingpoint-memory-messiaen.eu\/pl\/wp-json\/wp\/v2\/pages\/2953","targetHints":{"allow":["GET"]}}],"collection":[{"href":"https:\/\/www.meetingpoint-memory-messiaen.eu\/pl\/wp-json\/wp\/v2\/pages"}],"about":[{"href":"https:\/\/www.meetingpoint-memory-messiaen.eu\/pl\/wp-json\/wp\/v2\/types\/page"}],"author":[{"embeddable":true,"href":"https:\/\/www.meetingpoint-memory-messiaen.eu\/pl\/wp-json\/wp\/v2\/users\/21"}],"replies":[{"embeddable":true,"href":"https:\/\/www.meetingpoint-memory-messiaen.eu\/pl\/wp-json\/wp\/v2\/comments?post=2953"}],"version-history":[{"count":13,"href":"https:\/\/www.meetingpoint-memory-messiaen.eu\/pl\/wp-json\/wp\/v2\/pages\/2953\/revisions"}],"predecessor-version":[{"id":13768,"href":"https:\/\/www.meetingpoint-memory-messiaen.eu\/pl\/wp-json\/wp\/v2\/pages\/2953\/revisions\/13768"}],"wp:attachment":[{"href":"https:\/\/www.meetingpoint-memory-messiaen.eu\/pl\/wp-json\/wp\/v2\/media?parent=2953"}],"curies":[{"name":"wp","href":"https:\/\/api.w.org\/{rel}","templated":true}]}}