{"id":2951,"date":"2014-01-04T19:11:38","date_gmt":"2014-01-04T18:11:38","guid":{"rendered":"http:\/\/wordpress.themusicpoint.net\/?page_id=2951"},"modified":"2025-05-30T12:13:13","modified_gmt":"2025-05-30T10:13:13","slug":"oprowadzanie-po-stalagu","status":"publish","type":"page","link":"https:\/\/www.meetingpoint-memory-messiaen.eu\/pl\/oprowadzanie-po-stalagu\/","title":{"rendered":"Oprowadzanie po Stalagu"},"content":{"rendered":"<p>[vc_row css_animation=&#8221;&#8221; row_type=&#8221;row&#8221; use_row_as_full_screen_section=&#8221;no&#8221; type=&#8221;full_width&#8221; angled_section=&#8221;no&#8221; text_align=&#8221;left&#8221; background_image_as_pattern=&#8221;without_pattern&#8221; gap=&#8221;25&#8243;][vc_column][vc_column_text]<img decoding=\"async\" src=\"https:\/\/www.meetingpoint-memory-messiaen.eu\/wp-content\/uploads\/2019\/04\/fuhrungen.jpg\" alt=\"Oprowadzanie po Stalagu\" \/><\/p>\n<p>W ramach zwiedzania z przewodnikiem wystawy sta\u0142ej w Europejskim Centrum Pami\u0119\u0107, Edukacja, Kultura oraz terenu Stalagu poznaj\u0105 Pa\u0144stwo najwa\u017cniejsze fakty dotycz\u0105ce historii Stalagu VIII A oraz je\u0144c\u00f3w wojennych w G\u00f6rlitz, jak r\u00f3wnie\u017c ca\u0142ego systemu niemieckich oboz\u00f3w jenieckich w czasie II wojny \u015bwiatowej.<\/p>\n<p>Zobacz\u0105 te\u017c Pa\u0144stwo miejsce, w kt\u00f3rym 15 stycznia 1941 roku Olivier Messiaen wraz z muzykami wsp\u00f3\u0142wi\u0119\u017aniami wykona\u0142 po raz pierwszy sw\u00f3j znany na ca\u0142ym \u015bwiecie &#8222;Kwartet na koniec czasu&#8221;.<\/p>\n<p>Ponadto zapoznaj\u0105 si\u0119 Pa\u0144stwo z systemem pracy i planowanymi projektami stowarzyszenia MEETINGPOINT MEMORY MESSIAEN oraz Europejskiego Centrum Pami\u0119\u0107, Edukacja, Kultura.<\/p>\n<p><strong>Czas zwiedzania z przewodnikiem wynosi ok. 1,5 godziny i kosztuje 20 z\u0142* za osob\u0119 (przy minimalnej liczbie 12 os\u00f3b).\u00a0<\/strong><\/p>\n<p>Oprowadzanie jest mo\u017cliwe r\u00f3wnie\u017c w j\u0119zyku niemieckim lub angielskim.<\/p>\n<p>Zwiedzanie terenu by\u0142ego obozu je\u0144c\u00f3w wojennych Stalag VIII A z przewodnikiem mo\u017cliwe jest przez ca\u0142y rok.<\/p>\n<p>Oferujemy grupom mo\u017cliwo\u015b\u0107 zakupu na miejscu znicza pami\u0105tkowego w cenie 10 z\u0142.<\/p>\n<p>*Nowa cena obowi\u0105zuje od dnia 1 maja 2024 r.[\/vc_column_text][\/vc_column][\/vc_row][vc_row css_animation=&#8221;&#8221; row_type=&#8221;row&#8221; use_row_as_full_screen_section=&#8221;no&#8221; type=&#8221;full_width&#8221; angled_section=&#8221;no&#8221; text_align=&#8221;left&#8221; background_image_as_pattern=&#8221;without_pattern&#8221; gap=&#8221;25&#8243;][vc_column][vc_column_text]<strong>Kontakt:<\/strong><\/p>\n<p class=\"q_team_name\"><strong>MATEUSZ KOWALI\u0143SKI<\/strong><\/p>\n<p class=\"q_team_name\">kowalinski@meetingpointmm.eu<br \/>\n03581 66 12 69<\/p>\n<p>[\/vc_column_text][vc_separator type=&#8221;normal&#8221;][\/vc_column][\/vc_row][vc_row css_animation=&#8221;&#8221; row_type=&#8221;row&#8221; use_row_as_full_screen_section=&#8221;no&#8221; type=&#8221;full_width&#8221; angled_section=&#8221;no&#8221; text_align=&#8221;left&#8221; background_image_as_pattern=&#8221;without_pattern&#8221;][vc_column][vc_column_text][\/vc_column_text][\/vc_column][\/vc_row]<\/p>\n","protected":false},"excerpt":{"rendered":"<p>[vc_row css_animation=&#8221;&#8221; row_type=&#8221;row&#8221; use_row_as_full_screen_section=&#8221;no&#8221; type=&#8221;full_width&#8221; angled_section=&#8221;no&#8221; text_align=&#8221;left&#8221; background_image_as_pattern=&#8221;without_pattern&#8221; gap=&#8221;25&#8243;][vc_column][vc_column_text] W ramach zwiedzania z przewodnikiem wystawy sta\u0142ej w Europejskim Centrum Pami\u0119\u0107, Edukacja, Kultura oraz terenu Stalagu poznaj\u0105 Pa\u0144stwo najwa\u017cniejsze fakty dotycz\u0105ce historii Stalagu VIII A oraz je\u0144c\u00f3w wojennych w G\u00f6rlitz, jak r\u00f3wnie\u017c ca\u0142ego systemu niemieckich oboz\u00f3w&#8230;<\/p>\n","protected":false},"author":21,"featured_media":0,"parent":0,"menu_order":0,"comment_status":"closed","ping_status":"closed","template":"","meta":{"footnotes":""},"class_list":["post-2951","page","type-page","status-publish","hentry"],"yoast_head":"<!-- This site is optimized with the Yoast SEO plugin v24.3 - https:\/\/yoast.com\/wordpress\/plugins\/seo\/ -->\n<title>Oprowadzanie po Stalagu - Meetingpoint Memory Messiaen e.V.<\/title>\n<meta name=\"robots\" content=\"index, follow, max-snippet:-1, max-image-preview:large, max-video-preview:-1\" \/>\n<link rel=\"canonical\" href=\"https:\/\/www.meetingpoint-memory-messiaen.eu\/pl\/oprowadzanie-po-stalagu\/\" \/>\n<meta property=\"og:locale\" content=\"pl_PL\" \/>\n<meta property=\"og:type\" content=\"article\" \/>\n<meta property=\"og:title\" content=\"Oprowadzanie po Stalagu - Meetingpoint Memory Messiaen e.V.\" \/>\n<meta property=\"og:description\" content=\"[vc_row css_animation=&#8221;&#8221; row_type=&#8221;row&#8221; use_row_as_full_screen_section=&#8221;no&#8221; type=&#8221;full_width&#8221; angled_section=&#8221;no&#8221; text_align=&#8221;left&#8221; background_image_as_pattern=&#8221;without_pattern&#8221; gap=&#8221;25&#8243;][vc_column][vc_column_text] W ramach zwiedzania z przewodnikiem wystawy sta\u0142ej w Europejskim Centrum Pami\u0119\u0107, Edukacja, Kultura oraz terenu Stalagu poznaj\u0105 Pa\u0144stwo najwa\u017cniejsze fakty dotycz\u0105ce historii Stalagu VIII A oraz je\u0144c\u00f3w wojennych w G\u00f6rlitz, jak r\u00f3wnie\u017c ca\u0142ego systemu niemieckich oboz\u00f3w...\" \/>\n<meta property=\"og:url\" content=\"https:\/\/www.meetingpoint-memory-messiaen.eu\/pl\/oprowadzanie-po-stalagu\/\" \/>\n<meta property=\"og:site_name\" content=\"Meetingpoint Memory Messiaen e.V.\" \/>\n<meta property=\"article:modified_time\" content=\"2025-05-30T10:13:13+00:00\" \/>\n<meta property=\"og:image\" content=\"https:\/\/www.meetingpoint-memory-messiaen.eu\/wp-content\/uploads\/2019\/04\/fuhrungen.jpg\" \/>\n<meta name=\"twitter:card\" content=\"summary_large_image\" \/>\n<meta name=\"twitter:label1\" content=\"Szacowany czas czytania\" \/>\n\t<meta name=\"twitter:data1\" content=\"2 minuty\" \/>\n<script type=\"application\/ld+json\" class=\"yoast-schema-graph\">{\"@context\":\"https:\/\/schema.org\",\"@graph\":[{\"@type\":\"WebPage\",\"@id\":\"https:\/\/www.meetingpoint-memory-messiaen.eu\/pl\/oprowadzanie-po-stalagu\/\",\"url\":\"https:\/\/www.meetingpoint-memory-messiaen.eu\/pl\/oprowadzanie-po-stalagu\/\",\"name\":\"Oprowadzanie po Stalagu - Meetingpoint Memory Messiaen e.V.\",\"isPartOf\":{\"@id\":\"https:\/\/www.meetingpoint-memory-messiaen.eu\/pl\/#website\"},\"primaryImageOfPage\":{\"@id\":\"https:\/\/www.meetingpoint-memory-messiaen.eu\/pl\/oprowadzanie-po-stalagu\/#primaryimage\"},\"image\":{\"@id\":\"https:\/\/www.meetingpoint-memory-messiaen.eu\/pl\/oprowadzanie-po-stalagu\/#primaryimage\"},\"thumbnailUrl\":\"https:\/\/www.meetingpoint-memory-messiaen.eu\/wp-content\/uploads\/2019\/04\/fuhrungen.jpg\",\"datePublished\":\"2014-01-04T18:11:38+00:00\",\"dateModified\":\"2025-05-30T10:13:13+00:00\",\"breadcrumb\":{\"@id\":\"https:\/\/www.meetingpoint-memory-messiaen.eu\/pl\/oprowadzanie-po-stalagu\/#breadcrumb\"},\"inLanguage\":\"pl-PL\",\"potentialAction\":[{\"@type\":\"ReadAction\",\"target\":[\"https:\/\/www.meetingpoint-memory-messiaen.eu\/pl\/oprowadzanie-po-stalagu\/\"]}]},{\"@type\":\"ImageObject\",\"inLanguage\":\"pl-PL\",\"@id\":\"https:\/\/www.meetingpoint-memory-messiaen.eu\/pl\/oprowadzanie-po-stalagu\/#primaryimage\",\"url\":\"https:\/\/www.meetingpoint-memory-messiaen.eu\/wp-content\/uploads\/2019\/04\/fuhrungen.jpg\",\"contentUrl\":\"https:\/\/www.meetingpoint-memory-messiaen.eu\/wp-content\/uploads\/2019\/04\/fuhrungen.jpg\"},{\"@type\":\"BreadcrumbList\",\"@id\":\"https:\/\/www.meetingpoint-memory-messiaen.eu\/pl\/oprowadzanie-po-stalagu\/#breadcrumb\",\"itemListElement\":[{\"@type\":\"ListItem\",\"position\":1,\"name\":\"Home\",\"item\":\"https:\/\/www.meetingpoint-memory-messiaen.eu\/pl\/\"},{\"@type\":\"ListItem\",\"position\":2,\"name\":\"Oprowadzanie po Stalagu\"}]},{\"@type\":\"WebSite\",\"@id\":\"https:\/\/www.meetingpoint-memory-messiaen.eu\/pl\/#website\",\"url\":\"https:\/\/www.meetingpoint-memory-messiaen.eu\/pl\/\",\"name\":\"Meetingpoint Memory Messiaen e.V.\",\"description\":\"\",\"potentialAction\":[{\"@type\":\"SearchAction\",\"target\":{\"@type\":\"EntryPoint\",\"urlTemplate\":\"https:\/\/www.meetingpoint-memory-messiaen.eu\/pl\/?s={search_term_string}\"},\"query-input\":{\"@type\":\"PropertyValueSpecification\",\"valueRequired\":true,\"valueName\":\"search_term_string\"}}],\"inLanguage\":\"pl-PL\"}]}<\/script>\n<!-- \/ Yoast SEO plugin. -->","yoast_head_json":{"title":"Oprowadzanie po Stalagu - Meetingpoint Memory Messiaen e.V.","robots":{"index":"index","follow":"follow","max-snippet":"max-snippet:-1","max-image-preview":"max-image-preview:large","max-video-preview":"max-video-preview:-1"},"canonical":"https:\/\/www.meetingpoint-memory-messiaen.eu\/pl\/oprowadzanie-po-stalagu\/","og_locale":"pl_PL","og_type":"article","og_title":"Oprowadzanie po Stalagu - Meetingpoint Memory Messiaen e.V.","og_description":"[vc_row css_animation=&#8221;&#8221; row_type=&#8221;row&#8221; use_row_as_full_screen_section=&#8221;no&#8221; type=&#8221;full_width&#8221; angled_section=&#8221;no&#8221; text_align=&#8221;left&#8221; background_image_as_pattern=&#8221;without_pattern&#8221; gap=&#8221;25&#8243;][vc_column][vc_column_text] W ramach zwiedzania z przewodnikiem wystawy sta\u0142ej w Europejskim Centrum Pami\u0119\u0107, Edukacja, Kultura oraz terenu Stalagu poznaj\u0105 Pa\u0144stwo najwa\u017cniejsze fakty dotycz\u0105ce historii Stalagu VIII A oraz je\u0144c\u00f3w wojennych w G\u00f6rlitz, jak r\u00f3wnie\u017c ca\u0142ego systemu niemieckich oboz\u00f3w...","og_url":"https:\/\/www.meetingpoint-memory-messiaen.eu\/pl\/oprowadzanie-po-stalagu\/","og_site_name":"Meetingpoint Memory Messiaen e.V.","article_modified_time":"2025-05-30T10:13:13+00:00","og_image":[{"url":"https:\/\/www.meetingpoint-memory-messiaen.eu\/wp-content\/uploads\/2019\/04\/fuhrungen.jpg","type":"","width":"","height":""}],"twitter_card":"summary_large_image","twitter_misc":{"Szacowany czas czytania":"2 minuty"},"schema":{"@context":"https:\/\/schema.org","@graph":[{"@type":"WebPage","@id":"https:\/\/www.meetingpoint-memory-messiaen.eu\/pl\/oprowadzanie-po-stalagu\/","url":"https:\/\/www.meetingpoint-memory-messiaen.eu\/pl\/oprowadzanie-po-stalagu\/","name":"Oprowadzanie po Stalagu - Meetingpoint Memory Messiaen e.V.","isPartOf":{"@id":"https:\/\/www.meetingpoint-memory-messiaen.eu\/pl\/#website"},"primaryImageOfPage":{"@id":"https:\/\/www.meetingpoint-memory-messiaen.eu\/pl\/oprowadzanie-po-stalagu\/#primaryimage"},"image":{"@id":"https:\/\/www.meetingpoint-memory-messiaen.eu\/pl\/oprowadzanie-po-stalagu\/#primaryimage"},"thumbnailUrl":"https:\/\/www.meetingpoint-memory-messiaen.eu\/wp-content\/uploads\/2019\/04\/fuhrungen.jpg","datePublished":"2014-01-04T18:11:38+00:00","dateModified":"2025-05-30T10:13:13+00:00","breadcrumb":{"@id":"https:\/\/www.meetingpoint-memory-messiaen.eu\/pl\/oprowadzanie-po-stalagu\/#breadcrumb"},"inLanguage":"pl-PL","potentialAction":[{"@type":"ReadAction","target":["https:\/\/www.meetingpoint-memory-messiaen.eu\/pl\/oprowadzanie-po-stalagu\/"]}]},{"@type":"ImageObject","inLanguage":"pl-PL","@id":"https:\/\/www.meetingpoint-memory-messiaen.eu\/pl\/oprowadzanie-po-stalagu\/#primaryimage","url":"https:\/\/www.meetingpoint-memory-messiaen.eu\/wp-content\/uploads\/2019\/04\/fuhrungen.jpg","contentUrl":"https:\/\/www.meetingpoint-memory-messiaen.eu\/wp-content\/uploads\/2019\/04\/fuhrungen.jpg"},{"@type":"BreadcrumbList","@id":"https:\/\/www.meetingpoint-memory-messiaen.eu\/pl\/oprowadzanie-po-stalagu\/#breadcrumb","itemListElement":[{"@type":"ListItem","position":1,"name":"Home","item":"https:\/\/www.meetingpoint-memory-messiaen.eu\/pl\/"},{"@type":"ListItem","position":2,"name":"Oprowadzanie po Stalagu"}]},{"@type":"WebSite","@id":"https:\/\/www.meetingpoint-memory-messiaen.eu\/pl\/#website","url":"https:\/\/www.meetingpoint-memory-messiaen.eu\/pl\/","name":"Meetingpoint Memory Messiaen e.V.","description":"","potentialAction":[{"@type":"SearchAction","target":{"@type":"EntryPoint","urlTemplate":"https:\/\/www.meetingpoint-memory-messiaen.eu\/pl\/?s={search_term_string}"},"query-input":{"@type":"PropertyValueSpecification","valueRequired":true,"valueName":"search_term_string"}}],"inLanguage":"pl-PL"}]}},"_links":{"self":[{"href":"https:\/\/www.meetingpoint-memory-messiaen.eu\/pl\/wp-json\/wp\/v2\/pages\/2951","targetHints":{"allow":["GET"]}}],"collection":[{"href":"https:\/\/www.meetingpoint-memory-messiaen.eu\/pl\/wp-json\/wp\/v2\/pages"}],"about":[{"href":"https:\/\/www.meetingpoint-memory-messiaen.eu\/pl\/wp-json\/wp\/v2\/types\/page"}],"author":[{"embeddable":true,"href":"https:\/\/www.meetingpoint-memory-messiaen.eu\/pl\/wp-json\/wp\/v2\/users\/21"}],"replies":[{"embeddable":true,"href":"https:\/\/www.meetingpoint-memory-messiaen.eu\/pl\/wp-json\/wp\/v2\/comments?post=2951"}],"version-history":[{"count":44,"href":"https:\/\/www.meetingpoint-memory-messiaen.eu\/pl\/wp-json\/wp\/v2\/pages\/2951\/revisions"}],"predecessor-version":[{"id":19089,"href":"https:\/\/www.meetingpoint-memory-messiaen.eu\/pl\/wp-json\/wp\/v2\/pages\/2951\/revisions\/19089"}],"wp:attachment":[{"href":"https:\/\/www.meetingpoint-memory-messiaen.eu\/pl\/wp-json\/wp\/v2\/media?parent=2951"}],"curies":[{"name":"wp","href":"https:\/\/api.w.org\/{rel}","templated":true}]}}