{"id":2949,"date":"2014-01-04T19:08:04","date_gmt":"2014-01-04T18:08:04","guid":{"rendered":"http:\/\/wordpress.themusicpoint.net\/?page_id=2949"},"modified":"2026-01-08T11:05:25","modified_gmt":"2026-01-08T10:05:25","slug":"dni-messiaena","status":"publish","type":"page","link":"https:\/\/www.meetingpoint-memory-messiaen.eu\/pl\/dni-messiaena\/","title":{"rendered":"Dni Messiaena"},"content":{"rendered":"<p>[vc_row css_animation=&#8221;&#8221; row_type=&#8221;row&#8221; use_row_as_full_screen_section=&#8221;no&#8221; type=&#8221;full_width&#8221; angled_section=&#8221;no&#8221; text_align=&#8221;left&#8221; background_image_as_pattern=&#8221;without_pattern&#8221;][vc_column][vc_single_image image=&#8221;19224&#8243; img_size=&#8221;full&#8221; onclick=&#8221;custom_link&#8221; img_link_target=&#8221;_blank&#8221; qode_css_animation=&#8221;&#8221; link=&#8221;https:\/\/www.messiaen-tage.eu&#8221;][\/vc_column][\/vc_row][vc_row css_animation=&#8221;&#8221; row_type=&#8221;row&#8221; use_row_as_full_screen_section=&#8221;no&#8221; type=&#8221;full_width&#8221; angled_section=&#8221;no&#8221; text_align=&#8221;left&#8221; background_image_as_pattern=&#8221;without_pattern&#8221;][vc_column][vc_column_text]Na po\u0142udniowym kra\u0144cu bli\u017aniaczego miasta G\u00f6rlitz-Zgorzelec znajduje si\u0119 wyj\u0105tkowe historyczne miejsce, przez d\u0142ugi czas zapomniane, lecz od paru lat na nowo przywr\u00f3cone do pami\u0119ci \u2013 by\u0142y niemiecki ob\u00f3z je\u0144c\u00f3w wojennych Stalag VIII A. W latach 1939 \u2013 1945 120 000 je\u0144c\u00f3w wojennych z r\u00f3\u017cnych pa\u0144stw, w tym Polski, Francji, Belgii, Wielkiej Brytanii, Jugos\u0142awii i Zwi\u0105zku Radzieckiego zosta\u0142o zarejestrowanych w Stalagu VIII A, z czego oko\u0142o 12 000 nie prze\u017cy\u0142o obozu. Wielu wi\u0119\u017ani\u00f3w zosta\u0142o przydzielonych do komand pracy, gdzie ci\u0119\u017cko pracowa\u0142o na rzecz miasta G\u00f6rlitz.<\/p>\n<p>Maj\u0105c w pami\u0119ci wszystkich, kt\u00f3rzy cierpieli, ale i mieli w sobie ogromn\u0105 nadziej\u0119, stowarzyszenie MEETINGPOINT MUSIC MESSIAEN od 2008 r. zaprasza na wyj\u0105tkowy koncert. To, \u017ce muzyka nie dzieli, a wr\u0119cz przeciwnie, \u0142\u0105czy i pomaga znie\u015b\u0107 b\u00f3l i n\u0119dz\u0119, udowodni\u0142 francuski kompozytor Olivier Messiaen, komponuj\u0105c podczas pobytu w wi\u0119zieniu i wykonuj\u0105c po raz pierwszy 15 stycznia 1941 r. w baraku teatralnym wraz z trzema wsp\u00f3\u0142wi\u0119\u017aniami swoje muzyczne dzie\u0142o \u201eKwartet na koniec czasu\u201d. Dzisiaj Kwartet nale\u017cy do jednych z najbardziej znanych i najcz\u0119\u015bciej wykonywanych dzie\u0142 muzycznych XX wieku. MEETINGPOINT MUSIC MESSIAEN ka\u017cdego roku przypomina o tym szczeg\u00f3lnym wydarzeniu.<\/p>\n<p>Coroczny koncert styczniowy sta\u0142 si\u0119 dla wielu mieszka\u0144c\u00f3w regionu inspiruj\u0105cym rytua\u0142em i nieod\u0142\u0105cznie kojarzy si\u0119 z nadej\u015bciem nowego roku. Wychodz\u0105c naprzeciw oczekiwaniom go\u015bci, postanowili\u015bmy wzbogaci\u0107 program koncertu o inne wydarzenia muzyczne i historyczne.<\/p>\n<p>Pojedynczy koncert przerodzi\u0142 si\u0119 w festiwal. Pierwsze Dni Messiaena odby\u0142y si\u0119 w 2017 roku.<\/p>\n<p>[\/vc_column_text][\/vc_column][\/vc_row][vc_row css_animation=&#8221;&#8221; row_type=&#8221;row&#8221; use_row_as_full_screen_section=&#8221;no&#8221; type=&#8221;full_width&#8221; angled_section=&#8221;no&#8221; text_align=&#8221;left&#8221; background_image_as_pattern=&#8221;without_pattern&#8221;][vc_column][vc_column_text]<\/p>\n<p style=\"text-align: center;\"><a href=\"https:\/\/www.pl.messiaen-tage.eu\" target=\"_blank\" rel=\"noopener\">STRONA FESTIWALU<\/a><\/p>\n<p>&nbsp;<\/p>\n<p>[\/vc_column_text][vc_gutenberg]<\/p>\n<div class=\"wp-block-file\"><object class=\"wp-block-file__embed\" style=\"width: 100%; height: 1338px;\" data=\"https:\/\/www.meetingpoint-memory-messiaen.eu\/pl\/wp-content\/uploads\/2026\/01\/MT2026_Programmheft_PL.pdf\" type=\"application\/pdf\" width=\"300\" height=\"150\" aria-label=\"Einbettung von gorlitz fin_de_906.\" data-mce-fragment=\"1\"><\/object><a id=\"wp-block-file--media-2dbd5dd0-055d-4997-aadf-ee17487e6af7\" href=\"https:\/\/www.meetingpoint-memory-messiaen.eu\/pl\/wp-content\/uploads\/2026\/01\/MT2026_Programmheft_PL.pdf\"><\/a><a class=\"wp-block-file__button\" href=\"https:\/\/www.meetingpoint-memory-messiaen.eu\/pl\/wp-content\/uploads\/2026\/01\/MT2026_Programmheft_PL.pdf\" download=\"\" aria-describedby=\"wp-block-file--media-2dbd5dd0-055d-4997-aadf-ee17487e6af7\">Pobra\u0107<\/a><\/div>\n<p>[\/vc_gutenberg][\/vc_column][vc_column][\/vc_column][\/vc_row]<\/p>\n<p><strong>Kontaktperson:<br \/>\n<\/strong>KLAUDYNA MICHALSKA<br \/>\n<a href=\"mailto:michalska@meetingpointmm.eu\" target=\"_blank\" rel=\"noopener noreferrer\">michalska@meetingpointmm.eu<\/a><\/p>\n","protected":false},"excerpt":{"rendered":"<p>[vc_row css_animation=&#8221;&#8221; row_type=&#8221;row&#8221; use_row_as_full_screen_section=&#8221;no&#8221; type=&#8221;full_width&#8221; angled_section=&#8221;no&#8221; text_align=&#8221;left&#8221; background_image_as_pattern=&#8221;without_pattern&#8221;][vc_column][vc_single_image image=&#8221;19224&#8243; img_size=&#8221;full&#8221; onclick=&#8221;custom_link&#8221; img_link_target=&#8221;_blank&#8221; qode_css_animation=&#8221;&#8221; link=&#8221;https:\/\/www.messiaen-tage.eu&#8221;][\/vc_column][\/vc_row][vc_row css_animation=&#8221;&#8221; row_type=&#8221;row&#8221; use_row_as_full_screen_section=&#8221;no&#8221; type=&#8221;full_width&#8221; angled_section=&#8221;no&#8221; text_align=&#8221;left&#8221; background_image_as_pattern=&#8221;without_pattern&#8221;][vc_column][vc_column_text]Na po\u0142udniowym kra\u0144cu bli\u017aniaczego miasta G\u00f6rlitz-Zgorzelec znajduje si\u0119 wyj\u0105tkowe historyczne miejsce, przez d\u0142ugi czas zapomniane, lecz od paru lat na nowo przywr\u00f3cone do pami\u0119ci \u2013&#8230;<\/p>\n","protected":false},"author":21,"featured_media":0,"parent":0,"menu_order":0,"comment_status":"closed","ping_status":"closed","template":"","meta":{"footnotes":""},"class_list":["post-2949","page","type-page","status-publish","hentry"],"yoast_head":"<!-- This site is optimized with the Yoast SEO plugin v24.3 - https:\/\/yoast.com\/wordpress\/plugins\/seo\/ -->\n<title>Dni Messiaena - Meetingpoint Memory Messiaen e.V.<\/title>\n<meta name=\"robots\" content=\"index, follow, max-snippet:-1, max-image-preview:large, max-video-preview:-1\" \/>\n<link rel=\"canonical\" href=\"https:\/\/www.meetingpoint-memory-messiaen.eu\/pl\/dni-messiaena\/\" \/>\n<meta property=\"og:locale\" content=\"pl_PL\" \/>\n<meta property=\"og:type\" content=\"article\" \/>\n<meta property=\"og:title\" content=\"Dni Messiaena - Meetingpoint Memory Messiaen e.V.\" \/>\n<meta property=\"og:description\" content=\"[vc_row css_animation=&#8221;&#8221; row_type=&#8221;row&#8221; use_row_as_full_screen_section=&#8221;no&#8221; type=&#8221;full_width&#8221; angled_section=&#8221;no&#8221; text_align=&#8221;left&#8221; background_image_as_pattern=&#8221;without_pattern&#8221;][vc_column][vc_single_image image=&#8221;19224&#8243; img_size=&#8221;full&#8221; onclick=&#8221;custom_link&#8221; img_link_target=&#8221;_blank&#8221; qode_css_animation=&#8221;&#8221; link=&#8221;https:\/\/www.messiaen-tage.eu&#8221;][\/vc_column][\/vc_row][vc_row css_animation=&#8221;&#8221; row_type=&#8221;row&#8221; use_row_as_full_screen_section=&#8221;no&#8221; type=&#8221;full_width&#8221; angled_section=&#8221;no&#8221; text_align=&#8221;left&#8221; background_image_as_pattern=&#8221;without_pattern&#8221;][vc_column][vc_column_text]Na po\u0142udniowym kra\u0144cu bli\u017aniaczego miasta G\u00f6rlitz-Zgorzelec znajduje si\u0119 wyj\u0105tkowe historyczne miejsce, przez d\u0142ugi czas zapomniane, lecz od paru lat na nowo przywr\u00f3cone do pami\u0119ci \u2013...\" \/>\n<meta property=\"og:url\" content=\"https:\/\/www.meetingpoint-memory-messiaen.eu\/pl\/dni-messiaena\/\" \/>\n<meta property=\"og:site_name\" content=\"Meetingpoint Memory Messiaen e.V.\" \/>\n<meta property=\"article:modified_time\" content=\"2026-01-08T10:05:25+00:00\" \/>\n<meta name=\"twitter:card\" content=\"summary_large_image\" \/>\n<meta name=\"twitter:label1\" content=\"Szacowany czas czytania\" \/>\n\t<meta name=\"twitter:data1\" content=\"2 minuty\" \/>\n<script type=\"application\/ld+json\" class=\"yoast-schema-graph\">{\"@context\":\"https:\/\/schema.org\",\"@graph\":[{\"@type\":\"WebPage\",\"@id\":\"https:\/\/www.meetingpoint-memory-messiaen.eu\/pl\/dni-messiaena\/\",\"url\":\"https:\/\/www.meetingpoint-memory-messiaen.eu\/pl\/dni-messiaena\/\",\"name\":\"Dni Messiaena - Meetingpoint Memory Messiaen e.V.\",\"isPartOf\":{\"@id\":\"https:\/\/www.meetingpoint-memory-messiaen.eu\/pl\/#website\"},\"datePublished\":\"2014-01-04T18:08:04+00:00\",\"dateModified\":\"2026-01-08T10:05:25+00:00\",\"breadcrumb\":{\"@id\":\"https:\/\/www.meetingpoint-memory-messiaen.eu\/pl\/dni-messiaena\/#breadcrumb\"},\"inLanguage\":\"pl-PL\",\"potentialAction\":[{\"@type\":\"ReadAction\",\"target\":[\"https:\/\/www.meetingpoint-memory-messiaen.eu\/pl\/dni-messiaena\/\"]}]},{\"@type\":\"BreadcrumbList\",\"@id\":\"https:\/\/www.meetingpoint-memory-messiaen.eu\/pl\/dni-messiaena\/#breadcrumb\",\"itemListElement\":[{\"@type\":\"ListItem\",\"position\":1,\"name\":\"Home\",\"item\":\"https:\/\/www.meetingpoint-memory-messiaen.eu\/pl\/\"},{\"@type\":\"ListItem\",\"position\":2,\"name\":\"Dni Messiaena\"}]},{\"@type\":\"WebSite\",\"@id\":\"https:\/\/www.meetingpoint-memory-messiaen.eu\/pl\/#website\",\"url\":\"https:\/\/www.meetingpoint-memory-messiaen.eu\/pl\/\",\"name\":\"Meetingpoint Memory Messiaen e.V.\",\"description\":\"\",\"potentialAction\":[{\"@type\":\"SearchAction\",\"target\":{\"@type\":\"EntryPoint\",\"urlTemplate\":\"https:\/\/www.meetingpoint-memory-messiaen.eu\/pl\/?s={search_term_string}\"},\"query-input\":{\"@type\":\"PropertyValueSpecification\",\"valueRequired\":true,\"valueName\":\"search_term_string\"}}],\"inLanguage\":\"pl-PL\"}]}<\/script>\n<!-- \/ Yoast SEO plugin. -->","yoast_head_json":{"title":"Dni Messiaena - Meetingpoint Memory Messiaen e.V.","robots":{"index":"index","follow":"follow","max-snippet":"max-snippet:-1","max-image-preview":"max-image-preview:large","max-video-preview":"max-video-preview:-1"},"canonical":"https:\/\/www.meetingpoint-memory-messiaen.eu\/pl\/dni-messiaena\/","og_locale":"pl_PL","og_type":"article","og_title":"Dni Messiaena - Meetingpoint Memory Messiaen e.V.","og_description":"[vc_row css_animation=&#8221;&#8221; row_type=&#8221;row&#8221; use_row_as_full_screen_section=&#8221;no&#8221; type=&#8221;full_width&#8221; angled_section=&#8221;no&#8221; text_align=&#8221;left&#8221; background_image_as_pattern=&#8221;without_pattern&#8221;][vc_column][vc_single_image image=&#8221;19224&#8243; img_size=&#8221;full&#8221; onclick=&#8221;custom_link&#8221; img_link_target=&#8221;_blank&#8221; qode_css_animation=&#8221;&#8221; link=&#8221;https:\/\/www.messiaen-tage.eu&#8221;][\/vc_column][\/vc_row][vc_row css_animation=&#8221;&#8221; row_type=&#8221;row&#8221; use_row_as_full_screen_section=&#8221;no&#8221; type=&#8221;full_width&#8221; angled_section=&#8221;no&#8221; text_align=&#8221;left&#8221; background_image_as_pattern=&#8221;without_pattern&#8221;][vc_column][vc_column_text]Na po\u0142udniowym kra\u0144cu bli\u017aniaczego miasta G\u00f6rlitz-Zgorzelec znajduje si\u0119 wyj\u0105tkowe historyczne miejsce, przez d\u0142ugi czas zapomniane, lecz od paru lat na nowo przywr\u00f3cone do pami\u0119ci \u2013...","og_url":"https:\/\/www.meetingpoint-memory-messiaen.eu\/pl\/dni-messiaena\/","og_site_name":"Meetingpoint Memory Messiaen e.V.","article_modified_time":"2026-01-08T10:05:25+00:00","twitter_card":"summary_large_image","twitter_misc":{"Szacowany czas czytania":"2 minuty"},"schema":{"@context":"https:\/\/schema.org","@graph":[{"@type":"WebPage","@id":"https:\/\/www.meetingpoint-memory-messiaen.eu\/pl\/dni-messiaena\/","url":"https:\/\/www.meetingpoint-memory-messiaen.eu\/pl\/dni-messiaena\/","name":"Dni Messiaena - Meetingpoint Memory Messiaen e.V.","isPartOf":{"@id":"https:\/\/www.meetingpoint-memory-messiaen.eu\/pl\/#website"},"datePublished":"2014-01-04T18:08:04+00:00","dateModified":"2026-01-08T10:05:25+00:00","breadcrumb":{"@id":"https:\/\/www.meetingpoint-memory-messiaen.eu\/pl\/dni-messiaena\/#breadcrumb"},"inLanguage":"pl-PL","potentialAction":[{"@type":"ReadAction","target":["https:\/\/www.meetingpoint-memory-messiaen.eu\/pl\/dni-messiaena\/"]}]},{"@type":"BreadcrumbList","@id":"https:\/\/www.meetingpoint-memory-messiaen.eu\/pl\/dni-messiaena\/#breadcrumb","itemListElement":[{"@type":"ListItem","position":1,"name":"Home","item":"https:\/\/www.meetingpoint-memory-messiaen.eu\/pl\/"},{"@type":"ListItem","position":2,"name":"Dni Messiaena"}]},{"@type":"WebSite","@id":"https:\/\/www.meetingpoint-memory-messiaen.eu\/pl\/#website","url":"https:\/\/www.meetingpoint-memory-messiaen.eu\/pl\/","name":"Meetingpoint Memory Messiaen e.V.","description":"","potentialAction":[{"@type":"SearchAction","target":{"@type":"EntryPoint","urlTemplate":"https:\/\/www.meetingpoint-memory-messiaen.eu\/pl\/?s={search_term_string}"},"query-input":{"@type":"PropertyValueSpecification","valueRequired":true,"valueName":"search_term_string"}}],"inLanguage":"pl-PL"}]}},"_links":{"self":[{"href":"https:\/\/www.meetingpoint-memory-messiaen.eu\/pl\/wp-json\/wp\/v2\/pages\/2949","targetHints":{"allow":["GET"]}}],"collection":[{"href":"https:\/\/www.meetingpoint-memory-messiaen.eu\/pl\/wp-json\/wp\/v2\/pages"}],"about":[{"href":"https:\/\/www.meetingpoint-memory-messiaen.eu\/pl\/wp-json\/wp\/v2\/types\/page"}],"author":[{"embeddable":true,"href":"https:\/\/www.meetingpoint-memory-messiaen.eu\/pl\/wp-json\/wp\/v2\/users\/21"}],"replies":[{"embeddable":true,"href":"https:\/\/www.meetingpoint-memory-messiaen.eu\/pl\/wp-json\/wp\/v2\/comments?post=2949"}],"version-history":[{"count":45,"href":"https:\/\/www.meetingpoint-memory-messiaen.eu\/pl\/wp-json\/wp\/v2\/pages\/2949\/revisions"}],"predecessor-version":[{"id":19233,"href":"https:\/\/www.meetingpoint-memory-messiaen.eu\/pl\/wp-json\/wp\/v2\/pages\/2949\/revisions\/19233"}],"wp:attachment":[{"href":"https:\/\/www.meetingpoint-memory-messiaen.eu\/pl\/wp-json\/wp\/v2\/media?parent=2949"}],"curies":[{"name":"wp","href":"https:\/\/api.w.org\/{rel}","templated":true}]}}