{"id":2947,"date":"2014-01-04T19:07:31","date_gmt":"2014-01-04T18:07:31","guid":{"rendered":"http:\/\/wordpress.themusicpoint.net\/?page_id=2947"},"modified":"2022-11-23T11:55:09","modified_gmt":"2022-11-23T10:55:09","slug":"kwartet-na-koniec-czasu","status":"publish","type":"page","link":"https:\/\/www.meetingpoint-memory-messiaen.eu\/pl\/kwartet-na-koniec-czasu\/","title":{"rendered":"Kwartet na koniec czasu"},"content":{"rendered":"<p>[vc_row css_animation=&#8221;&#8221; row_type=&#8221;row&#8221; use_row_as_full_screen_section=&#8221;no&#8221; type=&#8221;full_width&#8221; angled_section=&#8221;no&#8221; text_align=&#8221;left&#8221; background_image_as_pattern=&#8221;without_pattern&#8221;][vc_column][vc_column_text]<img decoding=\"async\" src=\"https:\/\/www.meetingpoint-memory-messiaen.eu\/wp-content\/uploads\/2014\/01\/MG_7304.jpg\" alt=\"Kwartet na koniec czasu\" \/><\/p>\n<p class=\"top-padded-20\">Prapremiera jednego z najwybitniejszych dzie\u0142 muzyki kameralnej XX wieku \u2013 \u201e<a href=\"https:\/\/www.meetingpoint-memory-messiaen.eu\/pl\/quatour\/\" target=\"_blank\" rel=\"noopener noreferrer\">Quatour pour la Fin du Temps<\/a>\u201d \u2013 odby\u0142a si\u0119 15 stycznia 1941 roku w niemieckim obozie jenieckim Stalag VIII A. Utw\u00f3r wykonany przez Oliviera Messiaen, Henri Akoka, Etienne Pasquier oraz Jean Le Boulaire rozbrzmia\u0142 w baraku 27 B. Na widowni zasiad\u0142o oko\u0142o 300 wsp\u00f3\u0142wi\u0119\u017ani\u00f3w oraz stra\u017cnik\u00f3w.<\/p>\n<p>Dzie\u0142o zosta\u0142o skomponowane przez Messiaen w czasie jego niewoli w Stalagu VIII A. W grudniu 1940 roku podczas wieczoru muzyczno-poetyckiego w baraku teatralnym po raz pierwszy wykonano pi\u0119\u0107 pierwszych cz\u0119\u015bci utworu. Towarzyszy\u0142y im wiersze Zdzis\u0142awa Nardellego.<\/p>\n<p>W lutym 1941 roku Messiaen oraz Pasquier, dzi\u0119ki pomocy niemieckiego oficera i adwokata Karla-Alberta Br\u00fclla, opu\u015bcili stalag. Pos\u0142uguj\u0105c si\u0119 podrobionymi dowodami dostali si\u0119 do Francji. W maju 1941 roku, po dw\u00f3ch spektakularnych pr\u00f3bach ucieczki, do Francji powr\u00f3ci\u0142 Akoka. Ostatni z czw\u00f3rki muzyk\u00f3w Le Boulaire opu\u015bci\u0142 ob\u00f3z w styczniu 1942 roku r\u00f3wnie\u017c dzi\u0119ki pomocy Br\u00fcll&#8217;a.<\/p>\n<p>Aby uczci\u0107 pami\u0119\u0107 wszystkich je\u0144c\u00f3w, kt\u00f3rzy w Stalagu VIII A przebywali i cierpieli, stowarzyszenie MEETINGPOINT MEMORY MESSIAEN e.V. zaprasza co roku 15 stycznia na wyj\u0105tkowy koncert styczniowy w ramach festiwalu <a href=\"https:\/\/www.pl.messiaen-tage.eu\/\" target=\"_blank\" rel=\"noopener noreferrer\">Dni Messiaena<\/a>.[\/vc_column_text][\/vc_column][\/vc_row][vc_row css_animation=&#8221;&#8221; row_type=&#8221;row&#8221; use_row_as_full_screen_section=&#8221;no&#8221; type=&#8221;full_width&#8221; angled_section=&#8221;no&#8221; text_align=&#8221;left&#8221; background_image_as_pattern=&#8221;without_pattern&#8221;][vc_column][vc_column_text]<\/p>\n<h4 class=\"bottom-padded-20\">Quartour pour la fin du temps I<\/h4>\n<p>[\/vc_column_text][vc_video link=&#8221;https:\/\/youtu.be\/-IsZAmiLBxk&#8221; align=&#8221;center&#8221;][\/vc_column][\/vc_row][vc_row css_animation=&#8221;&#8221; row_type=&#8221;row&#8221; use_row_as_full_screen_section=&#8221;no&#8221; type=&#8221;full_width&#8221; angled_section=&#8221;no&#8221; text_align=&#8221;left&#8221; background_image_as_pattern=&#8221;without_pattern&#8221;][vc_column][vc_column_text]<\/p>\n<h4 class=\"bottom-padded-20\">Quartour pour la fin du temps II<\/h4>\n<p>[\/vc_column_text][vc_video link=&#8221;https:\/\/youtu.be\/4qRS6VCYHi8&#8243; align=&#8221;center&#8221;][\/vc_column][\/vc_row][vc_row css_animation=&#8221;&#8221; row_type=&#8221;row&#8221; use_row_as_full_screen_section=&#8221;no&#8221; type=&#8221;full_width&#8221; angled_section=&#8221;no&#8221; text_align=&#8221;left&#8221; background_image_as_pattern=&#8221;without_pattern&#8221;][vc_column][vc_column_text]<\/p>\n<h4 class=\"bottom-padded-20\">Quartour pour la fin du temps III<\/h4>\n<p>[\/vc_column_text][vc_video link=&#8221;https:\/\/youtu.be\/FclwgW7RyTw&#8221; align=&#8221;center&#8221;][\/vc_column][\/vc_row]<\/p>\n","protected":false},"excerpt":{"rendered":"<p>[vc_row css_animation=&#8221;&#8221; row_type=&#8221;row&#8221; use_row_as_full_screen_section=&#8221;no&#8221; type=&#8221;full_width&#8221; angled_section=&#8221;no&#8221; text_align=&#8221;left&#8221; background_image_as_pattern=&#8221;without_pattern&#8221;][vc_column][vc_column_text] Prapremiera jednego z najwybitniejszych dzie\u0142 muzyki kameralnej XX wieku \u2013 \u201eQuatour pour la Fin du Temps\u201d \u2013 odby\u0142a si\u0119 15 stycznia 1941 roku w niemieckim obozie jenieckim Stalag VIII A. Utw\u00f3r wykonany przez Oliviera Messiaen, Henri Akoka,&#8230;<\/p>\n","protected":false},"author":21,"featured_media":0,"parent":0,"menu_order":0,"comment_status":"closed","ping_status":"closed","template":"","meta":{"footnotes":""},"class_list":["post-2947","page","type-page","status-publish","hentry"],"yoast_head":"<!-- This site is optimized with the Yoast SEO plugin v24.3 - https:\/\/yoast.com\/wordpress\/plugins\/seo\/ -->\n<title>Kwartet na koniec czasu - Meetingpoint Memory Messiaen e.V.<\/title>\n<meta name=\"robots\" content=\"index, follow, max-snippet:-1, max-image-preview:large, max-video-preview:-1\" \/>\n<link rel=\"canonical\" href=\"https:\/\/www.meetingpoint-memory-messiaen.eu\/pl\/kwartet-na-koniec-czasu\/\" \/>\n<meta property=\"og:locale\" content=\"pl_PL\" \/>\n<meta property=\"og:type\" content=\"article\" \/>\n<meta property=\"og:title\" content=\"Kwartet na koniec czasu - Meetingpoint Memory Messiaen e.V.\" \/>\n<meta property=\"og:description\" content=\"[vc_row css_animation=&#8221;&#8221; row_type=&#8221;row&#8221; use_row_as_full_screen_section=&#8221;no&#8221; type=&#8221;full_width&#8221; angled_section=&#8221;no&#8221; text_align=&#8221;left&#8221; background_image_as_pattern=&#8221;without_pattern&#8221;][vc_column][vc_column_text] Prapremiera jednego z najwybitniejszych dzie\u0142 muzyki kameralnej XX wieku \u2013 \u201eQuatour pour la Fin du Temps\u201d \u2013 odby\u0142a si\u0119 15 stycznia 1941 roku w niemieckim obozie jenieckim Stalag VIII A. Utw\u00f3r wykonany przez Oliviera Messiaen, Henri Akoka,...\" \/>\n<meta property=\"og:url\" content=\"https:\/\/www.meetingpoint-memory-messiaen.eu\/pl\/kwartet-na-koniec-czasu\/\" \/>\n<meta property=\"og:site_name\" content=\"Meetingpoint Memory Messiaen e.V.\" \/>\n<meta property=\"article:modified_time\" content=\"2022-11-23T10:55:09+00:00\" \/>\n<meta property=\"og:image\" content=\"https:\/\/www.meetingpoint-memory-messiaen.eu\/wp-content\/uploads\/2014\/01\/MG_7304.jpg\" \/>\n<meta name=\"twitter:card\" content=\"summary_large_image\" \/>\n<meta name=\"twitter:label1\" content=\"Szacowany czas czytania\" \/>\n\t<meta name=\"twitter:data1\" content=\"2 minuty\" \/>\n<script type=\"application\/ld+json\" class=\"yoast-schema-graph\">{\"@context\":\"https:\/\/schema.org\",\"@graph\":[{\"@type\":\"WebPage\",\"@id\":\"https:\/\/www.meetingpoint-memory-messiaen.eu\/pl\/kwartet-na-koniec-czasu\/\",\"url\":\"https:\/\/www.meetingpoint-memory-messiaen.eu\/pl\/kwartet-na-koniec-czasu\/\",\"name\":\"Kwartet na koniec czasu - Meetingpoint Memory Messiaen e.V.\",\"isPartOf\":{\"@id\":\"https:\/\/www.meetingpoint-memory-messiaen.eu\/pl\/#website\"},\"primaryImageOfPage\":{\"@id\":\"https:\/\/www.meetingpoint-memory-messiaen.eu\/pl\/kwartet-na-koniec-czasu\/#primaryimage\"},\"image\":{\"@id\":\"https:\/\/www.meetingpoint-memory-messiaen.eu\/pl\/kwartet-na-koniec-czasu\/#primaryimage\"},\"thumbnailUrl\":\"https:\/\/www.meetingpoint-memory-messiaen.eu\/wp-content\/uploads\/2014\/01\/MG_7304.jpg\",\"datePublished\":\"2014-01-04T18:07:31+00:00\",\"dateModified\":\"2022-11-23T10:55:09+00:00\",\"breadcrumb\":{\"@id\":\"https:\/\/www.meetingpoint-memory-messiaen.eu\/pl\/kwartet-na-koniec-czasu\/#breadcrumb\"},\"inLanguage\":\"pl-PL\",\"potentialAction\":[{\"@type\":\"ReadAction\",\"target\":[\"https:\/\/www.meetingpoint-memory-messiaen.eu\/pl\/kwartet-na-koniec-czasu\/\"]}]},{\"@type\":\"ImageObject\",\"inLanguage\":\"pl-PL\",\"@id\":\"https:\/\/www.meetingpoint-memory-messiaen.eu\/pl\/kwartet-na-koniec-czasu\/#primaryimage\",\"url\":\"https:\/\/www.meetingpoint-memory-messiaen.eu\/wp-content\/uploads\/2014\/01\/MG_7304.jpg\",\"contentUrl\":\"https:\/\/www.meetingpoint-memory-messiaen.eu\/wp-content\/uploads\/2014\/01\/MG_7304.jpg\"},{\"@type\":\"BreadcrumbList\",\"@id\":\"https:\/\/www.meetingpoint-memory-messiaen.eu\/pl\/kwartet-na-koniec-czasu\/#breadcrumb\",\"itemListElement\":[{\"@type\":\"ListItem\",\"position\":1,\"name\":\"Home\",\"item\":\"https:\/\/www.meetingpoint-memory-messiaen.eu\/pl\/\"},{\"@type\":\"ListItem\",\"position\":2,\"name\":\"Kwartet na koniec czasu\"}]},{\"@type\":\"WebSite\",\"@id\":\"https:\/\/www.meetingpoint-memory-messiaen.eu\/pl\/#website\",\"url\":\"https:\/\/www.meetingpoint-memory-messiaen.eu\/pl\/\",\"name\":\"Meetingpoint Memory Messiaen e.V.\",\"description\":\"\",\"potentialAction\":[{\"@type\":\"SearchAction\",\"target\":{\"@type\":\"EntryPoint\",\"urlTemplate\":\"https:\/\/www.meetingpoint-memory-messiaen.eu\/pl\/?s={search_term_string}\"},\"query-input\":{\"@type\":\"PropertyValueSpecification\",\"valueRequired\":true,\"valueName\":\"search_term_string\"}}],\"inLanguage\":\"pl-PL\"}]}<\/script>\n<!-- \/ Yoast SEO plugin. -->","yoast_head_json":{"title":"Kwartet na koniec czasu - Meetingpoint Memory Messiaen e.V.","robots":{"index":"index","follow":"follow","max-snippet":"max-snippet:-1","max-image-preview":"max-image-preview:large","max-video-preview":"max-video-preview:-1"},"canonical":"https:\/\/www.meetingpoint-memory-messiaen.eu\/pl\/kwartet-na-koniec-czasu\/","og_locale":"pl_PL","og_type":"article","og_title":"Kwartet na koniec czasu - Meetingpoint Memory Messiaen e.V.","og_description":"[vc_row css_animation=&#8221;&#8221; row_type=&#8221;row&#8221; use_row_as_full_screen_section=&#8221;no&#8221; type=&#8221;full_width&#8221; angled_section=&#8221;no&#8221; text_align=&#8221;left&#8221; background_image_as_pattern=&#8221;without_pattern&#8221;][vc_column][vc_column_text] Prapremiera jednego z najwybitniejszych dzie\u0142 muzyki kameralnej XX wieku \u2013 \u201eQuatour pour la Fin du Temps\u201d \u2013 odby\u0142a si\u0119 15 stycznia 1941 roku w niemieckim obozie jenieckim Stalag VIII A. Utw\u00f3r wykonany przez Oliviera Messiaen, Henri Akoka,...","og_url":"https:\/\/www.meetingpoint-memory-messiaen.eu\/pl\/kwartet-na-koniec-czasu\/","og_site_name":"Meetingpoint Memory Messiaen e.V.","article_modified_time":"2022-11-23T10:55:09+00:00","og_image":[{"url":"https:\/\/www.meetingpoint-memory-messiaen.eu\/wp-content\/uploads\/2014\/01\/MG_7304.jpg","type":"","width":"","height":""}],"twitter_card":"summary_large_image","twitter_misc":{"Szacowany czas czytania":"2 minuty"},"schema":{"@context":"https:\/\/schema.org","@graph":[{"@type":"WebPage","@id":"https:\/\/www.meetingpoint-memory-messiaen.eu\/pl\/kwartet-na-koniec-czasu\/","url":"https:\/\/www.meetingpoint-memory-messiaen.eu\/pl\/kwartet-na-koniec-czasu\/","name":"Kwartet na koniec czasu - Meetingpoint Memory Messiaen e.V.","isPartOf":{"@id":"https:\/\/www.meetingpoint-memory-messiaen.eu\/pl\/#website"},"primaryImageOfPage":{"@id":"https:\/\/www.meetingpoint-memory-messiaen.eu\/pl\/kwartet-na-koniec-czasu\/#primaryimage"},"image":{"@id":"https:\/\/www.meetingpoint-memory-messiaen.eu\/pl\/kwartet-na-koniec-czasu\/#primaryimage"},"thumbnailUrl":"https:\/\/www.meetingpoint-memory-messiaen.eu\/wp-content\/uploads\/2014\/01\/MG_7304.jpg","datePublished":"2014-01-04T18:07:31+00:00","dateModified":"2022-11-23T10:55:09+00:00","breadcrumb":{"@id":"https:\/\/www.meetingpoint-memory-messiaen.eu\/pl\/kwartet-na-koniec-czasu\/#breadcrumb"},"inLanguage":"pl-PL","potentialAction":[{"@type":"ReadAction","target":["https:\/\/www.meetingpoint-memory-messiaen.eu\/pl\/kwartet-na-koniec-czasu\/"]}]},{"@type":"ImageObject","inLanguage":"pl-PL","@id":"https:\/\/www.meetingpoint-memory-messiaen.eu\/pl\/kwartet-na-koniec-czasu\/#primaryimage","url":"https:\/\/www.meetingpoint-memory-messiaen.eu\/wp-content\/uploads\/2014\/01\/MG_7304.jpg","contentUrl":"https:\/\/www.meetingpoint-memory-messiaen.eu\/wp-content\/uploads\/2014\/01\/MG_7304.jpg"},{"@type":"BreadcrumbList","@id":"https:\/\/www.meetingpoint-memory-messiaen.eu\/pl\/kwartet-na-koniec-czasu\/#breadcrumb","itemListElement":[{"@type":"ListItem","position":1,"name":"Home","item":"https:\/\/www.meetingpoint-memory-messiaen.eu\/pl\/"},{"@type":"ListItem","position":2,"name":"Kwartet na koniec czasu"}]},{"@type":"WebSite","@id":"https:\/\/www.meetingpoint-memory-messiaen.eu\/pl\/#website","url":"https:\/\/www.meetingpoint-memory-messiaen.eu\/pl\/","name":"Meetingpoint Memory Messiaen e.V.","description":"","potentialAction":[{"@type":"SearchAction","target":{"@type":"EntryPoint","urlTemplate":"https:\/\/www.meetingpoint-memory-messiaen.eu\/pl\/?s={search_term_string}"},"query-input":{"@type":"PropertyValueSpecification","valueRequired":true,"valueName":"search_term_string"}}],"inLanguage":"pl-PL"}]}},"_links":{"self":[{"href":"https:\/\/www.meetingpoint-memory-messiaen.eu\/pl\/wp-json\/wp\/v2\/pages\/2947","targetHints":{"allow":["GET"]}}],"collection":[{"href":"https:\/\/www.meetingpoint-memory-messiaen.eu\/pl\/wp-json\/wp\/v2\/pages"}],"about":[{"href":"https:\/\/www.meetingpoint-memory-messiaen.eu\/pl\/wp-json\/wp\/v2\/types\/page"}],"author":[{"embeddable":true,"href":"https:\/\/www.meetingpoint-memory-messiaen.eu\/pl\/wp-json\/wp\/v2\/users\/21"}],"replies":[{"embeddable":true,"href":"https:\/\/www.meetingpoint-memory-messiaen.eu\/pl\/wp-json\/wp\/v2\/comments?post=2947"}],"version-history":[{"count":18,"href":"https:\/\/www.meetingpoint-memory-messiaen.eu\/pl\/wp-json\/wp\/v2\/pages\/2947\/revisions"}],"predecessor-version":[{"id":17175,"href":"https:\/\/www.meetingpoint-memory-messiaen.eu\/pl\/wp-json\/wp\/v2\/pages\/2947\/revisions\/17175"}],"wp:attachment":[{"href":"https:\/\/www.meetingpoint-memory-messiaen.eu\/pl\/wp-json\/wp\/v2\/media?parent=2947"}],"curies":[{"name":"wp","href":"https:\/\/api.w.org\/{rel}","templated":true}]}}