{"id":2943,"date":"2014-01-04T19:05:30","date_gmt":"2014-01-04T18:05:30","guid":{"rendered":"http:\/\/wordpress.themusicpoint.net\/?page_id=2943"},"modified":"2025-10-13T11:01:28","modified_gmt":"2025-10-13T09:01:28","slug":"nasz-zespol","status":"publish","type":"page","link":"https:\/\/www.meetingpoint-memory-messiaen.eu\/pl\/nasz-zespol\/","title":{"rendered":"Nasz zesp\u00f3\u0142"},"content":{"rendered":"<p>[vc_row css_animation=&#8221;&#8221; row_type=&#8221;row&#8221; use_row_as_full_screen_section=&#8221;no&#8221; type=&#8221;full_width&#8221; angled_section=&#8221;no&#8221; text_align=&#8221;left&#8221; background_image_as_pattern=&#8221;without_pattern&#8221; z_index=&#8221;&#8221; el_class=&#8221;team-members&#8221;][vc_column width=&#8221;1\/3&#8243;]<div class='q_team info_description_below_image'><div class='q_team_inner'><div class='q_team_image'><div class='q_team_image_holder'><img itemprop='image' src='https:\/\/www.meetingpoint-memory-messiaen.eu\/pl\/wp-content\/uploads\/2019\/05\/alexandra-grochowski.jpg' alt='alexandra-grochowski' \/><\/div><div class='q_team_text' ><div class='q_team_text_inner'><div class='q_team_title_holder'><h5 class='q_team_name' style = ''>Alexandra Grochowski<\/h5><span style = ''>Kierowniczka<\/span><\/div><div class='separator small center' style = ''><\/div><\/div><\/div><div class='q_team_social_holder'><\/div><\/div><\/div><\/div>[vc_column_text]<\/p>\n<p class=\"centered\" style=\"text-align: center;\"><a href=\"mailto:grochowski@meetingpointmm.eu\">grochowski@meetingpointmm.eu<\/a><\/p>\n<p>[\/vc_column_text][\/vc_column][vc_column width=&#8221;1\/3&#8243;]<div class='q_team info_description_below_image'><div class='q_team_inner'><div class='q_team_image'><div class='q_team_image_holder'><img itemprop='image' src='https:\/\/www.meetingpoint-memory-messiaen.eu\/pl\/wp-content\/uploads\/2023\/08\/IMG_6786-e1692280328671.jpg' alt='IMG_6786-e1692280328671' \/><\/div><div class='q_team_text' ><div class='q_team_text_inner'><div class='q_team_title_holder'><h5 class='q_team_name' style = ''>Mateusz Kowalinski<\/h5><span style = ''>PR &amp; Pedagogika miejsc pami\u0119ci<\/span><\/div><div class='separator small center' style = ''><\/div><\/div><\/div><div class='q_team_social_holder'><\/div><\/div><\/div><\/div>[vc_column_text]<\/p>\n<p style=\"text-align: center;\"><a href=\"kowalinski@meetingpointmm.eu\">kowalinski@meetingpointmm.eu<\/a><\/p>\n<p>[\/vc_column_text][\/vc_column][vc_column width=&#8221;1\/3&#8243;]<div class='q_team info_description_below_image'><div class='q_team_inner'><div class='q_team_image'><div class='q_team_image_holder'><img itemprop='image' src='https:\/\/www.meetingpoint-memory-messiaen.eu\/pl\/wp-content\/uploads\/2023\/05\/Klaudyna.jpg' alt='Klaudyna' \/><\/div><div class='q_team_text' ><div class='q_team_text_inner'><div class='q_team_title_holder'><h5 class='q_team_name' style = ''>Klaudyna Michalska-Tomy\u015blak<\/h5><span style = ''>Mi\u0119dzynarodowe Dni Messiaena i projekty muzyczne<\/span><\/div><div class='separator small center' style = ''><\/div><\/div><\/div><div class='q_team_social_holder'><\/div><\/div><\/div><\/div>[vc_column_text]<\/p>\n<p style=\"text-align: center;\"><a href=\"mailto:michalska@meetingpointmm.eu\" target=\"_blank\" rel=\"noopener noreferrer\">michalska@meetingpointmm.eu<\/a><\/p>\n<p>[\/vc_column_text][\/vc_column][\/vc_row][vc_row css_animation=&#8221;&#8221; row_type=&#8221;row&#8221; use_row_as_full_screen_section=&#8221;no&#8221; type=&#8221;full_width&#8221; angled_section=&#8221;no&#8221; text_align=&#8221;left&#8221; background_image_as_pattern=&#8221;without_pattern&#8221; z_index=&#8221;&#8221; el_class=&#8221;team-members&#8221;][vc_column width=&#8221;1\/3&#8243;]<div class='q_team info_description_below_image'><div class='q_team_inner'><div class='q_team_image'><div class='q_team_image_holder'><img itemprop='image' src='https:\/\/www.meetingpoint-memory-messiaen.eu\/pl\/wp-content\/uploads\/2024\/01\/v2_Johannes_360x456px.jpg' alt='v2_Johannes_360x456px' \/><\/div><div class='q_team_text' ><div class='q_team_text_inner'><div class='q_team_title_holder'><h5 class='q_team_name' style = ''>JOHANNES BENT<\/h5><span style = ''>Praca na rzecz pami\u0119ci<\/span><\/div><div class='separator small center' style = ''><\/div><\/div><\/div><div class='q_team_social_holder'><\/div><\/div><\/div><\/div>[vc_column_text]<\/p>\n<p class=\"centered\" style=\"text-align: center;\"><a href=\"mailto:kruschewski@meetingpointmm.eu\">bent@meetingpointmm.eu<\/a><\/p>\n<p>[\/vc_column_text][\/vc_column][vc_column width=&#8221;1\/3&#8243;]<div class='q_team info_description_below_image'><div class='q_team_inner'><div class='q_team_image'><div class='q_team_image_holder'><img itemprop='image' src='https:\/\/www.meetingpoint-memory-messiaen.eu\/pl\/wp-content\/uploads\/2019\/05\/daniel-guetschow.jpg' alt='daniel-guetschow' \/><\/div><div class='q_team_text' ><div class='q_team_text_inner'><div class='q_team_title_holder'><h5 class='q_team_name' style = ''>Daniel G\u00fctschow<\/h5><span style = ''>IT, Media &amp; Doradca sieci Eurodesk<\/span><\/div><div class='separator small center' style = ''><\/div><\/div><\/div><div class='q_team_social_holder'><\/div><\/div><\/div><\/div>[vc_column_text]<\/p>\n<p class=\"centered\" style=\"text-align: center;\"><a href=\"mailto:guetschow@meetingpointmm.eu\">guetschow@meetingpointmm.eu<\/a><\/p>\n<p>[\/vc_column_text][\/vc_column][vc_column width=&#8221;1\/3&#8243;]<div class='q_team info_description_below_image'><div class='q_team_inner'><div class='q_team_image'><div class='q_team_image_holder'><img itemprop='image' src='https:\/\/www.meetingpoint-memory-messiaen.eu\/pl\/wp-content\/uploads\/2023\/11\/asia.jpg' alt='asia' \/><\/div><div class='q_team_text' ><div class='q_team_text_inner'><div class='q_team_title_holder'><h5 class='q_team_name' style = ''>JOANNA BODNAR<\/h5><span style = ''>Ksi\u0119gowo\u015b\u0107<\/span><\/div><div class='separator small center' style = ''><\/div><\/div><\/div><div class='q_team_social_holder'><\/div><\/div><\/div><\/div>[vc_column_text]<\/p>\n<p class=\"centered\" style=\"text-align: center;\"><a href=\"mailto:bodnar@meetingpointmm.eu\">bodnar@meetingpointmm.eu<\/a><\/p>\n<p>[\/vc_column_text][\/vc_column][\/vc_row][vc_row css_animation=&#8221;&#8221; row_type=&#8221;row&#8221; use_row_as_full_screen_section=&#8221;no&#8221; type=&#8221;full_width&#8221; angled_section=&#8221;no&#8221; text_align=&#8221;left&#8221; background_image_as_pattern=&#8221;without_pattern&#8221; z_index=&#8221;&#8221; el_class=&#8221;team-members&#8221;][vc_column width=&#8221;1\/3&#8243;]<div class='q_team info_description_below_image'><div class='q_team_inner'><div class='q_team_image'><div class='q_team_image_holder'><img itemprop='image' src='https:\/\/www.meetingpoint-memory-messiaen.eu\/pl\/wp-content\/uploads\/2021\/10\/Magda_new2.jpg' alt='Magda_new2' \/><\/div><div class='q_team_text' ><div class='q_team_text_inner'><div class='q_team_title_holder'><h5 class='q_team_name' style = ''>MAGDALENA ZIELI\u0143SKA-K\u00d6NIG<\/h5><span style = ''>Mi\u0119dzynarodowe Dni Messiaena i projekty muzyczne - tymczasowo nieobecna<\/span><\/div><div class='separator small center' style = ''><\/div><\/div><\/div><div class='q_team_social_holder'><\/div><\/div><\/div><\/div>[vc_column_text]<\/p>\n<p style=\"text-align: center;\"><a href=\"mailto:zielinska-koenig@meetingpointmm.eu\">zielinska-koenig@meetingpointmm.eu<\/a><\/p>\n<p>[\/vc_column_text][\/vc_column][vc_column width=&#8221;1\/3&#8243;]<div class='q_team info_description_below_image'><div class='q_team_inner'><div class='q_team_image'><div class='q_team_image_holder'><img itemprop='image' src='https:\/\/www.meetingpoint-memory-messiaen.eu\/pl\/wp-content\/uploads\/2020\/01\/gosia.jpg' alt='gosia' \/><\/div><div class='q_team_text' ><div class='q_team_text_inner'><div class='q_team_title_holder'><h5 class='q_team_name' style = ''>Ma\u0142gorzata Schubinski<\/h5><span style = ''>PR &amp; Pedagogika miejsc pami\u0119ci - urlop rodzicielski<\/span><\/div><div class='separator small center' style = ''><\/div><\/div><\/div><div class='q_team_social_holder'><\/div><\/div><\/div><\/div>[vc_column_text]<\/p>\n<p class=\"centered\" style=\"text-align: center;\"><a href=\"mailto:media@meetingpointmm.eu\">media@meetingpointmm.eu<\/a><\/p>\n<p>[\/vc_column_text][\/vc_column][vc_column width=&#8221;1\/3&#8243;][\/vc_column][\/vc_row]<\/p>\n","protected":false},"excerpt":{"rendered":"<p>[vc_row css_animation=&#8221;&#8221; row_type=&#8221;row&#8221; use_row_as_full_screen_section=&#8221;no&#8221; type=&#8221;full_width&#8221; angled_section=&#8221;no&#8221; text_align=&#8221;left&#8221; background_image_as_pattern=&#8221;without_pattern&#8221; z_index=&#8221;&#8221; el_class=&#8221;team-members&#8221;][vc_column width=&#8221;1\/3&#8243;][vc_column_text] grochowski@meetingpointmm.eu [\/vc_column_text][\/vc_column][vc_column width=&#8221;1\/3&#8243;][vc_column_text] kowalinski@meetingpointmm.eu [\/vc_column_text][\/vc_column][vc_column width=&#8221;1\/3&#8243;][vc_column_text] michalska@meetingpointmm.eu [\/vc_column_text][\/vc_column][\/vc_row][vc_row css_animation=&#8221;&#8221; row_type=&#8221;row&#8221; use_row_as_full_screen_section=&#8221;no&#8221; type=&#8221;full_width&#8221; angled_section=&#8221;no&#8221; text_align=&#8221;left&#8221; background_image_as_pattern=&#8221;without_pattern&#8221; z_index=&#8221;&#8221; el_class=&#8221;team-members&#8221;][vc_column width=&#8221;1\/3&#8243;][vc_column_text] bent@meetingpointmm.eu [\/vc_column_text][\/vc_column][vc_column width=&#8221;1\/3&#8243;][vc_column_text] guetschow@meetingpointmm.eu [\/vc_column_text][\/vc_column][vc_column width=&#8221;1\/3&#8243;][vc_column_text] bodnar@meetingpointmm.eu [\/vc_column_text][\/vc_column][\/vc_row][vc_row css_animation=&#8221;&#8221; row_type=&#8221;row&#8221; use_row_as_full_screen_section=&#8221;no&#8221; type=&#8221;full_width&#8221; angled_section=&#8221;no&#8221; text_align=&#8221;left&#8221; background_image_as_pattern=&#8221;without_pattern&#8221; z_index=&#8221;&#8221;&#8230;<\/p>\n","protected":false},"author":21,"featured_media":0,"parent":0,"menu_order":0,"comment_status":"closed","ping_status":"closed","template":"","meta":{"footnotes":""},"class_list":["post-2943","page","type-page","status-publish","hentry"],"yoast_head":"<!-- This site is optimized with the Yoast SEO plugin v24.3 - https:\/\/yoast.com\/wordpress\/plugins\/seo\/ -->\n<title>Nasz zesp\u00f3\u0142 - Meetingpoint Memory Messiaen e.V.<\/title>\n<meta name=\"robots\" content=\"index, follow, max-snippet:-1, max-image-preview:large, max-video-preview:-1\" \/>\n<link rel=\"canonical\" href=\"https:\/\/www.meetingpoint-memory-messiaen.eu\/pl\/nasz-zespol\/\" \/>\n<meta property=\"og:locale\" content=\"pl_PL\" \/>\n<meta property=\"og:type\" content=\"article\" \/>\n<meta property=\"og:title\" content=\"Nasz zesp\u00f3\u0142 - Meetingpoint Memory Messiaen e.V.\" \/>\n<meta property=\"og:description\" content=\"[vc_row css_animation=&#8221;&#8221; row_type=&#8221;row&#8221; use_row_as_full_screen_section=&#8221;no&#8221; type=&#8221;full_width&#8221; angled_section=&#8221;no&#8221; text_align=&#8221;left&#8221; background_image_as_pattern=&#8221;without_pattern&#8221; z_index=&#8221;&#8221; el_class=&#8221;team-members&#8221;][vc_column width=&#8221;1\/3&#8243;][vc_column_text] grochowski@meetingpointmm.eu [\/vc_column_text][\/vc_column][vc_column width=&#8221;1\/3&#8243;][vc_column_text] kowalinski@meetingpointmm.eu [\/vc_column_text][\/vc_column][vc_column width=&#8221;1\/3&#8243;][vc_column_text] michalska@meetingpointmm.eu [\/vc_column_text][\/vc_column][\/vc_row][vc_row css_animation=&#8221;&#8221; row_type=&#8221;row&#8221; use_row_as_full_screen_section=&#8221;no&#8221; type=&#8221;full_width&#8221; angled_section=&#8221;no&#8221; text_align=&#8221;left&#8221; background_image_as_pattern=&#8221;without_pattern&#8221; z_index=&#8221;&#8221; el_class=&#8221;team-members&#8221;][vc_column width=&#8221;1\/3&#8243;][vc_column_text] bent@meetingpointmm.eu [\/vc_column_text][\/vc_column][vc_column width=&#8221;1\/3&#8243;][vc_column_text] guetschow@meetingpointmm.eu [\/vc_column_text][\/vc_column][vc_column width=&#8221;1\/3&#8243;][vc_column_text] bodnar@meetingpointmm.eu [\/vc_column_text][\/vc_column][\/vc_row][vc_row css_animation=&#8221;&#8221; row_type=&#8221;row&#8221; use_row_as_full_screen_section=&#8221;no&#8221; type=&#8221;full_width&#8221; angled_section=&#8221;no&#8221; text_align=&#8221;left&#8221; background_image_as_pattern=&#8221;without_pattern&#8221; z_index=&#8221;&#8221;...\" \/>\n<meta property=\"og:url\" content=\"https:\/\/www.meetingpoint-memory-messiaen.eu\/pl\/nasz-zespol\/\" \/>\n<meta property=\"og:site_name\" content=\"Meetingpoint Memory Messiaen e.V.\" \/>\n<meta property=\"article:modified_time\" content=\"2025-10-13T09:01:28+00:00\" \/>\n<meta name=\"twitter:card\" content=\"summary_large_image\" \/>\n<meta name=\"twitter:label1\" content=\"Szacowany czas czytania\" \/>\n\t<meta name=\"twitter:data1\" content=\"3 minuty\" \/>\n<script type=\"application\/ld+json\" class=\"yoast-schema-graph\">{\"@context\":\"https:\/\/schema.org\",\"@graph\":[{\"@type\":\"WebPage\",\"@id\":\"https:\/\/www.meetingpoint-memory-messiaen.eu\/pl\/nasz-zespol\/\",\"url\":\"https:\/\/www.meetingpoint-memory-messiaen.eu\/pl\/nasz-zespol\/\",\"name\":\"Nasz zesp\u00f3\u0142 - Meetingpoint Memory Messiaen e.V.\",\"isPartOf\":{\"@id\":\"https:\/\/www.meetingpoint-memory-messiaen.eu\/pl\/#website\"},\"datePublished\":\"2014-01-04T18:05:30+00:00\",\"dateModified\":\"2025-10-13T09:01:28+00:00\",\"breadcrumb\":{\"@id\":\"https:\/\/www.meetingpoint-memory-messiaen.eu\/pl\/nasz-zespol\/#breadcrumb\"},\"inLanguage\":\"pl-PL\",\"potentialAction\":[{\"@type\":\"ReadAction\",\"target\":[\"https:\/\/www.meetingpoint-memory-messiaen.eu\/pl\/nasz-zespol\/\"]}]},{\"@type\":\"BreadcrumbList\",\"@id\":\"https:\/\/www.meetingpoint-memory-messiaen.eu\/pl\/nasz-zespol\/#breadcrumb\",\"itemListElement\":[{\"@type\":\"ListItem\",\"position\":1,\"name\":\"Home\",\"item\":\"https:\/\/www.meetingpoint-memory-messiaen.eu\/pl\/\"},{\"@type\":\"ListItem\",\"position\":2,\"name\":\"Nasz zesp\u00f3\u0142\"}]},{\"@type\":\"WebSite\",\"@id\":\"https:\/\/www.meetingpoint-memory-messiaen.eu\/pl\/#website\",\"url\":\"https:\/\/www.meetingpoint-memory-messiaen.eu\/pl\/\",\"name\":\"Meetingpoint Memory Messiaen e.V.\",\"description\":\"\",\"potentialAction\":[{\"@type\":\"SearchAction\",\"target\":{\"@type\":\"EntryPoint\",\"urlTemplate\":\"https:\/\/www.meetingpoint-memory-messiaen.eu\/pl\/?s={search_term_string}\"},\"query-input\":{\"@type\":\"PropertyValueSpecification\",\"valueRequired\":true,\"valueName\":\"search_term_string\"}}],\"inLanguage\":\"pl-PL\"}]}<\/script>\n<!-- \/ Yoast SEO plugin. -->","yoast_head_json":{"title":"Nasz zesp\u00f3\u0142 - Meetingpoint Memory Messiaen e.V.","robots":{"index":"index","follow":"follow","max-snippet":"max-snippet:-1","max-image-preview":"max-image-preview:large","max-video-preview":"max-video-preview:-1"},"canonical":"https:\/\/www.meetingpoint-memory-messiaen.eu\/pl\/nasz-zespol\/","og_locale":"pl_PL","og_type":"article","og_title":"Nasz zesp\u00f3\u0142 - Meetingpoint Memory Messiaen e.V.","og_description":"[vc_row css_animation=&#8221;&#8221; row_type=&#8221;row&#8221; use_row_as_full_screen_section=&#8221;no&#8221; type=&#8221;full_width&#8221; angled_section=&#8221;no&#8221; text_align=&#8221;left&#8221; background_image_as_pattern=&#8221;without_pattern&#8221; z_index=&#8221;&#8221; el_class=&#8221;team-members&#8221;][vc_column width=&#8221;1\/3&#8243;][vc_column_text] grochowski@meetingpointmm.eu [\/vc_column_text][\/vc_column][vc_column width=&#8221;1\/3&#8243;][vc_column_text] kowalinski@meetingpointmm.eu [\/vc_column_text][\/vc_column][vc_column width=&#8221;1\/3&#8243;][vc_column_text] michalska@meetingpointmm.eu [\/vc_column_text][\/vc_column][\/vc_row][vc_row css_animation=&#8221;&#8221; row_type=&#8221;row&#8221; use_row_as_full_screen_section=&#8221;no&#8221; type=&#8221;full_width&#8221; angled_section=&#8221;no&#8221; text_align=&#8221;left&#8221; background_image_as_pattern=&#8221;without_pattern&#8221; z_index=&#8221;&#8221; el_class=&#8221;team-members&#8221;][vc_column width=&#8221;1\/3&#8243;][vc_column_text] bent@meetingpointmm.eu [\/vc_column_text][\/vc_column][vc_column width=&#8221;1\/3&#8243;][vc_column_text] guetschow@meetingpointmm.eu [\/vc_column_text][\/vc_column][vc_column width=&#8221;1\/3&#8243;][vc_column_text] bodnar@meetingpointmm.eu [\/vc_column_text][\/vc_column][\/vc_row][vc_row css_animation=&#8221;&#8221; row_type=&#8221;row&#8221; use_row_as_full_screen_section=&#8221;no&#8221; type=&#8221;full_width&#8221; angled_section=&#8221;no&#8221; text_align=&#8221;left&#8221; background_image_as_pattern=&#8221;without_pattern&#8221; z_index=&#8221;&#8221;...","og_url":"https:\/\/www.meetingpoint-memory-messiaen.eu\/pl\/nasz-zespol\/","og_site_name":"Meetingpoint Memory Messiaen e.V.","article_modified_time":"2025-10-13T09:01:28+00:00","twitter_card":"summary_large_image","twitter_misc":{"Szacowany czas czytania":"3 minuty"},"schema":{"@context":"https:\/\/schema.org","@graph":[{"@type":"WebPage","@id":"https:\/\/www.meetingpoint-memory-messiaen.eu\/pl\/nasz-zespol\/","url":"https:\/\/www.meetingpoint-memory-messiaen.eu\/pl\/nasz-zespol\/","name":"Nasz zesp\u00f3\u0142 - Meetingpoint Memory Messiaen e.V.","isPartOf":{"@id":"https:\/\/www.meetingpoint-memory-messiaen.eu\/pl\/#website"},"datePublished":"2014-01-04T18:05:30+00:00","dateModified":"2025-10-13T09:01:28+00:00","breadcrumb":{"@id":"https:\/\/www.meetingpoint-memory-messiaen.eu\/pl\/nasz-zespol\/#breadcrumb"},"inLanguage":"pl-PL","potentialAction":[{"@type":"ReadAction","target":["https:\/\/www.meetingpoint-memory-messiaen.eu\/pl\/nasz-zespol\/"]}]},{"@type":"BreadcrumbList","@id":"https:\/\/www.meetingpoint-memory-messiaen.eu\/pl\/nasz-zespol\/#breadcrumb","itemListElement":[{"@type":"ListItem","position":1,"name":"Home","item":"https:\/\/www.meetingpoint-memory-messiaen.eu\/pl\/"},{"@type":"ListItem","position":2,"name":"Nasz zesp\u00f3\u0142"}]},{"@type":"WebSite","@id":"https:\/\/www.meetingpoint-memory-messiaen.eu\/pl\/#website","url":"https:\/\/www.meetingpoint-memory-messiaen.eu\/pl\/","name":"Meetingpoint Memory Messiaen e.V.","description":"","potentialAction":[{"@type":"SearchAction","target":{"@type":"EntryPoint","urlTemplate":"https:\/\/www.meetingpoint-memory-messiaen.eu\/pl\/?s={search_term_string}"},"query-input":{"@type":"PropertyValueSpecification","valueRequired":true,"valueName":"search_term_string"}}],"inLanguage":"pl-PL"}]}},"_links":{"self":[{"href":"https:\/\/www.meetingpoint-memory-messiaen.eu\/pl\/wp-json\/wp\/v2\/pages\/2943","targetHints":{"allow":["GET"]}}],"collection":[{"href":"https:\/\/www.meetingpoint-memory-messiaen.eu\/pl\/wp-json\/wp\/v2\/pages"}],"about":[{"href":"https:\/\/www.meetingpoint-memory-messiaen.eu\/pl\/wp-json\/wp\/v2\/types\/page"}],"author":[{"embeddable":true,"href":"https:\/\/www.meetingpoint-memory-messiaen.eu\/pl\/wp-json\/wp\/v2\/users\/21"}],"replies":[{"embeddable":true,"href":"https:\/\/www.meetingpoint-memory-messiaen.eu\/pl\/wp-json\/wp\/v2\/comments?post=2943"}],"version-history":[{"count":94,"href":"https:\/\/www.meetingpoint-memory-messiaen.eu\/pl\/wp-json\/wp\/v2\/pages\/2943\/revisions"}],"predecessor-version":[{"id":19165,"href":"https:\/\/www.meetingpoint-memory-messiaen.eu\/pl\/wp-json\/wp\/v2\/pages\/2943\/revisions\/19165"}],"wp:attachment":[{"href":"https:\/\/www.meetingpoint-memory-messiaen.eu\/pl\/wp-json\/wp\/v2\/media?parent=2943"}],"curies":[{"name":"wp","href":"https:\/\/api.w.org\/{rel}","templated":true}]}}