{"id":2937,"date":"2014-01-04T19:03:47","date_gmt":"2014-01-04T18:03:47","guid":{"rendered":"http:\/\/wordpress.themusicpoint.net\/?page_id=2937"},"modified":"2019-05-02T12:19:48","modified_gmt":"2019-05-02T10:19:48","slug":"gabriel-zucker","status":"publish","type":"page","link":"https:\/\/www.meetingpoint-memory-messiaen.eu\/pl\/gabriel-zucker\/","title":{"rendered":"Gabriel Zucker"},"content":{"rendered":"<p>[vc_row css_animation=&#8221;&#8221; row_type=&#8221;row&#8221; use_row_as_full_screen_section=&#8221;no&#8221; type=&#8221;full_width&#8221; angled_section=&#8221;no&#8221; text_align=&#8221;left&#8221; background_image_as_pattern=&#8221;without_pattern&#8221;][vc_column][vc_column_text]<img decoding=\"async\" src=\"https:\/\/www.meetingpoint-memory-messiaen.eu\/wp-content\/uploads\/2019\/04\/gabriel-zucker-konzert.jpg\" alt=\"Gabriel Zucker\" \/><\/p>\n<p>W ostatni\u0105 sobot\u0119 lipca stowarzyszenie Meetingpoint Music Messiaen wsp\u00f3lnie z Vino E Cultura zapraszaj\u0105 na wyj\u0105tkowy koncert fortepianowy z Gabrielem Zucker. Ten pochodz\u0105cy z Nowego Jorku m\u0142ody, nietuzinkowy pianista w lipcu odbywa tournee po Europie, w ramach kt\u00f3rego tylko na jeden koncert zatrzyma si\u0119 w Niemczech &#8211; 29 lipca Zucker zawita do G\u00f6rlitz, gdzie zaprezentuje bardzo rzadko grane dzi\u015b dzie\u0142o Oliviera Messiaena &#8211; &#8222;Dwadzie\u015bcie spojrze\u0144 na Dzieci\u0105tko Jezus&#8221;.<\/p>\n<p>To dwugodzinne opus magnum na fortepian zaliczane jest do kluczowych dzie\u0142 francuskiego kompozytora. Tematyk\u0119 utworu stanowi rozwa\u017canie nad dzieci\u0144stwem Jezusa. Inspiracj\u0119 do stworzenia utworu stanowi\u0142y dla Messiaena m.in. \u015bpiew ptak\u00f3w, muzyka orientalna, d\u017awi\u0119k dzwon\u00f3w i wiara katolicka &#8211; literack\u0105 inspiracj\u0119 Messiaen czerpa\u0142 m.in. z pism \u015bw. Tomasza z Akwinu oraz ewangelii.<\/p>\n<p>Koncert Gabriela Zuckera stanowi niezwyk\u0142\u0105 okazj\u0119 do wys\u0142uchania tego monstrualnego dzie\u0142a w ca\u0142o\u015bci &#8211; dzi\u015b utw\u00f3r ten, uznawany za jedn\u0105 z najwa\u017cniejszych kompozycji XX wieku, grany jest bowiem przez pianist\u00f3w od pocz\u0105tku do ko\u0144ca tylko sporadycznie.<\/p>\n<p><a href=\"http:\/\/www.gabrielzucker.com\/home.html\" target=\"_blank\" rel=\"noopener noreferrer\">Gabriel Zucker<\/a> to wielokrotnie nagradzany pianista, kompozytor i multiinstrumentalista. Pochodzi z Nowego Jorku. Jako specjalista muzyki klasycznej XX wieku i wolnej improwizacji Zucker \u0142\u0105czy kompozycj\u0119 z improwizacj\u0105 progresywn\u0105 kreatywnej sceny muzycznej Nowego Jorku. Muzyk dwukrotnie zdoby\u0142 nagrod\u0119 ASCAP w kategorii kompozycja. W Nowym Jorku wyst\u0119powa\u0142 w takich miejscach jak Carnegie Hall, Le Poisson Rouge czy Jazz Gallery. Wielokrotnie koncertowa\u0142 na p\u00f3\u0142nocnym wschodzie Stan\u00f3w Zjednoczonych, w Kanadzie oraz w Europie.<\/p>\n<p><strong>Koncert \u201eDwadzie\u015bcie spojrze\u0144 na Dzieci\u0105tko Jezus\u201d odb\u0119dzie si\u0119 w sobot\u0119, 29 lipca o godz. 19.30 w Vino e Cultura (Untermarkt 2, G\u00f6rlitz).<\/strong><\/p>\n<p>Wi\u0119cej informacji:\u00a0<a href=\"https:\/\/www.meetingpoint-memory-messiaen.eu\/pl\/gabriel-zucker-meets-messiaen\/\" target=\"_blank\" rel=\"noopener noreferrer\">tutaj<\/a>[\/vc_column_text][\/vc_column][\/vc_row]<\/p>\n","protected":false},"excerpt":{"rendered":"<p>[vc_row css_animation=&#8221;&#8221; row_type=&#8221;row&#8221; use_row_as_full_screen_section=&#8221;no&#8221; type=&#8221;full_width&#8221; angled_section=&#8221;no&#8221; text_align=&#8221;left&#8221; background_image_as_pattern=&#8221;without_pattern&#8221;][vc_column][vc_column_text] W ostatni\u0105 sobot\u0119 lipca stowarzyszenie Meetingpoint Music Messiaen wsp\u00f3lnie z Vino E Cultura zapraszaj\u0105 na wyj\u0105tkowy koncert fortepianowy z Gabrielem Zucker. Ten pochodz\u0105cy z Nowego Jorku m\u0142ody, nietuzinkowy pianista w lipcu odbywa tournee po Europie, w ramach&#8230;<\/p>\n","protected":false},"author":21,"featured_media":0,"parent":0,"menu_order":0,"comment_status":"closed","ping_status":"closed","template":"","meta":{"footnotes":""},"class_list":["post-2937","page","type-page","status-publish","hentry"],"yoast_head":"<!-- This site is optimized with the Yoast SEO plugin v24.3 - https:\/\/yoast.com\/wordpress\/plugins\/seo\/ -->\n<title>Gabriel Zucker - Meetingpoint Memory Messiaen e.V.<\/title>\n<meta name=\"robots\" content=\"index, follow, max-snippet:-1, max-image-preview:large, max-video-preview:-1\" \/>\n<link rel=\"canonical\" href=\"https:\/\/www.meetingpoint-memory-messiaen.eu\/pl\/gabriel-zucker\/\" \/>\n<meta property=\"og:locale\" content=\"pl_PL\" \/>\n<meta property=\"og:type\" content=\"article\" \/>\n<meta property=\"og:title\" content=\"Gabriel Zucker - Meetingpoint Memory Messiaen e.V.\" \/>\n<meta property=\"og:description\" content=\"[vc_row css_animation=&#8221;&#8221; row_type=&#8221;row&#8221; use_row_as_full_screen_section=&#8221;no&#8221; type=&#8221;full_width&#8221; angled_section=&#8221;no&#8221; text_align=&#8221;left&#8221; background_image_as_pattern=&#8221;without_pattern&#8221;][vc_column][vc_column_text] W ostatni\u0105 sobot\u0119 lipca stowarzyszenie Meetingpoint Music Messiaen wsp\u00f3lnie z Vino E Cultura zapraszaj\u0105 na wyj\u0105tkowy koncert fortepianowy z Gabrielem Zucker. Ten pochodz\u0105cy z Nowego Jorku m\u0142ody, nietuzinkowy pianista w lipcu odbywa tournee po Europie, w ramach...\" \/>\n<meta property=\"og:url\" content=\"https:\/\/www.meetingpoint-memory-messiaen.eu\/pl\/gabriel-zucker\/\" \/>\n<meta property=\"og:site_name\" content=\"Meetingpoint Memory Messiaen e.V.\" \/>\n<meta property=\"article:modified_time\" content=\"2019-05-02T10:19:48+00:00\" \/>\n<meta property=\"og:image\" content=\"https:\/\/www.meetingpoint-memory-messiaen.eu\/wp-content\/uploads\/2019\/04\/gabriel-zucker-konzert.jpg\" \/>\n<meta name=\"twitter:card\" content=\"summary_large_image\" \/>\n<meta name=\"twitter:label1\" content=\"Szacowany czas czytania\" \/>\n\t<meta name=\"twitter:data1\" content=\"2 minuty\" \/>\n<script type=\"application\/ld+json\" class=\"yoast-schema-graph\">{\"@context\":\"https:\/\/schema.org\",\"@graph\":[{\"@type\":\"WebPage\",\"@id\":\"https:\/\/www.meetingpoint-memory-messiaen.eu\/pl\/gabriel-zucker\/\",\"url\":\"https:\/\/www.meetingpoint-memory-messiaen.eu\/pl\/gabriel-zucker\/\",\"name\":\"Gabriel Zucker - Meetingpoint Memory Messiaen e.V.\",\"isPartOf\":{\"@id\":\"https:\/\/www.meetingpoint-memory-messiaen.eu\/pl\/#website\"},\"primaryImageOfPage\":{\"@id\":\"https:\/\/www.meetingpoint-memory-messiaen.eu\/pl\/gabriel-zucker\/#primaryimage\"},\"image\":{\"@id\":\"https:\/\/www.meetingpoint-memory-messiaen.eu\/pl\/gabriel-zucker\/#primaryimage\"},\"thumbnailUrl\":\"https:\/\/www.meetingpoint-memory-messiaen.eu\/wp-content\/uploads\/2019\/04\/gabriel-zucker-konzert.jpg\",\"datePublished\":\"2014-01-04T18:03:47+00:00\",\"dateModified\":\"2019-05-02T10:19:48+00:00\",\"breadcrumb\":{\"@id\":\"https:\/\/www.meetingpoint-memory-messiaen.eu\/pl\/gabriel-zucker\/#breadcrumb\"},\"inLanguage\":\"pl-PL\",\"potentialAction\":[{\"@type\":\"ReadAction\",\"target\":[\"https:\/\/www.meetingpoint-memory-messiaen.eu\/pl\/gabriel-zucker\/\"]}]},{\"@type\":\"ImageObject\",\"inLanguage\":\"pl-PL\",\"@id\":\"https:\/\/www.meetingpoint-memory-messiaen.eu\/pl\/gabriel-zucker\/#primaryimage\",\"url\":\"https:\/\/www.meetingpoint-memory-messiaen.eu\/wp-content\/uploads\/2019\/04\/gabriel-zucker-konzert.jpg\",\"contentUrl\":\"https:\/\/www.meetingpoint-memory-messiaen.eu\/wp-content\/uploads\/2019\/04\/gabriel-zucker-konzert.jpg\"},{\"@type\":\"BreadcrumbList\",\"@id\":\"https:\/\/www.meetingpoint-memory-messiaen.eu\/pl\/gabriel-zucker\/#breadcrumb\",\"itemListElement\":[{\"@type\":\"ListItem\",\"position\":1,\"name\":\"Home\",\"item\":\"https:\/\/www.meetingpoint-memory-messiaen.eu\/pl\/\"},{\"@type\":\"ListItem\",\"position\":2,\"name\":\"Gabriel Zucker\"}]},{\"@type\":\"WebSite\",\"@id\":\"https:\/\/www.meetingpoint-memory-messiaen.eu\/pl\/#website\",\"url\":\"https:\/\/www.meetingpoint-memory-messiaen.eu\/pl\/\",\"name\":\"Meetingpoint Memory Messiaen e.V.\",\"description\":\"\",\"potentialAction\":[{\"@type\":\"SearchAction\",\"target\":{\"@type\":\"EntryPoint\",\"urlTemplate\":\"https:\/\/www.meetingpoint-memory-messiaen.eu\/pl\/?s={search_term_string}\"},\"query-input\":{\"@type\":\"PropertyValueSpecification\",\"valueRequired\":true,\"valueName\":\"search_term_string\"}}],\"inLanguage\":\"pl-PL\"}]}<\/script>\n<!-- \/ Yoast SEO plugin. -->","yoast_head_json":{"title":"Gabriel Zucker - Meetingpoint Memory Messiaen e.V.","robots":{"index":"index","follow":"follow","max-snippet":"max-snippet:-1","max-image-preview":"max-image-preview:large","max-video-preview":"max-video-preview:-1"},"canonical":"https:\/\/www.meetingpoint-memory-messiaen.eu\/pl\/gabriel-zucker\/","og_locale":"pl_PL","og_type":"article","og_title":"Gabriel Zucker - Meetingpoint Memory Messiaen e.V.","og_description":"[vc_row css_animation=&#8221;&#8221; row_type=&#8221;row&#8221; use_row_as_full_screen_section=&#8221;no&#8221; type=&#8221;full_width&#8221; angled_section=&#8221;no&#8221; text_align=&#8221;left&#8221; background_image_as_pattern=&#8221;without_pattern&#8221;][vc_column][vc_column_text] W ostatni\u0105 sobot\u0119 lipca stowarzyszenie Meetingpoint Music Messiaen wsp\u00f3lnie z Vino E Cultura zapraszaj\u0105 na wyj\u0105tkowy koncert fortepianowy z Gabrielem Zucker. Ten pochodz\u0105cy z Nowego Jorku m\u0142ody, nietuzinkowy pianista w lipcu odbywa tournee po Europie, w ramach...","og_url":"https:\/\/www.meetingpoint-memory-messiaen.eu\/pl\/gabriel-zucker\/","og_site_name":"Meetingpoint Memory Messiaen e.V.","article_modified_time":"2019-05-02T10:19:48+00:00","og_image":[{"url":"https:\/\/www.meetingpoint-memory-messiaen.eu\/wp-content\/uploads\/2019\/04\/gabriel-zucker-konzert.jpg","type":"","width":"","height":""}],"twitter_card":"summary_large_image","twitter_misc":{"Szacowany czas czytania":"2 minuty"},"schema":{"@context":"https:\/\/schema.org","@graph":[{"@type":"WebPage","@id":"https:\/\/www.meetingpoint-memory-messiaen.eu\/pl\/gabriel-zucker\/","url":"https:\/\/www.meetingpoint-memory-messiaen.eu\/pl\/gabriel-zucker\/","name":"Gabriel Zucker - Meetingpoint Memory Messiaen e.V.","isPartOf":{"@id":"https:\/\/www.meetingpoint-memory-messiaen.eu\/pl\/#website"},"primaryImageOfPage":{"@id":"https:\/\/www.meetingpoint-memory-messiaen.eu\/pl\/gabriel-zucker\/#primaryimage"},"image":{"@id":"https:\/\/www.meetingpoint-memory-messiaen.eu\/pl\/gabriel-zucker\/#primaryimage"},"thumbnailUrl":"https:\/\/www.meetingpoint-memory-messiaen.eu\/wp-content\/uploads\/2019\/04\/gabriel-zucker-konzert.jpg","datePublished":"2014-01-04T18:03:47+00:00","dateModified":"2019-05-02T10:19:48+00:00","breadcrumb":{"@id":"https:\/\/www.meetingpoint-memory-messiaen.eu\/pl\/gabriel-zucker\/#breadcrumb"},"inLanguage":"pl-PL","potentialAction":[{"@type":"ReadAction","target":["https:\/\/www.meetingpoint-memory-messiaen.eu\/pl\/gabriel-zucker\/"]}]},{"@type":"ImageObject","inLanguage":"pl-PL","@id":"https:\/\/www.meetingpoint-memory-messiaen.eu\/pl\/gabriel-zucker\/#primaryimage","url":"https:\/\/www.meetingpoint-memory-messiaen.eu\/wp-content\/uploads\/2019\/04\/gabriel-zucker-konzert.jpg","contentUrl":"https:\/\/www.meetingpoint-memory-messiaen.eu\/wp-content\/uploads\/2019\/04\/gabriel-zucker-konzert.jpg"},{"@type":"BreadcrumbList","@id":"https:\/\/www.meetingpoint-memory-messiaen.eu\/pl\/gabriel-zucker\/#breadcrumb","itemListElement":[{"@type":"ListItem","position":1,"name":"Home","item":"https:\/\/www.meetingpoint-memory-messiaen.eu\/pl\/"},{"@type":"ListItem","position":2,"name":"Gabriel Zucker"}]},{"@type":"WebSite","@id":"https:\/\/www.meetingpoint-memory-messiaen.eu\/pl\/#website","url":"https:\/\/www.meetingpoint-memory-messiaen.eu\/pl\/","name":"Meetingpoint Memory Messiaen e.V.","description":"","potentialAction":[{"@type":"SearchAction","target":{"@type":"EntryPoint","urlTemplate":"https:\/\/www.meetingpoint-memory-messiaen.eu\/pl\/?s={search_term_string}"},"query-input":{"@type":"PropertyValueSpecification","valueRequired":true,"valueName":"search_term_string"}}],"inLanguage":"pl-PL"}]}},"_links":{"self":[{"href":"https:\/\/www.meetingpoint-memory-messiaen.eu\/pl\/wp-json\/wp\/v2\/pages\/2937","targetHints":{"allow":["GET"]}}],"collection":[{"href":"https:\/\/www.meetingpoint-memory-messiaen.eu\/pl\/wp-json\/wp\/v2\/pages"}],"about":[{"href":"https:\/\/www.meetingpoint-memory-messiaen.eu\/pl\/wp-json\/wp\/v2\/types\/page"}],"author":[{"embeddable":true,"href":"https:\/\/www.meetingpoint-memory-messiaen.eu\/pl\/wp-json\/wp\/v2\/users\/21"}],"replies":[{"embeddable":true,"href":"https:\/\/www.meetingpoint-memory-messiaen.eu\/pl\/wp-json\/wp\/v2\/comments?post=2937"}],"version-history":[{"count":17,"href":"https:\/\/www.meetingpoint-memory-messiaen.eu\/pl\/wp-json\/wp\/v2\/pages\/2937\/revisions"}],"predecessor-version":[{"id":9515,"href":"https:\/\/www.meetingpoint-memory-messiaen.eu\/pl\/wp-json\/wp\/v2\/pages\/2937\/revisions\/9515"}],"wp:attachment":[{"href":"https:\/\/www.meetingpoint-memory-messiaen.eu\/pl\/wp-json\/wp\/v2\/media?parent=2937"}],"curies":[{"name":"wp","href":"https:\/\/api.w.org\/{rel}","templated":true}]}}