{"id":2935,"date":"2014-01-04T19:02:11","date_gmt":"2014-01-04T18:02:11","guid":{"rendered":"http:\/\/wordpress.themusicpoint.net\/?page_id=2935"},"modified":"2022-11-23T11:55:42","modified_gmt":"2022-11-23T10:55:42","slug":"europejskie-centrum-pamiec-edukacja-kultura","status":"publish","type":"page","link":"https:\/\/www.meetingpoint-memory-messiaen.eu\/pl\/europejskie-centrum-pamiec-edukacja-kultura\/","title":{"rendered":"Europejskie Centrum Pami\u0119\u0107, Edukacja, Kultura"},"content":{"rendered":"<p>[vc_row css_animation=&#8221;&#8221; row_type=&#8221;row&#8221; use_row_as_full_screen_section=&#8221;no&#8221; type=&#8221;full_width&#8221; angled_section=&#8221;no&#8221; text_align=&#8221;left&#8221; background_image_as_pattern=&#8221;without_pattern&#8221; gap=&#8221;15&#8243;][vc_column][vc_column_text]<img loading=\"lazy\" decoding=\"async\" class=\"aligncenter wp-image-16545 size-full\" src=\"https:\/\/www.meetingpoint-memory-messiaen.eu\/pl\/wp-content\/uploads\/2022\/07\/1.jpg\" alt=\"\" width=\"960\" height=\"600\" srcset=\"https:\/\/www.meetingpoint-memory-messiaen.eu\/pl\/wp-content\/uploads\/2022\/07\/1.jpg 960w, https:\/\/www.meetingpoint-memory-messiaen.eu\/pl\/wp-content\/uploads\/2022\/07\/1-300x188.jpg 300w, https:\/\/www.meetingpoint-memory-messiaen.eu\/pl\/wp-content\/uploads\/2022\/07\/1-700x438.jpg 700w\" sizes=\"auto, (max-width: 960px) 100vw, 960px\" \/><\/p>\n<p>W grudniu 2004 roku, we wsp\u00f3\u0142pracy strony polskiej i niemieckiej, narodzi\u0142 si\u0119 pomys\u0142 za\u0142o\u017cenia w historycznym miejscu &#8211; znajduj\u0105cym si\u0119 dzisiaj na terenie polskiej cz\u0119\u015bci Europa-Miasta by\u0142ym <a href=\"https:\/\/www.meetingpoint-memory-messiaen.eu\/pl\/stalagu-viii-a\/\" target=\"_blank\" rel=\"noopener noreferrer\">Stalagu VIII A<\/a>, Europejskiego Centrum Pami\u0119\u0107, Edukacja, Kultura.<\/p>\n<p>Centrum zosta\u0142o otwarte w styczniu\u00a02015 roku, staj\u0105c si\u0119 miejscem pami\u0119ci, refleksji i spotka\u0144 dla rodzin by\u0142ych je\u0144c\u00f3w z wielu kraj\u00f3w, dla ludzi zafascynowanych muzyk\u0105 Oliviera Messiaena, mieszka\u0144c\u00f3w regionu, a tak\u017ce turyst\u00f3w zainteresowanych histori\u0105 Stalagu VIII A. Zwiedzaj\u0105cym, w szczeg\u00f3lno\u015bci m\u0142odzie\u017cy, oferuje obszerny program opieraj\u0105cy si\u0119 na trzech filarach tematycznych: historii, muzyce i sztuce, jak r\u00f3wnie\u017c problematyce europejskiej.<\/p>\n<p>Osob\u0105, kt\u00f3ra \u0142\u0105czy czasy II wojny \u015bwiatowej ze wsp\u00f3\u0142czesno\u015bci\u0105 jest Olivier Messiaen. Ten francuski kompozytor, jako jeniec wojenny, skomponowa\u0142 w Stalagu VIII A \u201e<a href=\"https:\/\/www.meetingpoint-memory-messiaen.eu\/pl\/kwartet-na-koniec-czasu\/\" target=\"_blank\" rel=\"noopener noreferrer\">Kwartet na koniec czasu<\/a>\u201d. Tam r\u00f3wnie\u017c, w baraku 27B, 15 stycznia 1941 roku w obecno\u015bci oko\u0142o 400 je\u0144c\u00f3w i stra\u017cnik\u00f3w odby\u0142o si\u0119 jego prawykonanie. &#8222;Kwartet&#8221; jest dzisiaj jednym z najcz\u0119\u015bciej wykonywanych utwor\u00f3w muzyki kameralnej XX wieku.<\/p>\n<p>Dalsze informacje mo\u017cna znale\u017a\u0107 <a href=\"https:\/\/www.meetingpoint-memory-messiaen.eu\/pl\/o-europejskim-centrum-pamiec-edukacja-kultura\/\" target=\"_blank\" rel=\"noopener noreferrer\">tutaj<\/a>.[\/vc_column_text][\/vc_column][\/vc_row][vc_row css_animation=&#8221;&#8221; row_type=&#8221;row&#8221; use_row_as_full_screen_section=&#8221;no&#8221; type=&#8221;full_width&#8221; angled_section=&#8221;no&#8221; text_align=&#8221;left&#8221; background_image_as_pattern=&#8221;without_pattern&#8221; gap=&#8221;15&#8243;][vc_column][vc_separator type=&#8221;normal&#8221;][\/vc_column][\/vc_row][vc_row css_animation=&#8221;&#8221; row_type=&#8221;row&#8221; use_row_as_full_screen_section=&#8221;no&#8221; type=&#8221;full_width&#8221; angled_section=&#8221;no&#8221; text_align=&#8221;left&#8221; background_image_as_pattern=&#8221;without_pattern&#8221; gap=&#8221;15&#8243;][vc_column][vc_column_text]<a href=\"http:\/\/www.centrumstalag8a.pl\" target=\"_blank\" rel=\"noopener noreferrer\">Europejskie Centrum Pami\u0119\u0107, Edukacja, Kultura<\/a> znajduje si\u0119 w\u00a0Zgorzelcu na terenie by\u0142ego niemieckiego obozu jenieckiego Stalag VIII A.<\/p>\n<p><strong>Kontakt i adres:<\/strong><br \/>\nKo\u017alice 1, 59-900 Zgorzelec<br \/>\n<a href=\"mailto:biuro@fpek.pl\">biuro@fpek.pl<\/a><br \/>\n+48 75 640 86 12<\/p>\n<p><strong>Godziny otwarcia Europejskiego Centrum:<\/strong><br \/>\nod poniedzia\u0142ku do pi\u0105tku<br \/>\nw godz. 10:00 \u2013 16:00[\/vc_column_text][\/vc_column][\/vc_row]<\/p>\n","protected":false},"excerpt":{"rendered":"<p>[vc_row css_animation=&#8221;&#8221; row_type=&#8221;row&#8221; use_row_as_full_screen_section=&#8221;no&#8221; type=&#8221;full_width&#8221; angled_section=&#8221;no&#8221; text_align=&#8221;left&#8221; background_image_as_pattern=&#8221;without_pattern&#8221; gap=&#8221;15&#8243;][vc_column][vc_column_text] W grudniu 2004 roku, we wsp\u00f3\u0142pracy strony polskiej i niemieckiej, narodzi\u0142 si\u0119 pomys\u0142 za\u0142o\u017cenia w historycznym miejscu &#8211; znajduj\u0105cym si\u0119 dzisiaj na terenie polskiej cz\u0119\u015bci Europa-Miasta by\u0142ym Stalagu VIII A, Europejskiego Centrum Pami\u0119\u0107, Edukacja, Kultura. Centrum&#8230;<\/p>\n","protected":false},"author":21,"featured_media":0,"parent":0,"menu_order":0,"comment_status":"closed","ping_status":"closed","template":"","meta":{"footnotes":""},"class_list":["post-2935","page","type-page","status-publish","hentry"],"yoast_head":"<!-- This site is optimized with the Yoast SEO plugin v24.3 - https:\/\/yoast.com\/wordpress\/plugins\/seo\/ -->\n<title>Europejskie Centrum Pami\u0119\u0107, Edukacja, Kultura - Meetingpoint Memory Messiaen e.V.<\/title>\n<meta name=\"robots\" content=\"index, follow, max-snippet:-1, max-image-preview:large, max-video-preview:-1\" \/>\n<link rel=\"canonical\" href=\"https:\/\/www.meetingpoint-memory-messiaen.eu\/pl\/europejskie-centrum-pamiec-edukacja-kultura\/\" \/>\n<meta property=\"og:locale\" content=\"pl_PL\" \/>\n<meta property=\"og:type\" content=\"article\" \/>\n<meta property=\"og:title\" content=\"Europejskie Centrum Pami\u0119\u0107, Edukacja, Kultura - Meetingpoint Memory Messiaen e.V.\" \/>\n<meta property=\"og:description\" content=\"[vc_row css_animation=&#8221;&#8221; row_type=&#8221;row&#8221; use_row_as_full_screen_section=&#8221;no&#8221; type=&#8221;full_width&#8221; angled_section=&#8221;no&#8221; text_align=&#8221;left&#8221; background_image_as_pattern=&#8221;without_pattern&#8221; gap=&#8221;15&#8243;][vc_column][vc_column_text] W grudniu 2004 roku, we wsp\u00f3\u0142pracy strony polskiej i niemieckiej, narodzi\u0142 si\u0119 pomys\u0142 za\u0142o\u017cenia w historycznym miejscu &#8211; znajduj\u0105cym si\u0119 dzisiaj na terenie polskiej cz\u0119\u015bci Europa-Miasta by\u0142ym Stalagu VIII A, Europejskiego Centrum Pami\u0119\u0107, Edukacja, Kultura. Centrum...\" \/>\n<meta property=\"og:url\" content=\"https:\/\/www.meetingpoint-memory-messiaen.eu\/pl\/europejskie-centrum-pamiec-edukacja-kultura\/\" \/>\n<meta property=\"og:site_name\" content=\"Meetingpoint Memory Messiaen e.V.\" \/>\n<meta property=\"article:modified_time\" content=\"2022-11-23T10:55:42+00:00\" \/>\n<meta property=\"og:image\" content=\"https:\/\/www.meetingpoint-memory-messiaen.eu\/pl\/wp-content\/uploads\/2022\/07\/1.jpg\" \/>\n<meta name=\"twitter:card\" content=\"summary_large_image\" \/>\n<meta name=\"twitter:label1\" content=\"Szacowany czas czytania\" \/>\n\t<meta name=\"twitter:data1\" content=\"2 minuty\" \/>\n<script type=\"application\/ld+json\" class=\"yoast-schema-graph\">{\"@context\":\"https:\/\/schema.org\",\"@graph\":[{\"@type\":\"WebPage\",\"@id\":\"https:\/\/www.meetingpoint-memory-messiaen.eu\/pl\/europejskie-centrum-pamiec-edukacja-kultura\/\",\"url\":\"https:\/\/www.meetingpoint-memory-messiaen.eu\/pl\/europejskie-centrum-pamiec-edukacja-kultura\/\",\"name\":\"Europejskie Centrum Pami\u0119\u0107, Edukacja, Kultura - Meetingpoint Memory Messiaen e.V.\",\"isPartOf\":{\"@id\":\"https:\/\/www.meetingpoint-memory-messiaen.eu\/pl\/#website\"},\"primaryImageOfPage\":{\"@id\":\"https:\/\/www.meetingpoint-memory-messiaen.eu\/pl\/europejskie-centrum-pamiec-edukacja-kultura\/#primaryimage\"},\"image\":{\"@id\":\"https:\/\/www.meetingpoint-memory-messiaen.eu\/pl\/europejskie-centrum-pamiec-edukacja-kultura\/#primaryimage\"},\"thumbnailUrl\":\"https:\/\/www.meetingpoint-memory-messiaen.eu\/pl\/wp-content\/uploads\/2022\/07\/1.jpg\",\"datePublished\":\"2014-01-04T18:02:11+00:00\",\"dateModified\":\"2022-11-23T10:55:42+00:00\",\"breadcrumb\":{\"@id\":\"https:\/\/www.meetingpoint-memory-messiaen.eu\/pl\/europejskie-centrum-pamiec-edukacja-kultura\/#breadcrumb\"},\"inLanguage\":\"pl-PL\",\"potentialAction\":[{\"@type\":\"ReadAction\",\"target\":[\"https:\/\/www.meetingpoint-memory-messiaen.eu\/pl\/europejskie-centrum-pamiec-edukacja-kultura\/\"]}]},{\"@type\":\"ImageObject\",\"inLanguage\":\"pl-PL\",\"@id\":\"https:\/\/www.meetingpoint-memory-messiaen.eu\/pl\/europejskie-centrum-pamiec-edukacja-kultura\/#primaryimage\",\"url\":\"https:\/\/www.meetingpoint-memory-messiaen.eu\/pl\/wp-content\/uploads\/2022\/07\/1.jpg\",\"contentUrl\":\"https:\/\/www.meetingpoint-memory-messiaen.eu\/pl\/wp-content\/uploads\/2022\/07\/1.jpg\",\"width\":960,\"height\":600},{\"@type\":\"BreadcrumbList\",\"@id\":\"https:\/\/www.meetingpoint-memory-messiaen.eu\/pl\/europejskie-centrum-pamiec-edukacja-kultura\/#breadcrumb\",\"itemListElement\":[{\"@type\":\"ListItem\",\"position\":1,\"name\":\"Home\",\"item\":\"https:\/\/www.meetingpoint-memory-messiaen.eu\/pl\/\"},{\"@type\":\"ListItem\",\"position\":2,\"name\":\"Europejskie Centrum Pami\u0119\u0107, Edukacja, Kultura\"}]},{\"@type\":\"WebSite\",\"@id\":\"https:\/\/www.meetingpoint-memory-messiaen.eu\/pl\/#website\",\"url\":\"https:\/\/www.meetingpoint-memory-messiaen.eu\/pl\/\",\"name\":\"Meetingpoint Memory Messiaen e.V.\",\"description\":\"\",\"potentialAction\":[{\"@type\":\"SearchAction\",\"target\":{\"@type\":\"EntryPoint\",\"urlTemplate\":\"https:\/\/www.meetingpoint-memory-messiaen.eu\/pl\/?s={search_term_string}\"},\"query-input\":{\"@type\":\"PropertyValueSpecification\",\"valueRequired\":true,\"valueName\":\"search_term_string\"}}],\"inLanguage\":\"pl-PL\"}]}<\/script>\n<!-- \/ Yoast SEO plugin. -->","yoast_head_json":{"title":"Europejskie Centrum Pami\u0119\u0107, Edukacja, Kultura - Meetingpoint Memory Messiaen e.V.","robots":{"index":"index","follow":"follow","max-snippet":"max-snippet:-1","max-image-preview":"max-image-preview:large","max-video-preview":"max-video-preview:-1"},"canonical":"https:\/\/www.meetingpoint-memory-messiaen.eu\/pl\/europejskie-centrum-pamiec-edukacja-kultura\/","og_locale":"pl_PL","og_type":"article","og_title":"Europejskie Centrum Pami\u0119\u0107, Edukacja, Kultura - Meetingpoint Memory Messiaen e.V.","og_description":"[vc_row css_animation=&#8221;&#8221; row_type=&#8221;row&#8221; use_row_as_full_screen_section=&#8221;no&#8221; type=&#8221;full_width&#8221; angled_section=&#8221;no&#8221; text_align=&#8221;left&#8221; background_image_as_pattern=&#8221;without_pattern&#8221; gap=&#8221;15&#8243;][vc_column][vc_column_text] W grudniu 2004 roku, we wsp\u00f3\u0142pracy strony polskiej i niemieckiej, narodzi\u0142 si\u0119 pomys\u0142 za\u0142o\u017cenia w historycznym miejscu &#8211; znajduj\u0105cym si\u0119 dzisiaj na terenie polskiej cz\u0119\u015bci Europa-Miasta by\u0142ym Stalagu VIII A, Europejskiego Centrum Pami\u0119\u0107, Edukacja, Kultura. Centrum...","og_url":"https:\/\/www.meetingpoint-memory-messiaen.eu\/pl\/europejskie-centrum-pamiec-edukacja-kultura\/","og_site_name":"Meetingpoint Memory Messiaen e.V.","article_modified_time":"2022-11-23T10:55:42+00:00","og_image":[{"url":"https:\/\/www.meetingpoint-memory-messiaen.eu\/pl\/wp-content\/uploads\/2022\/07\/1.jpg","type":"","width":"","height":""}],"twitter_card":"summary_large_image","twitter_misc":{"Szacowany czas czytania":"2 minuty"},"schema":{"@context":"https:\/\/schema.org","@graph":[{"@type":"WebPage","@id":"https:\/\/www.meetingpoint-memory-messiaen.eu\/pl\/europejskie-centrum-pamiec-edukacja-kultura\/","url":"https:\/\/www.meetingpoint-memory-messiaen.eu\/pl\/europejskie-centrum-pamiec-edukacja-kultura\/","name":"Europejskie Centrum Pami\u0119\u0107, Edukacja, Kultura - Meetingpoint Memory Messiaen e.V.","isPartOf":{"@id":"https:\/\/www.meetingpoint-memory-messiaen.eu\/pl\/#website"},"primaryImageOfPage":{"@id":"https:\/\/www.meetingpoint-memory-messiaen.eu\/pl\/europejskie-centrum-pamiec-edukacja-kultura\/#primaryimage"},"image":{"@id":"https:\/\/www.meetingpoint-memory-messiaen.eu\/pl\/europejskie-centrum-pamiec-edukacja-kultura\/#primaryimage"},"thumbnailUrl":"https:\/\/www.meetingpoint-memory-messiaen.eu\/pl\/wp-content\/uploads\/2022\/07\/1.jpg","datePublished":"2014-01-04T18:02:11+00:00","dateModified":"2022-11-23T10:55:42+00:00","breadcrumb":{"@id":"https:\/\/www.meetingpoint-memory-messiaen.eu\/pl\/europejskie-centrum-pamiec-edukacja-kultura\/#breadcrumb"},"inLanguage":"pl-PL","potentialAction":[{"@type":"ReadAction","target":["https:\/\/www.meetingpoint-memory-messiaen.eu\/pl\/europejskie-centrum-pamiec-edukacja-kultura\/"]}]},{"@type":"ImageObject","inLanguage":"pl-PL","@id":"https:\/\/www.meetingpoint-memory-messiaen.eu\/pl\/europejskie-centrum-pamiec-edukacja-kultura\/#primaryimage","url":"https:\/\/www.meetingpoint-memory-messiaen.eu\/pl\/wp-content\/uploads\/2022\/07\/1.jpg","contentUrl":"https:\/\/www.meetingpoint-memory-messiaen.eu\/pl\/wp-content\/uploads\/2022\/07\/1.jpg","width":960,"height":600},{"@type":"BreadcrumbList","@id":"https:\/\/www.meetingpoint-memory-messiaen.eu\/pl\/europejskie-centrum-pamiec-edukacja-kultura\/#breadcrumb","itemListElement":[{"@type":"ListItem","position":1,"name":"Home","item":"https:\/\/www.meetingpoint-memory-messiaen.eu\/pl\/"},{"@type":"ListItem","position":2,"name":"Europejskie Centrum Pami\u0119\u0107, Edukacja, Kultura"}]},{"@type":"WebSite","@id":"https:\/\/www.meetingpoint-memory-messiaen.eu\/pl\/#website","url":"https:\/\/www.meetingpoint-memory-messiaen.eu\/pl\/","name":"Meetingpoint Memory Messiaen e.V.","description":"","potentialAction":[{"@type":"SearchAction","target":{"@type":"EntryPoint","urlTemplate":"https:\/\/www.meetingpoint-memory-messiaen.eu\/pl\/?s={search_term_string}"},"query-input":{"@type":"PropertyValueSpecification","valueRequired":true,"valueName":"search_term_string"}}],"inLanguage":"pl-PL"}]}},"_links":{"self":[{"href":"https:\/\/www.meetingpoint-memory-messiaen.eu\/pl\/wp-json\/wp\/v2\/pages\/2935","targetHints":{"allow":["GET"]}}],"collection":[{"href":"https:\/\/www.meetingpoint-memory-messiaen.eu\/pl\/wp-json\/wp\/v2\/pages"}],"about":[{"href":"https:\/\/www.meetingpoint-memory-messiaen.eu\/pl\/wp-json\/wp\/v2\/types\/page"}],"author":[{"embeddable":true,"href":"https:\/\/www.meetingpoint-memory-messiaen.eu\/pl\/wp-json\/wp\/v2\/users\/21"}],"replies":[{"embeddable":true,"href":"https:\/\/www.meetingpoint-memory-messiaen.eu\/pl\/wp-json\/wp\/v2\/comments?post=2935"}],"version-history":[{"count":49,"href":"https:\/\/www.meetingpoint-memory-messiaen.eu\/pl\/wp-json\/wp\/v2\/pages\/2935\/revisions"}],"predecessor-version":[{"id":9225,"href":"https:\/\/www.meetingpoint-memory-messiaen.eu\/pl\/wp-json\/wp\/v2\/pages\/2935\/revisions\/9225"}],"wp:attachment":[{"href":"https:\/\/www.meetingpoint-memory-messiaen.eu\/pl\/wp-json\/wp\/v2\/media?parent=2935"}],"curies":[{"name":"wp","href":"https:\/\/api.w.org\/{rel}","templated":true}]}}