{"id":2764,"date":"2013-12-23T22:12:08","date_gmt":"2013-12-23T21:12:08","guid":{"rendered":"http:\/\/wordpress.themusicpoint.net\/?page_id=2764"},"modified":"2022-05-25T14:22:20","modified_gmt":"2022-05-25T12:22:20","slug":"meetingpoint-music-messiaen-e-v","status":"publish","type":"page","link":"https:\/\/www.meetingpoint-memory-messiaen.eu\/pl\/meetingpoint-music-messiaen-e-v\/","title":{"rendered":"Meetingpoint Memory Messiaen e.V."},"content":{"rendered":"<p>[vc_row css_animation=&#8221;&#8221; row_type=&#8221;row&#8221; use_row_as_full_screen_section=&#8221;no&#8221; type=&#8221;full_width&#8221; angled_section=&#8221;no&#8221; text_align=&#8221;left&#8221; background_image_as_pattern=&#8221;without_pattern&#8221;][vc_column][vc_column_text]Dzia\u0142alno\u015b\u0107 za\u0142o\u017conego w 2006 r. stowarzyszenia Meetingpoint Memory Messiaen opiera si\u0119 na trzech filarach. S\u0105 to: pami\u0119\u0107 o by\u0142ym niemieckim obozie jenieckim Stalag VIIIA, pami\u0119\u0107 o Olivierze Messiaenie, kt\u00f3ry w stalagu skomponowa\u0142 \u201eKwartet na koniec czasu\u201d oraz dotycz\u0105ca tera\u017aniejszo\u015bci, jak i zorientowana na przysz\u0142o\u015b\u0107 praca z m\u0142odymi lud\u017ami, kt\u00f3ra ma na celu przekazywanie wiedzy historycznej zwi\u0105zanej z regionem, kszta\u0142towanie w\u015br\u00f3d m\u0142odzie\u017cy postaw obywatelskich i u\u015bwiadamianie znaczenia to\u017csamo\u015bci regionalnej. Organizuj\u0105c i przeprowadzaj\u0105c projekty edukacyjne w ci\u0105gu 10 lat, stowarzyszenie zbudowa\u0142o w regionie pogranicza polsko-niemiecko-czeskiego partnersk\u0105 sie\u0107 stowarzysze\u0144, miejsc pami\u0119ci i organizacji samorz\u0105dowych. G\u0142\u00f3wnym celem wsp\u00f3\u0142pracy stowarzyszenia Meetingpoint Memory Messiaen i Fundacji Pami\u0119\u0107, Edukacja, Kultura jest stworzenie w Europejskim Centrum, znajduj\u0105cym si\u0119 na terenie by\u0142ego Stalagu VIIIA, miejsca, kt\u00f3re by \u0142\u0105czy\u0142o wspomniane dziedziny pracy stowarzyszenia Meetingpoint Music Messiaen i Fundacji. Stowarzyszenie i Fundacja d\u0105\u017c\u0105 do kontynuacji rozpocz\u0119tej w 2007 r. \u015bcis\u0142ej wsp\u00f3\u0142pracy operacyjnej i rozwoju Miejsca Pami\u0119ci Stalag VIIIA jako przestrzeni spotka\u0144 ludzi r\u00f3\u017cnych narodowo\u015bci, wywodz\u0105cych si\u0119 z r\u00f3\u017cnych grup etnicznych, kulturowych i spo\u0142ecznych. Stowarzyszenie Meetingpoint Memory Messiaen jest g\u0142\u00f3wnym partnerem Fundacji w realizacji projekt\u00f3w transgranicznych s\u0142u\u017c\u0105cych pog\u0142\u0119bieniu wsp\u00f3\u0142pracy mi\u0119dzy Polakami i Niemcami w regionie polsko-sakso\u0144skiego pogranicza.<\/p>\n<p><a href=\"https:\/\/www.meetingpoint-memory-messiaen.eu\/pl\/wp-content\/uploads\/2020\/08\/Statut_MeetingpointMusicMessiaen_PL.pdf\">Statut_MeetingpointMemoryMessiaen_PL<\/a><\/p>\n<p><img loading=\"lazy\" decoding=\"async\" class=\"alignnone size-medium wp-image-15793\" src=\"https:\/\/www.meetingpoint-memory-messiaen.eu\/pl\/wp-content\/uploads\/2022\/02\/meetingpoint-memory-messiaen-ev-logo-pl.svg\" alt=\"Meetingpoint Memory Messiaen e.V. logo\" width=\"1\" height=\"1\" \/><img loading=\"lazy\" decoding=\"async\" class=\"alignnone size-medium wp-image-15719\" src=\"https:\/\/www.meetingpoint-memory-messiaen.eu\/pl\/wp-content\/uploads\/2022\/01\/Logo-MMM-300x194.jpg\" alt=\"\" width=\"300\" height=\"194\" srcset=\"https:\/\/www.meetingpoint-memory-messiaen.eu\/pl\/wp-content\/uploads\/2022\/01\/Logo-MMM-300x194.jpg 300w, https:\/\/www.meetingpoint-memory-messiaen.eu\/pl\/wp-content\/uploads\/2022\/01\/Logo-MMM-400x260.jpg 400w, https:\/\/www.meetingpoint-memory-messiaen.eu\/pl\/wp-content\/uploads\/2022\/01\/Logo-MMM-1000x650.jpg 1000w, https:\/\/www.meetingpoint-memory-messiaen.eu\/pl\/wp-content\/uploads\/2022\/01\/Logo-MMM-700x453.jpg 700w, https:\/\/www.meetingpoint-memory-messiaen.eu\/pl\/wp-content\/uploads\/2022\/01\/Logo-MMM.jpg 1004w\" sizes=\"auto, (max-width: 300px) 100vw, 300px\" \/><img loading=\"lazy\" decoding=\"async\" class=\"alignnone size-medium wp-image-15793\" src=\"https:\/\/www.meetingpoint-memory-messiaen.eu\/pl\/wp-content\/uploads\/2022\/02\/meetingpoint-memory-messiaen-ev-logo-pl.svg\" alt=\"Meetingpoint Memory Messiaen e.V. logo\" width=\"1\" height=\"1\" \/><img loading=\"lazy\" decoding=\"async\" class=\"alignnone size-medium wp-image-15793\" src=\"https:\/\/www.meetingpoint-memory-messiaen.eu\/pl\/wp-content\/uploads\/2022\/02\/meetingpoint-memory-messiaen-ev-logo-pl.svg\" alt=\"Meetingpoint Memory Messiaen e.V. logo\" width=\"1\" height=\"1\" \/><img loading=\"lazy\" decoding=\"async\" class=\"alignnone size-medium wp-image-15793\" src=\"https:\/\/www.meetingpoint-memory-messiaen.eu\/pl\/wp-content\/uploads\/2022\/02\/meetingpoint-memory-messiaen-ev-logo-pl.svg\" alt=\"Meetingpoint Memory Messiaen e.V. logo\" width=\"1\" height=\"1\" \/>[\/vc_column_text][\/vc_column][\/vc_row]<\/p>\n","protected":false},"excerpt":{"rendered":"<p>[vc_row css_animation=&#8221;&#8221; row_type=&#8221;row&#8221; use_row_as_full_screen_section=&#8221;no&#8221; type=&#8221;full_width&#8221; angled_section=&#8221;no&#8221; text_align=&#8221;left&#8221; background_image_as_pattern=&#8221;without_pattern&#8221;][vc_column][vc_column_text]Dzia\u0142alno\u015b\u0107 za\u0142o\u017conego w 2006 r. stowarzyszenia Meetingpoint Memory Messiaen opiera si\u0119 na trzech filarach. S\u0105 to: pami\u0119\u0107 o by\u0142ym niemieckim obozie jenieckim Stalag VIIIA, pami\u0119\u0107 o Olivierze Messiaenie, kt\u00f3ry w stalagu skomponowa\u0142 \u201eKwartet na koniec czasu\u201d oraz dotycz\u0105ca&#8230;<\/p>\n","protected":false},"author":21,"featured_media":0,"parent":0,"menu_order":0,"comment_status":"closed","ping_status":"closed","template":"","meta":{"footnotes":""},"class_list":["post-2764","page","type-page","status-publish","hentry"],"yoast_head":"<!-- This site is optimized with the Yoast SEO plugin v24.3 - https:\/\/yoast.com\/wordpress\/plugins\/seo\/ -->\n<title>Meetingpoint Memory Messiaen e.V. - Meetingpoint Memory Messiaen e.V.<\/title>\n<meta name=\"robots\" content=\"index, follow, max-snippet:-1, max-image-preview:large, max-video-preview:-1\" \/>\n<link rel=\"canonical\" href=\"https:\/\/www.meetingpoint-memory-messiaen.eu\/pl\/meetingpoint-music-messiaen-e-v\/\" \/>\n<meta property=\"og:locale\" content=\"pl_PL\" \/>\n<meta property=\"og:type\" content=\"article\" \/>\n<meta property=\"og:title\" content=\"Meetingpoint Memory Messiaen e.V. - Meetingpoint Memory Messiaen e.V.\" \/>\n<meta property=\"og:description\" content=\"[vc_row css_animation=&#8221;&#8221; row_type=&#8221;row&#8221; use_row_as_full_screen_section=&#8221;no&#8221; type=&#8221;full_width&#8221; angled_section=&#8221;no&#8221; text_align=&#8221;left&#8221; background_image_as_pattern=&#8221;without_pattern&#8221;][vc_column][vc_column_text]Dzia\u0142alno\u015b\u0107 za\u0142o\u017conego w 2006 r. stowarzyszenia Meetingpoint Memory Messiaen opiera si\u0119 na trzech filarach. S\u0105 to: pami\u0119\u0107 o by\u0142ym niemieckim obozie jenieckim Stalag VIIIA, pami\u0119\u0107 o Olivierze Messiaenie, kt\u00f3ry w stalagu skomponowa\u0142 \u201eKwartet na koniec czasu\u201d oraz dotycz\u0105ca...\" \/>\n<meta property=\"og:url\" content=\"https:\/\/www.meetingpoint-memory-messiaen.eu\/pl\/meetingpoint-music-messiaen-e-v\/\" \/>\n<meta property=\"og:site_name\" content=\"Meetingpoint Memory Messiaen e.V.\" \/>\n<meta property=\"article:modified_time\" content=\"2022-05-25T12:22:20+00:00\" \/>\n<meta property=\"og:image\" content=\"https:\/\/www.meetingpoint-memory-messiaen.eu\/pl\/wp-content\/uploads\/2022\/02\/meetingpoint-memory-messiaen-ev-logo-pl.svg\" \/>\n<meta name=\"twitter:card\" content=\"summary_large_image\" \/>\n<meta name=\"twitter:label1\" content=\"Szacowany czas czytania\" \/>\n\t<meta name=\"twitter:data1\" content=\"3 minuty\" \/>\n<script type=\"application\/ld+json\" class=\"yoast-schema-graph\">{\"@context\":\"https:\/\/schema.org\",\"@graph\":[{\"@type\":\"WebPage\",\"@id\":\"https:\/\/www.meetingpoint-memory-messiaen.eu\/pl\/meetingpoint-music-messiaen-e-v\/\",\"url\":\"https:\/\/www.meetingpoint-memory-messiaen.eu\/pl\/meetingpoint-music-messiaen-e-v\/\",\"name\":\"Meetingpoint Memory Messiaen e.V. - Meetingpoint Memory Messiaen e.V.\",\"isPartOf\":{\"@id\":\"https:\/\/www.meetingpoint-memory-messiaen.eu\/pl\/#website\"},\"primaryImageOfPage\":{\"@id\":\"https:\/\/www.meetingpoint-memory-messiaen.eu\/pl\/meetingpoint-music-messiaen-e-v\/#primaryimage\"},\"image\":{\"@id\":\"https:\/\/www.meetingpoint-memory-messiaen.eu\/pl\/meetingpoint-music-messiaen-e-v\/#primaryimage\"},\"thumbnailUrl\":\"https:\/\/www.meetingpoint-memory-messiaen.eu\/pl\/wp-content\/uploads\/2022\/02\/meetingpoint-memory-messiaen-ev-logo-pl.svg\",\"datePublished\":\"2013-12-23T21:12:08+00:00\",\"dateModified\":\"2022-05-25T12:22:20+00:00\",\"breadcrumb\":{\"@id\":\"https:\/\/www.meetingpoint-memory-messiaen.eu\/pl\/meetingpoint-music-messiaen-e-v\/#breadcrumb\"},\"inLanguage\":\"pl-PL\",\"potentialAction\":[{\"@type\":\"ReadAction\",\"target\":[\"https:\/\/www.meetingpoint-memory-messiaen.eu\/pl\/meetingpoint-music-messiaen-e-v\/\"]}]},{\"@type\":\"ImageObject\",\"inLanguage\":\"pl-PL\",\"@id\":\"https:\/\/www.meetingpoint-memory-messiaen.eu\/pl\/meetingpoint-music-messiaen-e-v\/#primaryimage\",\"url\":\"https:\/\/www.meetingpoint-memory-messiaen.eu\/pl\/wp-content\/uploads\/2022\/02\/meetingpoint-memory-messiaen-ev-logo-pl.svg\",\"contentUrl\":\"https:\/\/www.meetingpoint-memory-messiaen.eu\/pl\/wp-content\/uploads\/2022\/02\/meetingpoint-memory-messiaen-ev-logo-pl.svg\",\"caption\":\"Meetingpoint Memory Messiaen e.V. logo\"},{\"@type\":\"BreadcrumbList\",\"@id\":\"https:\/\/www.meetingpoint-memory-messiaen.eu\/pl\/meetingpoint-music-messiaen-e-v\/#breadcrumb\",\"itemListElement\":[{\"@type\":\"ListItem\",\"position\":1,\"name\":\"Home\",\"item\":\"https:\/\/www.meetingpoint-memory-messiaen.eu\/pl\/\"},{\"@type\":\"ListItem\",\"position\":2,\"name\":\"Meetingpoint Memory Messiaen e.V.\"}]},{\"@type\":\"WebSite\",\"@id\":\"https:\/\/www.meetingpoint-memory-messiaen.eu\/pl\/#website\",\"url\":\"https:\/\/www.meetingpoint-memory-messiaen.eu\/pl\/\",\"name\":\"Meetingpoint Memory Messiaen e.V.\",\"description\":\"\",\"potentialAction\":[{\"@type\":\"SearchAction\",\"target\":{\"@type\":\"EntryPoint\",\"urlTemplate\":\"https:\/\/www.meetingpoint-memory-messiaen.eu\/pl\/?s={search_term_string}\"},\"query-input\":{\"@type\":\"PropertyValueSpecification\",\"valueRequired\":true,\"valueName\":\"search_term_string\"}}],\"inLanguage\":\"pl-PL\"}]}<\/script>\n<!-- \/ Yoast SEO plugin. -->","yoast_head_json":{"title":"Meetingpoint Memory Messiaen e.V. - Meetingpoint Memory Messiaen e.V.","robots":{"index":"index","follow":"follow","max-snippet":"max-snippet:-1","max-image-preview":"max-image-preview:large","max-video-preview":"max-video-preview:-1"},"canonical":"https:\/\/www.meetingpoint-memory-messiaen.eu\/pl\/meetingpoint-music-messiaen-e-v\/","og_locale":"pl_PL","og_type":"article","og_title":"Meetingpoint Memory Messiaen e.V. - Meetingpoint Memory Messiaen e.V.","og_description":"[vc_row css_animation=&#8221;&#8221; row_type=&#8221;row&#8221; use_row_as_full_screen_section=&#8221;no&#8221; type=&#8221;full_width&#8221; angled_section=&#8221;no&#8221; text_align=&#8221;left&#8221; background_image_as_pattern=&#8221;without_pattern&#8221;][vc_column][vc_column_text]Dzia\u0142alno\u015b\u0107 za\u0142o\u017conego w 2006 r. stowarzyszenia Meetingpoint Memory Messiaen opiera si\u0119 na trzech filarach. S\u0105 to: pami\u0119\u0107 o by\u0142ym niemieckim obozie jenieckim Stalag VIIIA, pami\u0119\u0107 o Olivierze Messiaenie, kt\u00f3ry w stalagu skomponowa\u0142 \u201eKwartet na koniec czasu\u201d oraz dotycz\u0105ca...","og_url":"https:\/\/www.meetingpoint-memory-messiaen.eu\/pl\/meetingpoint-music-messiaen-e-v\/","og_site_name":"Meetingpoint Memory Messiaen e.V.","article_modified_time":"2022-05-25T12:22:20+00:00","og_image":[{"url":"https:\/\/www.meetingpoint-memory-messiaen.eu\/pl\/wp-content\/uploads\/2022\/02\/meetingpoint-memory-messiaen-ev-logo-pl.svg","type":"","width":"","height":""}],"twitter_card":"summary_large_image","twitter_misc":{"Szacowany czas czytania":"3 minuty"},"schema":{"@context":"https:\/\/schema.org","@graph":[{"@type":"WebPage","@id":"https:\/\/www.meetingpoint-memory-messiaen.eu\/pl\/meetingpoint-music-messiaen-e-v\/","url":"https:\/\/www.meetingpoint-memory-messiaen.eu\/pl\/meetingpoint-music-messiaen-e-v\/","name":"Meetingpoint Memory Messiaen e.V. - Meetingpoint Memory Messiaen e.V.","isPartOf":{"@id":"https:\/\/www.meetingpoint-memory-messiaen.eu\/pl\/#website"},"primaryImageOfPage":{"@id":"https:\/\/www.meetingpoint-memory-messiaen.eu\/pl\/meetingpoint-music-messiaen-e-v\/#primaryimage"},"image":{"@id":"https:\/\/www.meetingpoint-memory-messiaen.eu\/pl\/meetingpoint-music-messiaen-e-v\/#primaryimage"},"thumbnailUrl":"https:\/\/www.meetingpoint-memory-messiaen.eu\/pl\/wp-content\/uploads\/2022\/02\/meetingpoint-memory-messiaen-ev-logo-pl.svg","datePublished":"2013-12-23T21:12:08+00:00","dateModified":"2022-05-25T12:22:20+00:00","breadcrumb":{"@id":"https:\/\/www.meetingpoint-memory-messiaen.eu\/pl\/meetingpoint-music-messiaen-e-v\/#breadcrumb"},"inLanguage":"pl-PL","potentialAction":[{"@type":"ReadAction","target":["https:\/\/www.meetingpoint-memory-messiaen.eu\/pl\/meetingpoint-music-messiaen-e-v\/"]}]},{"@type":"ImageObject","inLanguage":"pl-PL","@id":"https:\/\/www.meetingpoint-memory-messiaen.eu\/pl\/meetingpoint-music-messiaen-e-v\/#primaryimage","url":"https:\/\/www.meetingpoint-memory-messiaen.eu\/pl\/wp-content\/uploads\/2022\/02\/meetingpoint-memory-messiaen-ev-logo-pl.svg","contentUrl":"https:\/\/www.meetingpoint-memory-messiaen.eu\/pl\/wp-content\/uploads\/2022\/02\/meetingpoint-memory-messiaen-ev-logo-pl.svg","caption":"Meetingpoint Memory Messiaen e.V. logo"},{"@type":"BreadcrumbList","@id":"https:\/\/www.meetingpoint-memory-messiaen.eu\/pl\/meetingpoint-music-messiaen-e-v\/#breadcrumb","itemListElement":[{"@type":"ListItem","position":1,"name":"Home","item":"https:\/\/www.meetingpoint-memory-messiaen.eu\/pl\/"},{"@type":"ListItem","position":2,"name":"Meetingpoint Memory Messiaen e.V."}]},{"@type":"WebSite","@id":"https:\/\/www.meetingpoint-memory-messiaen.eu\/pl\/#website","url":"https:\/\/www.meetingpoint-memory-messiaen.eu\/pl\/","name":"Meetingpoint Memory Messiaen e.V.","description":"","potentialAction":[{"@type":"SearchAction","target":{"@type":"EntryPoint","urlTemplate":"https:\/\/www.meetingpoint-memory-messiaen.eu\/pl\/?s={search_term_string}"},"query-input":{"@type":"PropertyValueSpecification","valueRequired":true,"valueName":"search_term_string"}}],"inLanguage":"pl-PL"}]}},"_links":{"self":[{"href":"https:\/\/www.meetingpoint-memory-messiaen.eu\/pl\/wp-json\/wp\/v2\/pages\/2764","targetHints":{"allow":["GET"]}}],"collection":[{"href":"https:\/\/www.meetingpoint-memory-messiaen.eu\/pl\/wp-json\/wp\/v2\/pages"}],"about":[{"href":"https:\/\/www.meetingpoint-memory-messiaen.eu\/pl\/wp-json\/wp\/v2\/types\/page"}],"author":[{"embeddable":true,"href":"https:\/\/www.meetingpoint-memory-messiaen.eu\/pl\/wp-json\/wp\/v2\/users\/21"}],"replies":[{"embeddable":true,"href":"https:\/\/www.meetingpoint-memory-messiaen.eu\/pl\/wp-json\/wp\/v2\/comments?post=2764"}],"version-history":[{"count":40,"href":"https:\/\/www.meetingpoint-memory-messiaen.eu\/pl\/wp-json\/wp\/v2\/pages\/2764\/revisions"}],"predecessor-version":[{"id":16328,"href":"https:\/\/www.meetingpoint-memory-messiaen.eu\/pl\/wp-json\/wp\/v2\/pages\/2764\/revisions\/16328"}],"wp:attachment":[{"href":"https:\/\/www.meetingpoint-memory-messiaen.eu\/pl\/wp-json\/wp\/v2\/media?parent=2764"}],"curies":[{"name":"wp","href":"https:\/\/api.w.org\/{rel}","templated":true}]}}