{"id":19020,"date":"2025-04-14T13:38:57","date_gmt":"2025-04-14T11:38:57","guid":{"rendered":"https:\/\/www.meetingpoint-memory-messiaen.eu\/pl\/?page_id=19020"},"modified":"2025-08-21T11:19:08","modified_gmt":"2025-08-21T09:19:08","slug":"oferta-edukacyjna-szkolenie-dla-prowadzacych-warsztaty-z-zakresu-edukacji-historyczno-politycznej","status":"publish","type":"page","link":"https:\/\/www.meetingpoint-memory-messiaen.eu\/pl\/oferta-edukacyjna-szkolenie-dla-prowadzacych-warsztaty-z-zakresu-edukacji-historyczno-politycznej\/","title":{"rendered":"Oferta edukacyjna: Szkolenie dla prowadz\u0105cych warsztaty z zakresu edukacji historyczno-politycznej"},"content":{"rendered":"<p>[vc_row css_animation=&#8221;&#8221; row_type=&#8221;row&#8221; use_row_as_full_screen_section=&#8221;no&#8221; type=&#8221;full_width&#8221; angled_section=&#8221;no&#8221; text_align=&#8221;left&#8221; background_image_as_pattern=&#8221;without_pattern&#8221;][vc_column][vc_column_text]<\/p>\n<p class=\"\" data-start=\"216\" data-end=\"579\">W ramach oferty edukacyjnej Meetingpoint Memory Messiaen e.V. realizowane jest szkolenie dla os\u00f3b chc\u0105cych zaanga\u017cowa\u0107 si\u0119 w edukacj\u0119 historyczno-polityczn\u0105. Program skierowany jest do os\u00f3b zainteresowanych przekazywaniem wiedzy m\u0142odzie\u017cy i grupom odwiedzaj\u0105cych, ze szczeg\u00f3lnym uwzgl\u0119dnieniem tematyki zwi\u0105zanej z by\u0142ym niemieckim obozem jenieckim Stalag VIII A.<\/p>\n<p class=\"\" data-start=\"581\" data-end=\"934\">Szkolenie ma na celu przygotowanie uczestnik\u00f3w do samodzielnego planowania i prowadzenia warsztat\u00f3w edukacyjnych. Uczestnicy ucz\u0105 si\u0119, jak w spos\u00f3b kreatywny i interdyscyplinarny pracowa\u0107 z m\u0142odzie\u017c\u0105, jak przekazywa\u0107 wiedz\u0119 historyczn\u0105 zdobyt\u0105 w ramach edukacji pozaformalnej oraz jak w\u0142\u0105cza\u0107 do pracy tematy aktualnych debat spo\u0142ecznych i politycznych.<\/p>\n<p class=\"\" data-start=\"936\" data-end=\"1221\">Istotnym elementem programu jest r\u00f3wnie\u017c wzmocnienie lokalnej kultury pami\u0119ci w G\u00f6rlitz i upowszechnienie wiedzy na temat obozu Stalag VIII A. Szkolenie przygotowuje uczestnik\u00f3w do roli multiplikator\u00f3w edukacji historycznej i obywatelskiej, wspieraj\u0105c tym samym procesy demokratyzacji.<\/p>\n<p class=\"\" data-start=\"1223\" data-end=\"1661\">Szkolenie obejmuje 32 godziny dydaktyczne. Program \u0142\u0105czy podstawy naukowe z zakresu edukacji historyczno-politycznej z praktycznymi metodami pracy mi\u0119dzynarodowej. Poruszane tematy to m.in.: <em data-start=\"1517\" data-end=\"1607\">metody edukacji historyczno-politycznej, dydaktyka historii, odpowiedzialno\u015b\u0107 polityczna<\/em>. Zaj\u0119cia prowadzone s\u0105 w j\u0119zyku niemieckim i polskim.<\/p>\n<p class=\"\" data-start=\"1663\" data-end=\"2093\">Po zako\u0144czeniu szkolenia uczestnicy otrzymuj\u0105 mo\u017cliwo\u015b\u0107 przeprowadzenia w\u0142asnych warsztat\u00f3w przy wsparciu mentora. Ponadto zostaj\u0105 w\u0142\u0105czeni do sieci wsp\u00f3\u0142pracy, kt\u00f3ra umo\u017cliwia wymian\u0119 do\u015bwiadcze\u0144 oraz dalszy rozw\u00f3j w obszarze pracy z m\u0142odzie\u017c\u0105 i edukacji obywatelskiej. Program daje mo\u017cliwo\u015b\u0107 aktywnego zaanga\u017cowania si\u0119 w dzia\u0142alno\u015b\u0107 Miejsca Pami\u0119ci Stalag VIII A jako przestrzeni edukacji pozaformalnej i dialogu historycznego.<\/p>\n<p>[\/vc_column_text][\/vc_column][\/vc_row][vc_row css_animation=&#8221;&#8221; row_type=&#8221;row&#8221; use_row_as_full_screen_section=&#8221;no&#8221; type=&#8221;full_width&#8221; angled_section=&#8221;no&#8221; text_align=&#8221;left&#8221; background_image_as_pattern=&#8221;without_pattern&#8221;][vc_column][vc_single_image image=&#8221;19115&#8243; img_size=&#8221;full&#8221; alignment=&#8221;center&#8221; qode_css_animation=&#8221;&#8221;][\/vc_column][\/vc_row]<\/p>\n","protected":false},"excerpt":{"rendered":"<p>[vc_row css_animation=&#8221;&#8221; row_type=&#8221;row&#8221; use_row_as_full_screen_section=&#8221;no&#8221; type=&#8221;full_width&#8221; angled_section=&#8221;no&#8221; text_align=&#8221;left&#8221; background_image_as_pattern=&#8221;without_pattern&#8221;][vc_column][vc_column_text] W ramach oferty edukacyjnej Meetingpoint Memory Messiaen e.V. realizowane jest szkolenie dla os\u00f3b chc\u0105cych zaanga\u017cowa\u0107 si\u0119 w edukacj\u0119 historyczno-polityczn\u0105. Program skierowany jest do os\u00f3b zainteresowanych przekazywaniem wiedzy m\u0142odzie\u017cy i grupom odwiedzaj\u0105cych, ze szczeg\u00f3lnym uwzgl\u0119dnieniem tematyki zwi\u0105zanej z&#8230;<\/p>\n","protected":false},"author":21,"featured_media":0,"parent":0,"menu_order":0,"comment_status":"closed","ping_status":"closed","template":"","meta":{"footnotes":""},"class_list":["post-19020","page","type-page","status-publish","hentry"],"yoast_head":"<!-- This site is optimized with the Yoast SEO plugin v24.3 - https:\/\/yoast.com\/wordpress\/plugins\/seo\/ -->\n<title>Oferta edukacyjna: Szkolenie dla prowadz\u0105cych warsztaty z zakresu edukacji historyczno-politycznej - Meetingpoint Memory Messiaen e.V.<\/title>\n<meta name=\"robots\" content=\"index, follow, max-snippet:-1, max-image-preview:large, max-video-preview:-1\" \/>\n<link rel=\"canonical\" href=\"https:\/\/www.meetingpoint-memory-messiaen.eu\/pl\/oferta-edukacyjna-szkolenie-dla-prowadzacych-warsztaty-z-zakresu-edukacji-historyczno-politycznej\/\" \/>\n<meta property=\"og:locale\" content=\"pl_PL\" \/>\n<meta property=\"og:type\" content=\"article\" \/>\n<meta property=\"og:title\" content=\"Oferta edukacyjna: Szkolenie dla prowadz\u0105cych warsztaty z zakresu edukacji historyczno-politycznej - Meetingpoint Memory Messiaen e.V.\" \/>\n<meta property=\"og:description\" content=\"[vc_row css_animation=&#8221;&#8221; row_type=&#8221;row&#8221; use_row_as_full_screen_section=&#8221;no&#8221; type=&#8221;full_width&#8221; angled_section=&#8221;no&#8221; text_align=&#8221;left&#8221; background_image_as_pattern=&#8221;without_pattern&#8221;][vc_column][vc_column_text] W ramach oferty edukacyjnej Meetingpoint Memory Messiaen e.V. realizowane jest szkolenie dla os\u00f3b chc\u0105cych zaanga\u017cowa\u0107 si\u0119 w edukacj\u0119 historyczno-polityczn\u0105. Program skierowany jest do os\u00f3b zainteresowanych przekazywaniem wiedzy m\u0142odzie\u017cy i grupom odwiedzaj\u0105cych, ze szczeg\u00f3lnym uwzgl\u0119dnieniem tematyki zwi\u0105zanej z...\" \/>\n<meta property=\"og:url\" content=\"https:\/\/www.meetingpoint-memory-messiaen.eu\/pl\/oferta-edukacyjna-szkolenie-dla-prowadzacych-warsztaty-z-zakresu-edukacji-historyczno-politycznej\/\" \/>\n<meta property=\"og:site_name\" content=\"Meetingpoint Memory Messiaen e.V.\" \/>\n<meta property=\"article:modified_time\" content=\"2025-08-21T09:19:08+00:00\" \/>\n<meta name=\"twitter:card\" content=\"summary_large_image\" \/>\n<meta name=\"twitter:label1\" content=\"Szacowany czas czytania\" \/>\n\t<meta name=\"twitter:data1\" content=\"2 minuty\" \/>\n<script type=\"application\/ld+json\" class=\"yoast-schema-graph\">{\"@context\":\"https:\/\/schema.org\",\"@graph\":[{\"@type\":\"WebPage\",\"@id\":\"https:\/\/www.meetingpoint-memory-messiaen.eu\/pl\/oferta-edukacyjna-szkolenie-dla-prowadzacych-warsztaty-z-zakresu-edukacji-historyczno-politycznej\/\",\"url\":\"https:\/\/www.meetingpoint-memory-messiaen.eu\/pl\/oferta-edukacyjna-szkolenie-dla-prowadzacych-warsztaty-z-zakresu-edukacji-historyczno-politycznej\/\",\"name\":\"Oferta edukacyjna: Szkolenie dla prowadz\u0105cych warsztaty z zakresu edukacji historyczno-politycznej - Meetingpoint Memory Messiaen e.V.\",\"isPartOf\":{\"@id\":\"https:\/\/www.meetingpoint-memory-messiaen.eu\/pl\/#website\"},\"datePublished\":\"2025-04-14T11:38:57+00:00\",\"dateModified\":\"2025-08-21T09:19:08+00:00\",\"breadcrumb\":{\"@id\":\"https:\/\/www.meetingpoint-memory-messiaen.eu\/pl\/oferta-edukacyjna-szkolenie-dla-prowadzacych-warsztaty-z-zakresu-edukacji-historyczno-politycznej\/#breadcrumb\"},\"inLanguage\":\"pl-PL\",\"potentialAction\":[{\"@type\":\"ReadAction\",\"target\":[\"https:\/\/www.meetingpoint-memory-messiaen.eu\/pl\/oferta-edukacyjna-szkolenie-dla-prowadzacych-warsztaty-z-zakresu-edukacji-historyczno-politycznej\/\"]}]},{\"@type\":\"BreadcrumbList\",\"@id\":\"https:\/\/www.meetingpoint-memory-messiaen.eu\/pl\/oferta-edukacyjna-szkolenie-dla-prowadzacych-warsztaty-z-zakresu-edukacji-historyczno-politycznej\/#breadcrumb\",\"itemListElement\":[{\"@type\":\"ListItem\",\"position\":1,\"name\":\"Home\",\"item\":\"https:\/\/www.meetingpoint-memory-messiaen.eu\/pl\/\"},{\"@type\":\"ListItem\",\"position\":2,\"name\":\"Oferta edukacyjna: Szkolenie dla prowadz\u0105cych warsztaty z zakresu edukacji historyczno-politycznej\"}]},{\"@type\":\"WebSite\",\"@id\":\"https:\/\/www.meetingpoint-memory-messiaen.eu\/pl\/#website\",\"url\":\"https:\/\/www.meetingpoint-memory-messiaen.eu\/pl\/\",\"name\":\"Meetingpoint Memory Messiaen e.V.\",\"description\":\"\",\"potentialAction\":[{\"@type\":\"SearchAction\",\"target\":{\"@type\":\"EntryPoint\",\"urlTemplate\":\"https:\/\/www.meetingpoint-memory-messiaen.eu\/pl\/?s={search_term_string}\"},\"query-input\":{\"@type\":\"PropertyValueSpecification\",\"valueRequired\":true,\"valueName\":\"search_term_string\"}}],\"inLanguage\":\"pl-PL\"}]}<\/script>\n<!-- \/ Yoast SEO plugin. -->","yoast_head_json":{"title":"Oferta edukacyjna: Szkolenie dla prowadz\u0105cych warsztaty z zakresu edukacji historyczno-politycznej - Meetingpoint Memory Messiaen e.V.","robots":{"index":"index","follow":"follow","max-snippet":"max-snippet:-1","max-image-preview":"max-image-preview:large","max-video-preview":"max-video-preview:-1"},"canonical":"https:\/\/www.meetingpoint-memory-messiaen.eu\/pl\/oferta-edukacyjna-szkolenie-dla-prowadzacych-warsztaty-z-zakresu-edukacji-historyczno-politycznej\/","og_locale":"pl_PL","og_type":"article","og_title":"Oferta edukacyjna: Szkolenie dla prowadz\u0105cych warsztaty z zakresu edukacji historyczno-politycznej - Meetingpoint Memory Messiaen e.V.","og_description":"[vc_row css_animation=&#8221;&#8221; row_type=&#8221;row&#8221; use_row_as_full_screen_section=&#8221;no&#8221; type=&#8221;full_width&#8221; angled_section=&#8221;no&#8221; text_align=&#8221;left&#8221; background_image_as_pattern=&#8221;without_pattern&#8221;][vc_column][vc_column_text] W ramach oferty edukacyjnej Meetingpoint Memory Messiaen e.V. realizowane jest szkolenie dla os\u00f3b chc\u0105cych zaanga\u017cowa\u0107 si\u0119 w edukacj\u0119 historyczno-polityczn\u0105. Program skierowany jest do os\u00f3b zainteresowanych przekazywaniem wiedzy m\u0142odzie\u017cy i grupom odwiedzaj\u0105cych, ze szczeg\u00f3lnym uwzgl\u0119dnieniem tematyki zwi\u0105zanej z...","og_url":"https:\/\/www.meetingpoint-memory-messiaen.eu\/pl\/oferta-edukacyjna-szkolenie-dla-prowadzacych-warsztaty-z-zakresu-edukacji-historyczno-politycznej\/","og_site_name":"Meetingpoint Memory Messiaen e.V.","article_modified_time":"2025-08-21T09:19:08+00:00","twitter_card":"summary_large_image","twitter_misc":{"Szacowany czas czytania":"2 minuty"},"schema":{"@context":"https:\/\/schema.org","@graph":[{"@type":"WebPage","@id":"https:\/\/www.meetingpoint-memory-messiaen.eu\/pl\/oferta-edukacyjna-szkolenie-dla-prowadzacych-warsztaty-z-zakresu-edukacji-historyczno-politycznej\/","url":"https:\/\/www.meetingpoint-memory-messiaen.eu\/pl\/oferta-edukacyjna-szkolenie-dla-prowadzacych-warsztaty-z-zakresu-edukacji-historyczno-politycznej\/","name":"Oferta edukacyjna: Szkolenie dla prowadz\u0105cych warsztaty z zakresu edukacji historyczno-politycznej - Meetingpoint Memory Messiaen e.V.","isPartOf":{"@id":"https:\/\/www.meetingpoint-memory-messiaen.eu\/pl\/#website"},"datePublished":"2025-04-14T11:38:57+00:00","dateModified":"2025-08-21T09:19:08+00:00","breadcrumb":{"@id":"https:\/\/www.meetingpoint-memory-messiaen.eu\/pl\/oferta-edukacyjna-szkolenie-dla-prowadzacych-warsztaty-z-zakresu-edukacji-historyczno-politycznej\/#breadcrumb"},"inLanguage":"pl-PL","potentialAction":[{"@type":"ReadAction","target":["https:\/\/www.meetingpoint-memory-messiaen.eu\/pl\/oferta-edukacyjna-szkolenie-dla-prowadzacych-warsztaty-z-zakresu-edukacji-historyczno-politycznej\/"]}]},{"@type":"BreadcrumbList","@id":"https:\/\/www.meetingpoint-memory-messiaen.eu\/pl\/oferta-edukacyjna-szkolenie-dla-prowadzacych-warsztaty-z-zakresu-edukacji-historyczno-politycznej\/#breadcrumb","itemListElement":[{"@type":"ListItem","position":1,"name":"Home","item":"https:\/\/www.meetingpoint-memory-messiaen.eu\/pl\/"},{"@type":"ListItem","position":2,"name":"Oferta edukacyjna: Szkolenie dla prowadz\u0105cych warsztaty z zakresu edukacji historyczno-politycznej"}]},{"@type":"WebSite","@id":"https:\/\/www.meetingpoint-memory-messiaen.eu\/pl\/#website","url":"https:\/\/www.meetingpoint-memory-messiaen.eu\/pl\/","name":"Meetingpoint Memory Messiaen e.V.","description":"","potentialAction":[{"@type":"SearchAction","target":{"@type":"EntryPoint","urlTemplate":"https:\/\/www.meetingpoint-memory-messiaen.eu\/pl\/?s={search_term_string}"},"query-input":{"@type":"PropertyValueSpecification","valueRequired":true,"valueName":"search_term_string"}}],"inLanguage":"pl-PL"}]}},"_links":{"self":[{"href":"https:\/\/www.meetingpoint-memory-messiaen.eu\/pl\/wp-json\/wp\/v2\/pages\/19020","targetHints":{"allow":["GET"]}}],"collection":[{"href":"https:\/\/www.meetingpoint-memory-messiaen.eu\/pl\/wp-json\/wp\/v2\/pages"}],"about":[{"href":"https:\/\/www.meetingpoint-memory-messiaen.eu\/pl\/wp-json\/wp\/v2\/types\/page"}],"author":[{"embeddable":true,"href":"https:\/\/www.meetingpoint-memory-messiaen.eu\/pl\/wp-json\/wp\/v2\/users\/21"}],"replies":[{"embeddable":true,"href":"https:\/\/www.meetingpoint-memory-messiaen.eu\/pl\/wp-json\/wp\/v2\/comments?post=19020"}],"version-history":[{"count":3,"href":"https:\/\/www.meetingpoint-memory-messiaen.eu\/pl\/wp-json\/wp\/v2\/pages\/19020\/revisions"}],"predecessor-version":[{"id":19117,"href":"https:\/\/www.meetingpoint-memory-messiaen.eu\/pl\/wp-json\/wp\/v2\/pages\/19020\/revisions\/19117"}],"wp:attachment":[{"href":"https:\/\/www.meetingpoint-memory-messiaen.eu\/pl\/wp-json\/wp\/v2\/media?parent=19020"}],"curies":[{"name":"wp","href":"https:\/\/api.w.org\/{rel}","templated":true}]}}