{"id":19012,"date":"2025-04-14T13:10:21","date_gmt":"2025-04-14T11:10:21","guid":{"rendered":"https:\/\/www.meetingpoint-memory-messiaen.eu\/pl\/?page_id=19012"},"modified":"2025-04-14T13:10:21","modified_gmt":"2025-04-14T11:10:21","slug":"akcja-zonkile","status":"publish","type":"page","link":"https:\/\/www.meetingpoint-memory-messiaen.eu\/pl\/akcja-zonkile\/","title":{"rendered":"Akcja \u017bonkile"},"content":{"rendered":"<p>[vc_row css_animation=&#8221;&#8221; row_type=&#8221;row&#8221; use_row_as_full_screen_section=&#8221;no&#8221; type=&#8221;full_width&#8221; angled_section=&#8221;no&#8221; text_align=&#8221;left&#8221; background_image_as_pattern=&#8221;without_pattern&#8221;][vc_column][vc_column_text]<\/p>\n<h2 class=\"\" data-start=\"152\" data-end=\"209\"><strong data-start=\"155\" data-end=\"209\">M\u0142odzie\u017c upami\u0119tnia powstanie w getcie warszawskim<\/strong><\/h2>\n<p class=\"\" data-start=\"211\" data-end=\"425\">Z okazji rocznicy wybuchu powstania w getcie warszawskim, Stowarzyszenie Meetingpoint Memory Messiaen e.V. we wsp\u00f3\u0142pracy z Fundacj\u0105 Pami\u0119\u0107, Edukacja, Kultura bierze udzia\u0142 w spo\u0142eczno-edukacyjnej <strong data-start=\"407\" data-end=\"424\">Akcji \u017bonkile<\/strong>.<\/p>\n<p class=\"\" data-start=\"427\" data-end=\"780\">W ramach obchod\u00f3w, przypadaj\u0105cych na 19 kwietnia, organizatorzy wsp\u00f3lnie z m\u0142odzie\u017c\u0105 z Polski i Niemiec przygotowuj\u0105 papierowe \u017conkile \u2013 symbol pami\u0119ci o bohaterach getta warszawskiego. Tworzeniu kwiat\u00f3w towarzyszy kr\u00f3tki wst\u0119p historyczny. Gotowe \u017conkile zostan\u0105 rozdane mieszka\u0144com G\u00f6rlitz i Zgorzelca podczas wsp\u00f3lnego spaceru po Europejskim Mie\u015bcie.<\/p>\n<p class=\"\" data-start=\"782\" data-end=\"1199\">M\u0142odzie\u017c upami\u0119tnia wydarzenia z 19.04.1943 roku pod has\u0142em <strong data-start=\"842\" data-end=\"864\">\u201e\u0141\u0105czy nas pami\u0119\u0107\u201d<\/strong>. Spotkanie odb\u0119dzie si\u0119 w Domu Literatury przy Langenstra\u00dfe w G\u00f6rlitz i b\u0119dzie prowadzone w j\u0119zyku niemieckim oraz polskim. W programie przewidziano wyk\u0142ad o \u017cyciu \u017byd\u00f3w w G\u00f6rlitz, wprowadzenie tematyczne, a tak\u017ce spacer po G\u00f6rlitz i Zgorzelcu po\u0142\u0105czony z rozdawaniem papierowych kwiat\u00f3w i rozmowami z przechodniami na temat kampanii.<\/p>\n<p class=\"\" data-start=\"1201\" data-end=\"1329\">Wi\u0119cej informacji o <strong data-start=\"1221\" data-end=\"1238\">Akcji \u017bonkile<\/strong>: <a class=\"\" href=\"https:\/\/polin.pl\/en\/Warsawghettouprising\" target=\"_new\" rel=\"noopener\" data-start=\"1245\" data-end=\"1329\">https:\/\/polin.pl\/en\/Warsawghettouprising<\/a><\/p>\n<p>[\/vc_column_text][\/vc_column][\/vc_row]<\/p>\n","protected":false},"excerpt":{"rendered":"<p>[vc_row css_animation=&#8221;&#8221; row_type=&#8221;row&#8221; use_row_as_full_screen_section=&#8221;no&#8221; type=&#8221;full_width&#8221; angled_section=&#8221;no&#8221; text_align=&#8221;left&#8221; background_image_as_pattern=&#8221;without_pattern&#8221;][vc_column][vc_column_text] M\u0142odzie\u017c upami\u0119tnia powstanie w getcie warszawskim Z okazji rocznicy wybuchu powstania w getcie warszawskim, Stowarzyszenie Meetingpoint Memory Messiaen e.V. we wsp\u00f3\u0142pracy z Fundacj\u0105 Pami\u0119\u0107, Edukacja, Kultura bierze udzia\u0142 w spo\u0142eczno-edukacyjnej Akcji \u017bonkile. W ramach obchod\u00f3w, przypadaj\u0105cych na&#8230;<\/p>\n","protected":false},"author":21,"featured_media":0,"parent":0,"menu_order":0,"comment_status":"closed","ping_status":"closed","template":"","meta":{"footnotes":""},"class_list":["post-19012","page","type-page","status-publish","hentry"],"yoast_head":"<!-- This site is optimized with the Yoast SEO plugin v24.3 - https:\/\/yoast.com\/wordpress\/plugins\/seo\/ -->\n<title>Akcja \u017bonkile - Meetingpoint Memory Messiaen e.V.<\/title>\n<meta name=\"robots\" content=\"index, follow, max-snippet:-1, max-image-preview:large, max-video-preview:-1\" \/>\n<link rel=\"canonical\" href=\"https:\/\/www.meetingpoint-memory-messiaen.eu\/pl\/akcja-zonkile\/\" \/>\n<meta property=\"og:locale\" content=\"pl_PL\" \/>\n<meta property=\"og:type\" content=\"article\" \/>\n<meta property=\"og:title\" content=\"Akcja \u017bonkile - Meetingpoint Memory Messiaen e.V.\" \/>\n<meta property=\"og:description\" content=\"[vc_row css_animation=&#8221;&#8221; row_type=&#8221;row&#8221; use_row_as_full_screen_section=&#8221;no&#8221; type=&#8221;full_width&#8221; angled_section=&#8221;no&#8221; text_align=&#8221;left&#8221; background_image_as_pattern=&#8221;without_pattern&#8221;][vc_column][vc_column_text] M\u0142odzie\u017c upami\u0119tnia powstanie w getcie warszawskim Z okazji rocznicy wybuchu powstania w getcie warszawskim, Stowarzyszenie Meetingpoint Memory Messiaen e.V. we wsp\u00f3\u0142pracy z Fundacj\u0105 Pami\u0119\u0107, Edukacja, Kultura bierze udzia\u0142 w spo\u0142eczno-edukacyjnej Akcji \u017bonkile. W ramach obchod\u00f3w, przypadaj\u0105cych na...\" \/>\n<meta property=\"og:url\" content=\"https:\/\/www.meetingpoint-memory-messiaen.eu\/pl\/akcja-zonkile\/\" \/>\n<meta property=\"og:site_name\" content=\"Meetingpoint Memory Messiaen e.V.\" \/>\n<meta name=\"twitter:card\" content=\"summary_large_image\" \/>\n<meta name=\"twitter:label1\" content=\"Szacowany czas czytania\" \/>\n\t<meta name=\"twitter:data1\" content=\"1 minuta\" \/>\n<script type=\"application\/ld+json\" class=\"yoast-schema-graph\">{\"@context\":\"https:\/\/schema.org\",\"@graph\":[{\"@type\":\"WebPage\",\"@id\":\"https:\/\/www.meetingpoint-memory-messiaen.eu\/pl\/akcja-zonkile\/\",\"url\":\"https:\/\/www.meetingpoint-memory-messiaen.eu\/pl\/akcja-zonkile\/\",\"name\":\"Akcja \u017bonkile - Meetingpoint Memory Messiaen e.V.\",\"isPartOf\":{\"@id\":\"https:\/\/www.meetingpoint-memory-messiaen.eu\/pl\/#website\"},\"datePublished\":\"2025-04-14T11:10:21+00:00\",\"dateModified\":\"2025-04-14T11:10:21+00:00\",\"breadcrumb\":{\"@id\":\"https:\/\/www.meetingpoint-memory-messiaen.eu\/pl\/akcja-zonkile\/#breadcrumb\"},\"inLanguage\":\"pl-PL\",\"potentialAction\":[{\"@type\":\"ReadAction\",\"target\":[\"https:\/\/www.meetingpoint-memory-messiaen.eu\/pl\/akcja-zonkile\/\"]}]},{\"@type\":\"BreadcrumbList\",\"@id\":\"https:\/\/www.meetingpoint-memory-messiaen.eu\/pl\/akcja-zonkile\/#breadcrumb\",\"itemListElement\":[{\"@type\":\"ListItem\",\"position\":1,\"name\":\"Home\",\"item\":\"https:\/\/www.meetingpoint-memory-messiaen.eu\/pl\/\"},{\"@type\":\"ListItem\",\"position\":2,\"name\":\"Akcja \u017bonkile\"}]},{\"@type\":\"WebSite\",\"@id\":\"https:\/\/www.meetingpoint-memory-messiaen.eu\/pl\/#website\",\"url\":\"https:\/\/www.meetingpoint-memory-messiaen.eu\/pl\/\",\"name\":\"Meetingpoint Memory Messiaen e.V.\",\"description\":\"\",\"potentialAction\":[{\"@type\":\"SearchAction\",\"target\":{\"@type\":\"EntryPoint\",\"urlTemplate\":\"https:\/\/www.meetingpoint-memory-messiaen.eu\/pl\/?s={search_term_string}\"},\"query-input\":{\"@type\":\"PropertyValueSpecification\",\"valueRequired\":true,\"valueName\":\"search_term_string\"}}],\"inLanguage\":\"pl-PL\"}]}<\/script>\n<!-- \/ Yoast SEO plugin. -->","yoast_head_json":{"title":"Akcja \u017bonkile - Meetingpoint Memory Messiaen e.V.","robots":{"index":"index","follow":"follow","max-snippet":"max-snippet:-1","max-image-preview":"max-image-preview:large","max-video-preview":"max-video-preview:-1"},"canonical":"https:\/\/www.meetingpoint-memory-messiaen.eu\/pl\/akcja-zonkile\/","og_locale":"pl_PL","og_type":"article","og_title":"Akcja \u017bonkile - Meetingpoint Memory Messiaen e.V.","og_description":"[vc_row css_animation=&#8221;&#8221; row_type=&#8221;row&#8221; use_row_as_full_screen_section=&#8221;no&#8221; type=&#8221;full_width&#8221; angled_section=&#8221;no&#8221; text_align=&#8221;left&#8221; background_image_as_pattern=&#8221;without_pattern&#8221;][vc_column][vc_column_text] M\u0142odzie\u017c upami\u0119tnia powstanie w getcie warszawskim Z okazji rocznicy wybuchu powstania w getcie warszawskim, Stowarzyszenie Meetingpoint Memory Messiaen e.V. we wsp\u00f3\u0142pracy z Fundacj\u0105 Pami\u0119\u0107, Edukacja, Kultura bierze udzia\u0142 w spo\u0142eczno-edukacyjnej Akcji \u017bonkile. W ramach obchod\u00f3w, przypadaj\u0105cych na...","og_url":"https:\/\/www.meetingpoint-memory-messiaen.eu\/pl\/akcja-zonkile\/","og_site_name":"Meetingpoint Memory Messiaen e.V.","twitter_card":"summary_large_image","twitter_misc":{"Szacowany czas czytania":"1 minuta"},"schema":{"@context":"https:\/\/schema.org","@graph":[{"@type":"WebPage","@id":"https:\/\/www.meetingpoint-memory-messiaen.eu\/pl\/akcja-zonkile\/","url":"https:\/\/www.meetingpoint-memory-messiaen.eu\/pl\/akcja-zonkile\/","name":"Akcja \u017bonkile - Meetingpoint Memory Messiaen e.V.","isPartOf":{"@id":"https:\/\/www.meetingpoint-memory-messiaen.eu\/pl\/#website"},"datePublished":"2025-04-14T11:10:21+00:00","dateModified":"2025-04-14T11:10:21+00:00","breadcrumb":{"@id":"https:\/\/www.meetingpoint-memory-messiaen.eu\/pl\/akcja-zonkile\/#breadcrumb"},"inLanguage":"pl-PL","potentialAction":[{"@type":"ReadAction","target":["https:\/\/www.meetingpoint-memory-messiaen.eu\/pl\/akcja-zonkile\/"]}]},{"@type":"BreadcrumbList","@id":"https:\/\/www.meetingpoint-memory-messiaen.eu\/pl\/akcja-zonkile\/#breadcrumb","itemListElement":[{"@type":"ListItem","position":1,"name":"Home","item":"https:\/\/www.meetingpoint-memory-messiaen.eu\/pl\/"},{"@type":"ListItem","position":2,"name":"Akcja \u017bonkile"}]},{"@type":"WebSite","@id":"https:\/\/www.meetingpoint-memory-messiaen.eu\/pl\/#website","url":"https:\/\/www.meetingpoint-memory-messiaen.eu\/pl\/","name":"Meetingpoint Memory Messiaen e.V.","description":"","potentialAction":[{"@type":"SearchAction","target":{"@type":"EntryPoint","urlTemplate":"https:\/\/www.meetingpoint-memory-messiaen.eu\/pl\/?s={search_term_string}"},"query-input":{"@type":"PropertyValueSpecification","valueRequired":true,"valueName":"search_term_string"}}],"inLanguage":"pl-PL"}]}},"_links":{"self":[{"href":"https:\/\/www.meetingpoint-memory-messiaen.eu\/pl\/wp-json\/wp\/v2\/pages\/19012","targetHints":{"allow":["GET"]}}],"collection":[{"href":"https:\/\/www.meetingpoint-memory-messiaen.eu\/pl\/wp-json\/wp\/v2\/pages"}],"about":[{"href":"https:\/\/www.meetingpoint-memory-messiaen.eu\/pl\/wp-json\/wp\/v2\/types\/page"}],"author":[{"embeddable":true,"href":"https:\/\/www.meetingpoint-memory-messiaen.eu\/pl\/wp-json\/wp\/v2\/users\/21"}],"replies":[{"embeddable":true,"href":"https:\/\/www.meetingpoint-memory-messiaen.eu\/pl\/wp-json\/wp\/v2\/comments?post=19012"}],"version-history":[{"count":1,"href":"https:\/\/www.meetingpoint-memory-messiaen.eu\/pl\/wp-json\/wp\/v2\/pages\/19012\/revisions"}],"predecessor-version":[{"id":19013,"href":"https:\/\/www.meetingpoint-memory-messiaen.eu\/pl\/wp-json\/wp\/v2\/pages\/19012\/revisions\/19013"}],"wp:attachment":[{"href":"https:\/\/www.meetingpoint-memory-messiaen.eu\/pl\/wp-json\/wp\/v2\/media?parent=19012"}],"curies":[{"name":"wp","href":"https:\/\/api.w.org\/{rel}","templated":true}]}}