{"id":18995,"date":"2025-04-09T13:08:15","date_gmt":"2025-04-09T11:08:15","guid":{"rendered":"https:\/\/www.meetingpoint-memory-messiaen.eu\/pl\/?page_id=18995"},"modified":"2025-04-09T13:12:23","modified_gmt":"2025-04-09T11:12:23","slug":"wirtualne-upamietnienie","status":"publish","type":"page","link":"https:\/\/www.meetingpoint-memory-messiaen.eu\/pl\/wirtualne-upamietnienie\/","title":{"rendered":"Wirtualne upami\u0119tnienie"},"content":{"rendered":"<p>[vc_row css_animation=&#8221;&#8221; row_type=&#8221;row&#8221; use_row_as_full_screen_section=&#8221;no&#8221; type=&#8221;full_width&#8221; angled_section=&#8221;no&#8221; text_align=&#8221;left&#8221; background_image_as_pattern=&#8221;without_pattern&#8221;][vc_column][vc_column_text]<\/p>\n<p data-start=\"96\" data-end=\"373\"><strong>WIRTUALNA PAMI\u0118\u0106 2025 &#8211; &#8222;PAMI\u0118\u0106 OZNACZA [<span style=\"color: #ff6600;\">RE<\/span>]AKTYWNO\u015a\u0106&#8221; <\/strong><\/p>\n<p class=\"\" data-start=\"96\" data-end=\"373\">Od 2025 roku stowarzyszenie Meetingpoint Memory Messiaen e.V. corocznie zaprasza do udzia\u0142u w <span style=\"color: #ff6600;\">wirtualnym upami\u0119tnieniu<\/span>. Celem jest po\u0142\u0105czenie ludzi z r\u00f3\u017cnych kraj\u00f3w, wsp\u00f3lne wspominanie przesz\u0142o\u015bci i wys\u0142anie wyra\u017anego sygna\u0142u na rzecz otwartego, demokratycznego spo\u0142ecze\u0144stwa.<\/p>\n<p class=\"\" data-start=\"375\" data-end=\"568\">Do udzia\u0142u zaproszone s\u0105 wszystkie osoby zainteresowane \u2013 poprzez kr\u00f3tki film lub tekst. Wszystkie zg\u0142oszone materia\u0142y zostan\u0105 opublikowane w okolicach 8 maja na kana\u0142ach online stowarzyszenia.<\/p>\n<p class=\"\" data-start=\"570\" data-end=\"645\">Wi\u0119cej informacji o udziale w inicjatywie w roku 2025 znajd\u0105 Pa\u0144stwo <span style=\"color: #ff6600;\"><a style=\"color: #ff6600;\" href=\"https:\/\/www.meetingpoint-memory-messiaen.eu\/pl\/18982-2\/\">tutaj<\/a><\/span>.<\/p>\n<p>[\/vc_column_text][\/vc_column][\/vc_row]<\/p>\n","protected":false},"excerpt":{"rendered":"<p>[vc_row css_animation=&#8221;&#8221; row_type=&#8221;row&#8221; use_row_as_full_screen_section=&#8221;no&#8221; type=&#8221;full_width&#8221; angled_section=&#8221;no&#8221; text_align=&#8221;left&#8221; background_image_as_pattern=&#8221;without_pattern&#8221;][vc_column][vc_column_text] WIRTUALNA PAMI\u0118\u0106 2025 &#8211; &#8222;PAMI\u0118\u0106 OZNACZA [RE]AKTYWNO\u015a\u0106&#8221; Od 2025 roku stowarzyszenie Meetingpoint Memory Messiaen e.V. corocznie zaprasza do udzia\u0142u w wirtualnym upami\u0119tnieniu. Celem jest po\u0142\u0105czenie ludzi z r\u00f3\u017cnych kraj\u00f3w, wsp\u00f3lne wspominanie przesz\u0142o\u015bci i wys\u0142anie wyra\u017anego sygna\u0142u na&#8230;<\/p>\n","protected":false},"author":21,"featured_media":18983,"parent":0,"menu_order":0,"comment_status":"closed","ping_status":"closed","template":"","meta":{"footnotes":""},"class_list":["post-18995","page","type-page","status-publish","has-post-thumbnail","hentry"],"yoast_head":"<!-- This site is optimized with the Yoast SEO plugin v24.3 - https:\/\/yoast.com\/wordpress\/plugins\/seo\/ -->\n<title>Wirtualne upami\u0119tnienie - Meetingpoint Memory Messiaen e.V.<\/title>\n<meta name=\"robots\" content=\"index, follow, max-snippet:-1, max-image-preview:large, max-video-preview:-1\" \/>\n<link rel=\"canonical\" href=\"https:\/\/www.meetingpoint-memory-messiaen.eu\/pl\/wirtualne-upamietnienie\/\" \/>\n<meta property=\"og:locale\" content=\"pl_PL\" \/>\n<meta property=\"og:type\" content=\"article\" \/>\n<meta property=\"og:title\" content=\"Wirtualne upami\u0119tnienie - Meetingpoint Memory Messiaen e.V.\" \/>\n<meta property=\"og:description\" content=\"[vc_row css_animation=&#8221;&#8221; row_type=&#8221;row&#8221; use_row_as_full_screen_section=&#8221;no&#8221; type=&#8221;full_width&#8221; angled_section=&#8221;no&#8221; text_align=&#8221;left&#8221; background_image_as_pattern=&#8221;without_pattern&#8221;][vc_column][vc_column_text] WIRTUALNA PAMI\u0118\u0106 2025 &#8211; &#8222;PAMI\u0118\u0106 OZNACZA [RE]AKTYWNO\u015a\u0106&#8221; Od 2025 roku stowarzyszenie Meetingpoint Memory Messiaen e.V. corocznie zaprasza do udzia\u0142u w wirtualnym upami\u0119tnieniu. Celem jest po\u0142\u0105czenie ludzi z r\u00f3\u017cnych kraj\u00f3w, wsp\u00f3lne wspominanie przesz\u0142o\u015bci i wys\u0142anie wyra\u017anego sygna\u0142u na...\" \/>\n<meta property=\"og:url\" content=\"https:\/\/www.meetingpoint-memory-messiaen.eu\/pl\/wirtualne-upamietnienie\/\" \/>\n<meta property=\"og:site_name\" content=\"Meetingpoint Memory Messiaen e.V.\" \/>\n<meta property=\"article:modified_time\" content=\"2025-04-09T11:12:23+00:00\" \/>\n<meta property=\"og:image\" content=\"https:\/\/www.meetingpoint-memory-messiaen.eu\/pl\/wp-content\/uploads\/2025\/04\/PAMIEC-OZNACZA-REAKTYWNOSC.png\" \/>\n\t<meta property=\"og:image:width\" content=\"945\" \/>\n\t<meta property=\"og:image:height\" content=\"945\" \/>\n\t<meta property=\"og:image:type\" content=\"image\/png\" \/>\n<meta name=\"twitter:card\" content=\"summary_large_image\" \/>\n<meta name=\"twitter:label1\" content=\"Szacowany czas czytania\" \/>\n\t<meta name=\"twitter:data1\" content=\"1 minuta\" \/>\n<script type=\"application\/ld+json\" class=\"yoast-schema-graph\">{\"@context\":\"https:\/\/schema.org\",\"@graph\":[{\"@type\":\"WebPage\",\"@id\":\"https:\/\/www.meetingpoint-memory-messiaen.eu\/pl\/wirtualne-upamietnienie\/\",\"url\":\"https:\/\/www.meetingpoint-memory-messiaen.eu\/pl\/wirtualne-upamietnienie\/\",\"name\":\"Wirtualne upami\u0119tnienie - Meetingpoint Memory Messiaen e.V.\",\"isPartOf\":{\"@id\":\"https:\/\/www.meetingpoint-memory-messiaen.eu\/pl\/#website\"},\"primaryImageOfPage\":{\"@id\":\"https:\/\/www.meetingpoint-memory-messiaen.eu\/pl\/wirtualne-upamietnienie\/#primaryimage\"},\"image\":{\"@id\":\"https:\/\/www.meetingpoint-memory-messiaen.eu\/pl\/wirtualne-upamietnienie\/#primaryimage\"},\"thumbnailUrl\":\"https:\/\/www.meetingpoint-memory-messiaen.eu\/pl\/wp-content\/uploads\/2025\/04\/PAMIEC-OZNACZA-REAKTYWNOSC.png\",\"datePublished\":\"2025-04-09T11:08:15+00:00\",\"dateModified\":\"2025-04-09T11:12:23+00:00\",\"breadcrumb\":{\"@id\":\"https:\/\/www.meetingpoint-memory-messiaen.eu\/pl\/wirtualne-upamietnienie\/#breadcrumb\"},\"inLanguage\":\"pl-PL\",\"potentialAction\":[{\"@type\":\"ReadAction\",\"target\":[\"https:\/\/www.meetingpoint-memory-messiaen.eu\/pl\/wirtualne-upamietnienie\/\"]}]},{\"@type\":\"ImageObject\",\"inLanguage\":\"pl-PL\",\"@id\":\"https:\/\/www.meetingpoint-memory-messiaen.eu\/pl\/wirtualne-upamietnienie\/#primaryimage\",\"url\":\"https:\/\/www.meetingpoint-memory-messiaen.eu\/pl\/wp-content\/uploads\/2025\/04\/PAMIEC-OZNACZA-REAKTYWNOSC.png\",\"contentUrl\":\"https:\/\/www.meetingpoint-memory-messiaen.eu\/pl\/wp-content\/uploads\/2025\/04\/PAMIEC-OZNACZA-REAKTYWNOSC.png\",\"width\":945,\"height\":945},{\"@type\":\"BreadcrumbList\",\"@id\":\"https:\/\/www.meetingpoint-memory-messiaen.eu\/pl\/wirtualne-upamietnienie\/#breadcrumb\",\"itemListElement\":[{\"@type\":\"ListItem\",\"position\":1,\"name\":\"Home\",\"item\":\"https:\/\/www.meetingpoint-memory-messiaen.eu\/pl\/\"},{\"@type\":\"ListItem\",\"position\":2,\"name\":\"Wirtualne upami\u0119tnienie\"}]},{\"@type\":\"WebSite\",\"@id\":\"https:\/\/www.meetingpoint-memory-messiaen.eu\/pl\/#website\",\"url\":\"https:\/\/www.meetingpoint-memory-messiaen.eu\/pl\/\",\"name\":\"Meetingpoint Memory Messiaen e.V.\",\"description\":\"\",\"potentialAction\":[{\"@type\":\"SearchAction\",\"target\":{\"@type\":\"EntryPoint\",\"urlTemplate\":\"https:\/\/www.meetingpoint-memory-messiaen.eu\/pl\/?s={search_term_string}\"},\"query-input\":{\"@type\":\"PropertyValueSpecification\",\"valueRequired\":true,\"valueName\":\"search_term_string\"}}],\"inLanguage\":\"pl-PL\"}]}<\/script>\n<!-- \/ Yoast SEO plugin. -->","yoast_head_json":{"title":"Wirtualne upami\u0119tnienie - Meetingpoint Memory Messiaen e.V.","robots":{"index":"index","follow":"follow","max-snippet":"max-snippet:-1","max-image-preview":"max-image-preview:large","max-video-preview":"max-video-preview:-1"},"canonical":"https:\/\/www.meetingpoint-memory-messiaen.eu\/pl\/wirtualne-upamietnienie\/","og_locale":"pl_PL","og_type":"article","og_title":"Wirtualne upami\u0119tnienie - Meetingpoint Memory Messiaen e.V.","og_description":"[vc_row css_animation=&#8221;&#8221; row_type=&#8221;row&#8221; use_row_as_full_screen_section=&#8221;no&#8221; type=&#8221;full_width&#8221; angled_section=&#8221;no&#8221; text_align=&#8221;left&#8221; background_image_as_pattern=&#8221;without_pattern&#8221;][vc_column][vc_column_text] WIRTUALNA PAMI\u0118\u0106 2025 &#8211; &#8222;PAMI\u0118\u0106 OZNACZA [RE]AKTYWNO\u015a\u0106&#8221; Od 2025 roku stowarzyszenie Meetingpoint Memory Messiaen e.V. corocznie zaprasza do udzia\u0142u w wirtualnym upami\u0119tnieniu. Celem jest po\u0142\u0105czenie ludzi z r\u00f3\u017cnych kraj\u00f3w, wsp\u00f3lne wspominanie przesz\u0142o\u015bci i wys\u0142anie wyra\u017anego sygna\u0142u na...","og_url":"https:\/\/www.meetingpoint-memory-messiaen.eu\/pl\/wirtualne-upamietnienie\/","og_site_name":"Meetingpoint Memory Messiaen e.V.","article_modified_time":"2025-04-09T11:12:23+00:00","og_image":[{"width":945,"height":945,"url":"https:\/\/www.meetingpoint-memory-messiaen.eu\/pl\/wp-content\/uploads\/2025\/04\/PAMIEC-OZNACZA-REAKTYWNOSC.png","type":"image\/png"}],"twitter_card":"summary_large_image","twitter_misc":{"Szacowany czas czytania":"1 minuta"},"schema":{"@context":"https:\/\/schema.org","@graph":[{"@type":"WebPage","@id":"https:\/\/www.meetingpoint-memory-messiaen.eu\/pl\/wirtualne-upamietnienie\/","url":"https:\/\/www.meetingpoint-memory-messiaen.eu\/pl\/wirtualne-upamietnienie\/","name":"Wirtualne upami\u0119tnienie - Meetingpoint Memory Messiaen e.V.","isPartOf":{"@id":"https:\/\/www.meetingpoint-memory-messiaen.eu\/pl\/#website"},"primaryImageOfPage":{"@id":"https:\/\/www.meetingpoint-memory-messiaen.eu\/pl\/wirtualne-upamietnienie\/#primaryimage"},"image":{"@id":"https:\/\/www.meetingpoint-memory-messiaen.eu\/pl\/wirtualne-upamietnienie\/#primaryimage"},"thumbnailUrl":"https:\/\/www.meetingpoint-memory-messiaen.eu\/pl\/wp-content\/uploads\/2025\/04\/PAMIEC-OZNACZA-REAKTYWNOSC.png","datePublished":"2025-04-09T11:08:15+00:00","dateModified":"2025-04-09T11:12:23+00:00","breadcrumb":{"@id":"https:\/\/www.meetingpoint-memory-messiaen.eu\/pl\/wirtualne-upamietnienie\/#breadcrumb"},"inLanguage":"pl-PL","potentialAction":[{"@type":"ReadAction","target":["https:\/\/www.meetingpoint-memory-messiaen.eu\/pl\/wirtualne-upamietnienie\/"]}]},{"@type":"ImageObject","inLanguage":"pl-PL","@id":"https:\/\/www.meetingpoint-memory-messiaen.eu\/pl\/wirtualne-upamietnienie\/#primaryimage","url":"https:\/\/www.meetingpoint-memory-messiaen.eu\/pl\/wp-content\/uploads\/2025\/04\/PAMIEC-OZNACZA-REAKTYWNOSC.png","contentUrl":"https:\/\/www.meetingpoint-memory-messiaen.eu\/pl\/wp-content\/uploads\/2025\/04\/PAMIEC-OZNACZA-REAKTYWNOSC.png","width":945,"height":945},{"@type":"BreadcrumbList","@id":"https:\/\/www.meetingpoint-memory-messiaen.eu\/pl\/wirtualne-upamietnienie\/#breadcrumb","itemListElement":[{"@type":"ListItem","position":1,"name":"Home","item":"https:\/\/www.meetingpoint-memory-messiaen.eu\/pl\/"},{"@type":"ListItem","position":2,"name":"Wirtualne upami\u0119tnienie"}]},{"@type":"WebSite","@id":"https:\/\/www.meetingpoint-memory-messiaen.eu\/pl\/#website","url":"https:\/\/www.meetingpoint-memory-messiaen.eu\/pl\/","name":"Meetingpoint Memory Messiaen e.V.","description":"","potentialAction":[{"@type":"SearchAction","target":{"@type":"EntryPoint","urlTemplate":"https:\/\/www.meetingpoint-memory-messiaen.eu\/pl\/?s={search_term_string}"},"query-input":{"@type":"PropertyValueSpecification","valueRequired":true,"valueName":"search_term_string"}}],"inLanguage":"pl-PL"}]}},"_links":{"self":[{"href":"https:\/\/www.meetingpoint-memory-messiaen.eu\/pl\/wp-json\/wp\/v2\/pages\/18995","targetHints":{"allow":["GET"]}}],"collection":[{"href":"https:\/\/www.meetingpoint-memory-messiaen.eu\/pl\/wp-json\/wp\/v2\/pages"}],"about":[{"href":"https:\/\/www.meetingpoint-memory-messiaen.eu\/pl\/wp-json\/wp\/v2\/types\/page"}],"author":[{"embeddable":true,"href":"https:\/\/www.meetingpoint-memory-messiaen.eu\/pl\/wp-json\/wp\/v2\/users\/21"}],"replies":[{"embeddable":true,"href":"https:\/\/www.meetingpoint-memory-messiaen.eu\/pl\/wp-json\/wp\/v2\/comments?post=18995"}],"version-history":[{"count":4,"href":"https:\/\/www.meetingpoint-memory-messiaen.eu\/pl\/wp-json\/wp\/v2\/pages\/18995\/revisions"}],"predecessor-version":[{"id":19000,"href":"https:\/\/www.meetingpoint-memory-messiaen.eu\/pl\/wp-json\/wp\/v2\/pages\/18995\/revisions\/19000"}],"wp:featuredmedia":[{"embeddable":true,"href":"https:\/\/www.meetingpoint-memory-messiaen.eu\/pl\/wp-json\/wp\/v2\/media\/18983"}],"wp:attachment":[{"href":"https:\/\/www.meetingpoint-memory-messiaen.eu\/pl\/wp-json\/wp\/v2\/media?parent=18995"}],"curies":[{"name":"wp","href":"https:\/\/api.w.org\/{rel}","templated":true}]}}