{"id":18976,"date":"2025-04-03T10:59:32","date_gmt":"2025-04-03T08:59:32","guid":{"rendered":"https:\/\/www.meetingpoint-memory-messiaen.eu\/pl\/?page_id=18976"},"modified":"2025-04-03T10:59:32","modified_gmt":"2025-04-03T08:59:32","slug":"magazyn-trojstyk-poznajmy-sie-na-pograniczu","status":"publish","type":"page","link":"https:\/\/www.meetingpoint-memory-messiaen.eu\/pl\/magazyn-trojstyk-poznajmy-sie-na-pograniczu\/","title":{"rendered":"\u201eMagazyn Tr\u00f3jstyk \u2013 poznajmy si\u0119 na pograniczu\u201d"},"content":{"rendered":"<p>\u201eMagazyn Tr\u00f3jstyk \u2013 poznajmy si\u0119 na pograniczu\u201d<br \/>\nWraz z ko\u0144cem roku 2024 dobieg\u0142 ko\u0144ca projekt realizowany przez Stowarzyszenie Media Lokalne, kt\u00f3rego celem by\u0142o przybli\u017cenie lokalnej  spo\u0142eczno\u015bci na Tr\u00f3jstyku wa\u017cnych, ciekawych wydarze\u0144 u s\u0105siad\u00f3w.<br \/>\nPrzygotowano 12 materia\u0142\u00f3w filmowych realizowanych w Polsce, Czechach i Niemczech, by\u0142y to relacje filmowe, mi\u0119dzynarodowe a zarazem lokalne, bo dotycz\u0105ce w\u0142a\u015bnie Tr\u00f3jstyku granic. Rezultatem projektu jest zwi\u0119kszenie wiedzy na temat miejsc w kt\u00f3rych odbywaj\u0105 si\u0119 wydarzenia kulturalne, sportowe na Tr\u00f3jstyku oraz poznanie ludzi Tr\u00f3jstyku. Celem by\u0142o tak\u017ce zbli\u017cenie do siebie mieszka\u0144c\u00f3w pogranicza Polsko \u2013 Czesko \u2013 Niemieckiego.<br \/>\nWszystkie odcinki znajdziemy w tym miejscu Magazyn Tr\u00f3jstyk \u2013 poznajmy si\u0119 na pograniczu<br \/>\nProjekt pt. \u201eMagazyn Tr\u00f3jstyk \u2013 poznajmy si\u0119 na Pograniczu\u201d zrealizowa\u0142o Stowarzyszenie Media Lokalne (www.tvbogatynia.pl). Partnerem projektu by\u0142o Stowarzyszenie MEETINGPOINT MEMORY MESSIAEN e.V.  (Strona g\u0142\u00f3wna &#8211; Meetingpoint Memory Messiaen e.V.) dofinansowany jest przez Uni\u0119 Europejsk\u0105 ze \u015brodk\u00f3w Europejskiego Funduszu Rozwoju Regionalnego w ramach Funduszu Ma\u0142ych Projekt\u00f3w Polska &#8211; Saksonia 2021-2027. Kwota dofinansowania wynosi 22 822,87 euro. Warto\u015b\u0107 projektu wynosi 28 528,59 euro. Projekt by\u0142 realizowany od 1. listopada 2023 roku do 31. grudnia 2024 roku.<\/p>\n<p><img loading=\"lazy\" decoding=\"async\" src=\"https:\/\/www.meetingpoint-memory-messiaen.eu\/pl\/wp-content\/uploads\/2025\/04\/Sequence-06.Still009.jpg\" alt=\"\" width=\"960\" height=\"540\" class=\"alignnone size-full wp-image-18977\" srcset=\"https:\/\/www.meetingpoint-memory-messiaen.eu\/pl\/wp-content\/uploads\/2025\/04\/Sequence-06.Still009.jpg 960w, https:\/\/www.meetingpoint-memory-messiaen.eu\/pl\/wp-content\/uploads\/2025\/04\/Sequence-06.Still009-300x169.jpg 300w, https:\/\/www.meetingpoint-memory-messiaen.eu\/pl\/wp-content\/uploads\/2025\/04\/Sequence-06.Still009-700x394.jpg 700w, https:\/\/www.meetingpoint-memory-messiaen.eu\/pl\/wp-content\/uploads\/2025\/04\/Sequence-06.Still009-539x303.jpg 539w\" sizes=\"auto, (max-width: 960px) 100vw, 960px\" \/><\/p>\n","protected":false},"excerpt":{"rendered":"<p>\u201eMagazyn Tr\u00f3jstyk \u2013 poznajmy si\u0119 na pograniczu\u201d Wraz z ko\u0144cem roku 2024 dobieg\u0142 ko\u0144ca projekt realizowany przez Stowarzyszenie Media Lokalne, kt\u00f3rego celem by\u0142o przybli\u017cenie lokalnej spo\u0142eczno\u015bci na Tr\u00f3jstyku wa\u017cnych, ciekawych wydarze\u0144 u s\u0105siad\u00f3w. Przygotowano 12 materia\u0142\u00f3w filmowych realizowanych w Polsce, Czechach i Niemczech, by\u0142y to&#8230;<\/p>\n","protected":false},"author":21,"featured_media":0,"parent":0,"menu_order":0,"comment_status":"closed","ping_status":"closed","template":"","meta":{"footnotes":""},"class_list":["post-18976","page","type-page","status-publish","hentry"],"yoast_head":"<!-- This site is optimized with the Yoast SEO plugin v24.3 - https:\/\/yoast.com\/wordpress\/plugins\/seo\/ -->\n<title>\u201eMagazyn Tr\u00f3jstyk \u2013 poznajmy si\u0119 na pograniczu\u201d - Meetingpoint Memory Messiaen e.V.<\/title>\n<meta name=\"robots\" content=\"index, follow, max-snippet:-1, max-image-preview:large, max-video-preview:-1\" \/>\n<link rel=\"canonical\" href=\"https:\/\/www.meetingpoint-memory-messiaen.eu\/pl\/magazyn-trojstyk-poznajmy-sie-na-pograniczu\/\" \/>\n<meta property=\"og:locale\" content=\"pl_PL\" \/>\n<meta property=\"og:type\" content=\"article\" \/>\n<meta property=\"og:title\" content=\"\u201eMagazyn Tr\u00f3jstyk \u2013 poznajmy si\u0119 na pograniczu\u201d - Meetingpoint Memory Messiaen e.V.\" \/>\n<meta property=\"og:description\" content=\"\u201eMagazyn Tr\u00f3jstyk \u2013 poznajmy si\u0119 na pograniczu\u201d Wraz z ko\u0144cem roku 2024 dobieg\u0142 ko\u0144ca projekt realizowany przez Stowarzyszenie Media Lokalne, kt\u00f3rego celem by\u0142o przybli\u017cenie lokalnej spo\u0142eczno\u015bci na Tr\u00f3jstyku wa\u017cnych, ciekawych wydarze\u0144 u s\u0105siad\u00f3w. Przygotowano 12 materia\u0142\u00f3w filmowych realizowanych w Polsce, Czechach i Niemczech, by\u0142y to...\" \/>\n<meta property=\"og:url\" content=\"https:\/\/www.meetingpoint-memory-messiaen.eu\/pl\/magazyn-trojstyk-poznajmy-sie-na-pograniczu\/\" \/>\n<meta property=\"og:site_name\" content=\"Meetingpoint Memory Messiaen e.V.\" \/>\n<meta property=\"og:image\" content=\"https:\/\/www.meetingpoint-memory-messiaen.eu\/pl\/wp-content\/uploads\/2025\/04\/Sequence-06.Still009.jpg\" \/>\n\t<meta property=\"og:image:width\" content=\"960\" \/>\n\t<meta property=\"og:image:height\" content=\"540\" \/>\n\t<meta property=\"og:image:type\" content=\"image\/jpeg\" \/>\n<meta name=\"twitter:card\" content=\"summary_large_image\" \/>\n<meta name=\"twitter:label1\" content=\"Szacowany czas czytania\" \/>\n\t<meta name=\"twitter:data1\" content=\"2 minuty\" \/>\n<script type=\"application\/ld+json\" class=\"yoast-schema-graph\">{\"@context\":\"https:\/\/schema.org\",\"@graph\":[{\"@type\":\"WebPage\",\"@id\":\"https:\/\/www.meetingpoint-memory-messiaen.eu\/pl\/magazyn-trojstyk-poznajmy-sie-na-pograniczu\/\",\"url\":\"https:\/\/www.meetingpoint-memory-messiaen.eu\/pl\/magazyn-trojstyk-poznajmy-sie-na-pograniczu\/\",\"name\":\"\u201eMagazyn Tr\u00f3jstyk \u2013 poznajmy si\u0119 na pograniczu\u201d - Meetingpoint Memory Messiaen e.V.\",\"isPartOf\":{\"@id\":\"https:\/\/www.meetingpoint-memory-messiaen.eu\/pl\/#website\"},\"primaryImageOfPage\":{\"@id\":\"https:\/\/www.meetingpoint-memory-messiaen.eu\/pl\/magazyn-trojstyk-poznajmy-sie-na-pograniczu\/#primaryimage\"},\"image\":{\"@id\":\"https:\/\/www.meetingpoint-memory-messiaen.eu\/pl\/magazyn-trojstyk-poznajmy-sie-na-pograniczu\/#primaryimage\"},\"thumbnailUrl\":\"https:\/\/www.meetingpoint-memory-messiaen.eu\/pl\/wp-content\/uploads\/2025\/04\/Sequence-06.Still009.jpg\",\"datePublished\":\"2025-04-03T08:59:32+00:00\",\"dateModified\":\"2025-04-03T08:59:32+00:00\",\"breadcrumb\":{\"@id\":\"https:\/\/www.meetingpoint-memory-messiaen.eu\/pl\/magazyn-trojstyk-poznajmy-sie-na-pograniczu\/#breadcrumb\"},\"inLanguage\":\"pl-PL\",\"potentialAction\":[{\"@type\":\"ReadAction\",\"target\":[\"https:\/\/www.meetingpoint-memory-messiaen.eu\/pl\/magazyn-trojstyk-poznajmy-sie-na-pograniczu\/\"]}]},{\"@type\":\"ImageObject\",\"inLanguage\":\"pl-PL\",\"@id\":\"https:\/\/www.meetingpoint-memory-messiaen.eu\/pl\/magazyn-trojstyk-poznajmy-sie-na-pograniczu\/#primaryimage\",\"url\":\"https:\/\/www.meetingpoint-memory-messiaen.eu\/pl\/wp-content\/uploads\/2025\/04\/Sequence-06.Still009.jpg\",\"contentUrl\":\"https:\/\/www.meetingpoint-memory-messiaen.eu\/pl\/wp-content\/uploads\/2025\/04\/Sequence-06.Still009.jpg\",\"width\":960,\"height\":540},{\"@type\":\"BreadcrumbList\",\"@id\":\"https:\/\/www.meetingpoint-memory-messiaen.eu\/pl\/magazyn-trojstyk-poznajmy-sie-na-pograniczu\/#breadcrumb\",\"itemListElement\":[{\"@type\":\"ListItem\",\"position\":1,\"name\":\"Home\",\"item\":\"https:\/\/www.meetingpoint-memory-messiaen.eu\/pl\/\"},{\"@type\":\"ListItem\",\"position\":2,\"name\":\"\u201eMagazyn Tr\u00f3jstyk \u2013 poznajmy si\u0119 na pograniczu\u201d\"}]},{\"@type\":\"WebSite\",\"@id\":\"https:\/\/www.meetingpoint-memory-messiaen.eu\/pl\/#website\",\"url\":\"https:\/\/www.meetingpoint-memory-messiaen.eu\/pl\/\",\"name\":\"Meetingpoint Memory Messiaen e.V.\",\"description\":\"\",\"potentialAction\":[{\"@type\":\"SearchAction\",\"target\":{\"@type\":\"EntryPoint\",\"urlTemplate\":\"https:\/\/www.meetingpoint-memory-messiaen.eu\/pl\/?s={search_term_string}\"},\"query-input\":{\"@type\":\"PropertyValueSpecification\",\"valueRequired\":true,\"valueName\":\"search_term_string\"}}],\"inLanguage\":\"pl-PL\"}]}<\/script>\n<!-- \/ Yoast SEO plugin. -->","yoast_head_json":{"title":"\u201eMagazyn Tr\u00f3jstyk \u2013 poznajmy si\u0119 na pograniczu\u201d - Meetingpoint Memory Messiaen e.V.","robots":{"index":"index","follow":"follow","max-snippet":"max-snippet:-1","max-image-preview":"max-image-preview:large","max-video-preview":"max-video-preview:-1"},"canonical":"https:\/\/www.meetingpoint-memory-messiaen.eu\/pl\/magazyn-trojstyk-poznajmy-sie-na-pograniczu\/","og_locale":"pl_PL","og_type":"article","og_title":"\u201eMagazyn Tr\u00f3jstyk \u2013 poznajmy si\u0119 na pograniczu\u201d - Meetingpoint Memory Messiaen e.V.","og_description":"\u201eMagazyn Tr\u00f3jstyk \u2013 poznajmy si\u0119 na pograniczu\u201d Wraz z ko\u0144cem roku 2024 dobieg\u0142 ko\u0144ca projekt realizowany przez Stowarzyszenie Media Lokalne, kt\u00f3rego celem by\u0142o przybli\u017cenie lokalnej spo\u0142eczno\u015bci na Tr\u00f3jstyku wa\u017cnych, ciekawych wydarze\u0144 u s\u0105siad\u00f3w. Przygotowano 12 materia\u0142\u00f3w filmowych realizowanych w Polsce, Czechach i Niemczech, by\u0142y to...","og_url":"https:\/\/www.meetingpoint-memory-messiaen.eu\/pl\/magazyn-trojstyk-poznajmy-sie-na-pograniczu\/","og_site_name":"Meetingpoint Memory Messiaen e.V.","og_image":[{"width":960,"height":540,"url":"https:\/\/www.meetingpoint-memory-messiaen.eu\/pl\/wp-content\/uploads\/2025\/04\/Sequence-06.Still009.jpg","type":"image\/jpeg"}],"twitter_card":"summary_large_image","twitter_misc":{"Szacowany czas czytania":"2 minuty"},"schema":{"@context":"https:\/\/schema.org","@graph":[{"@type":"WebPage","@id":"https:\/\/www.meetingpoint-memory-messiaen.eu\/pl\/magazyn-trojstyk-poznajmy-sie-na-pograniczu\/","url":"https:\/\/www.meetingpoint-memory-messiaen.eu\/pl\/magazyn-trojstyk-poznajmy-sie-na-pograniczu\/","name":"\u201eMagazyn Tr\u00f3jstyk \u2013 poznajmy si\u0119 na pograniczu\u201d - Meetingpoint Memory Messiaen e.V.","isPartOf":{"@id":"https:\/\/www.meetingpoint-memory-messiaen.eu\/pl\/#website"},"primaryImageOfPage":{"@id":"https:\/\/www.meetingpoint-memory-messiaen.eu\/pl\/magazyn-trojstyk-poznajmy-sie-na-pograniczu\/#primaryimage"},"image":{"@id":"https:\/\/www.meetingpoint-memory-messiaen.eu\/pl\/magazyn-trojstyk-poznajmy-sie-na-pograniczu\/#primaryimage"},"thumbnailUrl":"https:\/\/www.meetingpoint-memory-messiaen.eu\/pl\/wp-content\/uploads\/2025\/04\/Sequence-06.Still009.jpg","datePublished":"2025-04-03T08:59:32+00:00","dateModified":"2025-04-03T08:59:32+00:00","breadcrumb":{"@id":"https:\/\/www.meetingpoint-memory-messiaen.eu\/pl\/magazyn-trojstyk-poznajmy-sie-na-pograniczu\/#breadcrumb"},"inLanguage":"pl-PL","potentialAction":[{"@type":"ReadAction","target":["https:\/\/www.meetingpoint-memory-messiaen.eu\/pl\/magazyn-trojstyk-poznajmy-sie-na-pograniczu\/"]}]},{"@type":"ImageObject","inLanguage":"pl-PL","@id":"https:\/\/www.meetingpoint-memory-messiaen.eu\/pl\/magazyn-trojstyk-poznajmy-sie-na-pograniczu\/#primaryimage","url":"https:\/\/www.meetingpoint-memory-messiaen.eu\/pl\/wp-content\/uploads\/2025\/04\/Sequence-06.Still009.jpg","contentUrl":"https:\/\/www.meetingpoint-memory-messiaen.eu\/pl\/wp-content\/uploads\/2025\/04\/Sequence-06.Still009.jpg","width":960,"height":540},{"@type":"BreadcrumbList","@id":"https:\/\/www.meetingpoint-memory-messiaen.eu\/pl\/magazyn-trojstyk-poznajmy-sie-na-pograniczu\/#breadcrumb","itemListElement":[{"@type":"ListItem","position":1,"name":"Home","item":"https:\/\/www.meetingpoint-memory-messiaen.eu\/pl\/"},{"@type":"ListItem","position":2,"name":"\u201eMagazyn Tr\u00f3jstyk \u2013 poznajmy si\u0119 na pograniczu\u201d"}]},{"@type":"WebSite","@id":"https:\/\/www.meetingpoint-memory-messiaen.eu\/pl\/#website","url":"https:\/\/www.meetingpoint-memory-messiaen.eu\/pl\/","name":"Meetingpoint Memory Messiaen e.V.","description":"","potentialAction":[{"@type":"SearchAction","target":{"@type":"EntryPoint","urlTemplate":"https:\/\/www.meetingpoint-memory-messiaen.eu\/pl\/?s={search_term_string}"},"query-input":{"@type":"PropertyValueSpecification","valueRequired":true,"valueName":"search_term_string"}}],"inLanguage":"pl-PL"}]}},"_links":{"self":[{"href":"https:\/\/www.meetingpoint-memory-messiaen.eu\/pl\/wp-json\/wp\/v2\/pages\/18976","targetHints":{"allow":["GET"]}}],"collection":[{"href":"https:\/\/www.meetingpoint-memory-messiaen.eu\/pl\/wp-json\/wp\/v2\/pages"}],"about":[{"href":"https:\/\/www.meetingpoint-memory-messiaen.eu\/pl\/wp-json\/wp\/v2\/types\/page"}],"author":[{"embeddable":true,"href":"https:\/\/www.meetingpoint-memory-messiaen.eu\/pl\/wp-json\/wp\/v2\/users\/21"}],"replies":[{"embeddable":true,"href":"https:\/\/www.meetingpoint-memory-messiaen.eu\/pl\/wp-json\/wp\/v2\/comments?post=18976"}],"version-history":[{"count":1,"href":"https:\/\/www.meetingpoint-memory-messiaen.eu\/pl\/wp-json\/wp\/v2\/pages\/18976\/revisions"}],"predecessor-version":[{"id":18978,"href":"https:\/\/www.meetingpoint-memory-messiaen.eu\/pl\/wp-json\/wp\/v2\/pages\/18976\/revisions\/18978"}],"wp:attachment":[{"href":"https:\/\/www.meetingpoint-memory-messiaen.eu\/pl\/wp-json\/wp\/v2\/media?parent=18976"}],"curies":[{"name":"wp","href":"https:\/\/api.w.org\/{rel}","templated":true}]}}