{"id":17499,"date":"2023-03-28T14:45:41","date_gmt":"2023-03-28T12:45:41","guid":{"rendered":"https:\/\/www.meetingpoint-memory-messiaen.eu\/pl\/?page_id=17499"},"modified":"2024-05-15T15:28:07","modified_gmt":"2024-05-15T13:28:07","slug":"talklabs","status":"publish","type":"page","link":"https:\/\/www.meetingpoint-memory-messiaen.eu\/pl\/talklabs\/","title":{"rendered":"TalkLabs"},"content":{"rendered":"<p>[vc_row css_animation=&#8221;&#8221; row_type=&#8221;row&#8221; use_row_as_full_screen_section=&#8221;no&#8221; type=&#8221;full_width&#8221; angled_section=&#8221;no&#8221; text_align=&#8221;left&#8221; background_image_as_pattern=&#8221;without_pattern&#8221;][vc_column][vc_column_text]<\/p>\n<h1 style=\"text-align: center;\">TalkLabs 2024<\/h1>\n<h1 style=\"text-align: center;\">18.11. &#8211; 23.11.<\/h1>\n<p>[\/vc_column_text][vc_single_image image=&#8221;18329&#8243; img_size=&#8221;full&#8221; alignment=&#8221;center&#8221; qode_css_animation=&#8221;&#8221;][vc_empty_space][\/vc_column][\/vc_row][vc_row css_animation=&#8221;&#8221; row_type=&#8221;row&#8221; use_row_as_full_screen_section=&#8221;no&#8221; type=&#8221;full_width&#8221; angled_section=&#8221;no&#8221; text_align=&#8221;left&#8221; background_image_as_pattern=&#8221;without_pattern&#8221;][vc_column width=&#8221;1\/2&#8243;][vc_column_text]<\/p>\n<p style=\"text-align: center;\"><strong>PL<\/strong><\/p>\n<p>[\/vc_column_text][vc_column_text]<\/p>\n<div class=\"document-page\" data-page=\"1\">\n<div class=\"pdf-page\">\n<div class=\"text-wrapper user-select-text\">\n<ul>\n<li data-canvas-width=\"502.4066666666668\">Chcesz by\u0107 cz\u0119\u015bci\u0105 mi\u0119dzynarodowego zespo\u0142u i sp\u0119dzi\u0107 czas w r\u00f3\u017cnorodny spos\u00f3b?<\/li>\n<li data-canvas-width=\"431.40533333333326\">Chcesz prze\u0142ama\u0107 swoje bariery i podnie\u015b\u0107 swoje kwalifikacje j\u0119zykowe?<\/li>\n<\/ul>\n<\/div>\n<\/div>\n<\/div>\n<p>[\/vc_column_text][vc_empty_space][vc_column_text]<\/p>\n<div data-canvas-width=\"524.3773333333334\">\n<p>A mo\u017ce chcia\u0142aby\u015b\/chcia\u0142by\u015b dowiedzie\u0107 si\u0119, jak prowadzi\u0107 wymiany polsko-niemieckie i mi\u0119dzynarodowe spotkania m\u0142odzie\u017cy?<\/p>\n<p>Je\u015bli odpowiedzia\u0142e\u015b \u2018tak\u2019 na co najmniej jedno pytanie, to ten projekt jest dla Ciebie!<\/p>\n<p><strong>Talk Labs<\/strong> to <strong>polsko-niemiecki<\/strong> projekt organizowany przez Meetingpoint Memory Messiaen e.V. we wsp\u00f3\u0142pracy z Fundacj\u0105 Pami\u0119\u0107, Edukacja, Kultura. Projekt Talk Labs 2023 odb\u0119dzie si\u0119 na pograniczu Polski i Niemiec, w malowniczym europejskim mie\u015bcie Goerlitz-Zgorzelec. W <strong>wymianie j\u0119zykowej<\/strong> i w <strong>tandemie<\/strong> ka\u017cdy z uczestnik\u00f3w jest native speakerem j\u0119zyka, kt\u00f3rego chce nauczy\u0107 si\u0119 druga osoba. Dyskusja jest podzielona po r\u00f3wno mi\u0119dzy oba j\u0119zyki, tak aby obaj partnerzy\/partnerki mieli mo\u017cliwo\u015b\u0107 nauki j\u0119zyka docelowego. Opr\u00f3cz nauki j\u0119zyka obcego, uczestniczki i uczestnicy b\u0119d\u0105 mogli pozna\u0107 kultur\u0119 i histori\u0119 s\u0105siedniego kraju oraz zawrze\u0107 trwa\u0142e kontakty z mieszka\u0144cami i mieszkankami s\u0105siedniego kraju czy nawi\u0105za\u0107 warto\u015bciowe znajomo\u015bci instytucjonalne. Tematy omawiane podczas warsztat\u00f3w r\u00f3wnie\u017c dobierane b\u0119d\u0105 nieprzypadkowo, ale b\u0119d\u0105 porusza\u0142y tematy wa\u017cne spo\u0142ecznie tak, aby uczestniczki i uczestnicy, opr\u00f3cz doskonalenia j\u0119zyka mogli poszerzy\u0107 swoj\u0105 wiedz\u0119 r\u00f3wnie\u017c w innych kwestiach i rozwin\u0105\u0107 swoje umiej\u0119tno\u015bci pedagogiczne i organizacyjne w kwestii organizacji polsko-niemieckich spotka\u0144 m\u0142odzie\u017cowych. Projekt zak\u0142ada r\u00f3wnie\u017c szeroko poj\u0119t\u0105 partycypacj\u0119 uczestnik\u00f3w i uczestniczek podczas planowania przebiegu spotka\u0144 i uwzgl\u0119dnia osobiste opinie czy sugestie wszystkich os\u00f3b uczestnicz\u0105cych dot. organizacji projektu oraz porusza kwestie samoorganizacji.<\/p>\n<\/div>\n<p>[\/vc_column_text][vc_empty_space][vc_column_text]<\/p>\n<div class=\"document-page\" data-page=\"1\">\n<div class=\"pdf-page\">\n<div class=\"text-wrapper user-select-text\">\n<div data-canvas-width=\"14.666666666666666\">\n<div class=\"document-page\" data-page=\"1\">\n<div class=\"pdf-page\">\n<div class=\"text-wrapper user-select-text\">\n<div data-canvas-width=\"14.666666666666666\">\n<p><strong>\ud83d\udc49Kto?<\/strong><\/p>\n<p>Osoby od 18 roku \u017cycia z Polski i Niemiec<\/p>\n<p><strong>\ud83d\udc49Kiedy?<\/strong><\/p>\n<p>18-23 listopada 2024r.<\/p>\n<p><strong>\ud83d\udc49Gdzie?<\/strong><\/p>\n<p>Europamiasto G\u00f6rlitz\/Zgorzelec<\/p>\n<p><strong>\ud83d\udc49 Ile?<\/strong><\/p>\n<p>150\u20ac (osoby z Niemiec)\/500 PLN (osoby z Polski)<\/p>\n<p>Op\u0142ata zawiera wy\u017cywienie, zakwaterowanie i wszelkie planowane aktywno\u015bci.<\/p>\n<p>Dla student\u00f3w\/ek i wolontariuszy\/ek (program ca\u0142oroczny) przewidzieli\u015bmy zni\u017ck\u0119. Obowi\u0105zuj\u0105ca kwota to 400 PLN (dla uczestnik\u00f3w\/czek z Polski) i 125\u20ac (dla uczestnik\u00f3w\/czek z Niemiec).<\/p>\n<p><strong>\ud83d\udc49Zg\u0142oszenia:<\/strong><\/p>\n<p>Zg\u0142o\u015b si\u0119 poprzez wys\u0142anie formularza zg\u0142oszeniowego pod adresem<\/p>\n<p><a href=\"https:\/\/docs.google.com\/forms\/d\/e\/1FAIpQLSeHqCQrNXjJ46FuhETWHeTWBVibgNQQ1K7_wa-qW3HUslLn8A\/viewform?usp=sf_link\">https:\/\/docs.google.com\/forms\/d\/e\/1FAIpQLSeHqCQrNXjJ46FuhETWHeTWBVibgNQQ1K7_wa-qW3HUslLn8A\/viewform?usp=sf_link<\/a><\/p>\n<p>Uwaga! Ilo\u015b\u0107 miejsc ograniczona! (10 os\u00f3b ze strony niemieckiej i 10 os\u00f3b ze strony polskiej).<\/p>\n<p>Warunkiem przyj\u0119cia zg\u0142oszenia jest odes\u0142anie podpisanego regulaminu kt\u00f3ry zainteresowana osoba otrzyma w odpowiedzi na przes\u0142ane zg\u0142oszenie wraz z potwierdzeniem przelewu pe\u0142nej kwoty wpisowej w terminie do dw\u00f3ch tygodni po otrzymaniu odpowiedzi ze strony organizatora.<\/p>\n<p>&nbsp;<\/p>\n<p><strong>\ud83d\udc49Planowane aktywno\u015bci:<\/strong><\/p>\n<p>Wsp\u00f3lne wyj\u015bcie do kina, zwiedzanie miast G\u00f6rlitz i Zgorzelca, zwiedzanie Miejsca Pami\u0119ci Stalag VIII A oraz oczywi\u015bcie codzienne warsztaty j\u0119zykowe prowadzone metod\u0105 tandemow\u0105.<\/p>\n<p>Ka\u017cda z powy\u017cszych atrakcji zak\u0142ada r\u00f3wnie\u017c poszerzanie kwalifikacji j\u0119zykowych i jest \u015bci\u015ble zwi\u0105zana z tematem warsztat\u00f3w, kt\u00f3re odbywaj\u0105 si\u0119 w G\u00f6rlitz i Zgorzelcu. Oznacza to, \u017ce np. wyj\u015bcie do kina poprzedzi warsztat j\u0119zykowy o tematyce filmowej.<\/p>\n<p>&nbsp;<\/p>\n<p>\ud83d\udc49<strong>Kontakt<\/strong>:<\/p>\n<p>MEETINGPOINT MEMORY MESSIAEN e.V.<\/p>\n<p>Demianiplatz 40, D-02826 G\u00f6rlitz<\/p>\n<p><a href=\"mailto:talklabs@meetingpointmm.eu\">talklabs@meetingpointmm.eu<\/a><\/p>\n<p>+49 (0) 3581 66 12 69<\/p>\n<p>&nbsp;<\/p>\n<p>Widzimy si\u0119 w Tandemie!<\/p>\n<\/div>\n<\/div>\n<\/div>\n<\/div>\n<\/div>\n<\/div>\n<\/div>\n<\/div>\n<p>[\/vc_column_text][\/vc_column][vc_column width=&#8221;1\/2&#8243;][vc_column_text]<\/p>\n<p style=\"text-align: center;\"><strong>DE<\/strong><\/p>\n<p>[\/vc_column_text][vc_column_text]<\/p>\n<div class=\"document-page\" data-page=\"1\">\n<div class=\"pdf-page\">\n<div class=\"text-wrapper user-select-text\">\n<ul>\n<li data-canvas-width=\"502.4066666666668\">M\u00f6chten Sie Teil eines internationalen Teams sein und Ihre Zeit abwechslungsreich verbringen?<\/li>\n<li data-canvas-width=\"502.4066666666668\">Sie wollen Barrieren abbauen und Ihre Sprachkenntnisse verbessern?<\/li>\n<\/ul>\n<\/div>\n<\/div>\n<\/div>\n<p>[\/vc_column_text][vc_empty_space][vc_column_text]<\/p>\n<div data-canvas-width=\"524.3773333333334\">\n<p>Oder m\u00f6chten Sie lernen, wie man einen deutsch-polnischen Austausch oder eine internationale Jugendbegegnung durchf\u00fchrt?<\/p>\n<p>Wenn Sie mindestens eine Frage mit &#8222;Ja&#8221; beantwortet haben, dann ist dieses Projekt genau das Richtige f\u00fcr Sie!<\/p>\n<p><strong>Talk Labs<\/strong> ist ein <strong>deutsch-polnisches Projekt<\/strong>, das vom Meetingpoint Memory Messiaen e.V. in Zusammenarbeit mit der Stiftung Erinnerung, Bildung, Kultur organisiert wird. Das Projekt Talk Labs 2023 findet an der Grenze zwischen Polen und Deutschland statt, in der malerischen Europastadt G\u00f6rlitz-Zgorzelec.<\/p>\n<p>Bei einem <strong>Sprachaustausch<\/strong> bzw. einem <strong>Tandem<\/strong> ist jeder Teilnehmer ein Muttersprachler der Sprache, die der jeweils andere lernen m\u00f6chte. Die Diskussionen werden zu gleichen Teilen auf die beiden Sprachen aufgeteilt, so dass beide Partner die M\u00f6glichkeit haben, die Zielsprache zu lernen. Neben dem Erlernen einer Fremdsprache k\u00f6nnen die Teilnehmer:innen auch etwas \u00fcber die Kultur und Geschichte des Nachbarlandes erfahren und dauerhafte Kontakte zu den dort lebenden Menschen kn\u00fcpfen oder wertvolle institutionelle Bekanntschaften schlie\u00dfen.<\/p>\n<p>Die in den Workshops behandelten Themen werden nicht zuf\u00e4llig ausgew\u00e4hlt, ber\u00fchren aber in ihrer Gesamtheit gesellschaftlich relevante Themen, so dass die Teilnehmer neben der Verbesserung ihrer Sprachkenntnisse auch ihr Wissen \u00fcber tiefgreifende Themen erweitern und ihre p\u00e4dagogischen und organisatorischen F\u00e4higkeiten im Hinblick auf die Organisation deutsch-polnischer Jugendbegegnungen ausbauen k\u00f6nnen. Das Projekt bezieht die Teilnehmerinnen und Teilnehmer auf breiter Basis in die Planung der Begegnung ein und ber\u00fccksichtigt die pers\u00f6nlichen Meinungen und Vorschl\u00e4ge aller Teilnehmerinnen und Teilnehmer zu organisatorischen Fragen des Projekts. Von zentraler Bedeutung ist auch die Selbstorganisation der Gruppe.<\/p>\n<\/div>\n<p>[\/vc_column_text][vc_empty_space][vc_column_text]<strong>\ud83d\udc49Wer?<\/strong><\/p>\n<p>Personen ab 18 Jahren aus Polen und Deutschland<\/p>\n<p><strong>\ud83d\udc49Wann?<\/strong><\/p>\n<p>18.-23. November 2024<\/p>\n<p><strong>\ud83d\udc49Wo?<\/strong><\/p>\n<p>Europastadt G\u00f6rlitz\/Zgorzelec<\/p>\n<p><strong>\ud83d\udc49 Teilnahmegeb\u00fchr?<\/strong><\/p>\n<p>150\u20ac (Teilnehmer aus Deutschland) \/500 PLN (Teilnehmer aus Polen).<\/p>\n<p>In der Geb\u00fchr sind Verpflegung, Unterkunft und alle geplanten Aktivit\u00e4ten enthalten.<\/p>\n<p>*F\u00fcr Studenten und Freiwillige gibt es eine Erm\u00e4\u00dfigung: 125\u20ac (Teilnehmer:innen aus Deutschland) \/400 PLN (Teilnehmer:innen aus Polen)<\/p>\n<p><strong>\ud83d\udc49Bewerbungen:<\/strong><\/p>\n<p>Bewirb dich mit einem Bewerbungsformular unter:<\/p>\n<p><a href=\"https:\/\/docs.google.com\/forms\/d\/e\/1FAIpQLSeHqCQrNXjJ46FuhETWHeTWBVibgNQQ1K7_wa-qW3HUslLn8A\/viewform?usp=sf_link\">https:\/\/docs.google.com\/forms\/d\/e\/1FAIpQLSeHqCQrNXjJ46FuhETWHeTWBVibgNQQ1K7_wa-qW3HUslLn8A\/viewform?usp=sf_link<\/a><\/p>\n<p>Bitte beachten Sie, dass die Anzahl der Pl\u00e4tze begrenzt ist! (10 Personen von der deutschen Seite und 10 Personen von der polnischen Seite).<\/p>\n<p>Um eingeschrieben zu werden, m\u00fcssen Sie das Anmeldeformular, das Sie als Antwort auf Ihre Anmeldung erhalten, zusammen mit der Best\u00e4tigung \u00fcber die Zahlung der vollen Teilnahmegeb\u00fchr innerhalb von zwei Wochen nach Erhalt der Antwort des Veranstalters unterzeichnet zur\u00fccksenden.<\/p>\n<p>&nbsp;<\/p>\n<p><strong>\ud83d\udc49 Geplante Aktivit\u00e4ten:<\/strong><\/p>\n<p>Gemeinsamer Kinobesuch, Sightseeing in den St\u00e4dten G\u00f6rlitz und Zgorzelec, Besuch der Gedenkst\u00e4tte Stalag VIII A und nat\u00fcrlich die t\u00e4glichen Tandem-Sprachworkshops.<\/p>\n<p>Jede der oben genannten Aktivit\u00e4ten beinhaltet auch die Erweiterung der Sprachkenntnisse und ist eng mit dem Thema der Workshops verbunden, die in G\u00f6rlitz und Zgorzelec stattfinden. Das bedeutet, dass zum Beispiel einem Kinobesuch ein Sprachworkshop mit einem Filmthema vorausgeht.<\/p>\n<p>&nbsp;<\/p>\n<p><strong>\ud83d\udc49Kontakt:<\/strong><\/p>\n<p>MEETINGPOINT MEMORY MESSIAEN e.V.<\/p>\n<p>Demianiplatz 40, D-02826 G\u00f6rlitz<\/p>\n<p>talklabs@meetingpointmm.eu.<\/p>\n<p>+49 (0) 3581 66 12 69<\/p>\n<p>&nbsp;<\/p>\n<p>Wir sehen uns im Tandem![\/vc_column_text][\/vc_column][\/vc_row][vc_row css_animation=&#8221;&#8221; row_type=&#8221;row&#8221; use_row_as_full_screen_section=&#8221;no&#8221; type=&#8221;full_width&#8221; angled_section=&#8221;no&#8221; text_align=&#8221;left&#8221; background_image_as_pattern=&#8221;without_pattern&#8221;][vc_column][\/vc_column][\/vc_row]<\/p>\n","protected":false},"excerpt":{"rendered":"<p>[vc_row css_animation=&#8221;&#8221; row_type=&#8221;row&#8221; use_row_as_full_screen_section=&#8221;no&#8221; type=&#8221;full_width&#8221; angled_section=&#8221;no&#8221; text_align=&#8221;left&#8221; background_image_as_pattern=&#8221;without_pattern&#8221;][vc_column][vc_column_text] TalkLabs 2024 18.11. &#8211; 23.11. [\/vc_column_text][vc_single_image image=&#8221;18329&#8243; img_size=&#8221;full&#8221; alignment=&#8221;center&#8221; qode_css_animation=&#8221;&#8221;][vc_empty_space][\/vc_column][\/vc_row][vc_row css_animation=&#8221;&#8221; row_type=&#8221;row&#8221; use_row_as_full_screen_section=&#8221;no&#8221; type=&#8221;full_width&#8221; angled_section=&#8221;no&#8221; text_align=&#8221;left&#8221; background_image_as_pattern=&#8221;without_pattern&#8221;][vc_column width=&#8221;1\/2&#8243;][vc_column_text] PL [\/vc_column_text][vc_column_text] Chcesz by\u0107 cz\u0119\u015bci\u0105 mi\u0119dzynarodowego zespo\u0142u i sp\u0119dzi\u0107 czas w r\u00f3\u017cnorodny spos\u00f3b? Chcesz prze\u0142ama\u0107 swoje bariery i podnie\u015b\u0107&#8230;<\/p>\n","protected":false},"author":21,"featured_media":18329,"parent":0,"menu_order":0,"comment_status":"closed","ping_status":"closed","template":"","meta":{"footnotes":""},"class_list":["post-17499","page","type-page","status-publish","has-post-thumbnail","hentry"],"yoast_head":"<!-- This site is optimized with the Yoast SEO plugin v24.3 - https:\/\/yoast.com\/wordpress\/plugins\/seo\/ -->\n<title>TalkLabs - Meetingpoint Memory Messiaen e.V.<\/title>\n<meta name=\"robots\" content=\"index, follow, max-snippet:-1, max-image-preview:large, max-video-preview:-1\" \/>\n<link rel=\"canonical\" href=\"https:\/\/www.meetingpoint-memory-messiaen.eu\/pl\/talklabs\/\" \/>\n<meta property=\"og:locale\" content=\"pl_PL\" \/>\n<meta property=\"og:type\" content=\"article\" \/>\n<meta property=\"og:title\" content=\"TalkLabs - Meetingpoint Memory Messiaen e.V.\" \/>\n<meta property=\"og:description\" content=\"[vc_row css_animation=&#8221;&#8221; row_type=&#8221;row&#8221; use_row_as_full_screen_section=&#8221;no&#8221; type=&#8221;full_width&#8221; angled_section=&#8221;no&#8221; text_align=&#8221;left&#8221; background_image_as_pattern=&#8221;without_pattern&#8221;][vc_column][vc_column_text] TalkLabs 2024 18.11. &#8211; 23.11. [\/vc_column_text][vc_single_image image=&#8221;18329&#8243; img_size=&#8221;full&#8221; alignment=&#8221;center&#8221; qode_css_animation=&#8221;&#8221;][vc_empty_space][\/vc_column][\/vc_row][vc_row css_animation=&#8221;&#8221; row_type=&#8221;row&#8221; use_row_as_full_screen_section=&#8221;no&#8221; type=&#8221;full_width&#8221; angled_section=&#8221;no&#8221; text_align=&#8221;left&#8221; background_image_as_pattern=&#8221;without_pattern&#8221;][vc_column width=&#8221;1\/2&#8243;][vc_column_text] PL [\/vc_column_text][vc_column_text] Chcesz by\u0107 cz\u0119\u015bci\u0105 mi\u0119dzynarodowego zespo\u0142u i sp\u0119dzi\u0107 czas w r\u00f3\u017cnorodny spos\u00f3b? Chcesz prze\u0142ama\u0107 swoje bariery i podnie\u015b\u0107...\" \/>\n<meta property=\"og:url\" content=\"https:\/\/www.meetingpoint-memory-messiaen.eu\/pl\/talklabs\/\" \/>\n<meta property=\"og:site_name\" content=\"Meetingpoint Memory Messiaen e.V.\" \/>\n<meta property=\"article:modified_time\" content=\"2024-05-15T13:28:07+00:00\" \/>\n<meta property=\"og:image\" content=\"https:\/\/www.meetingpoint-memory-messiaen.eu\/pl\/wp-content\/uploads\/2024\/04\/TalkLabs24_960.jpg\" \/>\n\t<meta property=\"og:image:width\" content=\"960\" \/>\n\t<meta property=\"og:image:height\" content=\"960\" \/>\n\t<meta property=\"og:image:type\" content=\"image\/jpeg\" \/>\n<meta name=\"twitter:card\" content=\"summary_large_image\" \/>\n<meta name=\"twitter:label1\" content=\"Szacowany czas czytania\" \/>\n\t<meta name=\"twitter:data1\" content=\"6 minut\" \/>\n<script type=\"application\/ld+json\" class=\"yoast-schema-graph\">{\"@context\":\"https:\/\/schema.org\",\"@graph\":[{\"@type\":\"WebPage\",\"@id\":\"https:\/\/www.meetingpoint-memory-messiaen.eu\/pl\/talklabs\/\",\"url\":\"https:\/\/www.meetingpoint-memory-messiaen.eu\/pl\/talklabs\/\",\"name\":\"TalkLabs - Meetingpoint Memory Messiaen e.V.\",\"isPartOf\":{\"@id\":\"https:\/\/www.meetingpoint-memory-messiaen.eu\/pl\/#website\"},\"primaryImageOfPage\":{\"@id\":\"https:\/\/www.meetingpoint-memory-messiaen.eu\/pl\/talklabs\/#primaryimage\"},\"image\":{\"@id\":\"https:\/\/www.meetingpoint-memory-messiaen.eu\/pl\/talklabs\/#primaryimage\"},\"thumbnailUrl\":\"https:\/\/www.meetingpoint-memory-messiaen.eu\/pl\/wp-content\/uploads\/2024\/04\/TalkLabs24_960.jpg\",\"datePublished\":\"2023-03-28T12:45:41+00:00\",\"dateModified\":\"2024-05-15T13:28:07+00:00\",\"breadcrumb\":{\"@id\":\"https:\/\/www.meetingpoint-memory-messiaen.eu\/pl\/talklabs\/#breadcrumb\"},\"inLanguage\":\"pl-PL\",\"potentialAction\":[{\"@type\":\"ReadAction\",\"target\":[\"https:\/\/www.meetingpoint-memory-messiaen.eu\/pl\/talklabs\/\"]}]},{\"@type\":\"ImageObject\",\"inLanguage\":\"pl-PL\",\"@id\":\"https:\/\/www.meetingpoint-memory-messiaen.eu\/pl\/talklabs\/#primaryimage\",\"url\":\"https:\/\/www.meetingpoint-memory-messiaen.eu\/pl\/wp-content\/uploads\/2024\/04\/TalkLabs24_960.jpg\",\"contentUrl\":\"https:\/\/www.meetingpoint-memory-messiaen.eu\/pl\/wp-content\/uploads\/2024\/04\/TalkLabs24_960.jpg\",\"width\":960,\"height\":960},{\"@type\":\"BreadcrumbList\",\"@id\":\"https:\/\/www.meetingpoint-memory-messiaen.eu\/pl\/talklabs\/#breadcrumb\",\"itemListElement\":[{\"@type\":\"ListItem\",\"position\":1,\"name\":\"Home\",\"item\":\"https:\/\/www.meetingpoint-memory-messiaen.eu\/pl\/\"},{\"@type\":\"ListItem\",\"position\":2,\"name\":\"TalkLabs\"}]},{\"@type\":\"WebSite\",\"@id\":\"https:\/\/www.meetingpoint-memory-messiaen.eu\/pl\/#website\",\"url\":\"https:\/\/www.meetingpoint-memory-messiaen.eu\/pl\/\",\"name\":\"Meetingpoint Memory Messiaen e.V.\",\"description\":\"\",\"potentialAction\":[{\"@type\":\"SearchAction\",\"target\":{\"@type\":\"EntryPoint\",\"urlTemplate\":\"https:\/\/www.meetingpoint-memory-messiaen.eu\/pl\/?s={search_term_string}\"},\"query-input\":{\"@type\":\"PropertyValueSpecification\",\"valueRequired\":true,\"valueName\":\"search_term_string\"}}],\"inLanguage\":\"pl-PL\"}]}<\/script>\n<!-- \/ Yoast SEO plugin. -->","yoast_head_json":{"title":"TalkLabs - Meetingpoint Memory Messiaen e.V.","robots":{"index":"index","follow":"follow","max-snippet":"max-snippet:-1","max-image-preview":"max-image-preview:large","max-video-preview":"max-video-preview:-1"},"canonical":"https:\/\/www.meetingpoint-memory-messiaen.eu\/pl\/talklabs\/","og_locale":"pl_PL","og_type":"article","og_title":"TalkLabs - Meetingpoint Memory Messiaen e.V.","og_description":"[vc_row css_animation=&#8221;&#8221; row_type=&#8221;row&#8221; use_row_as_full_screen_section=&#8221;no&#8221; type=&#8221;full_width&#8221; angled_section=&#8221;no&#8221; text_align=&#8221;left&#8221; background_image_as_pattern=&#8221;without_pattern&#8221;][vc_column][vc_column_text] TalkLabs 2024 18.11. &#8211; 23.11. [\/vc_column_text][vc_single_image image=&#8221;18329&#8243; img_size=&#8221;full&#8221; alignment=&#8221;center&#8221; qode_css_animation=&#8221;&#8221;][vc_empty_space][\/vc_column][\/vc_row][vc_row css_animation=&#8221;&#8221; row_type=&#8221;row&#8221; use_row_as_full_screen_section=&#8221;no&#8221; type=&#8221;full_width&#8221; angled_section=&#8221;no&#8221; text_align=&#8221;left&#8221; background_image_as_pattern=&#8221;without_pattern&#8221;][vc_column width=&#8221;1\/2&#8243;][vc_column_text] PL [\/vc_column_text][vc_column_text] Chcesz by\u0107 cz\u0119\u015bci\u0105 mi\u0119dzynarodowego zespo\u0142u i sp\u0119dzi\u0107 czas w r\u00f3\u017cnorodny spos\u00f3b? Chcesz prze\u0142ama\u0107 swoje bariery i podnie\u015b\u0107...","og_url":"https:\/\/www.meetingpoint-memory-messiaen.eu\/pl\/talklabs\/","og_site_name":"Meetingpoint Memory Messiaen e.V.","article_modified_time":"2024-05-15T13:28:07+00:00","og_image":[{"width":960,"height":960,"url":"https:\/\/www.meetingpoint-memory-messiaen.eu\/pl\/wp-content\/uploads\/2024\/04\/TalkLabs24_960.jpg","type":"image\/jpeg"}],"twitter_card":"summary_large_image","twitter_misc":{"Szacowany czas czytania":"6 minut"},"schema":{"@context":"https:\/\/schema.org","@graph":[{"@type":"WebPage","@id":"https:\/\/www.meetingpoint-memory-messiaen.eu\/pl\/talklabs\/","url":"https:\/\/www.meetingpoint-memory-messiaen.eu\/pl\/talklabs\/","name":"TalkLabs - Meetingpoint Memory Messiaen e.V.","isPartOf":{"@id":"https:\/\/www.meetingpoint-memory-messiaen.eu\/pl\/#website"},"primaryImageOfPage":{"@id":"https:\/\/www.meetingpoint-memory-messiaen.eu\/pl\/talklabs\/#primaryimage"},"image":{"@id":"https:\/\/www.meetingpoint-memory-messiaen.eu\/pl\/talklabs\/#primaryimage"},"thumbnailUrl":"https:\/\/www.meetingpoint-memory-messiaen.eu\/pl\/wp-content\/uploads\/2024\/04\/TalkLabs24_960.jpg","datePublished":"2023-03-28T12:45:41+00:00","dateModified":"2024-05-15T13:28:07+00:00","breadcrumb":{"@id":"https:\/\/www.meetingpoint-memory-messiaen.eu\/pl\/talklabs\/#breadcrumb"},"inLanguage":"pl-PL","potentialAction":[{"@type":"ReadAction","target":["https:\/\/www.meetingpoint-memory-messiaen.eu\/pl\/talklabs\/"]}]},{"@type":"ImageObject","inLanguage":"pl-PL","@id":"https:\/\/www.meetingpoint-memory-messiaen.eu\/pl\/talklabs\/#primaryimage","url":"https:\/\/www.meetingpoint-memory-messiaen.eu\/pl\/wp-content\/uploads\/2024\/04\/TalkLabs24_960.jpg","contentUrl":"https:\/\/www.meetingpoint-memory-messiaen.eu\/pl\/wp-content\/uploads\/2024\/04\/TalkLabs24_960.jpg","width":960,"height":960},{"@type":"BreadcrumbList","@id":"https:\/\/www.meetingpoint-memory-messiaen.eu\/pl\/talklabs\/#breadcrumb","itemListElement":[{"@type":"ListItem","position":1,"name":"Home","item":"https:\/\/www.meetingpoint-memory-messiaen.eu\/pl\/"},{"@type":"ListItem","position":2,"name":"TalkLabs"}]},{"@type":"WebSite","@id":"https:\/\/www.meetingpoint-memory-messiaen.eu\/pl\/#website","url":"https:\/\/www.meetingpoint-memory-messiaen.eu\/pl\/","name":"Meetingpoint Memory Messiaen e.V.","description":"","potentialAction":[{"@type":"SearchAction","target":{"@type":"EntryPoint","urlTemplate":"https:\/\/www.meetingpoint-memory-messiaen.eu\/pl\/?s={search_term_string}"},"query-input":{"@type":"PropertyValueSpecification","valueRequired":true,"valueName":"search_term_string"}}],"inLanguage":"pl-PL"}]}},"_links":{"self":[{"href":"https:\/\/www.meetingpoint-memory-messiaen.eu\/pl\/wp-json\/wp\/v2\/pages\/17499","targetHints":{"allow":["GET"]}}],"collection":[{"href":"https:\/\/www.meetingpoint-memory-messiaen.eu\/pl\/wp-json\/wp\/v2\/pages"}],"about":[{"href":"https:\/\/www.meetingpoint-memory-messiaen.eu\/pl\/wp-json\/wp\/v2\/types\/page"}],"author":[{"embeddable":true,"href":"https:\/\/www.meetingpoint-memory-messiaen.eu\/pl\/wp-json\/wp\/v2\/users\/21"}],"replies":[{"embeddable":true,"href":"https:\/\/www.meetingpoint-memory-messiaen.eu\/pl\/wp-json\/wp\/v2\/comments?post=17499"}],"version-history":[{"count":27,"href":"https:\/\/www.meetingpoint-memory-messiaen.eu\/pl\/wp-json\/wp\/v2\/pages\/17499\/revisions"}],"predecessor-version":[{"id":18474,"href":"https:\/\/www.meetingpoint-memory-messiaen.eu\/pl\/wp-json\/wp\/v2\/pages\/17499\/revisions\/18474"}],"wp:featuredmedia":[{"embeddable":true,"href":"https:\/\/www.meetingpoint-memory-messiaen.eu\/pl\/wp-json\/wp\/v2\/media\/18329"}],"wp:attachment":[{"href":"https:\/\/www.meetingpoint-memory-messiaen.eu\/pl\/wp-json\/wp\/v2\/media?parent=17499"}],"curies":[{"name":"wp","href":"https:\/\/api.w.org\/{rel}","templated":true}]}}