{"id":17046,"date":"2022-11-04T12:55:06","date_gmt":"2022-11-04T11:55:06","guid":{"rendered":"https:\/\/www.meetingpoint-memory-messiaen.eu\/pl\/?page_id=17046"},"modified":"2024-11-06T14:30:30","modified_gmt":"2024-11-06T13:30:30","slug":"oferty-pracy","status":"publish","type":"page","link":"https:\/\/www.meetingpoint-memory-messiaen.eu\/pl\/oferty-pracy\/","title":{"rendered":"Oferty pracy"},"content":{"rendered":"<p>[vc_row css_animation=&#8221;&#8221; row_type=&#8221;row&#8221; use_row_as_full_screen_section=&#8221;no&#8221; type=&#8221;full_width&#8221; angled_section=&#8221;no&#8221; text_align=&#8221;left&#8221; background_image_as_pattern=&#8221;without_pattern&#8221;][vc_column][vc_empty_space][vc_column_text]<strong>OG\u0141OSZENIE O PRAC\u0118<\/strong><\/p>\n<p><strong>Zarz\u0105dzanie projektem: (m\/k\/d) Kindermiasto 2025<\/strong><\/p>\n<p><strong>O projekcie:<\/strong><\/p>\n<p>Polsko-niemieckie Kindermiasto Zgorlitz zapewni 200 dzieciom i m\u0142odzie\u017cy (po\u0142owa z Niemiec i po\u0142owa z Polski) interdyscyplinarn\u0105 przestrze\u0144 do nauki i zabawy przez 2 tygodnie.<\/p>\n<p>Interdyscyplinarna przestrze\u0144 do nauki i zabawy, kt\u00f3ra wykorzystuje metody partycypacji kulturowej<\/p>\n<p>i promuje uczenie si\u0119 proces\u00f3w demokratycznych.<\/p>\n<p>procesy. Dzieci mog\u0105 zbudowa\u0107 w\u0142asne miasto i wypr\u00f3bowa\u0107 r\u00f3\u017cne zawody.<\/p>\n<p><strong>O koordynacji projektu:<\/strong><\/p>\n<p>Czas pracy: na w\u0142asn\u0105 odpowiedzialno\u015b\u0107 (szacunkowo 480h) w okresie od 15.10.2024-15.08.2025.<\/p>\n<p>Umowa o prac\u0119: Prosz\u0119 pyta\u0107 o ofert\u0119<\/p>\n<p>Miejsca pracy: Biuro w G\u00f6rlitz i miejsce pami\u0119ci Stalagu VIII A w Zgorzelcu, miejsce realizacji w G\u00f6rlitz (n.n.).<\/p>\n<p>Sprz\u0119t do pracy b\u0119dzie zapewniony<\/p>\n<p><strong>Obowi\u0105zki \u201eKierownika projektu: (m\/k\/d) Kindermiasto 2025\u201d<\/strong><\/p>\n<p><strong>Dzia\u0142ania s\u0105 nast\u0119puj\u0105ce:<\/strong><\/p>\n<p>Zarz\u0105dzanie projektem:<\/p>\n<ul>\n<li>Przygotowanie wy\u017cej wymienionego projektu \u201eKindermiasto Zg\u00f6rlitz 2025\u201d<\/li>\n<li>Koordynacja:\n<ul>\n<li>Komunikacja pomi\u0119dzy poszczeg\u00f3lnymi partnerami projektu<\/li>\n<li>Pozyskiwanie ofert pracy<\/li>\n<li>Rejestracja uczestnik\u00f3w<\/li>\n<li>Pozyskiwanie, nadz\u00f3r nad pomocnikami i sta\u017cystami<\/li>\n<li>Public relations<\/li>\n<li>Planowanie, przygotowanie\/budowa miejsca realizacji projektu<\/li>\n<\/ul>\n<\/li>\n<li>Realizacja projektu w okresie 30.06.-11.07.2025 r.<\/li>\n<li>Zarz\u0105dzanie trwaj\u0105cym KFP<\/li>\n<li>Komunikacja z organizacjami finansuj\u0105cymi<\/li>\n<\/ul>\n<p>Kierownik projektu b\u0119dzie wspierany przez asystenta ds. koordynacji polsko-niemieckiej.<\/p>\n<p>Oczekiwane jest do\u015bwiadczenie w polsko-niemieckim i europejskim finansowaniu, jego pozyskiwaniu i rozliczaniu.<\/p>\n<p><em>Po\u017c\u0105dana jest znajomo\u015b\u0107 j\u0119zyka angielskiego i polskiego.<\/em><\/p>\n<p><strong>Termin sk\u0142adania aplikacji do 15.11.2024<\/strong> na adres <a href=\"mailto:info@meetingpointmm.eu\">info@meetingpointmm.eu<\/a>[\/vc_column_text][\/vc_column][\/vc_row][vc_row css_animation=&#8221;&#8221; row_type=&#8221;row&#8221; use_row_as_full_screen_section=&#8221;no&#8221; type=&#8221;full_width&#8221; angled_section=&#8221;no&#8221; text_align=&#8221;left&#8221; background_image_as_pattern=&#8221;without_pattern&#8221;][vc_column][vc_separator type=&#8221;normal&#8221;][vc_column_text]<\/p>\n<h3>OG\u0141OSZENIE O PRACY DLA US\u0141UGODAWCY ZEWN\u0118TRZNEGO<\/h3>\n<p>Meetingpoint Memory Messiaen e.V. poszukuje zewn\u0119trznego us\u0142ugodawcy do wydrukowania magazynu na Mi\u0119dzynarodowe Dni Messiaena 2023.<\/p>\n<p><strong>Opis us\u0142ugi:<\/strong><\/p>\n<p>Druk i wykonanie czasopisma w okresie od 14.12.2022 do 22.12.2022, w tym wysy\u0142ka do Meetingpoint Memory Messiaen e. V..<\/p>\n<p>Magazyn liczy 76 stron wewn\u0105trz i 4 strony ok\u0142adki w formacie 21 x 21 cm. Obr\u00f3bka obejmuje opraw\u0119 klejow\u0105 i zastosowanie odpowiedniego papieru (min. 170g\/m\u00b2 ok\u0142adka, min. 70g\/m\u00b2 cz\u0119\u015b\u0107 wewn\u0119trzna).<\/p>\n<p>Magazyn z tekstami i zdj\u0119ciami zostanie wys\u0142any przez klienta po z\u0142o\u017ceniu zam\u00f3wienia.<\/p>\n<p>Prosimy o z\u0142o\u017cenie oferty do dnia 07.12.2022 r.<\/p>\n<p>[\/vc_column_text][vc_separator type=&#8221;normal&#8221;][\/vc_column][\/vc_row][vc_row css_animation=&#8221;&#8221; row_type=&#8221;row&#8221; use_row_as_full_screen_section=&#8221;no&#8221; type=&#8221;full_width&#8221; angled_section=&#8221;no&#8221; text_align=&#8221;left&#8221; background_image_as_pattern=&#8221;without_pattern&#8221;][vc_column][vc_column_text]<\/p>\n<h3>OG\u0141OSZENIE O PRACY DLA US\u0141UGODAWCY ZEWN\u0118TRZNEGO<\/h3>\n<p>Meetingpoint Memory Messiaen e.V. poszukuje zewn\u0119trznego us\u0142ugodawcy do zredagowania broszury.<\/p>\n<p><strong>Opis us\u0142ugi:<\/strong><\/p>\n<p>Zredagowanie broszury o dzia\u0142alno\u015bci &#8222;Meetingpoint Memory Messiaen e.V.&#8221; o obj\u0119to\u015bci maksymalnie 50 stron w okresie od 30.11.2022 do 12.12.2022.<\/p>\n<p>Broszura z tekstami i zdj\u0119ciami zostanie wys\u0142ana przez klienta po przyznaniu kontraktu.<\/p>\n<p><strong>Prosimy o z\u0142o\u017cenie oferty do dnia 24.11.2022 r.<\/strong><\/p>\n<p>[\/vc_column_text][vc_separator type=&#8221;normal&#8221;][\/vc_column][\/vc_row][vc_row css_animation=&#8221;&#8221; row_type=&#8221;row&#8221; use_row_as_full_screen_section=&#8221;no&#8221; type=&#8221;full_width&#8221; angled_section=&#8221;no&#8221; text_align=&#8221;left&#8221; background_image_as_pattern=&#8221;without_pattern&#8221;][vc_column][vc_column_text]<\/p>\n<h3>OG\u0141OSZENIE O PRACY DLA US\u0141UGODAWCY ZEWN\u0118TRZNEGO<\/h3>\n<p>Opracowanie, redakcja, t\u0142umaczenie, projekt graficzny i druk materia\u0142\u00f3w promocyjnych.<\/p>\n<p><strong>Opis us\u0142ugi:<\/strong><\/p>\n<p>Opracowanie, zredagowanie, przet\u0142umaczenie na j\u0119zyk niemiecki\/polski\/angielski i wydrukowanie broszury o Miejsce Pami\u0119ci Stalag VIII A z uwzgl\u0119dnieniem najnowszych bada\u0144, aktualnych publikacji historycznych i powi\u0105zanych materia\u0142\u00f3w wizualnych o obj\u0119to\u015bci 70-80 stron (do doprecyzowania w zale\u017cno\u015bci od wersji j\u0119zykowej) w okresie od 15.11.2022 do 31.12.2022.<\/p>\n<p>Teksty i materia\u0142y wizualne zostan\u0105 wys\u0142ane przez klienta po z\u0142o\u017ceniu zam\u00f3wienia.<\/p>\n<p>&nbsp;<\/p>\n<p>Prosimy o z\u0142o\u017cenie oferty do dnia 13.11.2022 r.<\/p>\n<p>[\/vc_column_text][vc_separator type=&#8221;normal&#8221;][\/vc_column][\/vc_row][vc_row css_animation=&#8221;&#8221; row_type=&#8221;row&#8221; use_row_as_full_screen_section=&#8221;no&#8221; type=&#8221;full_width&#8221; angled_section=&#8221;no&#8221; text_align=&#8221;left&#8221; background_image_as_pattern=&#8221;without_pattern&#8221;][vc_column][vc_column_text]<\/p>\n<h3>OG\u0141OSZENIE O PRACY DLA US\u0141UGODAWCY ZWEN\u0118TRZNEGO<\/h3>\n<p>Meetingpoint Memory Messiaen e.V. poszukuje zewn\u0119trznego us\u0142ugodawcy do stworzenia prezentacji stowarzyszenia w ramach projektu &#8222;Park der Erinnerung \u2013 Gedenken sichtbar machen&#8221; w programie KulturErhalt.<\/p>\n<p><strong>Opis us\u0142ugi:<\/strong><\/p>\n<p>Zredagowanie tre\u015bci i opracowanie prezentacji o obj\u0119to\u015bci co najmniej 50 stron w j\u0119zyku niemieckim na temat dzia\u0142alno\u015bci stowarzyszenia w zwi\u0105zku z Miejscem Pami\u0119ci Stalag VIII A wraz z materia\u0142em wizerunkowym i elementami graficznymi; w porozumieniu z zamawiaj\u0105cym w wymiarze 40h w okresie od 1.11.2022 do 30.11.2022. Niezb\u0119dny materia\u0142 wizerunkowy, jak r\u00f3wnie\u017c przewodnik po tre\u015bci zostanie przekazany wykonawcy.<\/p>\n<p>&nbsp;<\/p>\n<p><strong>Oczekujemy na Pa\u0144stwa niewi\u0105\u017c\u0105c\u0105 ofert\u0119 do wtorku, 01.11.2022 r.<\/strong><\/p>\n<p>Oferty prosimy przesy\u0142a\u0107 na adres: info@meetingpointmm.eu lub na:<\/p>\n<p>Meetingpoint Memory Messiaen e.V.<\/p>\n<p>Demianiplatz 40<\/p>\n<p>02826 G\u00f6rlitz<\/p>\n<p>[\/vc_column_text][\/vc_column][\/vc_row][vc_row css_animation=&#8221;&#8221; row_type=&#8221;row&#8221; use_row_as_full_screen_section=&#8221;no&#8221; type=&#8221;full_width&#8221; angled_section=&#8221;no&#8221; text_align=&#8221;left&#8221; background_image_as_pattern=&#8221;without_pattern&#8221;][vc_column][vc_separator type=&#8221;normal&#8221;][\/vc_column][\/vc_row][vc_row css_animation=&#8221;&#8221; row_type=&#8221;row&#8221; use_row_as_full_screen_section=&#8221;no&#8221; type=&#8221;full_width&#8221; angled_section=&#8221;no&#8221; text_align=&#8221;left&#8221; background_image_as_pattern=&#8221;without_pattern&#8221;][vc_column][vc_column_text]<\/p>\n<h3>OG\u0141OSZENIE O PRACY DLA US\u0141UGODAWCY ZEWN\u0118TRZNEGO<\/h3>\n<p>Meetingpoint Memory Messiaen e.V. poszukuje zewn\u0119trznego us\u0142ugodawcy do wykonania i monta\u017cu tablicy informacyjnej w ramach projektu &#8222;Park Pami\u0119ci &#8211; Making Remembrance Visible&#8221; w programie KulturErhalt.<\/p>\n<p><strong>Opis us\u0142ugi:<\/strong><\/p>\n<p>&#8211; Panel o wymiarach 150 x 220 cm wykonany z 3 mm p\u0142yty aluminiowej Dibond.<\/p>\n<p>&#8211; Grafika drukowana na folii + laminat UV<\/p>\n<p>&#8211; Us\u0142uga transportowa w zakresie monta\u017cu tablicy na istniej\u0105cej konstrukcji w terenie<\/p>\n<p><strong>Oczekujemy na Pa\u0144stwa niewi\u0105\u017c\u0105c\u0105 ofert\u0119 do wtorku, 27.10.2022 r.<\/strong><\/p>\n<p>&nbsp;<\/p>\n<p>Oferty prosimy przesy\u0142a\u0107 na adres: info@meetingpointmm.eu lub na:<\/p>\n<p>Meetingpoint Memory Messiaen e.V.<\/p>\n<p>Demianiplatz 40<\/p>\n<p>02826 G\u00f6rlitz<\/p>\n<p>[\/vc_column_text][\/vc_column][\/vc_row][vc_row css_animation=&#8221;&#8221; row_type=&#8221;row&#8221; use_row_as_full_screen_section=&#8221;no&#8221; type=&#8221;full_width&#8221; angled_section=&#8221;no&#8221; text_align=&#8221;left&#8221; background_image_as_pattern=&#8221;without_pattern&#8221;][vc_column][vc_separator type=&#8221;normal&#8221;][\/vc_column][\/vc_row][vc_row css_animation=&#8221;&#8221; row_type=&#8221;row&#8221; use_row_as_full_screen_section=&#8221;no&#8221; type=&#8221;full_width&#8221; angled_section=&#8221;no&#8221; text_align=&#8221;left&#8221; background_image_as_pattern=&#8221;without_pattern&#8221;][vc_column][vc_column_text]<\/p>\n<h3>OG\u0141OSZENIE O PRACY DLA US\u0141UGODAWCY ZEWN\u0118TRZNEGO<\/h3>\n<p>Meetingpoint Memory Messiaen e.V. poszukuje zewn\u0119trznego us\u0142ugodawcy do opracowania broszury.<\/p>\n<p><strong>Opis us\u0142ugi:<\/strong><\/p>\n<p>Opracowanie broszury na temat dzia\u0142alno\u015bci Meetingpoint Memory Messiaen e.V. o obj\u0119to\u015bci maksymalnie 50 stron w okresie od 1.11. do 30.11.2022 r. zgodnie ze specyfikacj\u0105 klienta.<\/p>\n<p>Niekt\u00f3re teksty zosta\u0142y ju\u017c napisane i wymagaj\u0105 uzupe\u0142nienia. Klient dostarczy materia\u0142 fotograficzny.<\/p>\n<p><strong>Prosimy o z\u0142o\u017cenie oferty do dnia 30.10.2022 r.<\/strong><\/p>\n<p>[\/vc_column_text][\/vc_column][\/vc_row]<\/p>\n","protected":false},"excerpt":{"rendered":"<p>[vc_row css_animation=&#8221;&#8221; row_type=&#8221;row&#8221; use_row_as_full_screen_section=&#8221;no&#8221; type=&#8221;full_width&#8221; angled_section=&#8221;no&#8221; text_align=&#8221;left&#8221; background_image_as_pattern=&#8221;without_pattern&#8221;][vc_column][vc_empty_space][vc_column_text]OG\u0141OSZENIE O PRAC\u0118 Zarz\u0105dzanie projektem: (m\/k\/d) Kindermiasto 2025 O projekcie: Polsko-niemieckie Kindermiasto Zgorlitz zapewni 200 dzieciom i m\u0142odzie\u017cy (po\u0142owa z Niemiec i po\u0142owa z Polski) interdyscyplinarn\u0105 przestrze\u0144 do nauki i zabawy przez 2 tygodnie. Interdyscyplinarna przestrze\u0144 do nauki&#8230;<\/p>\n","protected":false},"author":21,"featured_media":0,"parent":0,"menu_order":0,"comment_status":"closed","ping_status":"closed","template":"","meta":{"footnotes":""},"class_list":["post-17046","page","type-page","status-publish","hentry"],"yoast_head":"<!-- This site is optimized with the Yoast SEO plugin v24.3 - https:\/\/yoast.com\/wordpress\/plugins\/seo\/ -->\n<title>Oferty pracy - Meetingpoint Memory Messiaen e.V.<\/title>\n<meta name=\"robots\" content=\"index, follow, max-snippet:-1, max-image-preview:large, max-video-preview:-1\" \/>\n<link rel=\"canonical\" href=\"https:\/\/www.meetingpoint-memory-messiaen.eu\/pl\/oferty-pracy\/\" \/>\n<meta property=\"og:locale\" content=\"pl_PL\" \/>\n<meta property=\"og:type\" content=\"article\" \/>\n<meta property=\"og:title\" content=\"Oferty pracy - Meetingpoint Memory Messiaen e.V.\" \/>\n<meta property=\"og:description\" content=\"[vc_row css_animation=&#8221;&#8221; row_type=&#8221;row&#8221; use_row_as_full_screen_section=&#8221;no&#8221; type=&#8221;full_width&#8221; angled_section=&#8221;no&#8221; text_align=&#8221;left&#8221; background_image_as_pattern=&#8221;without_pattern&#8221;][vc_column][vc_empty_space][vc_column_text]OG\u0141OSZENIE O PRAC\u0118 Zarz\u0105dzanie projektem: (m\/k\/d) Kindermiasto 2025 O projekcie: Polsko-niemieckie Kindermiasto Zgorlitz zapewni 200 dzieciom i m\u0142odzie\u017cy (po\u0142owa z Niemiec i po\u0142owa z Polski) interdyscyplinarn\u0105 przestrze\u0144 do nauki i zabawy przez 2 tygodnie. Interdyscyplinarna przestrze\u0144 do nauki...\" \/>\n<meta property=\"og:url\" content=\"https:\/\/www.meetingpoint-memory-messiaen.eu\/pl\/oferty-pracy\/\" \/>\n<meta property=\"og:site_name\" content=\"Meetingpoint Memory Messiaen e.V.\" \/>\n<meta property=\"article:modified_time\" content=\"2024-11-06T13:30:30+00:00\" \/>\n<meta name=\"twitter:card\" content=\"summary_large_image\" \/>\n<meta name=\"twitter:label1\" content=\"Szacowany czas czytania\" \/>\n\t<meta name=\"twitter:data1\" content=\"5 minut\" \/>\n<script type=\"application\/ld+json\" class=\"yoast-schema-graph\">{\"@context\":\"https:\/\/schema.org\",\"@graph\":[{\"@type\":\"WebPage\",\"@id\":\"https:\/\/www.meetingpoint-memory-messiaen.eu\/pl\/oferty-pracy\/\",\"url\":\"https:\/\/www.meetingpoint-memory-messiaen.eu\/pl\/oferty-pracy\/\",\"name\":\"Oferty pracy - Meetingpoint Memory Messiaen e.V.\",\"isPartOf\":{\"@id\":\"https:\/\/www.meetingpoint-memory-messiaen.eu\/pl\/#website\"},\"datePublished\":\"2022-11-04T11:55:06+00:00\",\"dateModified\":\"2024-11-06T13:30:30+00:00\",\"breadcrumb\":{\"@id\":\"https:\/\/www.meetingpoint-memory-messiaen.eu\/pl\/oferty-pracy\/#breadcrumb\"},\"inLanguage\":\"pl-PL\",\"potentialAction\":[{\"@type\":\"ReadAction\",\"target\":[\"https:\/\/www.meetingpoint-memory-messiaen.eu\/pl\/oferty-pracy\/\"]}]},{\"@type\":\"BreadcrumbList\",\"@id\":\"https:\/\/www.meetingpoint-memory-messiaen.eu\/pl\/oferty-pracy\/#breadcrumb\",\"itemListElement\":[{\"@type\":\"ListItem\",\"position\":1,\"name\":\"Home\",\"item\":\"https:\/\/www.meetingpoint-memory-messiaen.eu\/pl\/\"},{\"@type\":\"ListItem\",\"position\":2,\"name\":\"Oferty pracy\"}]},{\"@type\":\"WebSite\",\"@id\":\"https:\/\/www.meetingpoint-memory-messiaen.eu\/pl\/#website\",\"url\":\"https:\/\/www.meetingpoint-memory-messiaen.eu\/pl\/\",\"name\":\"Meetingpoint Memory Messiaen e.V.\",\"description\":\"\",\"potentialAction\":[{\"@type\":\"SearchAction\",\"target\":{\"@type\":\"EntryPoint\",\"urlTemplate\":\"https:\/\/www.meetingpoint-memory-messiaen.eu\/pl\/?s={search_term_string}\"},\"query-input\":{\"@type\":\"PropertyValueSpecification\",\"valueRequired\":true,\"valueName\":\"search_term_string\"}}],\"inLanguage\":\"pl-PL\"}]}<\/script>\n<!-- \/ Yoast SEO plugin. -->","yoast_head_json":{"title":"Oferty pracy - Meetingpoint Memory Messiaen e.V.","robots":{"index":"index","follow":"follow","max-snippet":"max-snippet:-1","max-image-preview":"max-image-preview:large","max-video-preview":"max-video-preview:-1"},"canonical":"https:\/\/www.meetingpoint-memory-messiaen.eu\/pl\/oferty-pracy\/","og_locale":"pl_PL","og_type":"article","og_title":"Oferty pracy - Meetingpoint Memory Messiaen e.V.","og_description":"[vc_row css_animation=&#8221;&#8221; row_type=&#8221;row&#8221; use_row_as_full_screen_section=&#8221;no&#8221; type=&#8221;full_width&#8221; angled_section=&#8221;no&#8221; text_align=&#8221;left&#8221; background_image_as_pattern=&#8221;without_pattern&#8221;][vc_column][vc_empty_space][vc_column_text]OG\u0141OSZENIE O PRAC\u0118 Zarz\u0105dzanie projektem: (m\/k\/d) Kindermiasto 2025 O projekcie: Polsko-niemieckie Kindermiasto Zgorlitz zapewni 200 dzieciom i m\u0142odzie\u017cy (po\u0142owa z Niemiec i po\u0142owa z Polski) interdyscyplinarn\u0105 przestrze\u0144 do nauki i zabawy przez 2 tygodnie. Interdyscyplinarna przestrze\u0144 do nauki...","og_url":"https:\/\/www.meetingpoint-memory-messiaen.eu\/pl\/oferty-pracy\/","og_site_name":"Meetingpoint Memory Messiaen e.V.","article_modified_time":"2024-11-06T13:30:30+00:00","twitter_card":"summary_large_image","twitter_misc":{"Szacowany czas czytania":"5 minut"},"schema":{"@context":"https:\/\/schema.org","@graph":[{"@type":"WebPage","@id":"https:\/\/www.meetingpoint-memory-messiaen.eu\/pl\/oferty-pracy\/","url":"https:\/\/www.meetingpoint-memory-messiaen.eu\/pl\/oferty-pracy\/","name":"Oferty pracy - Meetingpoint Memory Messiaen e.V.","isPartOf":{"@id":"https:\/\/www.meetingpoint-memory-messiaen.eu\/pl\/#website"},"datePublished":"2022-11-04T11:55:06+00:00","dateModified":"2024-11-06T13:30:30+00:00","breadcrumb":{"@id":"https:\/\/www.meetingpoint-memory-messiaen.eu\/pl\/oferty-pracy\/#breadcrumb"},"inLanguage":"pl-PL","potentialAction":[{"@type":"ReadAction","target":["https:\/\/www.meetingpoint-memory-messiaen.eu\/pl\/oferty-pracy\/"]}]},{"@type":"BreadcrumbList","@id":"https:\/\/www.meetingpoint-memory-messiaen.eu\/pl\/oferty-pracy\/#breadcrumb","itemListElement":[{"@type":"ListItem","position":1,"name":"Home","item":"https:\/\/www.meetingpoint-memory-messiaen.eu\/pl\/"},{"@type":"ListItem","position":2,"name":"Oferty pracy"}]},{"@type":"WebSite","@id":"https:\/\/www.meetingpoint-memory-messiaen.eu\/pl\/#website","url":"https:\/\/www.meetingpoint-memory-messiaen.eu\/pl\/","name":"Meetingpoint Memory Messiaen e.V.","description":"","potentialAction":[{"@type":"SearchAction","target":{"@type":"EntryPoint","urlTemplate":"https:\/\/www.meetingpoint-memory-messiaen.eu\/pl\/?s={search_term_string}"},"query-input":{"@type":"PropertyValueSpecification","valueRequired":true,"valueName":"search_term_string"}}],"inLanguage":"pl-PL"}]}},"_links":{"self":[{"href":"https:\/\/www.meetingpoint-memory-messiaen.eu\/pl\/wp-json\/wp\/v2\/pages\/17046","targetHints":{"allow":["GET"]}}],"collection":[{"href":"https:\/\/www.meetingpoint-memory-messiaen.eu\/pl\/wp-json\/wp\/v2\/pages"}],"about":[{"href":"https:\/\/www.meetingpoint-memory-messiaen.eu\/pl\/wp-json\/wp\/v2\/types\/page"}],"author":[{"embeddable":true,"href":"https:\/\/www.meetingpoint-memory-messiaen.eu\/pl\/wp-json\/wp\/v2\/users\/21"}],"replies":[{"embeddable":true,"href":"https:\/\/www.meetingpoint-memory-messiaen.eu\/pl\/wp-json\/wp\/v2\/comments?post=17046"}],"version-history":[{"count":14,"href":"https:\/\/www.meetingpoint-memory-messiaen.eu\/pl\/wp-json\/wp\/v2\/pages\/17046\/revisions"}],"predecessor-version":[{"id":18802,"href":"https:\/\/www.meetingpoint-memory-messiaen.eu\/pl\/wp-json\/wp\/v2\/pages\/17046\/revisions\/18802"}],"wp:attachment":[{"href":"https:\/\/www.meetingpoint-memory-messiaen.eu\/pl\/wp-json\/wp\/v2\/media?parent=17046"}],"curies":[{"name":"wp","href":"https:\/\/api.w.org\/{rel}","templated":true}]}}