{"id":16675,"date":"2022-08-19T12:52:09","date_gmt":"2022-08-19T10:52:09","guid":{"rendered":"https:\/\/www.meetingpoint-memory-messiaen.eu\/pl\/?page_id=16675"},"modified":"2024-09-16T16:12:01","modified_gmt":"2024-09-16T14:12:01","slug":"przewodnik-multimedialny","status":"publish","type":"page","link":"https:\/\/www.meetingpoint-memory-messiaen.eu\/pl\/przewodnik-multimedialny\/","title":{"rendered":"Przewodnik Multimedialny"},"content":{"rendered":"<p>[vc_row css_animation=&#8221;&#8221; row_type=&#8221;row&#8221; use_row_as_full_screen_section=&#8221;no&#8221; type=&#8221;full_width&#8221; angled_section=&#8221;no&#8221; text_align=&#8221;left&#8221; background_image_as_pattern=&#8221;without_pattern&#8221;][vc_column][vc_single_image image=&#8221;17966&#8243; img_size=&#8221;900&#215;400&#8243; qode_css_animation=&#8221;&#8221;][vc_column_text]<\/p>\n<div class=\"vc_row wpb_row section vc_row-fluid \">\n<div class=\" full_section_inner clearfix\">\n<div class=\"wpb_column vc_column_container vc_col-sm-12\">\n<div class=\"vc_column-inner\">\n<div class=\"wpb_wrapper\">\n<div class=\"wpb_text_column wpb_content_element \">\n<div class=\"wpb_wrapper\">\n<p><strong>Przewodnik multimedialny<\/strong> nadal jest dost\u0119pny w Europejskim Centrum Pami\u0119ci, Edukacji i Kultury, w Meetingpoint i innych wybranych miejscach. <strong>Bezp\u0142atnie<\/strong>.<\/p>\n<p><strong>Jak dzia\u0142a audioprzewodnik ?<\/strong><br \/>\nDo uruchomienia audioprzewodnika niezb\u0119dna jest karta ze specjalnym kodem. Po wej\u015bciu na stron\u0119 www.nub.art lub zeskanowaniu kodu QR z karty, otrzymacie Pa\u0144stwo dost\u0119p do audioprzewodnika. Do skorzystania z niego wystarczy smartfon z dost\u0119pem do internetu.<\/p>\n<p><strong>Gdzie znajd\u0119 kart\u0119 z kodem ?<\/strong><\/p>\n<p>Specjalne karty z kodem QR i (je\u015bli nie znamy sposobu korzystania z kod\u00f3w QR) kodem aktywacyjnym dost\u0119pne s\u0105 bezp\u0142atnie w:<\/p>\n<\/div>\n<\/div>\n<div class=\"wpb_text_column wpb_content_element \">\n<div class=\"wpb_wrapper\">\n<ul>\n<li><strong>Miejscu Pami\u0119ci Stalag VIII A<\/strong>\u00a0| Ko\u017alice 1, Zgorzelec | poniedzia\u0142ek-pi\u0105tek 10:00 \u2013 15:00 (do ko\u0144ca wrze\u015bnia 2022 r. w soboty 11:00 \u2013 15:00, z wyj\u0105tkiem 20.08)<\/li>\n<li><strong>Informacji Turystycznej w Zgorzelcu<\/strong>\u00a0| Daszy\u0144skiego 12,\u00a0 Zgorzelec | poniedzia\u0142ek- sobota 09:00 \u2013 17:00 | niedziela 10:00 \u2013 15:00<\/li>\n<li><strong>Biurze Meetingpoint Memory Messiaen e.V.<\/strong>\u00a0|Demianiplatz 40, G\u00f6rlitz | poniedzia\u0142ek-pi\u0105tek 10:00 \u2013 16:00<\/li>\n<li><strong>Informacji Turystycznej w G\u00f6rlitz<\/strong>\u00a0|<span class=\"LrzXr\">Obermarkt 32, G\u00f6rlitz |<\/span>\u00a0poniedzia\u0142ek \u2013 pi\u0105tek: 09:00 \u2013 18:00 | sobota 9:00 \u2013 17:00<\/li>\n<li><strong>IBZ St. Marienthal<\/strong>\u00a0| Sankt Marienthal 10, Ostritz | poniedzia\u0142ek-pi\u0105tek 10:00 \u2013 16:00<\/li>\n<\/ul>\n<\/div>\n<\/div>\n<\/div>\n<\/div>\n<\/div>\n<\/div>\n<\/div>\n<div class=\"vc_row wpb_row section vc_row-fluid \">\n<div class=\" full_section_inner clearfix\">\n<div class=\"wpb_column vc_column_container vc_col-sm-12\">\n<div class=\"vc_column-inner\">\n<div class=\"wpb_wrapper\">\n<div class=\"wpb_text_column wpb_content_element \">\n<div class=\"wpb_wrapper\">\n<p><strong>W jakich j\u0119zykach jest dost\u0119pny ?<\/strong><br \/>\nAudioprzewodnik jest dost\u0119pny bezp\u0142atnie w\u00a0<strong>j\u0119zyku polskim, niemieckim i angielskim<\/strong>.<\/p>\n<\/div>\n<\/div>\n<\/div>\n<\/div>\n<\/div>\n<\/div>\n<\/div>\n<p>[\/vc_column_text][\/vc_column][\/vc_row]<\/p>\n","protected":false},"excerpt":{"rendered":"<p>[vc_row css_animation=&#8221;&#8221; row_type=&#8221;row&#8221; use_row_as_full_screen_section=&#8221;no&#8221; type=&#8221;full_width&#8221; angled_section=&#8221;no&#8221; text_align=&#8221;left&#8221; background_image_as_pattern=&#8221;without_pattern&#8221;][vc_column][vc_single_image image=&#8221;17966&#8243; img_size=&#8221;900&#215;400&#8243; qode_css_animation=&#8221;&#8221;][vc_column_text] Przewodnik multimedialny nadal jest dost\u0119pny w Europejskim Centrum Pami\u0119ci, Edukacji i Kultury, w Meetingpoint i innych wybranych miejscach. Bezp\u0142atnie. Jak dzia\u0142a audioprzewodnik ? Do uruchomienia audioprzewodnika niezb\u0119dna jest karta ze specjalnym kodem. Po wej\u015bciu&#8230;<\/p>\n","protected":false},"author":21,"featured_media":0,"parent":0,"menu_order":0,"comment_status":"closed","ping_status":"closed","template":"","meta":{"footnotes":""},"class_list":["post-16675","page","type-page","status-publish","hentry"],"yoast_head":"<!-- This site is optimized with the Yoast SEO plugin v24.3 - https:\/\/yoast.com\/wordpress\/plugins\/seo\/ -->\n<title>Przewodnik Multimedialny - Meetingpoint Memory Messiaen e.V.<\/title>\n<meta name=\"robots\" content=\"index, follow, max-snippet:-1, max-image-preview:large, max-video-preview:-1\" \/>\n<link rel=\"canonical\" href=\"https:\/\/www.meetingpoint-memory-messiaen.eu\/pl\/przewodnik-multimedialny\/\" \/>\n<meta property=\"og:locale\" content=\"pl_PL\" \/>\n<meta property=\"og:type\" content=\"article\" \/>\n<meta property=\"og:title\" content=\"Przewodnik Multimedialny - Meetingpoint Memory Messiaen e.V.\" \/>\n<meta property=\"og:description\" content=\"[vc_row css_animation=&#8221;&#8221; row_type=&#8221;row&#8221; use_row_as_full_screen_section=&#8221;no&#8221; type=&#8221;full_width&#8221; angled_section=&#8221;no&#8221; text_align=&#8221;left&#8221; background_image_as_pattern=&#8221;without_pattern&#8221;][vc_column][vc_single_image image=&#8221;17966&#8243; img_size=&#8221;900&#215;400&#8243; qode_css_animation=&#8221;&#8221;][vc_column_text] Przewodnik multimedialny nadal jest dost\u0119pny w Europejskim Centrum Pami\u0119ci, Edukacji i Kultury, w Meetingpoint i innych wybranych miejscach. Bezp\u0142atnie. Jak dzia\u0142a audioprzewodnik ? Do uruchomienia audioprzewodnika niezb\u0119dna jest karta ze specjalnym kodem. Po wej\u015bciu...\" \/>\n<meta property=\"og:url\" content=\"https:\/\/www.meetingpoint-memory-messiaen.eu\/pl\/przewodnik-multimedialny\/\" \/>\n<meta property=\"og:site_name\" content=\"Meetingpoint Memory Messiaen e.V.\" \/>\n<meta property=\"article:modified_time\" content=\"2024-09-16T14:12:01+00:00\" \/>\n<meta name=\"twitter:card\" content=\"summary_large_image\" \/>\n<meta name=\"twitter:label1\" content=\"Szacowany czas czytania\" \/>\n\t<meta name=\"twitter:data1\" content=\"2 minuty\" \/>\n<script type=\"application\/ld+json\" class=\"yoast-schema-graph\">{\"@context\":\"https:\/\/schema.org\",\"@graph\":[{\"@type\":\"WebPage\",\"@id\":\"https:\/\/www.meetingpoint-memory-messiaen.eu\/pl\/przewodnik-multimedialny\/\",\"url\":\"https:\/\/www.meetingpoint-memory-messiaen.eu\/pl\/przewodnik-multimedialny\/\",\"name\":\"Przewodnik Multimedialny - Meetingpoint Memory Messiaen e.V.\",\"isPartOf\":{\"@id\":\"https:\/\/www.meetingpoint-memory-messiaen.eu\/pl\/#website\"},\"datePublished\":\"2022-08-19T10:52:09+00:00\",\"dateModified\":\"2024-09-16T14:12:01+00:00\",\"breadcrumb\":{\"@id\":\"https:\/\/www.meetingpoint-memory-messiaen.eu\/pl\/przewodnik-multimedialny\/#breadcrumb\"},\"inLanguage\":\"pl-PL\",\"potentialAction\":[{\"@type\":\"ReadAction\",\"target\":[\"https:\/\/www.meetingpoint-memory-messiaen.eu\/pl\/przewodnik-multimedialny\/\"]}]},{\"@type\":\"BreadcrumbList\",\"@id\":\"https:\/\/www.meetingpoint-memory-messiaen.eu\/pl\/przewodnik-multimedialny\/#breadcrumb\",\"itemListElement\":[{\"@type\":\"ListItem\",\"position\":1,\"name\":\"Home\",\"item\":\"https:\/\/www.meetingpoint-memory-messiaen.eu\/pl\/\"},{\"@type\":\"ListItem\",\"position\":2,\"name\":\"Przewodnik Multimedialny\"}]},{\"@type\":\"WebSite\",\"@id\":\"https:\/\/www.meetingpoint-memory-messiaen.eu\/pl\/#website\",\"url\":\"https:\/\/www.meetingpoint-memory-messiaen.eu\/pl\/\",\"name\":\"Meetingpoint Memory Messiaen e.V.\",\"description\":\"\",\"potentialAction\":[{\"@type\":\"SearchAction\",\"target\":{\"@type\":\"EntryPoint\",\"urlTemplate\":\"https:\/\/www.meetingpoint-memory-messiaen.eu\/pl\/?s={search_term_string}\"},\"query-input\":{\"@type\":\"PropertyValueSpecification\",\"valueRequired\":true,\"valueName\":\"search_term_string\"}}],\"inLanguage\":\"pl-PL\"}]}<\/script>\n<!-- \/ Yoast SEO plugin. -->","yoast_head_json":{"title":"Przewodnik Multimedialny - Meetingpoint Memory Messiaen e.V.","robots":{"index":"index","follow":"follow","max-snippet":"max-snippet:-1","max-image-preview":"max-image-preview:large","max-video-preview":"max-video-preview:-1"},"canonical":"https:\/\/www.meetingpoint-memory-messiaen.eu\/pl\/przewodnik-multimedialny\/","og_locale":"pl_PL","og_type":"article","og_title":"Przewodnik Multimedialny - Meetingpoint Memory Messiaen e.V.","og_description":"[vc_row css_animation=&#8221;&#8221; row_type=&#8221;row&#8221; use_row_as_full_screen_section=&#8221;no&#8221; type=&#8221;full_width&#8221; angled_section=&#8221;no&#8221; text_align=&#8221;left&#8221; background_image_as_pattern=&#8221;without_pattern&#8221;][vc_column][vc_single_image image=&#8221;17966&#8243; img_size=&#8221;900&#215;400&#8243; qode_css_animation=&#8221;&#8221;][vc_column_text] Przewodnik multimedialny nadal jest dost\u0119pny w Europejskim Centrum Pami\u0119ci, Edukacji i Kultury, w Meetingpoint i innych wybranych miejscach. Bezp\u0142atnie. Jak dzia\u0142a audioprzewodnik ? Do uruchomienia audioprzewodnika niezb\u0119dna jest karta ze specjalnym kodem. Po wej\u015bciu...","og_url":"https:\/\/www.meetingpoint-memory-messiaen.eu\/pl\/przewodnik-multimedialny\/","og_site_name":"Meetingpoint Memory Messiaen e.V.","article_modified_time":"2024-09-16T14:12:01+00:00","twitter_card":"summary_large_image","twitter_misc":{"Szacowany czas czytania":"2 minuty"},"schema":{"@context":"https:\/\/schema.org","@graph":[{"@type":"WebPage","@id":"https:\/\/www.meetingpoint-memory-messiaen.eu\/pl\/przewodnik-multimedialny\/","url":"https:\/\/www.meetingpoint-memory-messiaen.eu\/pl\/przewodnik-multimedialny\/","name":"Przewodnik Multimedialny - Meetingpoint Memory Messiaen e.V.","isPartOf":{"@id":"https:\/\/www.meetingpoint-memory-messiaen.eu\/pl\/#website"},"datePublished":"2022-08-19T10:52:09+00:00","dateModified":"2024-09-16T14:12:01+00:00","breadcrumb":{"@id":"https:\/\/www.meetingpoint-memory-messiaen.eu\/pl\/przewodnik-multimedialny\/#breadcrumb"},"inLanguage":"pl-PL","potentialAction":[{"@type":"ReadAction","target":["https:\/\/www.meetingpoint-memory-messiaen.eu\/pl\/przewodnik-multimedialny\/"]}]},{"@type":"BreadcrumbList","@id":"https:\/\/www.meetingpoint-memory-messiaen.eu\/pl\/przewodnik-multimedialny\/#breadcrumb","itemListElement":[{"@type":"ListItem","position":1,"name":"Home","item":"https:\/\/www.meetingpoint-memory-messiaen.eu\/pl\/"},{"@type":"ListItem","position":2,"name":"Przewodnik Multimedialny"}]},{"@type":"WebSite","@id":"https:\/\/www.meetingpoint-memory-messiaen.eu\/pl\/#website","url":"https:\/\/www.meetingpoint-memory-messiaen.eu\/pl\/","name":"Meetingpoint Memory Messiaen e.V.","description":"","potentialAction":[{"@type":"SearchAction","target":{"@type":"EntryPoint","urlTemplate":"https:\/\/www.meetingpoint-memory-messiaen.eu\/pl\/?s={search_term_string}"},"query-input":{"@type":"PropertyValueSpecification","valueRequired":true,"valueName":"search_term_string"}}],"inLanguage":"pl-PL"}]}},"_links":{"self":[{"href":"https:\/\/www.meetingpoint-memory-messiaen.eu\/pl\/wp-json\/wp\/v2\/pages\/16675","targetHints":{"allow":["GET"]}}],"collection":[{"href":"https:\/\/www.meetingpoint-memory-messiaen.eu\/pl\/wp-json\/wp\/v2\/pages"}],"about":[{"href":"https:\/\/www.meetingpoint-memory-messiaen.eu\/pl\/wp-json\/wp\/v2\/types\/page"}],"author":[{"embeddable":true,"href":"https:\/\/www.meetingpoint-memory-messiaen.eu\/pl\/wp-json\/wp\/v2\/users\/21"}],"replies":[{"embeddable":true,"href":"https:\/\/www.meetingpoint-memory-messiaen.eu\/pl\/wp-json\/wp\/v2\/comments?post=16675"}],"version-history":[{"count":9,"href":"https:\/\/www.meetingpoint-memory-messiaen.eu\/pl\/wp-json\/wp\/v2\/pages\/16675\/revisions"}],"predecessor-version":[{"id":17975,"href":"https:\/\/www.meetingpoint-memory-messiaen.eu\/pl\/wp-json\/wp\/v2\/pages\/16675\/revisions\/17975"}],"wp:attachment":[{"href":"https:\/\/www.meetingpoint-memory-messiaen.eu\/pl\/wp-json\/wp\/v2\/media?parent=16675"}],"curies":[{"name":"wp","href":"https:\/\/api.w.org\/{rel}","templated":true}]}}