{"id":15207,"date":"2021-05-28T10:41:00","date_gmt":"2021-05-28T08:41:00","guid":{"rendered":"https:\/\/www.meetingpoint-music-messiaen.net\/pl\/?page_id=15207"},"modified":"2024-04-25T13:44:25","modified_gmt":"2024-04-25T11:44:25","slug":"barak-typu-rlm-501","status":"publish","type":"page","link":"https:\/\/www.meetingpoint-memory-messiaen.eu\/pl\/barak-typu-rlm-501\/","title":{"rendered":"Barak typu RLM 501"},"content":{"rendered":"<p>[vc_row css_animation=&#8221;&#8221; row_type=&#8221;row&#8221; use_row_as_full_screen_section=&#8221;no&#8221; type=&#8221;full_width&#8221; angled_section=&#8221;no&#8221; text_align=&#8221;left&#8221; background_image_as_pattern=&#8221;without_pattern&#8221;][vc_column][vc_column_text]<\/p>\n<h1><strong>RATUNEK DLA POMNIKA KULTURY NA RZECZ EUROPEJSKIEGO MIEJSCA PAMI\u0118CI STALAG VIII A<\/strong><\/h1>\n<p>[\/vc_column_text][\/vc_column][\/vc_row][vc_row css_animation=&#8221;&#8221; row_type=&#8221;row&#8221; use_row_as_full_screen_section=&#8221;no&#8221; type=&#8221;full_width&#8221; angled_section=&#8221;no&#8221; text_align=&#8221;left&#8221; background_image_as_pattern=&#8221;without_pattern&#8221;][vc_column][vc_column_text]W dniu 11.04.2024 r. w Europejskim Centrum Pami\u0119\u0107, Edukacja, Kultura odby\u0142a si\u0119 konferencja po\u015bwi\u0119cona rekonstrukcji baraku z czas\u00f3w II wojny \u015bwiatowej na terenie by\u0142ego obozu jenieckiego Stalag VIII A G\u00f6rlitz-Ost. W\u015br\u00f3d zaproszonych go\u015bci znale\u017ali si\u0119 Magdalena Erdman , naczelnik wydzia\u0142u ds. Miejsc Pami\u0119ci Narodowej z Ministerstwa Kultury i Dziedzictwa Narodowego, dr Violetta Rezler-Wasielewska, dyrektor Centralnego Muzeum Je\u0144c\u00f3w Wojennych, w Opolu-\u0141ambinowicach, Robert Kostro, dyrektor Muzeum Historii Polski w Warszawie, jak r\u00f3wnie\u017c dr Marek Wolanin z Gminy Zgorzelec, a tak\u017ce dr Wojciech G\u0142owa, archeolog kieruj\u0105cy pracami demonta\u017cowymi. W\u015br\u00f3d go\u015bci niemieckich mogli\u015bmy powita\u0107\u00a0m.in. Benedykta Hummla, burmistrza G\u00f6rlitz ds. kultury, m\u0142odzie\u017cy, edukacji, sportu, spraw spo\u0142ecznych, budownictwa i rozwoju miasta G\u00f6rlitz, Michaela Heidricha, kierownika wydzia\u0142u Sakso\u0144skiej Kancelarii Pa\u0144stwowej odpowiedzialnego za kultur\u0119 pami\u0119ci oraz Antje Klose, kierownika Wydzia\u0142u Rozwoju Strukturalnego, Rozwoju Gospodarczego i Stosunk\u00f3w Mi\u0119dzynarodowych, Starostwa Powiatu G\u00f6rlitz.Przedstawiciele obu organizacji partnerskich, polskiej Fundacji Pami\u0119\u0107, Edukacja, Kultura oraz stowarzyszenia Meetingpoint Memory Messiaen wst\u0119pnie przedstawili sytuacj\u0119 wyj\u015bciow\u0105: barak typu RLM 501, przekazany Fundacji przez Miasto G\u00f6rlitz, zosta\u0142 z najwy\u017csz\u0105 staranno\u015bci\u0105 zdemontowany pod kierownictwem archeolog\u00f3w dr. Wojciecha G\u0142owy z Krakowa oraz dr. Cezarego Bu\u015bko z Wroc\u0142awia w drugiej po\u0142owie pa\u017adziernika 2021 roku i przewieziony do obecnego miejsca przechowywania w stolarni w D\u0142u\u017cynie G\u00f3rnej. Zdemontowane i oznakowane cz\u0119\u015bci baraku oczekuj\u0105 na rozpocz\u0119cie dalszych krok\u00f3w, kt\u00f3re zainicjuj\u0105 projekt renowacji i umo\u017cliwi\u0105 planowane umieszczenie tego zabytku w Miejscu Pami\u0119ci Stalag VIII A.<\/p>\n<p>W dalszej cz\u0119\u015bci konferencji przedstawiono potrzeby finansowe projektu. Opr\u00f3cz ju\u017c poniesionych koszt\u00f3w i bie\u017c\u0105cych wydatk\u00f3w (koszty sk\u0142adowania), potrzebne s\u0105 dalsze fundusze na realizacj\u0119 tego d\u0142ugofalowego projektu. Barak b\u0119dzie wykorzystywany nie tylko do cel\u00f3w pogl\u0105dowych, ale zostanie r\u00f3wnie\u017c rozbudowany tak, aby jego pomieszczenia mog\u0142y s\u0142u\u017cy\u0107 misji edukacyjnej Fundacji i Stowarzyszenia oraz celom turystycznym regionu pogranicza.<\/p>\n<p>W zrekonstruowanych pomieszczeniach znajd\u0105 si\u0119 r\u00f3wnie\u017c wystawy zwi\u0105zane z by\u0142ym obozem. W jednej cz\u0119\u015bci baraku zostanie zaprezentowana rekonstrukcja \u00f3wczesnego wyposa\u017cenia baraku. Inna cz\u0119\u015b\u0107 b\u0119dzie s\u0142u\u017cy\u0142a rozszerzeniu wystawy sta\u0142ej i organizacji wystaw czasowych. Te plany wi\u0105\u017c\u0105 si\u0119 z ogromnymi wydatkami. Jednak\u017ce wszyscy zaanga\u017cowani w ten projekt s\u0105 pewni, \u017ce dla regionu b\u0119dzie to w d\u0142u\u017cszej perspektywie inwestycja niezwykle wzbogacaj\u0105ca prac\u0119 nad pami\u0119ci\u0105 historyczn\u0105 i to\u017csamo\u015bci\u0105 regionaln\u0105 m\u0142odego pokolenia, jak i wspieraj\u0105ca utrwalanie szacunku dla samego miejsca, obci\u0105\u017conego trudn\u0105 histori\u0105 jenieck\u0105 tysi\u0119cy \u017co\u0142nierzy walcz\u0105cych z III Rzesz\u0105.<\/p>\n<p>Projekt jest wspierany przez szerok\u0105 koalicj\u0119 organizacji po obu stronach Nysy, co zosta\u0142o wyra\u017cone przez przedstawicieli instytucji z Polski i Niemiec bior\u0105cych udzia\u0142 w dyskusji. Deklaracje wsp\u00f3\u0142pracy naukowej z\u0142o\u017cyli\u00a0m.in. dr Violetta Rezler-Wasielewska, dyrektor Centralnego Muzeum Je\u0144c\u00f3w Wojennych, jak i dr hab. Tomasz G\u0142owi\u0144ski, prof. UWr.<\/p>\n<p>Dzi\u0119kujemy wszystkim uczestnikom spotkania za udzia\u0142 w nim, za ciekawe uwagi i przemy\u015blenia oraz za gotowo\u015b\u0107 wsparcia tego ambitnego projektu.[\/vc_column_text][\/vc_column][\/vc_row][vc_row css_animation=&#8221;&#8221; row_type=&#8221;row&#8221; use_row_as_full_screen_section=&#8221;no&#8221; type=&#8221;full_width&#8221; angled_section=&#8221;no&#8221; text_align=&#8221;left&#8221; background_image_as_pattern=&#8221;without_pattern&#8221;][vc_column][vc_gallery interval=&#8221;3&#8243; images=&#8221;18349,18351,18352,18353,18354,18356,18357,18358&#8243; img_size=&#8221;full&#8221;][\/vc_column][\/vc_row][vc_row css_animation=&#8221;&#8221; row_type=&#8221;row&#8221; use_row_as_full_screen_section=&#8221;no&#8221; type=&#8221;full_width&#8221; angled_section=&#8221;no&#8221; text_align=&#8221;left&#8221; background_image_as_pattern=&#8221;without_pattern&#8221;][vc_column][vc_separator type=&#8221;normal&#8221;][\/vc_column][\/vc_row][vc_row css_animation=&#8221;&#8221; row_type=&#8221;row&#8221; use_row_as_full_screen_section=&#8221;no&#8221; type=&#8221;full_width&#8221; angled_section=&#8221;no&#8221; text_align=&#8221;left&#8221; background_image_as_pattern=&#8221;without_pattern&#8221;][vc_column][vc_column_text]<\/p>\n<h3><strong>BARAK, ZNAJDUJ\u0104CY SI\u0118 NA LI\u015aCIE ZABYTK\u00d3W, STANIE SI\u0118 NOWOCZESNYM MIEJSCEM EDUKACJI<\/strong><\/h3>\n<p>[\/vc_column_text][vc_empty_space height=&#8221;24px&#8221;][vc_gallery type=&#8221;flexslider_slide&#8221; interval=&#8221;5&#8243; images=&#8221;15237,15235,15236&#8243; img_size=&#8221;full&#8221; onclick=&#8221;&#8221; css=&#8221;.vc_custom_1622549017207{margin-bottom: -50px !important;}&#8221;][vc_column_text]<\/p>\n<h6><span style=\"color: #999999;\">Zdj\u0119cia: Jakub Purej<\/span><\/h6>\n<p>[\/vc_column_text][vc_empty_space height=&#8221;16px&#8221;][\/vc_column][\/vc_row][vc_row css_animation=&#8221;&#8221; row_type=&#8221;row&#8221; use_row_as_full_screen_section=&#8221;no&#8221; type=&#8221;full_width&#8221; angled_section=&#8221;no&#8221; text_align=&#8221;left&#8221; background_image_as_pattern=&#8221;without_pattern&#8221;][vc_column][vc_column_text]Barak z czas\u00f3w II wojny \u015bwiatowej ma zosta\u0107 przeniesiony w nowe miejsce \u2013 Miejsce Pami\u0119ci Narodowej by\u0142ego obozu jenieckiego Stalag VIII A. Przedsi\u0119wzi\u0119cie b\u0119dzie mia\u0142o charakter mi\u0119dzynarodowy.<\/p>\n<p>W czasie II wojny \u015bwiatowej region G\u00f6rlitz stanowi\u0142 centrum produkcji barak\u00f3w wojskowych. Firma Christoph &amp; Unmack z Niesky projektowa\u0142a i produkowa\u0142a je mi\u0119dzy innymi dla oboz\u00f3w koncentracyjnych i jenieckich.<\/p>\n<p>Jeden z takich barak\u00f3w typu RLM 501 stoi od czas\u00f3w II wojny \u015bwiatowej w centrum G\u00f6rlitz i b\u0119dzie musia\u0142 zosta\u0107 usuni\u0119ty ze wzgl\u0119du na przysz\u0142e projekty budowlane. Dzi\u0119ki wsp\u00f3\u0142pracy z polskimi i niemieckimi partnerami, muzeami, urz\u0119dami, ekspertami i ekspertkami, uda si\u0119 go zachowa\u0107, odnowi\u0107 i przenie\u015b\u0107 na teren miejsca pami\u0119ci Stalag VIII A w Zgorzelcu. W nowym miejscu b\u0119dzie on wykorzystywany w ramach przysz\u0142ych projekt\u00f3w wystawienniczych oraz jako przestrze\u0144 warsztatowa do pracy edukacyjnej.<\/p>\n<p><strong>Jednak mo\u017ce si\u0119 to uda\u0107 tylko dzi\u0119ki Pa\u0144stwa wsparciu!<\/strong>[\/vc_column_text][\/vc_column][\/vc_row][vc_row css_animation=&#8221;&#8221; row_type=&#8221;row&#8221; use_row_as_full_screen_section=&#8221;no&#8221; type=&#8221;full_width&#8221; angled_section=&#8221;no&#8221; text_align=&#8221;left&#8221; background_image_as_pattern=&#8221;without_pattern&#8221;][vc_column][vc_raw_html]JTNDaWZyYW1lJTIwZnJhbWVib3JkZXIlM0QlMjIwJTIyJTIwbWFyZ2luaGVpZ2h0JTNEJTIyMCUyMiUyMG1hcmdpbndpZHRoJTNEJTIyMCUyMiUyMHNyYyUzRCUyMmh0dHBzJTNBJTJGJTJGd3d3LmJldHRlcnBsYWNlLXdpZGdldC5vcmclMkZwcm9qZWN0cyUyRjk1MTgyJTNGbCUzRGVuJTIyJTIwd2lkdGglM0QlMjIxMDAlMjUlMjIlMjBoZWlnaHQlM0QlMjIzMjAlMjIlMjBzdHlsZSUzRCUyMmJvcmRlciUzQSUyMDAlM0IlMjBwYWRkaW5nJTNBMCUzQiUyMG1hcmdpbiUzQTAlM0IlMjIlM0UlMjZsdCUzQmElMjBocmVmJTNEJTI2JTIzMzklM0JodHRwcyUzQSUyRiUyRnd3dy5iZXR0ZXJwbGFjZS5vcmclMkZlbiUyRnByb2plY3RzJTJGOTUxODItc2F2aW5nLWEtY3VsdHVyYWwtbW9udW1lbnQtZm9yLXRoZS1ldXJvcGVhbi1tZW1vcmlhbC1zaXRlLXN0YWxhZy12aWlpLWElMjYlMjMzOSUzQiUyMHRhcmdldCUzRCUyNiUyMzM5JTNCX2JsYW5rJTI2JTIzMzklM0IlMjZndCUzQiVFMiU4MCU5Q1NhdmluZyUyMGElMjBjdWx0dXJhbCUyMG1vbnVtZW50JTIwZm9yJTIwdGhlJTIwRXVyb3BlYW4lMjBNZW1vcmlhbCUyMFNpdGUlMjBTdGFsYWclMjBWSUlJJTIwQSVFMiU4MCU5RCUyNmx0JTNCJTJGYSUyNmd0JTNCJTIwJUUyJTgwJTkzJTIwbGVhcm4lMjBtb3JlJTIwYW5kJTIwZG9uYXRlJTIwb24lMjBiZXR0ZXJwbGFjZS5vcmcuJTNDJTJGaWZyYW1lJTNF[\/vc_raw_html][\/vc_column][\/vc_row][vc_row css_animation=&#8221;&#8221; row_type=&#8221;row&#8221; use_row_as_full_screen_section=&#8221;no&#8221; type=&#8221;full_width&#8221; angled_section=&#8221;no&#8221; text_align=&#8221;left&#8221; background_image_as_pattern=&#8221;without_pattern&#8221;][vc_column][vc_column_text]Wsp\u00f3lnie z polsk\u0105 Fundacj\u0105 Pami\u0119\u0107, Edukacja, Kultura stowarzyszenie Meetingpoint Music Messiaen e.V. poszukuje mo\u017cliwo\u015bci sfinansowania demonta\u017cu baraku, odrestaurowania go i zainstalowania na terenie by\u0142ego obozu.<\/p>\n<p>Na terenie by\u0142ego niemieckiego obozu jenieckiego Stalag VIII A znajduje si\u0119 obecnie Europejskie Centrum Pami\u0119\u0107, Edukacja, Kultura, kt\u00f3re prowadzone jest przez Fundacj\u0119 Pami\u0119\u0107, Edukacja, Kultura oraz stowarzyszenie Meetingpoint Music Messiaen e.V. Oba podmioty od lat s\u0105 bliskimi partnerami w r\u00f3\u017cnych projektach edukacyjnych i spotkaniach mi\u0119dzynarodowych.<\/p>\n<p>Barak ten musi zosta\u0107 fachowo zdemontowany i przeniesiony na teren by\u0142ego Stalagu VIII A, aby tam m\u00f3g\u0142 pe\u0142ni\u0107 funkcj\u0119 obiektu pami\u0105tkowego. Znajdzie si\u0119 w nim r\u00f3wnie\u017c miejsce na rozbudow\u0119 sta\u0142ej ekspozycji po\u015bwi\u0119conej Stalagowi VIII A i systemowi jenieckiemu. Planowane jest tak\u017ce stworzenie sal warsztatowych z odpowiednim wyposa\u017ceniem medialnym do pracy edukacyjnej o charakterze historyczno-spo\u0142ecznym.[\/vc_column_text][\/vc_column][\/vc_row][vc_row css_animation=&#8221;&#8221; row_type=&#8221;row&#8221; use_row_as_full_screen_section=&#8221;no&#8221; type=&#8221;full_width&#8221; angled_section=&#8221;no&#8221; text_align=&#8221;left&#8221; background_image_as_pattern=&#8221;without_pattern&#8221;][vc_column][vc_video link=&#8221;https:\/\/www.youtube.com\/watch?v=6YWb_AmlWp4&#8243; align=&#8221;center&#8221;][\/vc_column][\/vc_row][vc_row css_animation=&#8221;&#8221; row_type=&#8221;row&#8221; use_row_as_full_screen_section=&#8221;no&#8221; type=&#8221;full_width&#8221; angled_section=&#8221;no&#8221; text_align=&#8221;left&#8221; background_image_as_pattern=&#8221;without_pattern&#8221;][vc_column][vc_column_text]Proces przenosin i rekonstrukcji baraku sk\u0142ada si\u0119 z trzech etap\u00f3w.<\/p>\n<p>Pierwszym etapem zachowania zabytku jest demonta\u017c baraku, przeniesienie jego cz\u0119\u015bci do Zgorzelca i zabezpieczenie ich w tym miejscu.<\/p>\n<p>Nast\u0119pnie odb\u0119dzie si\u0119 proces rekonstrukcji historycznej baraku, w tym rekonstrukcja cyfrowa i stworzenie modelu haptycznego Stalagu VIII A oraz jego rejestracja jako zabytku w Polsce.<\/p>\n<p>Now\u0105 przestrze\u0144, kt\u00f3r\u0105 oferuje barak, chcemy wykorzysta\u0107 jako dodatkow\u0105 powierzchni\u0119 wystawiennicz\u0105 oraz jako sale warsztatowe do pracy edukacyjnej z wykorzystaniem nowoczesnych technologii. Dzi\u0119ki zastosowaniu najnowszych form prezentacji z wykorzystaniem nowych medi\u00f3w i \u017ar\u00f3de\u0142 haptycznych, zar\u00f3wno zwiedzaj\u0105cy, jak i grupy m\u0142odzie\u017cowe b\u0119d\u0105 mieli okazj\u0119 uzyska\u0107 w baraku informacje o obozie i pozna\u0107 historie jego ofiar oraz pog\u0142\u0119bi\u0107 swoj\u0105 wiedz\u0119 na ten temat.<\/p>\n<p>W podzi\u0119kowaniu za wsparcie chcieliby\u015bmy umie\u015bci\u0107 Pa\u0144stwa nazwisko na tablicy pami\u0105tkowej obejmuj\u0105cej wszystkich wspieraj\u0105cych. Je\u015bli nie \u017cycz\u0105 sobie Pa\u0144stwo takiego wpisu, prosimy o zaznaczenie tego w polu komentarza.[\/vc_column_text][\/vc_column][\/vc_row][vc_row css_animation=&#8221;&#8221; row_type=&#8221;row&#8221; use_row_as_full_screen_section=&#8221;no&#8221; type=&#8221;full_width&#8221; angled_section=&#8221;no&#8221; text_align=&#8221;left&#8221; background_image_as_pattern=&#8221;without_pattern&#8221;][vc_column][vc_gallery type=&#8221;flexslider_slide&#8221; interval=&#8221;3&#8243; images=&#8221;15249,15248,15247,15246,15245,15244,15243,15242,15241&#8243; img_size=&#8221;full&#8221; onclick=&#8221;&#8221; css=&#8221;.vc_custom_1622550179649{margin-bottom: -50px !important;}&#8221;][vc_column_text]<\/p>\n<h6><span style=\"color: #999999;\">Zdj\u0119cia: Jakub Purej<\/span><\/h6>\n<p>[\/vc_column_text][\/vc_column][\/vc_row][vc_row css_animation=&#8221;&#8221; row_type=&#8221;row&#8221; use_row_as_full_screen_section=&#8221;no&#8221; type=&#8221;full_width&#8221; angled_section=&#8221;no&#8221; text_align=&#8221;left&#8221; background_image_as_pattern=&#8221;without_pattern&#8221;][vc_column][vc_column_text]<strong>O nas<\/strong>:<\/p>\n<p>Meetingpoint Music Messiaen e.V. wsp\u00f3lnie z polsk\u0105 Fundacj\u0105 Pami\u0119\u0107, Edukacja, Kultura postawi\u0142 sobie za zadanie przybli\u017canie spo\u0142ecze\u0144stwu po obu stronach Nysy (G\u00f6rlitZgorzelec) historii los\u00f3w je\u0144c\u00f3w by\u0142ego obozu Stalag VIII A. Znajomo\u015b\u0107 historii II wojny \u015bwiatowej, tragicznych los\u00f3w milion\u00f3w ludzi i ofiar Holokaustu jest wa\u017cnym elementem edukacji m\u0142odych pokole\u0144.<\/p>\n<p>Wa\u017cnym punktem odniesienia dla pracy stowarzyszenia i przypomnienia los\u00f3w 120 tys. je\u0144c\u00f3w wojennych jest prawykonanie \u201eQuatour pour la fin du temps\u201c francuskiego kompozytora Oliviera Messiaena w 1941 r. w Stalagu VIII A.<\/p>\n<p>Wsp\u00f3lne zarz\u0105dzanie i opieka nad polsko-niemieckim miejscem pami\u0119ci oraz badanie i przekazywanie historii tego miejsca za pomoc\u0105 nowoczesnych form edukacji kulturalnej i historyczno-politycznej o charakterze mi\u0119dzynarodowym i skierowanej do m\u0142odzie\u017cy, stanowi\u0105 podstaw\u0119 pracy stowarzyszenia.<\/p>\n<p><strong>Dalsze infromacje r\u00f3wnie\u017c pod:<\/strong><\/p>\n<p><a href=\"http:\/\/www.fpek.pl\" target=\"_blank\" rel=\"noopener noreferrer\">Fundacja Pami\u0119\u0107, Edukacja, Kultura<\/a>[\/vc_column_text][\/vc_column][\/vc_row]<\/p>\n","protected":false},"excerpt":{"rendered":"<p>[vc_row css_animation=&#8221;&#8221; row_type=&#8221;row&#8221; use_row_as_full_screen_section=&#8221;no&#8221; type=&#8221;full_width&#8221; angled_section=&#8221;no&#8221; text_align=&#8221;left&#8221; background_image_as_pattern=&#8221;without_pattern&#8221;][vc_column][vc_column_text] RATUNEK DLA POMNIKA KULTURY NA RZECZ EUROPEJSKIEGO MIEJSCA PAMI\u0118CI STALAG VIII A [\/vc_column_text][\/vc_column][\/vc_row][vc_row css_animation=&#8221;&#8221; row_type=&#8221;row&#8221; use_row_as_full_screen_section=&#8221;no&#8221; type=&#8221;full_width&#8221; angled_section=&#8221;no&#8221; text_align=&#8221;left&#8221; background_image_as_pattern=&#8221;without_pattern&#8221;][vc_column][vc_column_text]W dniu 11.04.2024 r. w Europejskim Centrum Pami\u0119\u0107, Edukacja, Kultura odby\u0142a si\u0119 konferencja po\u015bwi\u0119cona rekonstrukcji baraku z czas\u00f3w&#8230;<\/p>\n","protected":false},"author":21,"featured_media":0,"parent":0,"menu_order":0,"comment_status":"closed","ping_status":"closed","template":"","meta":{"footnotes":""},"class_list":["post-15207","page","type-page","status-publish","hentry"],"yoast_head":"<!-- This site is optimized with the Yoast SEO plugin v24.3 - https:\/\/yoast.com\/wordpress\/plugins\/seo\/ -->\n<title>Barak typu RLM 501 - Meetingpoint Memory Messiaen e.V.<\/title>\n<meta name=\"robots\" content=\"index, follow, max-snippet:-1, max-image-preview:large, max-video-preview:-1\" \/>\n<link rel=\"canonical\" href=\"https:\/\/www.meetingpoint-memory-messiaen.eu\/pl\/barak-typu-rlm-501\/\" \/>\n<meta property=\"og:locale\" content=\"pl_PL\" \/>\n<meta property=\"og:type\" content=\"article\" \/>\n<meta property=\"og:title\" content=\"Barak typu RLM 501 - Meetingpoint Memory Messiaen e.V.\" \/>\n<meta property=\"og:description\" content=\"[vc_row css_animation=&#8221;&#8221; row_type=&#8221;row&#8221; use_row_as_full_screen_section=&#8221;no&#8221; type=&#8221;full_width&#8221; angled_section=&#8221;no&#8221; text_align=&#8221;left&#8221; background_image_as_pattern=&#8221;without_pattern&#8221;][vc_column][vc_column_text] RATUNEK DLA POMNIKA KULTURY NA RZECZ EUROPEJSKIEGO MIEJSCA PAMI\u0118CI STALAG VIII A [\/vc_column_text][\/vc_column][\/vc_row][vc_row css_animation=&#8221;&#8221; row_type=&#8221;row&#8221; use_row_as_full_screen_section=&#8221;no&#8221; type=&#8221;full_width&#8221; angled_section=&#8221;no&#8221; text_align=&#8221;left&#8221; background_image_as_pattern=&#8221;without_pattern&#8221;][vc_column][vc_column_text]W dniu 11.04.2024 r. w Europejskim Centrum Pami\u0119\u0107, Edukacja, Kultura odby\u0142a si\u0119 konferencja po\u015bwi\u0119cona rekonstrukcji baraku z czas\u00f3w...\" \/>\n<meta property=\"og:url\" content=\"https:\/\/www.meetingpoint-memory-messiaen.eu\/pl\/barak-typu-rlm-501\/\" \/>\n<meta property=\"og:site_name\" content=\"Meetingpoint Memory Messiaen e.V.\" \/>\n<meta property=\"article:modified_time\" content=\"2024-04-25T11:44:25+00:00\" \/>\n<meta name=\"twitter:card\" content=\"summary_large_image\" \/>\n<meta name=\"twitter:label1\" content=\"Szacowany czas czytania\" \/>\n\t<meta name=\"twitter:data1\" content=\"7 minut\" \/>\n<script type=\"application\/ld+json\" class=\"yoast-schema-graph\">{\"@context\":\"https:\/\/schema.org\",\"@graph\":[{\"@type\":\"WebPage\",\"@id\":\"https:\/\/www.meetingpoint-memory-messiaen.eu\/pl\/barak-typu-rlm-501\/\",\"url\":\"https:\/\/www.meetingpoint-memory-messiaen.eu\/pl\/barak-typu-rlm-501\/\",\"name\":\"Barak typu RLM 501 - Meetingpoint Memory Messiaen e.V.\",\"isPartOf\":{\"@id\":\"https:\/\/www.meetingpoint-memory-messiaen.eu\/pl\/#website\"},\"datePublished\":\"2021-05-28T08:41:00+00:00\",\"dateModified\":\"2024-04-25T11:44:25+00:00\",\"breadcrumb\":{\"@id\":\"https:\/\/www.meetingpoint-memory-messiaen.eu\/pl\/barak-typu-rlm-501\/#breadcrumb\"},\"inLanguage\":\"pl-PL\",\"potentialAction\":[{\"@type\":\"ReadAction\",\"target\":[\"https:\/\/www.meetingpoint-memory-messiaen.eu\/pl\/barak-typu-rlm-501\/\"]}]},{\"@type\":\"BreadcrumbList\",\"@id\":\"https:\/\/www.meetingpoint-memory-messiaen.eu\/pl\/barak-typu-rlm-501\/#breadcrumb\",\"itemListElement\":[{\"@type\":\"ListItem\",\"position\":1,\"name\":\"Home\",\"item\":\"https:\/\/www.meetingpoint-memory-messiaen.eu\/pl\/\"},{\"@type\":\"ListItem\",\"position\":2,\"name\":\"Barak typu RLM 501\"}]},{\"@type\":\"WebSite\",\"@id\":\"https:\/\/www.meetingpoint-memory-messiaen.eu\/pl\/#website\",\"url\":\"https:\/\/www.meetingpoint-memory-messiaen.eu\/pl\/\",\"name\":\"Meetingpoint Memory Messiaen e.V.\",\"description\":\"\",\"potentialAction\":[{\"@type\":\"SearchAction\",\"target\":{\"@type\":\"EntryPoint\",\"urlTemplate\":\"https:\/\/www.meetingpoint-memory-messiaen.eu\/pl\/?s={search_term_string}\"},\"query-input\":{\"@type\":\"PropertyValueSpecification\",\"valueRequired\":true,\"valueName\":\"search_term_string\"}}],\"inLanguage\":\"pl-PL\"}]}<\/script>\n<!-- \/ Yoast SEO plugin. -->","yoast_head_json":{"title":"Barak typu RLM 501 - Meetingpoint Memory Messiaen e.V.","robots":{"index":"index","follow":"follow","max-snippet":"max-snippet:-1","max-image-preview":"max-image-preview:large","max-video-preview":"max-video-preview:-1"},"canonical":"https:\/\/www.meetingpoint-memory-messiaen.eu\/pl\/barak-typu-rlm-501\/","og_locale":"pl_PL","og_type":"article","og_title":"Barak typu RLM 501 - Meetingpoint Memory Messiaen e.V.","og_description":"[vc_row css_animation=&#8221;&#8221; row_type=&#8221;row&#8221; use_row_as_full_screen_section=&#8221;no&#8221; type=&#8221;full_width&#8221; angled_section=&#8221;no&#8221; text_align=&#8221;left&#8221; background_image_as_pattern=&#8221;without_pattern&#8221;][vc_column][vc_column_text] RATUNEK DLA POMNIKA KULTURY NA RZECZ EUROPEJSKIEGO MIEJSCA PAMI\u0118CI STALAG VIII A [\/vc_column_text][\/vc_column][\/vc_row][vc_row css_animation=&#8221;&#8221; row_type=&#8221;row&#8221; use_row_as_full_screen_section=&#8221;no&#8221; type=&#8221;full_width&#8221; angled_section=&#8221;no&#8221; text_align=&#8221;left&#8221; background_image_as_pattern=&#8221;without_pattern&#8221;][vc_column][vc_column_text]W dniu 11.04.2024 r. w Europejskim Centrum Pami\u0119\u0107, Edukacja, Kultura odby\u0142a si\u0119 konferencja po\u015bwi\u0119cona rekonstrukcji baraku z czas\u00f3w...","og_url":"https:\/\/www.meetingpoint-memory-messiaen.eu\/pl\/barak-typu-rlm-501\/","og_site_name":"Meetingpoint Memory Messiaen e.V.","article_modified_time":"2024-04-25T11:44:25+00:00","twitter_card":"summary_large_image","twitter_misc":{"Szacowany czas czytania":"7 minut"},"schema":{"@context":"https:\/\/schema.org","@graph":[{"@type":"WebPage","@id":"https:\/\/www.meetingpoint-memory-messiaen.eu\/pl\/barak-typu-rlm-501\/","url":"https:\/\/www.meetingpoint-memory-messiaen.eu\/pl\/barak-typu-rlm-501\/","name":"Barak typu RLM 501 - Meetingpoint Memory Messiaen e.V.","isPartOf":{"@id":"https:\/\/www.meetingpoint-memory-messiaen.eu\/pl\/#website"},"datePublished":"2021-05-28T08:41:00+00:00","dateModified":"2024-04-25T11:44:25+00:00","breadcrumb":{"@id":"https:\/\/www.meetingpoint-memory-messiaen.eu\/pl\/barak-typu-rlm-501\/#breadcrumb"},"inLanguage":"pl-PL","potentialAction":[{"@type":"ReadAction","target":["https:\/\/www.meetingpoint-memory-messiaen.eu\/pl\/barak-typu-rlm-501\/"]}]},{"@type":"BreadcrumbList","@id":"https:\/\/www.meetingpoint-memory-messiaen.eu\/pl\/barak-typu-rlm-501\/#breadcrumb","itemListElement":[{"@type":"ListItem","position":1,"name":"Home","item":"https:\/\/www.meetingpoint-memory-messiaen.eu\/pl\/"},{"@type":"ListItem","position":2,"name":"Barak typu RLM 501"}]},{"@type":"WebSite","@id":"https:\/\/www.meetingpoint-memory-messiaen.eu\/pl\/#website","url":"https:\/\/www.meetingpoint-memory-messiaen.eu\/pl\/","name":"Meetingpoint Memory Messiaen e.V.","description":"","potentialAction":[{"@type":"SearchAction","target":{"@type":"EntryPoint","urlTemplate":"https:\/\/www.meetingpoint-memory-messiaen.eu\/pl\/?s={search_term_string}"},"query-input":{"@type":"PropertyValueSpecification","valueRequired":true,"valueName":"search_term_string"}}],"inLanguage":"pl-PL"}]}},"_links":{"self":[{"href":"https:\/\/www.meetingpoint-memory-messiaen.eu\/pl\/wp-json\/wp\/v2\/pages\/15207","targetHints":{"allow":["GET"]}}],"collection":[{"href":"https:\/\/www.meetingpoint-memory-messiaen.eu\/pl\/wp-json\/wp\/v2\/pages"}],"about":[{"href":"https:\/\/www.meetingpoint-memory-messiaen.eu\/pl\/wp-json\/wp\/v2\/types\/page"}],"author":[{"embeddable":true,"href":"https:\/\/www.meetingpoint-memory-messiaen.eu\/pl\/wp-json\/wp\/v2\/users\/21"}],"replies":[{"embeddable":true,"href":"https:\/\/www.meetingpoint-memory-messiaen.eu\/pl\/wp-json\/wp\/v2\/comments?post=15207"}],"version-history":[{"count":10,"href":"https:\/\/www.meetingpoint-memory-messiaen.eu\/pl\/wp-json\/wp\/v2\/pages\/15207\/revisions"}],"predecessor-version":[{"id":15210,"href":"https:\/\/www.meetingpoint-memory-messiaen.eu\/pl\/wp-json\/wp\/v2\/pages\/15207\/revisions\/15210"}],"wp:attachment":[{"href":"https:\/\/www.meetingpoint-memory-messiaen.eu\/pl\/wp-json\/wp\/v2\/media?parent=15207"}],"curies":[{"name":"wp","href":"https:\/\/api.w.org\/{rel}","templated":true}]}}