{"id":14836,"date":"2020-08-18T14:42:25","date_gmt":"2020-08-18T12:42:25","guid":{"rendered":"https:\/\/www.meetingpoint-music-messiaen.net\/pl\/?page_id=14836"},"modified":"2020-08-18T15:12:13","modified_gmt":"2020-08-18T13:12:13","slug":"historia-europejskiego-centrum-pamiec-edukacja-kultura","status":"publish","type":"page","link":"https:\/\/www.meetingpoint-memory-messiaen.eu\/pl\/historia-europejskiego-centrum-pamiec-edukacja-kultura\/","title":{"rendered":"Historia Europejskiego Centrum Pami\u0119\u0107, Edukacja, Kultura"},"content":{"rendered":"<p>Europejskie Centrum Pami\u0119\u0107, Edukacja, Kultura (poprzednia nazwa: Europejskie Centrum Edukacyjno-Kulturalne) bierze sw\u00f3j pocz\u0105tek z fascynacji muzycznych i uporu jednego cz\u0142owieka. Cz\u0142owiekiem tym by\u0142 dr Albrecht Goetze (1942\u20132015), niemiecki re\u017cyser teatralny, mi\u0142o\u015bnik muzyki. Kiedy studiowa\u0142 partytur\u0119 Kwartetu na koniec czasu Oliviera Messiaena, znalaz\u0142 w niej dopisek m\u00f3wi\u0105cy o tym, kiedy i gdzie utw\u00f3r powsta\u0142: \u201eSkomponowane w Stalagu VIIIA w G\u00f6rlitz, \u015al\u0105sk, w styczniu 1941 r.\u201d Dr Goetze dowiedzia\u0142 si\u0119 w ten spos\u00f3b o istnieniu Stalagu VIIIA w G\u00f6rlitz. My\u015bl o tym, w jakich okoliczno\u015bciach powsta\u0142o ponadczasowe dzie\u0142o, nie dawa\u0142a mu spokoju i dr Goetze w listopadzie 2001 roku wybra\u0142 si\u0119 do G\u00f6rlitz. Jak wspomina\u0142, spotka\u0142o go rozczarowanie: nikt nie s\u0142ysza\u0142 tu o Stalagu VIIIA. Dopiero we wschodniej cz\u0119\u015bci miasta, kt\u00f3ra od 1945 r. nale\u017cy do Polski i nazywa si\u0119 Zgorzelec, wskazano mu drog\u0119 prowadz\u0105c\u0105 na skraj miasta. Prze\u017cycia, kt\u00f3re mu towarzyszy\u0142y podczas spaceru po brzozowym lesie z ma\u0142ym cmentarzem, obeliskiem ku czci je\u0144c\u00f3w i fragmentami zabudowa\u0144 stalagu, skojarzone z muzyk\u0105 Messiaena sprawi\u0142y, \u017ce podj\u0105\u0142 decyzj\u0119 o porzuceniu swojego dotychczasowego \u017cycia i przeprowadzce z Monachium do G\u00f6rlitz. Mia\u0142 te\u017c jasno wyznaczony cel: d\u0105\u017cy\u0142 do stworzenia w miejscu, gdzie powsta\u0142 Kwartet, centrum spotka\u0144 i wydarze\u0144 kulturalnych, kt\u00f3re wydoby\u0142oby z zapomnienia fakt, \u017ce tu powsta\u0142o wielkie dzie\u0142o muzyczne, i \u017ce tu przetrzymywano wi\u0119cej ni\u017c sto tysi\u0119cy je\u0144c\u00f3w wojennych, z kt\u00f3rych ponad dziesi\u0119\u0107 tysi\u0119cy nie prze\u017cy\u0142o niewoli. Miejsce to, Meetingpoint Messiaen \u2013 jak je nazywa\u0142 \u2013 mia\u0142o przypomina\u0107, \u017ce pozbawienie wolno\u015bci, l\u0119k i niepewno\u015b\u0107 jutra mo\u017cna pokona\u0107 dzi\u0119ki wewn\u0119trznej sile, jak\u0105 daje muzyka.<\/p>\n<p>Po polskiej stronie Nysy znalaz\u0142 sojusznika dla swojego pomys\u0142u w osobie nauczyciela historii Romana Zg\u0142obickiego, dla kt\u00f3rego zachowanie pami\u0119ci o Stalagu i jego je\u0144cach, sta\u0142o si\u0119 od pocz\u0105tku lat 70. ubieg\u0142ego wieku tre\u015bci\u0105 \u017cycia. Wkr\u00f3tce dosz\u0142o do pierwszych spotka\u0144 z przedstawicielami samorz\u0105d\u00f3w zgorzeleckich, a konkretnie Gminy Zgorzelec, w osobach kt\u00f3rych dr Goetze zyska\u0142 zainteresowanych i \u017cyczliwych s\u0142uchaczy, a wkr\u00f3tce partner\u00f3w.<\/p>\n<p>W grudniu 2006 roku, r\u00f3wnie\u017c z inicjatywy niestrudzonego w d\u0105\u017ceniu do realizacji swojej idei dr. Goetze, w G\u00f6rlitz powsta\u0142o stowarzyszenie Meetingpoint Music Messiaen e. V. Albrecht Goetze zosta\u0142 jego pierwszym prezesem, a Meetingpoint Music Messiaen e.V. sta\u0142o si\u0119 instytucjonalnym partnerem w rozmowach z w\u0142adzami samorz\u0105dowymi obu granicznych miast.<\/p>\n<p>Rozmowy te dotyczy\u0142y wybudowania na terenie by\u0142ego stalagu obiektu upami\u0119tniaj\u0105cego istnienie obozu, a tak\u017ce stwarzaj\u0105cego mo\u017cliwo\u015bci wsp\u00f3\u0142pracy i dzia\u0142a\u0144 na rzecz integracji spo\u0142ecze\u0144stw obu miast i regionu pogranicza. Planowany obiekt mia\u0142 przypomina\u0107 o tragicznej przesz\u0142o\u015bci, ale te\u017c by\u0107 symbolem wsp\u00f3lnej przysz\u0142o\u015bci.<\/p>\n<p>&nbsp;<\/p>\n<p><iframe loading=\"lazy\" title=\"Erinnern im StaLag VIIIa G\u00f6rlitz\/Zgorzelec - polska wersja (Januar 2013)\" width=\"1060\" height=\"596\" src=\"https:\/\/www.youtube.com\/embed\/M0dB1fGpLLY?feature=oembed\" frameborder=\"0\" allow=\"accelerometer; autoplay; encrypted-media; gyroscope; picture-in-picture\" allowfullscreen><\/iframe><\/p>\n<p>&nbsp;<\/p>\n<p>Nakre\u015blenie zakresu zada\u0144, sprecyzowanie problem\u00f3w, kt\u00f3re trzeba rozwi\u0105za\u0107 wymaga\u0142o wielu spotka\u0144, rozm\u00f3w i przemy\u015ble\u0144. Do realizacji przysz\u0142ej inwestycji wybrano Fundacj\u0119 Centrum Wspierania Przedsi\u0119biorczo\u015bci jako sprawn\u0105 organizacj\u0119 pozarz\u0105dow\u0105, posiadaj\u0105c\u0105 ju\u017c do\u015bwiadczenie w przeprowadzaniu program\u00f3w unijnych. Wiadomo by\u0142o bowiem, \u017ce realizacja tej inwestycji b\u0119dzie niemo\u017cliwa bez finansowego wsparcia z funduszy Unii Europejskiej. Fundacja zgodzi\u0142a si\u0119 podj\u0105\u0107 dzia\u0142ania dotycz\u0105ce mo\u017cliwo\u015bci pozyskania i zabezpieczenia koniecznych \u015brodk\u00f3w finansowych na realizacj\u0119 inwestycji, opracowania i z\u0142o\u017cenia wniosku projektowego oraz realizacji projektu.<\/p>\n<p>Kolejne lata to precyzowanie koncepcji architektonicznej dostosowanej do cel\u00f3w, kt\u00f3re mia\u0142o spe\u0142nia\u0107 przysz\u0142e Centrum, poszukiwanie rozwi\u0105za\u0144 administracyjnych, a tak\u017ce sprzymierze\u0144c\u00f3w i patron\u00f3w oraz przygotowywanie wniosku o wsp\u00f3\u0142finansowanie budowy Eropejskiego Centrum Edukacyjno-Kulturalnego Zgorzelec \u2013 G\u00f6rlitz ze \u015brodk\u00f3w Europejskiego Funduszu Rozwoju Regionalnego w ramach Programu Operacyjnego Wsp\u00f3\u0142pracy Transgranicznej Polska \u2013 Saksonia 2007\u20132013, a tak\u017ce zabezpieczenia wk\u0142adu w\u0142asnego Fundacji. By\u0142o te\u017c oczywiste, \u017ce ca\u0142y teren by\u0142ego obozu zostanie zachowany jako miejsce pami\u0119ci.<\/p>\n<p>Zesp\u00f3\u0142 stowarzyszenia Meetingpoint Music Messiaen zacz\u0105\u0142 organizowa\u0107 mi\u0119dzynarodowe workcampy, podczas kt\u00f3rych m\u0142odzie\u017c z kilku kraj\u00f3w prowadzi\u0142a pod nadzorem naukowc\u00f3w prace wykopaliskowe, znajduj\u0105c wiele drobnych przedmiot\u00f3w nale\u017c\u0105cych do je\u0144c\u00f3w, i oczyszczaj\u0105c te\u017c przy okazji fragmenty terenu by\u0142ego stalagu pod przysz\u0142\u0105 budow\u0119.<br \/>\n15 maja 2009 r. Fundacja, wsparta przez zgorzeleckie samorz\u0105dy, og\u0142osi\u0142a konkurs na opracowanie koncepcji urbanistyczno-architektonicznej i funkcjonalno-u\u017cytkowej przysz\u0142ego obiektu.<\/p>\n<p>S\u0105d Konkursowy na posiedzeniu w dniu 24 czerwca 2009 r. w Zgorzelcu, po zapoznaniu si\u0119 z pracami konkursowymi, dokona\u0142 wyboru najlepszej pracy konkursowej i postanowi\u0142 przyzna\u0107 pierwsz\u0105 nagrod\u0119 irlandzkiemu architektowi Ruari O\u2019Brienowi prowadz\u0105cemu w Dre\u017anie pracowni\u0119 \u201eArchitektur. Licht. Raumkunst.<\/p>\n<p>We wrze\u015bniu 2009 roku Fundacja z\u0142o\u017cy\u0142a wniosek o wsp\u00f3\u0142finansowanie projektu, kt\u00f3ry jednak zosta\u0142 wycofany w lutym nast\u0119pnego roku, poniewa\u017c do tego momentu nie znaleziono banku, kt\u00f3ry zdecydowa\u0142by si\u0119 na kredytowanie koszt\u00f3w inwestycji. Dzi\u0119ki staraniom w\u0142adz Fundacji i \u017cyczliwo\u015bci zgorzeleckich w\u0142adz samorz\u0105dowych oraz zrozumieniu wagi projektu dla regionu Gmina Zgorzelec zmieni\u0142a plan zagospodarowania przestrzennego i wprowadzi\u0142a zapisy daj\u0105ce mo\u017cliwo\u015b\u0107 budowy Centrum na terenach po by\u0142ym Stalagu VIIIA. Rada Gminy podj\u0119\u0142a uchwa\u0142\u0119 w sprawie przekazania grunt\u00f3w Fundacji z przeznaczeniem na budow\u0119 Centrum oraz uchwa\u0142\u0119 w sprawie por\u0119czenia kredytu w formie hipoteki obci\u0105\u017caj\u0105cej grunty gminne. Podobne dzia\u0142ania w sprawie por\u0119czenia kredytu podj\u0119\u0142a Gmina Miejska Zgorzelec. Zapad\u0142a tak\u017ce ostateczna decyzja dotycz\u0105ca partner\u00f3w projektu. 14 lipca 2010 r. podpisano umow\u0119 partnersk\u0105, zgodnie z kt\u00f3r\u0105 liderem projektu zosta\u0142a Fundacja Centrum Wspierania Przedsi\u0119biorczo\u015bci w Zgorzelcu, a partnerami: Stowarzyszenie MEETINGPOINT MUSIC MESSIAEN z G\u00f6rlitz, Gmina Zgorzelec, Gmina Miejska Zgorzelec, Powiat Zgorzelecki, Powiat G\u00f6rlitz oraz Stowarzyszenie Fundator\u00f3w i Sympatyk\u00f3w MEETINGPOINT MUSIC MESSIAEN. Dosz\u0142o tak\u017ce do podpisania z bankiem umowy o zabezpieczenie \u015brodk\u00f3w.<br \/>\nW tym czasie mia\u0142y miejsce pierwsze prezentacje projektu, m.in. w Warszawie, Berlinie, Brukseli, Dre\u017anie i Wroc\u0142awiu. Pomys\u0142 i projekt wzbudza\u0142y wsz\u0119dzie du\u017ce zainteresowanie i podziw.<br \/>\nWniosek zosta\u0142 z\u0142o\u017cony ostatecznie w czerwcu 2011 roku, a w pa\u017adzierniku nast\u0105pi\u0142o podpisanie umowy o dofinansowanie projektu ze \u015brodk\u00f3w Europejskiego Funduszu Rozwoju Regionalnego w ramach Programu Wsp\u00f3\u0142pracy Transgranicznej Polska\u2013Saksonia 2007\u20132013.<\/p>\n<p>W grudniu 2011 r. Fundacja przyj\u0119\u0142a (w formie aktu notarialnego) od Gminy Zgorzelec darowizn\u0119 nieruchomo\u015bci niezabudowanej, stanowi\u0105cej dzia\u0142ki gruntu oznaczone numerami: 305 i 306\/1 (Obr.0007, Ko\u017alice, Am-1) o \u0142\u0105cznej powierzchni 6,9307 ha. Darowana nieruchomo\u015b\u0107 przeznaczona zosta\u0142a na realizacj\u0119 cel\u00f3w statutowych Fundacji w obszarze kultury, z przeznaczeniem pod budow\u0119 Europejskiego Centrum Edukacyjno-Kulturalnego.<\/p>\n<p>Rozpocz\u0119cie realizacji projektu uleg\u0142o jednak dalszemu przesuni\u0119ciu, wyst\u0105pi\u0142y bowiem nieporozumienia z architektem, kt\u00f3ry wygra\u0142 konkurs i Fundacja zmuszona by\u0142a do zmiany koncepcji oraz zlecenia opracowania drugiego programu funkcjonalno-u\u017cytkowego. Przyj\u0119to do realizacji wyr\u00f3\u017cniony w konkursie projekt architekta z G\u00f6rlitz, Christiana Weise. Wszystkie te wydarzenia doprowadzi\u0142y do konieczno\u015bci z\u0142o\u017cenia aneksu do projektu, w kt\u00f3rym zmieniona zosta\u0142a koncepcja architektoniczna budowy Centrum, zachowano jednak wszystkie wymogi okre\u015blone w konkursie.<\/p>\n<p>25 maja 2013 roku podpisano aneks do umowy o dofinansowanie budowy, warto\u015b\u0107 projektu zatwierdzono na kwot\u0119 3 366 042, 32 euro.<\/p>\n<p>Kolejne kroki to og\u0142oszenie przetargu na wykonanie dokumentacji technicznej i budow\u0119 Centrum. W lipcu 2013 podpisana zosta\u0142a umowa z wykonawc\u0105 i nast\u0105pi\u0142o przekazanie placu budowy. Prace budowlane rozpocz\u0119\u0142y si\u0119 w styczniu 2014 roku, za\u015b w styczniu 2015 Europejskie Centrum Edukacyjno-Kulturalne Zgorzelec \u2013G\u00f6rlitz zosta\u0142o oddane do u\u017cytku.<br \/>\nW uroczysto\u015bci tej nie uczestniczy\u0142 niestety Albrecht Goetze, poniewa\u017c ze wzgl\u0119d\u00f3w zdrowotnych musia\u0142 opu\u015bci\u0107 G\u00f6rlitz ju\u017c w 2012 roku.<\/p>\n<p>Poczynaj\u0105c od 2008 roku, 15 stycznia, w wielkim namiocie ustawionym na terenie by\u0142ego Stalagu VIIIA odbywa\u0142y si\u0119 koncerty upami\u0119tniaj\u0105ce pierwsze wykonanie Kwartetu na koniec czasu Oliviera Messiaena. W 2015 roku uroczysty koncert odby\u0142 si\u0119 po raz pierwszy w nowo wybudowanym obiekcie \u2013 Europejskim Centrum Edukacyjno-Kulturalnym.<\/p>\n<p>W Centrum znalaz\u0142y si\u0119 opracowane przez stowarzyszenie Meetingpoint Music Messiaen pierwsze elementy sta\u0142ej wystawy informuj\u0105ce o by\u0142ym obozie. Centrum sta\u0142o si\u0119 tak\u017ce miejscem realizacji wielu dzia\u0142a\u0144 zbli\u017caj\u0105cych obydwa spo\u0142ecze\u0144stwa, w szczeg\u00f3lno\u015bci m\u0142odzie\u017c.<\/p>\n<p>Od chwili otwarcia do jesieni 2019 roku Centrum odwiedzi\u0142o kilkana\u015bcie tysi\u0119cy go\u015bci \u2013 s\u0142uchacze koncert\u00f3w, rodziny by\u0142ych je\u0144c\u00f3w z ca\u0142ego \u015bwiata, tury\u015bci zwiedzaj\u0105cy region pogranicza, a tak\u017ce setki uczestnik\u00f3w spotka\u0144 warsztatowych, seminari\u00f3w i konferencji.<\/p>\n<p>Liczne spotkania i imprezy mog\u0142y zosta\u0107 przeprowadzone dzi\u0119ki \u015bcis\u0142ej wsp\u00f3\u0142pracy polskich i niemieckich partner\u00f3w z lokalnych samorz\u0105d\u00f3w oraz merytorycznemu i logistycznemu wsparciu ze strony wsp\u00f3\u0142pracownik\u00f3w Meetingpoint Music Messiaen. M\u0142odzi cz\u0142onkowie stowarzyszenia wsp\u00f3lnie z ma\u0142ym zespo\u0142em z Centrum oprowadzali po terenie Stalagu dziesi\u0105tki grup m\u0142odzie\u017cy i doros\u0142ych z r\u00f3\u017cnych kraj\u00f3w, przybli\u017caj\u0105c im losy i cierpienie je\u0144c\u00f3w \u2013 \u017co\u0142nierzy wielu narodowo\u015bci.<\/p>\n<p>Celem Centrum, obok dzia\u0142a\u0144 edukacyjno-kulturalnych na rzecz kszta\u0142towania \u015bwiadomo\u015bci regionalnej i wynikaj\u0105cych st\u0105d obowi\u0105zk\u00f3w, jest kultywowanie w spo\u0142ecze\u0144stwach europejskich, przede wszystkim w polskim i niemieckim, pami\u0119ci o by\u0142ym niemieckim obozie jenieckim Stalag VIIIA. Poprzez prac\u0119 nad piel\u0119gnowaniem pami\u0119ci o tym miejscu d\u0105\u017cy\u0107 si\u0119 b\u0119dzie do dzia\u0142ania na rzecz upowszechniania i poszanowania historii regionu, a tak\u017ce ostrzega\u0107 przed zagro\u017ceniami wynikaj\u0105cymi z nasilaj\u0105cego si\u0119 w Europie rozwoju ruch\u00f3w nacjonalistycznych.<br \/>\nDla podkre\u015blenia znaczenia w dzia\u0142alno\u015bci Centrum pami\u0119ci historycznej zwi\u0105zanej ze stalagiem zmieniono jego nazw\u0119 na Europejskie Centrum Pami\u0119\u0107, Edukacja, Kultura.<\/p>\n<p>Tekst: Fundacja Pami\u0119\u0107, Edukacja, Kultura<\/p>\n","protected":false},"excerpt":{"rendered":"<p>Europejskie Centrum Pami\u0119\u0107, Edukacja, Kultura (poprzednia nazwa: Europejskie Centrum Edukacyjno-Kulturalne) bierze sw\u00f3j pocz\u0105tek z fascynacji muzycznych i uporu jednego cz\u0142owieka. Cz\u0142owiekiem tym by\u0142 dr Albrecht Goetze (1942\u20132015), niemiecki re\u017cyser teatralny, mi\u0142o\u015bnik muzyki. Kiedy studiowa\u0142 partytur\u0119 Kwartetu na koniec czasu Oliviera Messiaena, znalaz\u0142 w niej dopisek&#8230;<\/p>\n","protected":false},"author":21,"featured_media":0,"parent":0,"menu_order":0,"comment_status":"closed","ping_status":"closed","template":"","meta":{"footnotes":""},"class_list":["post-14836","page","type-page","status-publish","hentry"],"yoast_head":"<!-- This site is optimized with the Yoast SEO plugin v24.3 - https:\/\/yoast.com\/wordpress\/plugins\/seo\/ -->\n<title>Historia Europejskiego Centrum Pami\u0119\u0107, Edukacja, Kultura - Meetingpoint Memory Messiaen e.V.<\/title>\n<meta name=\"robots\" content=\"index, follow, max-snippet:-1, max-image-preview:large, max-video-preview:-1\" \/>\n<link rel=\"canonical\" href=\"https:\/\/www.meetingpoint-memory-messiaen.eu\/pl\/historia-europejskiego-centrum-pamiec-edukacja-kultura\/\" \/>\n<meta property=\"og:locale\" content=\"pl_PL\" \/>\n<meta property=\"og:type\" content=\"article\" \/>\n<meta property=\"og:title\" content=\"Historia Europejskiego Centrum Pami\u0119\u0107, Edukacja, Kultura - Meetingpoint Memory Messiaen e.V.\" \/>\n<meta property=\"og:description\" content=\"Europejskie Centrum Pami\u0119\u0107, Edukacja, Kultura (poprzednia nazwa: Europejskie Centrum Edukacyjno-Kulturalne) bierze sw\u00f3j pocz\u0105tek z fascynacji muzycznych i uporu jednego cz\u0142owieka. Cz\u0142owiekiem tym by\u0142 dr Albrecht Goetze (1942\u20132015), niemiecki re\u017cyser teatralny, mi\u0142o\u015bnik muzyki. Kiedy studiowa\u0142 partytur\u0119 Kwartetu na koniec czasu Oliviera Messiaena, znalaz\u0142 w niej dopisek...\" \/>\n<meta property=\"og:url\" content=\"https:\/\/www.meetingpoint-memory-messiaen.eu\/pl\/historia-europejskiego-centrum-pamiec-edukacja-kultura\/\" \/>\n<meta property=\"og:site_name\" content=\"Meetingpoint Memory Messiaen e.V.\" \/>\n<meta property=\"article:modified_time\" content=\"2020-08-18T13:12:13+00:00\" \/>\n<meta name=\"twitter:card\" content=\"summary_large_image\" \/>\n<meta name=\"twitter:label1\" content=\"Szacowany czas czytania\" \/>\n\t<meta name=\"twitter:data1\" content=\"8 minut\" \/>\n<script type=\"application\/ld+json\" class=\"yoast-schema-graph\">{\"@context\":\"https:\/\/schema.org\",\"@graph\":[{\"@type\":\"WebPage\",\"@id\":\"https:\/\/www.meetingpoint-memory-messiaen.eu\/pl\/historia-europejskiego-centrum-pamiec-edukacja-kultura\/\",\"url\":\"https:\/\/www.meetingpoint-memory-messiaen.eu\/pl\/historia-europejskiego-centrum-pamiec-edukacja-kultura\/\",\"name\":\"Historia Europejskiego Centrum Pami\u0119\u0107, Edukacja, Kultura - Meetingpoint Memory Messiaen e.V.\",\"isPartOf\":{\"@id\":\"https:\/\/www.meetingpoint-memory-messiaen.eu\/pl\/#website\"},\"datePublished\":\"2020-08-18T12:42:25+00:00\",\"dateModified\":\"2020-08-18T13:12:13+00:00\",\"breadcrumb\":{\"@id\":\"https:\/\/www.meetingpoint-memory-messiaen.eu\/pl\/historia-europejskiego-centrum-pamiec-edukacja-kultura\/#breadcrumb\"},\"inLanguage\":\"pl-PL\",\"potentialAction\":[{\"@type\":\"ReadAction\",\"target\":[\"https:\/\/www.meetingpoint-memory-messiaen.eu\/pl\/historia-europejskiego-centrum-pamiec-edukacja-kultura\/\"]}]},{\"@type\":\"BreadcrumbList\",\"@id\":\"https:\/\/www.meetingpoint-memory-messiaen.eu\/pl\/historia-europejskiego-centrum-pamiec-edukacja-kultura\/#breadcrumb\",\"itemListElement\":[{\"@type\":\"ListItem\",\"position\":1,\"name\":\"Home\",\"item\":\"https:\/\/www.meetingpoint-memory-messiaen.eu\/pl\/\"},{\"@type\":\"ListItem\",\"position\":2,\"name\":\"Historia Europejskiego Centrum Pami\u0119\u0107, Edukacja, Kultura\"}]},{\"@type\":\"WebSite\",\"@id\":\"https:\/\/www.meetingpoint-memory-messiaen.eu\/pl\/#website\",\"url\":\"https:\/\/www.meetingpoint-memory-messiaen.eu\/pl\/\",\"name\":\"Meetingpoint Memory Messiaen e.V.\",\"description\":\"\",\"potentialAction\":[{\"@type\":\"SearchAction\",\"target\":{\"@type\":\"EntryPoint\",\"urlTemplate\":\"https:\/\/www.meetingpoint-memory-messiaen.eu\/pl\/?s={search_term_string}\"},\"query-input\":{\"@type\":\"PropertyValueSpecification\",\"valueRequired\":true,\"valueName\":\"search_term_string\"}}],\"inLanguage\":\"pl-PL\"}]}<\/script>\n<!-- \/ Yoast SEO plugin. -->","yoast_head_json":{"title":"Historia Europejskiego Centrum Pami\u0119\u0107, Edukacja, Kultura - Meetingpoint Memory Messiaen e.V.","robots":{"index":"index","follow":"follow","max-snippet":"max-snippet:-1","max-image-preview":"max-image-preview:large","max-video-preview":"max-video-preview:-1"},"canonical":"https:\/\/www.meetingpoint-memory-messiaen.eu\/pl\/historia-europejskiego-centrum-pamiec-edukacja-kultura\/","og_locale":"pl_PL","og_type":"article","og_title":"Historia Europejskiego Centrum Pami\u0119\u0107, Edukacja, Kultura - Meetingpoint Memory Messiaen e.V.","og_description":"Europejskie Centrum Pami\u0119\u0107, Edukacja, Kultura (poprzednia nazwa: Europejskie Centrum Edukacyjno-Kulturalne) bierze sw\u00f3j pocz\u0105tek z fascynacji muzycznych i uporu jednego cz\u0142owieka. Cz\u0142owiekiem tym by\u0142 dr Albrecht Goetze (1942\u20132015), niemiecki re\u017cyser teatralny, mi\u0142o\u015bnik muzyki. Kiedy studiowa\u0142 partytur\u0119 Kwartetu na koniec czasu Oliviera Messiaena, znalaz\u0142 w niej dopisek...","og_url":"https:\/\/www.meetingpoint-memory-messiaen.eu\/pl\/historia-europejskiego-centrum-pamiec-edukacja-kultura\/","og_site_name":"Meetingpoint Memory Messiaen e.V.","article_modified_time":"2020-08-18T13:12:13+00:00","twitter_card":"summary_large_image","twitter_misc":{"Szacowany czas czytania":"8 minut"},"schema":{"@context":"https:\/\/schema.org","@graph":[{"@type":"WebPage","@id":"https:\/\/www.meetingpoint-memory-messiaen.eu\/pl\/historia-europejskiego-centrum-pamiec-edukacja-kultura\/","url":"https:\/\/www.meetingpoint-memory-messiaen.eu\/pl\/historia-europejskiego-centrum-pamiec-edukacja-kultura\/","name":"Historia Europejskiego Centrum Pami\u0119\u0107, Edukacja, Kultura - Meetingpoint Memory Messiaen e.V.","isPartOf":{"@id":"https:\/\/www.meetingpoint-memory-messiaen.eu\/pl\/#website"},"datePublished":"2020-08-18T12:42:25+00:00","dateModified":"2020-08-18T13:12:13+00:00","breadcrumb":{"@id":"https:\/\/www.meetingpoint-memory-messiaen.eu\/pl\/historia-europejskiego-centrum-pamiec-edukacja-kultura\/#breadcrumb"},"inLanguage":"pl-PL","potentialAction":[{"@type":"ReadAction","target":["https:\/\/www.meetingpoint-memory-messiaen.eu\/pl\/historia-europejskiego-centrum-pamiec-edukacja-kultura\/"]}]},{"@type":"BreadcrumbList","@id":"https:\/\/www.meetingpoint-memory-messiaen.eu\/pl\/historia-europejskiego-centrum-pamiec-edukacja-kultura\/#breadcrumb","itemListElement":[{"@type":"ListItem","position":1,"name":"Home","item":"https:\/\/www.meetingpoint-memory-messiaen.eu\/pl\/"},{"@type":"ListItem","position":2,"name":"Historia Europejskiego Centrum Pami\u0119\u0107, Edukacja, Kultura"}]},{"@type":"WebSite","@id":"https:\/\/www.meetingpoint-memory-messiaen.eu\/pl\/#website","url":"https:\/\/www.meetingpoint-memory-messiaen.eu\/pl\/","name":"Meetingpoint Memory Messiaen e.V.","description":"","potentialAction":[{"@type":"SearchAction","target":{"@type":"EntryPoint","urlTemplate":"https:\/\/www.meetingpoint-memory-messiaen.eu\/pl\/?s={search_term_string}"},"query-input":{"@type":"PropertyValueSpecification","valueRequired":true,"valueName":"search_term_string"}}],"inLanguage":"pl-PL"}]}},"_links":{"self":[{"href":"https:\/\/www.meetingpoint-memory-messiaen.eu\/pl\/wp-json\/wp\/v2\/pages\/14836","targetHints":{"allow":["GET"]}}],"collection":[{"href":"https:\/\/www.meetingpoint-memory-messiaen.eu\/pl\/wp-json\/wp\/v2\/pages"}],"about":[{"href":"https:\/\/www.meetingpoint-memory-messiaen.eu\/pl\/wp-json\/wp\/v2\/types\/page"}],"author":[{"embeddable":true,"href":"https:\/\/www.meetingpoint-memory-messiaen.eu\/pl\/wp-json\/wp\/v2\/users\/21"}],"replies":[{"embeddable":true,"href":"https:\/\/www.meetingpoint-memory-messiaen.eu\/pl\/wp-json\/wp\/v2\/comments?post=14836"}],"version-history":[{"count":2,"href":"https:\/\/www.meetingpoint-memory-messiaen.eu\/pl\/wp-json\/wp\/v2\/pages\/14836\/revisions"}],"predecessor-version":[{"id":14852,"href":"https:\/\/www.meetingpoint-memory-messiaen.eu\/pl\/wp-json\/wp\/v2\/pages\/14836\/revisions\/14852"}],"wp:attachment":[{"href":"https:\/\/www.meetingpoint-memory-messiaen.eu\/pl\/wp-json\/wp\/v2\/media?parent=14836"}],"curies":[{"name":"wp","href":"https:\/\/api.w.org\/{rel}","templated":true}]}}