{"id":14709,"date":"2020-05-26T09:01:07","date_gmt":"2020-05-26T07:01:07","guid":{"rendered":"https:\/\/www.meetingpoint-music-messiaen.net\/pl\/?page_id=14709"},"modified":"2020-08-18T13:25:54","modified_gmt":"2020-08-18T11:25:54","slug":"panel-europamiasta","status":"publish","type":"page","link":"https:\/\/www.meetingpoint-memory-messiaen.eu\/pl\/panel-europamiasta\/","title":{"rendered":"Panel Europamiasta &#8211; Europastadttalk"},"content":{"rendered":"<p>[vc_row css_animation=&#8221;&#8221; row_type=&#8221;row&#8221; use_row_as_full_screen_section=&#8221;no&#8221; type=&#8221;full_width&#8221; angled_section=&#8221;no&#8221; text_align=&#8221;left&#8221; background_image_as_pattern=&#8221;without_pattern&#8221;][vc_column][vc_single_image image=&#8221;14764&#8243; img_size=&#8221;full&#8221; alignment=&#8221;center&#8221; qode_css_animation=&#8221;&#8221;][\/vc_column][\/vc_row][vc_row css_animation=&#8221;&#8221; row_type=&#8221;row&#8221; use_row_as_full_screen_section=&#8221;no&#8221; type=&#8221;full_width&#8221; angled_section=&#8221;no&#8221; text_align=&#8221;left&#8221; background_image_as_pattern=&#8221;without_pattern&#8221;][vc_column][vc_column_text]\u201eEuropastadttalk &#8211; Panel Europamiasta\u201c to nazwa nowego formatu, kt\u00f3ry oferuje mieszka\u0144com G\u00f6rlitz i Zgorzelca mo\u017cliwo\u015b\u0107 wymiany informacji i pogl\u0105d\u00f3w na aktualne tematy dotycz\u0105ce Euroregionu. Podczas polsko-niemieckich wieczor\u00f3w dyskusyjnych, kt\u00f3re w 2019 roku odbywa\u0107 si\u0119 b\u0119d\u0105 w r\u00f3\u017cnych miejscach podw\u00f3jnego miasta G\u00f6rlitz\/Zgorzelec , Meetingpoint Music Messiaen e.V. i jego partner Fundacja Pami\u0119\u0107, Edukacja, Kultura wraz z Euroregionem Nysa zapraszaj\u0105 wszystkich zainteresowanych do uczestniczenia w dyskusjach na polsko-niemieckie tematy. Spotkania b\u0119d\u0105 stanowi\u0142y okazj\u0119 do nawi\u0105zania bezpo\u015bredniego kontaktu i otwartego dialogu, umo\u017cliwiaj\u0105cego poszerzenie wiedzy na temat s\u0105siad\u00f3w.<\/p>\n<p>Wydarzenia cieszy\u0142y si\u0119 bardzo du\u017c\u0105 popularno\u015bci\u0105 oraz aktywnym udzia\u0142em mieszkanek i mieszka\u0144c\u00f3w obu stron Nysy. Podczas spotka\u0144 zostali\u015bmy zainspirowani nowymi tematami, o kt\u00f3rych chcieliby\u015bmy z Pa\u0144stwem dyskutowa\u0107 w ramach kontynuacji cyklu.<\/p>\n<p>B\u0105d\u017acie Pa\u0144stwo na bie\u017c\u0105co, \u015bledz\u0105c nasz\u0105 aktywno\u015b\u0107 na stronie internetowej oraz w mediach spo\u0142eczno\u015bciowych.<\/p>\n<p>Uda\u0142o nam si\u0119 przeprowadzi\u0107 nast\u0119puj\u0105ce wieczory dyskysyjne w ramach projektu:<\/p>\n<p><strong>14.01.2019<\/strong> | <strong>godz. 19:00 <\/strong> | <strong>Schlesisches Museum zu G\u00f6rlitz<\/strong><\/p>\n<p>\u201eEine Heimat in zwei L\u00e4ndern \u2013 Jedna Ojczyzna w dw\u00f3ch krajach\u201c<br \/>\n<em>Dyskusja panelowa na temat to\u017csamo\u015bci granicznych<\/em><\/p>\n<p><strong>30.10.2019 | godz. 19:30 | Sankt-Wenzeslaus-Stift<\/strong><\/p>\n<p>\u201eHimmel hilf! Kirche und Politik in Polen und Deutschland von 1970 bis heute \u2013 Niebiosa pom\u00f3\u017ccie! Ko\u015bci\u00f3\u0142 a polityka w Polsce i Niemczech od 1970 roku do dzisiaj\u201c<\/p>\n<p><strong>19.01.2020<\/strong>\u00a0| <strong>godz. 11:30<\/strong> | <strong>Emmerich Hotel | Bar\/Restaurant Horschel<\/strong><\/p>\n<p>\u201eKulturschaffende der Europastadt am Buffet \u2013 Spotkanie przy bufecie z przedstawicielami sceny kultury Europamiasta\u201c<br \/>\n<em>Czytanie i dyskusja panelowa<\/em>[\/vc_column_text][\/vc_column][\/vc_row][vc_row css_animation=&#8221;&#8221; row_type=&#8221;row&#8221; use_row_as_full_screen_section=&#8221;no&#8221; type=&#8221;full_width&#8221; angled_section=&#8221;no&#8221; text_align=&#8221;left&#8221; background_image_as_pattern=&#8221;without_pattern&#8221;][vc_column][vc_single_image image=&#8221;14760&#8243; img_size=&#8221;full&#8221; alignment=&#8221;center&#8221; qode_css_animation=&#8221;&#8221;][\/vc_column][\/vc_row][vc_row css_animation=&#8221;&#8221; row_type=&#8221;row&#8221; use_row_as_full_screen_section=&#8221;no&#8221; type=&#8221;full_width&#8221; angled_section=&#8221;no&#8221; text_align=&#8221;left&#8221; background_image_as_pattern=&#8221;without_pattern&#8221;][vc_column][vc_column_text]<\/p>\n<p>&nbsp;<\/p>\n<p>&nbsp;<\/p>\n<p>Wra\u017cenia te udokumentowali\u015bmy w kr\u00f3tkim filmie:<\/p>\n<p>&nbsp;<\/p>\n<p><iframe loading=\"lazy\" title=\"Europastadttalk \u2013 Panel Europamiasta\" width=\"1060\" height=\"596\" src=\"https:\/\/www.youtube.com\/embed\/Bk1nig6eq1k?feature=oembed\" frameborder=\"0\" allow=\"accelerometer; autoplay; encrypted-media; gyroscope; picture-in-picture\" allowfullscreen><\/iframe><\/p>\n<p>&nbsp;<\/p>\n<p>Czas trwania projektu: 17.12.2018 r. -31.05.2020 r.<\/p>\n<p>&nbsp;<\/p>\n<p class=\"bottom-padded-40\"><em>Projekt &#8222;Europastadttalk &#8211; Panel Europamiasta&#8221; jest wsp\u00f3\u0142finansowany przez Europejski Fundusz Rozwoju Regionalnego (EFRR) oraz z bud\u017cetu pa\u0144stwa w ramach Funduszu Ma\u0142ych Projekt\u00f3w INTERREG Polska &#8211; Saksonia 2014 &#8211; 2022.<\/em><\/p>\n<p>[\/vc_column_text][\/vc_column][\/vc_row][vc_row css_animation=&#8221;&#8221; row_type=&#8221;row&#8221; use_row_as_full_screen_section=&#8221;no&#8221; type=&#8221;full_width&#8221; angled_section=&#8221;no&#8221; text_align=&#8221;center&#8221; background_image_as_pattern=&#8221;without_pattern&#8221; z_index=&#8221;&#8221;][vc_column width=&#8221;1\/2&#8243;][vc_raw_html]JTNDaW1nJTIwc3JjJTNEJTIyaHR0cHMlM0ElMkYlMkZ3d3cubWVldGluZ3BvaW50LW11c2ljLW1lc3NpYWVuLm5ldCUyRndwLWNvbnRlbnQlMkZ1cGxvYWRzJTJGMjAxOSUyRjA0JTJGaW50ZXJyZWctcGwtc24tbG9nby5zdmclMjIlMjBhbHQlM0QlMjJJbnRlcnJlZyUyMFBMJTIwU04lMjIlMjBjbGFzcyUzRCUyMndpZHRoLTUwJTIyJTIwJTJGJTNF[\/vc_raw_html][\/vc_column][vc_column width=&#8221;1\/2&#8243;][vc_raw_html]JTNDaW1nJTIwc3JjJTNEJTIyaHR0cHMlM0ElMkYlMkZ3d3cubWVldGluZ3BvaW50LW11c2ljLW1lc3NpYWVuLm5ldCUyRndwLWNvbnRlbnQlMkZ1cGxvYWRzJTJGMjAxOSUyRjA0JTJGZXVyb3JlZ2lvbi1ubm4tbG9nby5zdmclMjIlMjBhbHQlM0QlMjJFVVJPUkVHSU9OJTIwbmVpc3NlLW5pc2EtbnlzYSUyMiUyMGNsYXNzJTNEJTIyd2lkdGgtNTAlMjIlMjAlMkYlM0U=[\/vc_raw_html][\/vc_column][\/vc_row]<\/p>\n","protected":false},"excerpt":{"rendered":"<p>[vc_row css_animation=&#8221;&#8221; row_type=&#8221;row&#8221; use_row_as_full_screen_section=&#8221;no&#8221; type=&#8221;full_width&#8221; angled_section=&#8221;no&#8221; text_align=&#8221;left&#8221; background_image_as_pattern=&#8221;without_pattern&#8221;][vc_column][vc_single_image image=&#8221;14764&#8243; img_size=&#8221;full&#8221; alignment=&#8221;center&#8221; qode_css_animation=&#8221;&#8221;][\/vc_column][\/vc_row][vc_row css_animation=&#8221;&#8221; row_type=&#8221;row&#8221; use_row_as_full_screen_section=&#8221;no&#8221; type=&#8221;full_width&#8221; angled_section=&#8221;no&#8221; text_align=&#8221;left&#8221; background_image_as_pattern=&#8221;without_pattern&#8221;][vc_column][vc_column_text]\u201eEuropastadttalk &#8211; Panel Europamiasta\u201c to nazwa nowego formatu, kt\u00f3ry oferuje mieszka\u0144com G\u00f6rlitz i Zgorzelca mo\u017cliwo\u015b\u0107 wymiany informacji i pogl\u0105d\u00f3w na aktualne tematy dotycz\u0105ce Euroregionu. Podczas polsko-niemieckich wieczor\u00f3w&#8230;<\/p>\n","protected":false},"author":21,"featured_media":0,"parent":0,"menu_order":0,"comment_status":"closed","ping_status":"closed","template":"","meta":{"footnotes":""},"class_list":["post-14709","page","type-page","status-publish","hentry"],"yoast_head":"<!-- This site is optimized with the Yoast SEO plugin v24.3 - https:\/\/yoast.com\/wordpress\/plugins\/seo\/ -->\n<title>Panel Europamiasta - Europastadttalk - Meetingpoint Memory Messiaen e.V.<\/title>\n<meta name=\"robots\" content=\"index, follow, max-snippet:-1, max-image-preview:large, max-video-preview:-1\" \/>\n<link rel=\"canonical\" href=\"https:\/\/www.meetingpoint-memory-messiaen.eu\/pl\/panel-europamiasta\/\" \/>\n<meta property=\"og:locale\" content=\"pl_PL\" \/>\n<meta property=\"og:type\" content=\"article\" \/>\n<meta property=\"og:title\" content=\"Panel Europamiasta - Europastadttalk - Meetingpoint Memory Messiaen e.V.\" \/>\n<meta property=\"og:description\" content=\"[vc_row css_animation=&#8221;&#8221; row_type=&#8221;row&#8221; use_row_as_full_screen_section=&#8221;no&#8221; type=&#8221;full_width&#8221; angled_section=&#8221;no&#8221; text_align=&#8221;left&#8221; background_image_as_pattern=&#8221;without_pattern&#8221;][vc_column][vc_single_image image=&#8221;14764&#8243; img_size=&#8221;full&#8221; alignment=&#8221;center&#8221; qode_css_animation=&#8221;&#8221;][\/vc_column][\/vc_row][vc_row css_animation=&#8221;&#8221; row_type=&#8221;row&#8221; use_row_as_full_screen_section=&#8221;no&#8221; type=&#8221;full_width&#8221; angled_section=&#8221;no&#8221; text_align=&#8221;left&#8221; background_image_as_pattern=&#8221;without_pattern&#8221;][vc_column][vc_column_text]\u201eEuropastadttalk &#8211; Panel Europamiasta\u201c to nazwa nowego formatu, kt\u00f3ry oferuje mieszka\u0144com G\u00f6rlitz i Zgorzelca mo\u017cliwo\u015b\u0107 wymiany informacji i pogl\u0105d\u00f3w na aktualne tematy dotycz\u0105ce Euroregionu. Podczas polsko-niemieckich wieczor\u00f3w...\" \/>\n<meta property=\"og:url\" content=\"https:\/\/www.meetingpoint-memory-messiaen.eu\/pl\/panel-europamiasta\/\" \/>\n<meta property=\"og:site_name\" content=\"Meetingpoint Memory Messiaen e.V.\" \/>\n<meta property=\"article:modified_time\" content=\"2020-08-18T11:25:54+00:00\" \/>\n<meta name=\"twitter:card\" content=\"summary_large_image\" \/>\n<meta name=\"twitter:label1\" content=\"Szacowany czas czytania\" \/>\n\t<meta name=\"twitter:data1\" content=\"3 minuty\" \/>\n<script type=\"application\/ld+json\" class=\"yoast-schema-graph\">{\"@context\":\"https:\/\/schema.org\",\"@graph\":[{\"@type\":\"WebPage\",\"@id\":\"https:\/\/www.meetingpoint-memory-messiaen.eu\/pl\/panel-europamiasta\/\",\"url\":\"https:\/\/www.meetingpoint-memory-messiaen.eu\/pl\/panel-europamiasta\/\",\"name\":\"Panel Europamiasta - Europastadttalk - Meetingpoint Memory Messiaen e.V.\",\"isPartOf\":{\"@id\":\"https:\/\/www.meetingpoint-memory-messiaen.eu\/pl\/#website\"},\"datePublished\":\"2020-05-26T07:01:07+00:00\",\"dateModified\":\"2020-08-18T11:25:54+00:00\",\"breadcrumb\":{\"@id\":\"https:\/\/www.meetingpoint-memory-messiaen.eu\/pl\/panel-europamiasta\/#breadcrumb\"},\"inLanguage\":\"pl-PL\",\"potentialAction\":[{\"@type\":\"ReadAction\",\"target\":[\"https:\/\/www.meetingpoint-memory-messiaen.eu\/pl\/panel-europamiasta\/\"]}]},{\"@type\":\"BreadcrumbList\",\"@id\":\"https:\/\/www.meetingpoint-memory-messiaen.eu\/pl\/panel-europamiasta\/#breadcrumb\",\"itemListElement\":[{\"@type\":\"ListItem\",\"position\":1,\"name\":\"Home\",\"item\":\"https:\/\/www.meetingpoint-memory-messiaen.eu\/pl\/\"},{\"@type\":\"ListItem\",\"position\":2,\"name\":\"Panel Europamiasta &#8211; Europastadttalk\"}]},{\"@type\":\"WebSite\",\"@id\":\"https:\/\/www.meetingpoint-memory-messiaen.eu\/pl\/#website\",\"url\":\"https:\/\/www.meetingpoint-memory-messiaen.eu\/pl\/\",\"name\":\"Meetingpoint Memory Messiaen e.V.\",\"description\":\"\",\"potentialAction\":[{\"@type\":\"SearchAction\",\"target\":{\"@type\":\"EntryPoint\",\"urlTemplate\":\"https:\/\/www.meetingpoint-memory-messiaen.eu\/pl\/?s={search_term_string}\"},\"query-input\":{\"@type\":\"PropertyValueSpecification\",\"valueRequired\":true,\"valueName\":\"search_term_string\"}}],\"inLanguage\":\"pl-PL\"}]}<\/script>\n<!-- \/ Yoast SEO plugin. -->","yoast_head_json":{"title":"Panel Europamiasta - Europastadttalk - Meetingpoint Memory Messiaen e.V.","robots":{"index":"index","follow":"follow","max-snippet":"max-snippet:-1","max-image-preview":"max-image-preview:large","max-video-preview":"max-video-preview:-1"},"canonical":"https:\/\/www.meetingpoint-memory-messiaen.eu\/pl\/panel-europamiasta\/","og_locale":"pl_PL","og_type":"article","og_title":"Panel Europamiasta - Europastadttalk - Meetingpoint Memory Messiaen e.V.","og_description":"[vc_row css_animation=&#8221;&#8221; row_type=&#8221;row&#8221; use_row_as_full_screen_section=&#8221;no&#8221; type=&#8221;full_width&#8221; angled_section=&#8221;no&#8221; text_align=&#8221;left&#8221; background_image_as_pattern=&#8221;without_pattern&#8221;][vc_column][vc_single_image image=&#8221;14764&#8243; img_size=&#8221;full&#8221; alignment=&#8221;center&#8221; qode_css_animation=&#8221;&#8221;][\/vc_column][\/vc_row][vc_row css_animation=&#8221;&#8221; row_type=&#8221;row&#8221; use_row_as_full_screen_section=&#8221;no&#8221; type=&#8221;full_width&#8221; angled_section=&#8221;no&#8221; text_align=&#8221;left&#8221; background_image_as_pattern=&#8221;without_pattern&#8221;][vc_column][vc_column_text]\u201eEuropastadttalk &#8211; Panel Europamiasta\u201c to nazwa nowego formatu, kt\u00f3ry oferuje mieszka\u0144com G\u00f6rlitz i Zgorzelca mo\u017cliwo\u015b\u0107 wymiany informacji i pogl\u0105d\u00f3w na aktualne tematy dotycz\u0105ce Euroregionu. Podczas polsko-niemieckich wieczor\u00f3w...","og_url":"https:\/\/www.meetingpoint-memory-messiaen.eu\/pl\/panel-europamiasta\/","og_site_name":"Meetingpoint Memory Messiaen e.V.","article_modified_time":"2020-08-18T11:25:54+00:00","twitter_card":"summary_large_image","twitter_misc":{"Szacowany czas czytania":"3 minuty"},"schema":{"@context":"https:\/\/schema.org","@graph":[{"@type":"WebPage","@id":"https:\/\/www.meetingpoint-memory-messiaen.eu\/pl\/panel-europamiasta\/","url":"https:\/\/www.meetingpoint-memory-messiaen.eu\/pl\/panel-europamiasta\/","name":"Panel Europamiasta - Europastadttalk - Meetingpoint Memory Messiaen e.V.","isPartOf":{"@id":"https:\/\/www.meetingpoint-memory-messiaen.eu\/pl\/#website"},"datePublished":"2020-05-26T07:01:07+00:00","dateModified":"2020-08-18T11:25:54+00:00","breadcrumb":{"@id":"https:\/\/www.meetingpoint-memory-messiaen.eu\/pl\/panel-europamiasta\/#breadcrumb"},"inLanguage":"pl-PL","potentialAction":[{"@type":"ReadAction","target":["https:\/\/www.meetingpoint-memory-messiaen.eu\/pl\/panel-europamiasta\/"]}]},{"@type":"BreadcrumbList","@id":"https:\/\/www.meetingpoint-memory-messiaen.eu\/pl\/panel-europamiasta\/#breadcrumb","itemListElement":[{"@type":"ListItem","position":1,"name":"Home","item":"https:\/\/www.meetingpoint-memory-messiaen.eu\/pl\/"},{"@type":"ListItem","position":2,"name":"Panel Europamiasta &#8211; Europastadttalk"}]},{"@type":"WebSite","@id":"https:\/\/www.meetingpoint-memory-messiaen.eu\/pl\/#website","url":"https:\/\/www.meetingpoint-memory-messiaen.eu\/pl\/","name":"Meetingpoint Memory Messiaen e.V.","description":"","potentialAction":[{"@type":"SearchAction","target":{"@type":"EntryPoint","urlTemplate":"https:\/\/www.meetingpoint-memory-messiaen.eu\/pl\/?s={search_term_string}"},"query-input":{"@type":"PropertyValueSpecification","valueRequired":true,"valueName":"search_term_string"}}],"inLanguage":"pl-PL"}]}},"_links":{"self":[{"href":"https:\/\/www.meetingpoint-memory-messiaen.eu\/pl\/wp-json\/wp\/v2\/pages\/14709","targetHints":{"allow":["GET"]}}],"collection":[{"href":"https:\/\/www.meetingpoint-memory-messiaen.eu\/pl\/wp-json\/wp\/v2\/pages"}],"about":[{"href":"https:\/\/www.meetingpoint-memory-messiaen.eu\/pl\/wp-json\/wp\/v2\/types\/page"}],"author":[{"embeddable":true,"href":"https:\/\/www.meetingpoint-memory-messiaen.eu\/pl\/wp-json\/wp\/v2\/users\/21"}],"replies":[{"embeddable":true,"href":"https:\/\/www.meetingpoint-memory-messiaen.eu\/pl\/wp-json\/wp\/v2\/comments?post=14709"}],"version-history":[{"count":9,"href":"https:\/\/www.meetingpoint-memory-messiaen.eu\/pl\/wp-json\/wp\/v2\/pages\/14709\/revisions"}],"predecessor-version":[{"id":14827,"href":"https:\/\/www.meetingpoint-memory-messiaen.eu\/pl\/wp-json\/wp\/v2\/pages\/14709\/revisions\/14827"}],"wp:attachment":[{"href":"https:\/\/www.meetingpoint-memory-messiaen.eu\/pl\/wp-json\/wp\/v2\/media?parent=14709"}],"curies":[{"name":"wp","href":"https:\/\/api.w.org\/{rel}","templated":true}]}}