{"id":14403,"date":"2019-06-11T15:26:32","date_gmt":"2019-06-11T13:26:32","guid":{"rendered":"https:\/\/www.meetingpoint-music-messiaen.net\/pl\/?page_id=14403"},"modified":"2024-02-15T12:43:15","modified_gmt":"2024-02-15T11:43:15","slug":"poznac-i-zrozumiec-pamiec-w-imie-przyszlosci","status":"publish","type":"page","link":"https:\/\/www.meetingpoint-memory-messiaen.eu\/pl\/poznac-i-zrozumiec-pamiec-w-imie-przyszlosci\/","title":{"rendered":"Pozna\u0107 i zrozumie\u0107. Pami\u0119\u0107 w imi\u0119 przysz\u0142o\u015bci"},"content":{"rendered":"<p>[vc_row css_animation=&#8221;&#8221; row_type=&#8221;row&#8221; use_row_as_full_screen_section=&#8221;no&#8221; type=&#8221;full_width&#8221; angled_section=&#8221;no&#8221; text_align=&#8221;left&#8221; background_image_as_pattern=&#8221;without_pattern&#8221;][vc_column][vc_column_text]<b>Rozpocz\u0105\u0142 si\u0119 projekt INTERREG: \u201ePozna\u0107 i zrozumie\u0107. Pami\u0119\u0107 w imi\u0119 przysz\u0142o\u015bci\u201d. Rozw\u00f3j sieci edukacyjnych i spo\u0142ecze\u0144stwa obywatelskiego w polsko-sakso\u0144skim regionie przygranicznym, w kt\u00f3rym Meetingpoint jest partnerem!<\/b><\/p>\n<p>&nbsp;<\/p>\n<p><b>Cel g\u0142\u00f3wny<\/b><\/p>\n<p>Celem g\u0142\u00f3wnym projektu jest stworzenie transgranicznej sieci edukacyjnej w zakresie historii regionalnej, podniesienie kompetencji j\u0119zykowych i kulturowych, kszta\u0142towanie postaw obywatelskich oraz wsparcie proces\u00f3w mobilno\u015bci i zainteresowania regionalnym rynkiem pracy w\u015br\u00f3d uczni\u00f3w.<\/p>\n<p>&nbsp;<\/p>\n<p><b>Cele szczeg\u00f3\u0142owe projektu<\/b><\/p>\n<p><span style=\"font-weight: 400;\">1. Poszerzenie, urozmaicenie i wsparcie transgranicznej szkolnej i pozaszkolnej oferty edukacyjnej. Podniesienie kompetencji uczni\u00f3w w zakresie wielokulturowo\u015bci, znajomo\u015bci j\u0119zyka s\u0105siada oraz mobilno\u015bci w regionie wsparcia.<\/span><\/p>\n<p><span style=\"font-weight: 400;\">2. Poprawa jako\u015bci kszta\u0142cenia og\u00f3lnego i pog\u0142\u0119bienie wiedzy o dziedzictwie historycznym i kulturowym regionu. Zainteresowanie m\u0142odzie\u017cy obszarem wsparcia. Opracowanie materia\u0142\u00f3w dydaktycznych uwzgl\u0119dniaj\u0105cych nowoczesne metody przekazu informacji.<\/span><\/p>\n<p><span style=\"font-weight: 400;\">3. Prze\u0142amywanie bariery mentalnej, kulturowej i j\u0119zykowej na zaj\u0119ciach warsztatowych i podczas podr\u00f3\u017cy edukacyjnych w grupach j\u0119zykowo mieszanych. Poznanie kraju s\u0105siada z nowej perspektywy. Kszta\u0142towanie transgranicznej to\u017csamo\u015bci i poczucia wsp\u00f3lnoty kulturowej i regionalnej.<\/span><\/p>\n<p>&nbsp;<\/p>\n<p><b>Okres realizacji<\/b><\/p>\n<p>01.04.2019 r. &#8211; 31.03.2021 r.<\/p>\n<p>&nbsp;<\/p>\n<p><b>Partner wiod\u0105cy<\/b><\/p>\n<p><a href=\"http:\/\/ecek.fcwp.zgorzelec.pl\" target=\"_blank\" rel=\"noopener noreferrer\">Fundacja Pami\u0119\u0107, Edukacja Kultura<\/a><\/p>\n<p><a href=\"https:\/\/fpek.pl\/\" target=\"_blank\" rel=\"noopener\"><img loading=\"lazy\" decoding=\"async\" class=\"alignnone wp-image-16719 size-medium\" src=\"https:\/\/www.meetingpoint-memory-messiaen.eu\/pl\/wp-content\/uploads\/2022\/08\/Logo-Fundacja-300x198.png\" alt=\"\" width=\"300\" height=\"198\" srcset=\"https:\/\/www.meetingpoint-memory-messiaen.eu\/pl\/wp-content\/uploads\/2022\/08\/Logo-Fundacja-300x198.png 300w, https:\/\/www.meetingpoint-memory-messiaen.eu\/pl\/wp-content\/uploads\/2022\/08\/Logo-Fundacja-1024x677.png 1024w, https:\/\/www.meetingpoint-memory-messiaen.eu\/pl\/wp-content\/uploads\/2022\/08\/Logo-Fundacja-700x463.png 700w, https:\/\/www.meetingpoint-memory-messiaen.eu\/pl\/wp-content\/uploads\/2022\/08\/Logo-Fundacja.png 1270w\" sizes=\"auto, (max-width: 300px) 100vw, 300px\" \/><\/a><\/p>\n<p>&nbsp;<\/p>\n<p>&nbsp;<\/p>\n<p><b>Partnerzy projektu<\/b><\/p>\n<p><a href=\"https:\/\/www.meetingpoint-memory-messiaen.eu\" target=\"_blank\" rel=\"noopener noreferrer\">Meetingpoint Music Messiaene.V.<\/a><\/p>\n<p><a href=\"https:\/\/www.ibz-marienthal.de\" target=\"_blank\" rel=\"noopener noreferrer\">Internationales Begegnungszentrum St. Marienthal<\/a><\/p>\n<p><a href=\"https:\/\/www.goerlitz.de\/Rathaus_Service.html\" target=\"_blank\" rel=\"noopener noreferrer\">Stadtverwaltung G\u00f6rlitz<\/a><\/p>\n<p><a href=\"http:\/\/www.synagoge-goerlitz.de\" target=\"_blank\" rel=\"noopener noreferrer\">F\u00f6rderkreis G\u00f6rlitzer Synagoge e.V.<\/a><\/p>\n<p><a href=\"http:\/\/www.gmina.zgorzelec.pl\/index.php?lang=pl\" target=\"_blank\" rel=\"noopener noreferrer\">Gmina Miejska Zgorzelec<\/a><\/p>\n<p><a href=\"https:\/\/zgorzelec.eu\" target=\"_blank\" rel=\"noopener noreferrer\">Gmina Zgorzelec<\/a><\/p>\n<p>&nbsp;<\/p>\n<p><b>Warto\u015b\u0107 projektu<\/b><\/p>\n<p>642.606,10 EURO<\/p>\n<p>&nbsp;<\/p>\n<p><b>Warto\u015b\u0107 dofinansowania<\/b><\/p>\n<p>546.215, 18 EURO<\/p>\n<p>&nbsp;<\/p>\n<p><strong><a href=\"https:\/\/www.meetingpoint-memory-messiaen.eu\/pl\/wp-content\/uploads\/2020\/07\/Lernenverstehen_Flyer_pl.pdf\" target=\"_blank\" rel=\"noopener noreferrer\">Ulotka<\/a><\/strong>[\/vc_column_text][\/vc_column][\/vc_row][vc_row css_animation=&#8221;&#8221; row_type=&#8221;row&#8221; use_row_as_full_screen_section=&#8221;no&#8221; type=&#8221;full_width&#8221; angled_section=&#8221;no&#8221; text_align=&#8221;left&#8221; background_image_as_pattern=&#8221;without_pattern&#8221;][vc_column][vc_raw_html]JTVCdmNfcm93JTIwY3NzX2FuaW1hdGlvbiUzRCUyMiUyMiUyMHJvd190eXBlJTNEJTIycm93JTIyJTIwdXNlX3Jvd19hc19mdWxsX3NjcmVlbl9zZWN0aW9uJTNEJTIybm8lMjIlMjB0eXBlJTNEJTIyZnVsbF93aWR0aCUyMiUyMGFuZ2xlZF9zZWN0aW9uJTNEJTIybm8lMjIlMjB0ZXh0X2FsaWduJTNEJTIybGVmdCUyMiUyMGJhY2tncm91bmRfaW1hZ2VfYXNfcGF0dGVybiUzRCUyMndpdGhvdXRfcGF0dGVybiUyMiU1RCU1QmJ1dHRvbiUyMHRhcmdldCUzRCUyMl9zZWxmJTIyJTIwaG92ZXJfdHlwZSUzRCUyMmRlZmF1bHQlMjIlMjB0ZXh0JTNEJTIyd2klQzQlOTljZWolMjBpbmZvcm1hY2ppJTIwbmElMjB0ZW4lMjB0ZW1hdCUyMiUyMGxpbmslM0QlMjJodHRwcyUzQSUyRiUyRnd3dy5tZWV0aW5ncG9pbnQtbWVtb3J5LW1lc3NpYWVuLmV1JTJGcGwlMkZrJTJGcG96bmFjLWktenJvenVtaWVjJTJGJTIyJTVEJTVCJTJGdmNfcm93JTVEJTBB[\/vc_raw_html][\/vc_column][\/vc_row][vc_row css_animation=&#8221;&#8221; row_type=&#8221;row&#8221; use_row_as_full_screen_section=&#8221;no&#8221; type=&#8221;full_width&#8221; angled_section=&#8221;no&#8221; text_align=&#8221;left&#8221; background_image_as_pattern=&#8221;without_pattern&#8221;][vc_column][vc_column_text]<\/p>\n<p style=\"font-weight: 400;\"><strong>ZAPROSZENIE DO SK\u0141ADANIA OFERT CENOWYCH<\/strong><\/p>\n<p style=\"font-weight: 400;\">Meetingpoint Music Messiaen e.V. poszukuje wykonawcy relacji zdj\u0119ciowej z przebiegu projektu \u201ePozna\u0107 i Zrozumie\u0107. Pami\u0119\u0107 w imi\u0119 przysz\u0142o\u015bci\u201d.<\/p>\n<p style=\"font-weight: 400;\"><a href=\"https:\/\/www.meetingpoint-memory-messiaen.eu\/pl\/wp-content\/uploads\/2022\/03\/Leistungsbeschreibung_PL_15.03.2022.pdf\" target=\"_blank\" rel=\"noopener\">Zaproszenie do sk\u0142adania ofert<\/a><\/p>\n<p style=\"font-weight: 400;\">Prosimy o przes\u0142anie ofert cenowych do do wtorku, 22.03.2022r. na adres: <a href=\"mailto:wyspianska@meetingpointmm.eu\">wyspianska@meetingpointmm.eu<\/a><\/p>\n<p>&nbsp;<\/p>\n<p>&nbsp;<\/p>\n<p><strong>ZAPROSZENIE DO SK\u0141ADANIA OFERT CENOWYCH W RAMACH PROJEKTU INTERREG<\/strong><\/p>\n<p>Meetingpoint Music Messiaen e.V. poszukuje zewn\u0119trznego wykonawcy do przet\u0142umaczenia przewodnika dydaktycznego o Stalagu VIII A w ramach projektu \u201ePozna\u0107 i zrozumie\u0107. Pami\u0119\u0107 w imi\u0119 przysz\u0142o\u015bci\u201d na j\u0119zyk polski, angielski i czeski.<\/p>\n<p><a href=\"https:\/\/www.meetingpoint-memory-messiaen.eu\/pl\/wp-content\/uploads\/2021\/11\/Leistungsbeschreibung_\u00dcbersetzung_PL.pdf\">Zaproszenie do sk\u0142adania ofert (w j\u0119zyku niemieckim)_PL<\/a><\/p>\n<p><a href=\"https:\/\/www.meetingpoint-memory-messiaen.eu\/pl\/wp-content\/uploads\/2021\/11\/Leistungsbeschreibung_\u00dcbersetzung_CZ.pdf\">Zaproszenie do sk\u0142adania ofert (w j\u0119zyku niemieckim)_CZ<\/a><\/p>\n<p><a href=\"https:\/\/www.meetingpoint-memory-messiaen.eu\/pl\/wp-content\/uploads\/2021\/11\/Leistungsbeschreibung_\u00dcbersetzung_ENG.pdf\">Zaproszenie do sk\u0142adania ofert (w j\u0119zyku niemieckim)_ENG<\/a><\/p>\n<p>Prosimy o przes\u0142anie ofert cenowych do dnia 18.11.2021r. na adres\u00a0<a class=\"c-link\" tabindex=\"-1\" href=\"mailto:history@themusicpoint.net\" target=\"_blank\" rel=\"noopener noreferrer\" data-stringify-link=\"mailto:history@themusicpoint.net\" data-sk=\"tooltip_parent\" aria-haspopup=\"menu\" aria-expanded=\"false\" data-remove-tab-index=\"true\">history@themusicpoint.net<\/a>.<\/p>\n<p>&nbsp;<\/p>\n<p><a href=\"https:\/\/www.meetingpoint-memory-messiaen.eu\/pl\/wp-content\/uploads\/2021\/11\/Leistungsbeschreibung_\u00dcbersetzung_PL.pdf\">Leistungsbeschreibung_\u00dcbersetzung_PL<\/a><a href=\"https:\/\/www.meetingpoint-memory-messiaen.eu\/pl\/wp-content\/uploads\/2021\/11\/Leistungsbeschreibung_\u00dcbersetzung_CZ.pdf\">Leistungsbeschreibung_\u00dcbersetzung_CZ<\/a><a href=\"https:\/\/www.meetingpoint-memory-messiaen.eu\/pl\/wp-content\/uploads\/2021\/11\/Leistungsbeschreibung_\u00dcbersetzung_ENG.pdf\">Leistungsbeschreibung_\u00dcbersetzung_ENG<\/a><\/p>\n<p>&nbsp;<\/p>\n<p>&nbsp;<\/p>\n<p class=\"entry_title\"><strong>ZAPROSZENIE DO SK\u0141ADANIA OFERT CENOWYCH W RAMACH PROJEKTU INTERREG<\/strong><\/p>\n<p>Meetingpoint Music Messiaen poszukuje wykonawcy, kt\u00f3ry opracuje tre\u015bci do przewodnika po Stalagu VIII A w ramach Projektu \u201ePozna\u0107 i zrozumie\u0107. Pami\u0119\u0107 w imi\u0119 przysz\u0142o\u015bci\u201d.<\/p>\n<p><strong><a href=\"https:\/\/www.meetingpoint-memory-messiaen.eu\/wp-content\/uploads\/2021\/01\/Leistungsbeschreibung_19.01.2021.pdf\" target=\"_blank\" rel=\"noopener noreferrer\">Zaproszenie do sk\u0142adania ofert (w j\u0119zyku niemieckim) <\/a><\/strong><\/p>\n<p>Prosimy o przesy\u0142anie ofert cenowych do dnia 31.01.2021r. na adres <a href=\"mailto:history@themusicpoint.net\">history@themusicpoint.net<\/a>.<\/p>\n<p>&nbsp;<\/p>\n<p>&nbsp;<\/p>\n<p style=\"font-weight: 400;\"><strong>ZAPROSZENIE DO SK\u0141ADANIA OFERT CENOWYCH<\/strong><\/p>\n<p style=\"font-weight: 400;\">Meetingpoint Memory Messiaen e.V. poszukuje zewn\u0119trznego wykonawcy \u2013 t\u0142umacza do t\u0142umaczenia symultanicznego podczas cyklu webinar\u00f3w <strong>\u201eMetody i narz\u0119dzia w edukacji nieformalnej\u201d\u00a0<\/strong>w ramach projektu \u201ePozna\u0107 i zrozumie\u0107. Pami\u0119\u0107 w imi\u0119 przysz\u0142o\u015bci\u201d.<\/p>\n<p style=\"font-weight: 400;\"><a href=\"https:\/\/www.meetingpoint-memory-messiaen.eu\/pl\/wp-content\/uploads\/2022\/09\/Leistungsbeschreibung_08.09.2022_Webseite.pdf\"><strong>Zaproszenie do sk\u0142adania ofert (w j\u0119zyku niemieckim)<\/strong><\/a><\/p>\n<p style=\"font-weight: 400;\">Prosimy o przesy\u0142anie ofert cenowych do dnia 18.09.2022r. na adres\u00a0<a href=\"mailto:wyspianska@meetingpointmm.eu\">wyspianska@meetingpointmm.eu<\/a><\/p>\n<p>&nbsp;<\/p>\n<p><b data-stringify-type=\"bold\">ZAPROSZENIE DO SK\u0141ADANIA OFERT CENOWYCH<\/b><\/p>\n<p>Meetingpoint Memory Messiaen e.V. poszukuje zewn\u0119trznego wykonawcy do stworzenia film\u00f3w informacyjno-promocyjnych w ramach projektu \u201e<strong>Pozna\u0107 i zrozumie\u0107. Pami\u0119\u0107 w imi\u0119 przysz\u0142o\u015bci<\/strong>\u201d.<\/p>\n<p><b data-stringify-type=\"bold\"><a class=\"c-link\" tabindex=\"-1\" href=\"https:\/\/www.meetingpoint-memory-messiaen.eu\/wp-content\/uploads\/2022\/09\/Leistungsbeschreibung_Film.pdf\" target=\"_blank\" rel=\"noopener noreferrer\" data-stringify-link=\"https:\/\/www.meetingpoint-memory-messiaen.eu\/pl\/wp-content\/uploads\/2022\/09\/Leistungsbeschreibung_08.09.2022_Webseite.pdf\" data-sk=\"tooltip_parent\" data-remove-tab-index=\"true\">Zaproszenie do sk\u0142adania ofert (w j\u0119zyku niemieckim)<\/a><\/b><\/p>\n<p>Prosimy o przesy\u0142anie ofert cenowych do dnia 29.09.2022r. na adres\u00a0<a class=\"c-link\" tabindex=\"-1\" href=\"mailto:wyspianska@meetingpointmm.eu\" target=\"_blank\" rel=\"noopener noreferrer\" data-stringify-link=\"mailto:wyspianska@meetingpointmm.eu\" data-sk=\"tooltip_parent\" aria-haspopup=\"menu\" aria-expanded=\"false\" data-remove-tab-index=\"true\">wyspianska@meetingpointmm.eu<\/a><\/p>\n<p>&nbsp;<\/p>\n<p><em><span style=\"font-weight: 400;\">Projekt wsp\u00f3\u0142finansowany przez Uni\u0119 Europejsk\u0105 ze \u015brodk\u00f3w Europejskiego Funduszu Rozwoju \u00a0Regionalnego w ramach Programu Wsp\u00f3\u0142pracy INTERREG Polska \u2013 Saksonia 2014-2020.<\/span><\/em><\/p>\n<p><img loading=\"lazy\" decoding=\"async\" class=\"alignleft wp-image-14404\" src=\"https:\/\/www.meetingpoint-memory-messiaen.eu\/pl\/wp-content\/uploads\/2019\/06\/interreg_Polska-Saksonia_PL_RGB-1024x386.png\" alt=\"\" width=\"350\" height=\"132\" srcset=\"https:\/\/www.meetingpoint-memory-messiaen.eu\/pl\/wp-content\/uploads\/2019\/06\/interreg_Polska-Saksonia_PL_RGB-1024x386.png 1024w, https:\/\/www.meetingpoint-memory-messiaen.eu\/pl\/wp-content\/uploads\/2019\/06\/interreg_Polska-Saksonia_PL_RGB-300x113.png 300w, https:\/\/www.meetingpoint-memory-messiaen.eu\/pl\/wp-content\/uploads\/2019\/06\/interreg_Polska-Saksonia_PL_RGB-700x264.png 700w, https:\/\/www.meetingpoint-memory-messiaen.eu\/pl\/wp-content\/uploads\/2019\/06\/interreg_Polska-Saksonia_PL_RGB.png 1676w\" sizes=\"auto, (max-width: 350px) 100vw, 350px\" \/>[\/vc_column_text][\/vc_column][\/vc_row]<\/p>\n","protected":false},"excerpt":{"rendered":"<p>[vc_row css_animation=&#8221;&#8221; row_type=&#8221;row&#8221; use_row_as_full_screen_section=&#8221;no&#8221; type=&#8221;full_width&#8221; angled_section=&#8221;no&#8221; text_align=&#8221;left&#8221; background_image_as_pattern=&#8221;without_pattern&#8221;][vc_column][vc_column_text]Rozpocz\u0105\u0142 si\u0119 projekt INTERREG: \u201ePozna\u0107 i zrozumie\u0107. Pami\u0119\u0107 w imi\u0119 przysz\u0142o\u015bci\u201d. Rozw\u00f3j sieci edukacyjnych i spo\u0142ecze\u0144stwa obywatelskiego w polsko-sakso\u0144skim regionie przygranicznym, w kt\u00f3rym Meetingpoint jest partnerem! &nbsp; Cel g\u0142\u00f3wny Celem g\u0142\u00f3wnym projektu jest stworzenie transgranicznej sieci edukacyjnej w&#8230;<\/p>\n","protected":false},"author":21,"featured_media":0,"parent":0,"menu_order":0,"comment_status":"closed","ping_status":"closed","template":"","meta":{"footnotes":""},"class_list":["post-14403","page","type-page","status-publish","hentry"],"yoast_head":"<!-- This site is optimized with the Yoast SEO plugin v24.3 - https:\/\/yoast.com\/wordpress\/plugins\/seo\/ -->\n<title>Pozna\u0107 i zrozumie\u0107. Pami\u0119\u0107 w imi\u0119 przysz\u0142o\u015bci - Meetingpoint Memory Messiaen e.V.<\/title>\n<meta name=\"description\" content=\"Rozpocz\u0105\u0142 si\u0119 projekt INTERREG: \u201ePozna\u0107 i zrozumie\u0107. Pami\u0119\u0107 w imi\u0119 przysz\u0142o\u015bci\u201d. Rozw\u00f3j sieci edukacyjnych i spo\u0142ecze\u0144stwa obywatelskiego w polsko-sakso\u0144skim regionie przygranicznym, w kt\u00f3rym Meetingpoint jest partnerem!\" \/>\n<meta name=\"robots\" content=\"index, follow, max-snippet:-1, max-image-preview:large, max-video-preview:-1\" \/>\n<link rel=\"canonical\" href=\"https:\/\/www.meetingpoint-memory-messiaen.eu\/pl\/poznac-i-zrozumiec-pamiec-w-imie-przyszlosci\/\" \/>\n<meta property=\"og:locale\" content=\"pl_PL\" \/>\n<meta property=\"og:type\" content=\"article\" \/>\n<meta property=\"og:title\" content=\"Pozna\u0107 i zrozumie\u0107. Pami\u0119\u0107 w imi\u0119 przysz\u0142o\u015bci - Meetingpoint Memory Messiaen e.V.\" \/>\n<meta property=\"og:description\" content=\"Rozpocz\u0105\u0142 si\u0119 projekt INTERREG: \u201ePozna\u0107 i zrozumie\u0107. Pami\u0119\u0107 w imi\u0119 przysz\u0142o\u015bci\u201d. Rozw\u00f3j sieci edukacyjnych i spo\u0142ecze\u0144stwa obywatelskiego w polsko-sakso\u0144skim regionie przygranicznym, w kt\u00f3rym Meetingpoint jest partnerem!\" \/>\n<meta property=\"og:url\" content=\"https:\/\/www.meetingpoint-memory-messiaen.eu\/pl\/poznac-i-zrozumiec-pamiec-w-imie-przyszlosci\/\" \/>\n<meta property=\"og:site_name\" content=\"Meetingpoint Memory Messiaen e.V.\" \/>\n<meta property=\"article:modified_time\" content=\"2024-02-15T11:43:15+00:00\" \/>\n<meta property=\"og:image\" content=\"https:\/\/www.meetingpoint-memory-messiaen.eu\/pl\/wp-content\/uploads\/2022\/08\/Logo-Fundacja-300x198.png\" \/>\n<meta name=\"twitter:card\" content=\"summary_large_image\" \/>\n<meta name=\"twitter:label1\" content=\"Szacowany czas czytania\" \/>\n\t<meta name=\"twitter:data1\" content=\"4 minuty\" \/>\n<script type=\"application\/ld+json\" class=\"yoast-schema-graph\">{\"@context\":\"https:\/\/schema.org\",\"@graph\":[{\"@type\":\"WebPage\",\"@id\":\"https:\/\/www.meetingpoint-memory-messiaen.eu\/pl\/poznac-i-zrozumiec-pamiec-w-imie-przyszlosci\/\",\"url\":\"https:\/\/www.meetingpoint-memory-messiaen.eu\/pl\/poznac-i-zrozumiec-pamiec-w-imie-przyszlosci\/\",\"name\":\"Pozna\u0107 i zrozumie\u0107. Pami\u0119\u0107 w imi\u0119 przysz\u0142o\u015bci - Meetingpoint Memory Messiaen e.V.\",\"isPartOf\":{\"@id\":\"https:\/\/www.meetingpoint-memory-messiaen.eu\/pl\/#website\"},\"primaryImageOfPage\":{\"@id\":\"https:\/\/www.meetingpoint-memory-messiaen.eu\/pl\/poznac-i-zrozumiec-pamiec-w-imie-przyszlosci\/#primaryimage\"},\"image\":{\"@id\":\"https:\/\/www.meetingpoint-memory-messiaen.eu\/pl\/poznac-i-zrozumiec-pamiec-w-imie-przyszlosci\/#primaryimage\"},\"thumbnailUrl\":\"https:\/\/www.meetingpoint-memory-messiaen.eu\/pl\/wp-content\/uploads\/2022\/08\/Logo-Fundacja-300x198.png\",\"datePublished\":\"2019-06-11T13:26:32+00:00\",\"dateModified\":\"2024-02-15T11:43:15+00:00\",\"description\":\"Rozpocz\u0105\u0142 si\u0119 projekt INTERREG: \u201ePozna\u0107 i zrozumie\u0107. Pami\u0119\u0107 w imi\u0119 przysz\u0142o\u015bci\u201d. Rozw\u00f3j sieci edukacyjnych i spo\u0142ecze\u0144stwa obywatelskiego w polsko-sakso\u0144skim regionie przygranicznym, w kt\u00f3rym Meetingpoint jest partnerem!\",\"breadcrumb\":{\"@id\":\"https:\/\/www.meetingpoint-memory-messiaen.eu\/pl\/poznac-i-zrozumiec-pamiec-w-imie-przyszlosci\/#breadcrumb\"},\"inLanguage\":\"pl-PL\",\"potentialAction\":[{\"@type\":\"ReadAction\",\"target\":[\"https:\/\/www.meetingpoint-memory-messiaen.eu\/pl\/poznac-i-zrozumiec-pamiec-w-imie-przyszlosci\/\"]}]},{\"@type\":\"ImageObject\",\"inLanguage\":\"pl-PL\",\"@id\":\"https:\/\/www.meetingpoint-memory-messiaen.eu\/pl\/poznac-i-zrozumiec-pamiec-w-imie-przyszlosci\/#primaryimage\",\"url\":\"https:\/\/www.meetingpoint-memory-messiaen.eu\/pl\/wp-content\/uploads\/2022\/08\/Logo-Fundacja.png\",\"contentUrl\":\"https:\/\/www.meetingpoint-memory-messiaen.eu\/pl\/wp-content\/uploads\/2022\/08\/Logo-Fundacja.png\",\"width\":1270,\"height\":840},{\"@type\":\"BreadcrumbList\",\"@id\":\"https:\/\/www.meetingpoint-memory-messiaen.eu\/pl\/poznac-i-zrozumiec-pamiec-w-imie-przyszlosci\/#breadcrumb\",\"itemListElement\":[{\"@type\":\"ListItem\",\"position\":1,\"name\":\"Home\",\"item\":\"https:\/\/www.meetingpoint-memory-messiaen.eu\/pl\/\"},{\"@type\":\"ListItem\",\"position\":2,\"name\":\"Pozna\u0107 i zrozumie\u0107. Pami\u0119\u0107 w imi\u0119 przysz\u0142o\u015bci\"}]},{\"@type\":\"WebSite\",\"@id\":\"https:\/\/www.meetingpoint-memory-messiaen.eu\/pl\/#website\",\"url\":\"https:\/\/www.meetingpoint-memory-messiaen.eu\/pl\/\",\"name\":\"Meetingpoint Memory Messiaen e.V.\",\"description\":\"\",\"potentialAction\":[{\"@type\":\"SearchAction\",\"target\":{\"@type\":\"EntryPoint\",\"urlTemplate\":\"https:\/\/www.meetingpoint-memory-messiaen.eu\/pl\/?s={search_term_string}\"},\"query-input\":{\"@type\":\"PropertyValueSpecification\",\"valueRequired\":true,\"valueName\":\"search_term_string\"}}],\"inLanguage\":\"pl-PL\"}]}<\/script>\n<!-- \/ Yoast SEO plugin. -->","yoast_head_json":{"title":"Pozna\u0107 i zrozumie\u0107. Pami\u0119\u0107 w imi\u0119 przysz\u0142o\u015bci - Meetingpoint Memory Messiaen e.V.","description":"Rozpocz\u0105\u0142 si\u0119 projekt INTERREG: \u201ePozna\u0107 i zrozumie\u0107. Pami\u0119\u0107 w imi\u0119 przysz\u0142o\u015bci\u201d. Rozw\u00f3j sieci edukacyjnych i spo\u0142ecze\u0144stwa obywatelskiego w polsko-sakso\u0144skim regionie przygranicznym, w kt\u00f3rym Meetingpoint jest partnerem!","robots":{"index":"index","follow":"follow","max-snippet":"max-snippet:-1","max-image-preview":"max-image-preview:large","max-video-preview":"max-video-preview:-1"},"canonical":"https:\/\/www.meetingpoint-memory-messiaen.eu\/pl\/poznac-i-zrozumiec-pamiec-w-imie-przyszlosci\/","og_locale":"pl_PL","og_type":"article","og_title":"Pozna\u0107 i zrozumie\u0107. Pami\u0119\u0107 w imi\u0119 przysz\u0142o\u015bci - Meetingpoint Memory Messiaen e.V.","og_description":"Rozpocz\u0105\u0142 si\u0119 projekt INTERREG: \u201ePozna\u0107 i zrozumie\u0107. Pami\u0119\u0107 w imi\u0119 przysz\u0142o\u015bci\u201d. Rozw\u00f3j sieci edukacyjnych i spo\u0142ecze\u0144stwa obywatelskiego w polsko-sakso\u0144skim regionie przygranicznym, w kt\u00f3rym Meetingpoint jest partnerem!","og_url":"https:\/\/www.meetingpoint-memory-messiaen.eu\/pl\/poznac-i-zrozumiec-pamiec-w-imie-przyszlosci\/","og_site_name":"Meetingpoint Memory Messiaen e.V.","article_modified_time":"2024-02-15T11:43:15+00:00","og_image":[{"url":"https:\/\/www.meetingpoint-memory-messiaen.eu\/pl\/wp-content\/uploads\/2022\/08\/Logo-Fundacja-300x198.png","type":"","width":"","height":""}],"twitter_card":"summary_large_image","twitter_misc":{"Szacowany czas czytania":"4 minuty"},"schema":{"@context":"https:\/\/schema.org","@graph":[{"@type":"WebPage","@id":"https:\/\/www.meetingpoint-memory-messiaen.eu\/pl\/poznac-i-zrozumiec-pamiec-w-imie-przyszlosci\/","url":"https:\/\/www.meetingpoint-memory-messiaen.eu\/pl\/poznac-i-zrozumiec-pamiec-w-imie-przyszlosci\/","name":"Pozna\u0107 i zrozumie\u0107. Pami\u0119\u0107 w imi\u0119 przysz\u0142o\u015bci - Meetingpoint Memory Messiaen e.V.","isPartOf":{"@id":"https:\/\/www.meetingpoint-memory-messiaen.eu\/pl\/#website"},"primaryImageOfPage":{"@id":"https:\/\/www.meetingpoint-memory-messiaen.eu\/pl\/poznac-i-zrozumiec-pamiec-w-imie-przyszlosci\/#primaryimage"},"image":{"@id":"https:\/\/www.meetingpoint-memory-messiaen.eu\/pl\/poznac-i-zrozumiec-pamiec-w-imie-przyszlosci\/#primaryimage"},"thumbnailUrl":"https:\/\/www.meetingpoint-memory-messiaen.eu\/pl\/wp-content\/uploads\/2022\/08\/Logo-Fundacja-300x198.png","datePublished":"2019-06-11T13:26:32+00:00","dateModified":"2024-02-15T11:43:15+00:00","description":"Rozpocz\u0105\u0142 si\u0119 projekt INTERREG: \u201ePozna\u0107 i zrozumie\u0107. Pami\u0119\u0107 w imi\u0119 przysz\u0142o\u015bci\u201d. Rozw\u00f3j sieci edukacyjnych i spo\u0142ecze\u0144stwa obywatelskiego w polsko-sakso\u0144skim regionie przygranicznym, w kt\u00f3rym Meetingpoint jest partnerem!","breadcrumb":{"@id":"https:\/\/www.meetingpoint-memory-messiaen.eu\/pl\/poznac-i-zrozumiec-pamiec-w-imie-przyszlosci\/#breadcrumb"},"inLanguage":"pl-PL","potentialAction":[{"@type":"ReadAction","target":["https:\/\/www.meetingpoint-memory-messiaen.eu\/pl\/poznac-i-zrozumiec-pamiec-w-imie-przyszlosci\/"]}]},{"@type":"ImageObject","inLanguage":"pl-PL","@id":"https:\/\/www.meetingpoint-memory-messiaen.eu\/pl\/poznac-i-zrozumiec-pamiec-w-imie-przyszlosci\/#primaryimage","url":"https:\/\/www.meetingpoint-memory-messiaen.eu\/pl\/wp-content\/uploads\/2022\/08\/Logo-Fundacja.png","contentUrl":"https:\/\/www.meetingpoint-memory-messiaen.eu\/pl\/wp-content\/uploads\/2022\/08\/Logo-Fundacja.png","width":1270,"height":840},{"@type":"BreadcrumbList","@id":"https:\/\/www.meetingpoint-memory-messiaen.eu\/pl\/poznac-i-zrozumiec-pamiec-w-imie-przyszlosci\/#breadcrumb","itemListElement":[{"@type":"ListItem","position":1,"name":"Home","item":"https:\/\/www.meetingpoint-memory-messiaen.eu\/pl\/"},{"@type":"ListItem","position":2,"name":"Pozna\u0107 i zrozumie\u0107. Pami\u0119\u0107 w imi\u0119 przysz\u0142o\u015bci"}]},{"@type":"WebSite","@id":"https:\/\/www.meetingpoint-memory-messiaen.eu\/pl\/#website","url":"https:\/\/www.meetingpoint-memory-messiaen.eu\/pl\/","name":"Meetingpoint Memory Messiaen e.V.","description":"","potentialAction":[{"@type":"SearchAction","target":{"@type":"EntryPoint","urlTemplate":"https:\/\/www.meetingpoint-memory-messiaen.eu\/pl\/?s={search_term_string}"},"query-input":{"@type":"PropertyValueSpecification","valueRequired":true,"valueName":"search_term_string"}}],"inLanguage":"pl-PL"}]}},"_links":{"self":[{"href":"https:\/\/www.meetingpoint-memory-messiaen.eu\/pl\/wp-json\/wp\/v2\/pages\/14403","targetHints":{"allow":["GET"]}}],"collection":[{"href":"https:\/\/www.meetingpoint-memory-messiaen.eu\/pl\/wp-json\/wp\/v2\/pages"}],"about":[{"href":"https:\/\/www.meetingpoint-memory-messiaen.eu\/pl\/wp-json\/wp\/v2\/types\/page"}],"author":[{"embeddable":true,"href":"https:\/\/www.meetingpoint-memory-messiaen.eu\/pl\/wp-json\/wp\/v2\/users\/21"}],"replies":[{"embeddable":true,"href":"https:\/\/www.meetingpoint-memory-messiaen.eu\/pl\/wp-json\/wp\/v2\/comments?post=14403"}],"version-history":[{"count":16,"href":"https:\/\/www.meetingpoint-memory-messiaen.eu\/pl\/wp-json\/wp\/v2\/pages\/14403\/revisions"}],"predecessor-version":[{"id":16897,"href":"https:\/\/www.meetingpoint-memory-messiaen.eu\/pl\/wp-json\/wp\/v2\/pages\/14403\/revisions\/16897"}],"wp:attachment":[{"href":"https:\/\/www.meetingpoint-memory-messiaen.eu\/pl\/wp-json\/wp\/v2\/media?parent=14403"}],"curies":[{"name":"wp","href":"https:\/\/api.w.org\/{rel}","templated":true}]}}