{"id":12885,"date":"2018-07-18T13:45:31","date_gmt":"2018-07-18T11:45:31","guid":{"rendered":"https:\/\/www.meetingpoint-music-messiaen.net\/pl\/namenlose-helden\/"},"modified":"2019-05-15T14:15:04","modified_gmt":"2019-05-15T12:15:04","slug":"bezimienni-bohaterowie","status":"publish","type":"page","link":"https:\/\/www.meetingpoint-memory-messiaen.eu\/pl\/bezimienni-bohaterowie\/","title":{"rendered":"Bezimienni bohaterowie"},"content":{"rendered":"<h4>lokalna historia Zgorzelca i G\u00f6rlitz<\/h4>\n<p><strong>Nazwa projektu<\/strong><br \/>\nBezimienni bohaterowie &#8211; lokalna historia Zgorzelca i G\u00f6rlitz<\/p>\n<p><strong>Nazwa programu:<\/strong><br \/>\nFundusz Ma\u0142ych Projekt\u00f3w Interreg Polska-Saksonia 2014\u20132022<\/p>\n<p><strong>Opis projektu:<\/strong><br \/>\nWiedza o obozach jenieckich jest pe\u0142na. Dotyczy to r\u00f3wnie\u017c Stalagu VIIIA \u2013 Goerlitz Ost, \u017cycia i losu je\u0144c\u00f3w przebywaj\u0105cych w nim, jak i historii powojennej Zgorzelca. Stalag VIIIA zbudowany zosta\u0142 przez polskich je\u0144c\u00f3w kampanii wrze\u015bniowej 1939r. Pami\u0119\u0107 o tych wydarzeniach i ludziach nie funkcjonuje w historii lokalnej obu miast. Dzia\u0142ania na rzecz opracowania i upowszechnienia historii tego miejsca wzmacnia\u0107 b\u0119d\u0105 \u015bwiadomo\u015b\u0107 i to\u017csamo\u015b\u0107 regionaln\u0105 niezb\u0119dn\u0105 dla dalszego rozwoju regionu, np. w dziedzinie celowej turystyki historycznej. Projekt zostanie zrealizowany poprzez przygotowanie wprowadzaj\u0105cego w tematyk\u0119 seminarium dla spo\u0142eczno\u015bci lokalnej G\u00f6rlitz i Zgorzelca, a nast\u0119pnie mi\u0119dzynarodow\u0105 konferencj\u0119 \u201eJe\u0144cy wojenni. Mi\u0119dzynarodowa spo\u0142eczno\u015b\u0107\u201d. Jak r\u00f3wnie\u017c dzia\u0142ania na rzecz upami\u0119tnienia postaci by\u0142ych je\u0144c\u00f3w Stalagu VIIIA. Te ostatnie zapocz\u0105tkuj\u0105 utworzenie archiwum dot. je\u0144c\u00f3w Stalagu VIIIA.<\/p>\n<p><strong>Cel projektu:<\/strong><br \/>\nCelem projektu wzmocnienie \u015bwiadomo\u015bci i to\u017csamo\u015bci regionalnej mieszka\u0144c\u00f3w polsko-niemieckiego pogranicza poprzez upowszechnienie lokalnej historii miast Zgorzelca i G\u00f6rlitz.<\/p>\n<p><strong>Beneficjent:<\/strong><br \/>\nFundacja Pami\u0119\u0107, Edukacja, Kultura (Fundacja Centrum Wspierania Przedsi\u0119biorczo\u015bci) \u2013 <a href=\"http:\/\/www.centrumstalag8a.pl\" target=\"_blank\" rel=\"noopener noreferrer\">www.centrumstalag8a.pl<\/a><\/p>\n<p><strong>Partnerzy projektu:<\/strong><br \/>\nMeetingpoint Music Messiaen e.V &#8211; <a href=\"https:\/\/www.meetingpoint-memory-messiaen.eu\/pl\" target=\"_blank\" rel=\"noopener noreferrer\">www.meetingpoint-music-messiaen.net<\/a>, Gmina Miejska Zgorzelec \u2013 <a href=\"http:\/\/www.zgorzelec.eu\" target=\"_blank\" rel=\"noopener noreferrer\">www.zgorzelec.eu<\/a><\/span><\/p>\n<p><strong>Okres realizacji:<\/strong><br \/>\n03.04.2017 \u2013 30.11.2017<\/p>\n<p><strong>Warto\u015b\u0107 projektu:<\/strong><br \/>\n20\u00a0000,00 EURO<\/p>\n<p class=\"bottom-padded-20\"><strong>Dofinansowanie z Unii Europejskiej:<\/strong><br \/>\n75,5%<\/p>\n<p><img decoding=\"async\" src=\"https:\/\/www.meetingpoint-memory-messiaen.eu\/wp-content\/uploads\/2019\/04\/namenlose-helden-plakat.jpg\" alt=\"Bezimienni bohaterowie plakat\" \/><\/p>\n","protected":false},"excerpt":{"rendered":"<p>lokalna historia Zgorzelca i G\u00f6rlitz Nazwa projektu Bezimienni bohaterowie &#8211; lokalna historia Zgorzelca i G\u00f6rlitz Nazwa programu: Fundusz Ma\u0142ych Projekt\u00f3w Interreg Polska-Saksonia 2014\u20132022 Opis projektu: Wiedza o obozach jenieckich jest pe\u0142na. Dotyczy to r\u00f3wnie\u017c Stalagu VIIIA \u2013 Goerlitz Ost, \u017cycia i losu je\u0144c\u00f3w przebywaj\u0105cych w&#8230;<\/p>\n","protected":false},"author":21,"featured_media":0,"parent":0,"menu_order":0,"comment_status":"closed","ping_status":"closed","template":"","meta":{"footnotes":""},"class_list":["post-12885","page","type-page","status-publish","hentry"],"yoast_head":"<!-- This site is optimized with the Yoast SEO plugin v24.3 - https:\/\/yoast.com\/wordpress\/plugins\/seo\/ -->\n<title>Bezimienni bohaterowie - Meetingpoint Memory Messiaen e.V.<\/title>\n<meta name=\"robots\" content=\"index, follow, max-snippet:-1, max-image-preview:large, max-video-preview:-1\" \/>\n<link rel=\"canonical\" href=\"https:\/\/www.meetingpoint-memory-messiaen.eu\/pl\/bezimienni-bohaterowie\/\" \/>\n<meta property=\"og:locale\" content=\"pl_PL\" \/>\n<meta property=\"og:type\" content=\"article\" \/>\n<meta property=\"og:title\" content=\"Bezimienni bohaterowie - Meetingpoint Memory Messiaen e.V.\" \/>\n<meta property=\"og:description\" content=\"lokalna historia Zgorzelca i G\u00f6rlitz Nazwa projektu Bezimienni bohaterowie &#8211; lokalna historia Zgorzelca i G\u00f6rlitz Nazwa programu: Fundusz Ma\u0142ych Projekt\u00f3w Interreg Polska-Saksonia 2014\u20132022 Opis projektu: Wiedza o obozach jenieckich jest pe\u0142na. Dotyczy to r\u00f3wnie\u017c Stalagu VIIIA \u2013 Goerlitz Ost, \u017cycia i losu je\u0144c\u00f3w przebywaj\u0105cych w...\" \/>\n<meta property=\"og:url\" content=\"https:\/\/www.meetingpoint-memory-messiaen.eu\/pl\/bezimienni-bohaterowie\/\" \/>\n<meta property=\"og:site_name\" content=\"Meetingpoint Memory Messiaen e.V.\" \/>\n<meta property=\"article:modified_time\" content=\"2019-05-15T12:15:04+00:00\" \/>\n<meta property=\"og:image\" content=\"https:\/\/www.meetingpoint-memory-messiaen.eu\/wp-content\/uploads\/2019\/04\/namenlose-helden-plakat.jpg\" \/>\n<meta name=\"twitter:card\" content=\"summary_large_image\" \/>\n<meta name=\"twitter:label1\" content=\"Szacowany czas czytania\" \/>\n\t<meta name=\"twitter:data1\" content=\"1 minuta\" \/>\n<script type=\"application\/ld+json\" class=\"yoast-schema-graph\">{\"@context\":\"https:\/\/schema.org\",\"@graph\":[{\"@type\":\"WebPage\",\"@id\":\"https:\/\/www.meetingpoint-memory-messiaen.eu\/pl\/bezimienni-bohaterowie\/\",\"url\":\"https:\/\/www.meetingpoint-memory-messiaen.eu\/pl\/bezimienni-bohaterowie\/\",\"name\":\"Bezimienni bohaterowie - Meetingpoint Memory Messiaen e.V.\",\"isPartOf\":{\"@id\":\"https:\/\/www.meetingpoint-memory-messiaen.eu\/pl\/#website\"},\"primaryImageOfPage\":{\"@id\":\"https:\/\/www.meetingpoint-memory-messiaen.eu\/pl\/bezimienni-bohaterowie\/#primaryimage\"},\"image\":{\"@id\":\"https:\/\/www.meetingpoint-memory-messiaen.eu\/pl\/bezimienni-bohaterowie\/#primaryimage\"},\"thumbnailUrl\":\"https:\/\/www.meetingpoint-memory-messiaen.eu\/wp-content\/uploads\/2019\/04\/namenlose-helden-plakat.jpg\",\"datePublished\":\"2018-07-18T11:45:31+00:00\",\"dateModified\":\"2019-05-15T12:15:04+00:00\",\"breadcrumb\":{\"@id\":\"https:\/\/www.meetingpoint-memory-messiaen.eu\/pl\/bezimienni-bohaterowie\/#breadcrumb\"},\"inLanguage\":\"pl-PL\",\"potentialAction\":[{\"@type\":\"ReadAction\",\"target\":[\"https:\/\/www.meetingpoint-memory-messiaen.eu\/pl\/bezimienni-bohaterowie\/\"]}]},{\"@type\":\"ImageObject\",\"inLanguage\":\"pl-PL\",\"@id\":\"https:\/\/www.meetingpoint-memory-messiaen.eu\/pl\/bezimienni-bohaterowie\/#primaryimage\",\"url\":\"https:\/\/www.meetingpoint-memory-messiaen.eu\/wp-content\/uploads\/2019\/04\/namenlose-helden-plakat.jpg\",\"contentUrl\":\"https:\/\/www.meetingpoint-memory-messiaen.eu\/wp-content\/uploads\/2019\/04\/namenlose-helden-plakat.jpg\"},{\"@type\":\"BreadcrumbList\",\"@id\":\"https:\/\/www.meetingpoint-memory-messiaen.eu\/pl\/bezimienni-bohaterowie\/#breadcrumb\",\"itemListElement\":[{\"@type\":\"ListItem\",\"position\":1,\"name\":\"Home\",\"item\":\"https:\/\/www.meetingpoint-memory-messiaen.eu\/pl\/\"},{\"@type\":\"ListItem\",\"position\":2,\"name\":\"Bezimienni bohaterowie\"}]},{\"@type\":\"WebSite\",\"@id\":\"https:\/\/www.meetingpoint-memory-messiaen.eu\/pl\/#website\",\"url\":\"https:\/\/www.meetingpoint-memory-messiaen.eu\/pl\/\",\"name\":\"Meetingpoint Memory Messiaen e.V.\",\"description\":\"\",\"potentialAction\":[{\"@type\":\"SearchAction\",\"target\":{\"@type\":\"EntryPoint\",\"urlTemplate\":\"https:\/\/www.meetingpoint-memory-messiaen.eu\/pl\/?s={search_term_string}\"},\"query-input\":{\"@type\":\"PropertyValueSpecification\",\"valueRequired\":true,\"valueName\":\"search_term_string\"}}],\"inLanguage\":\"pl-PL\"}]}<\/script>\n<!-- \/ Yoast SEO plugin. -->","yoast_head_json":{"title":"Bezimienni bohaterowie - Meetingpoint Memory Messiaen e.V.","robots":{"index":"index","follow":"follow","max-snippet":"max-snippet:-1","max-image-preview":"max-image-preview:large","max-video-preview":"max-video-preview:-1"},"canonical":"https:\/\/www.meetingpoint-memory-messiaen.eu\/pl\/bezimienni-bohaterowie\/","og_locale":"pl_PL","og_type":"article","og_title":"Bezimienni bohaterowie - Meetingpoint Memory Messiaen e.V.","og_description":"lokalna historia Zgorzelca i G\u00f6rlitz Nazwa projektu Bezimienni bohaterowie &#8211; lokalna historia Zgorzelca i G\u00f6rlitz Nazwa programu: Fundusz Ma\u0142ych Projekt\u00f3w Interreg Polska-Saksonia 2014\u20132022 Opis projektu: Wiedza o obozach jenieckich jest pe\u0142na. Dotyczy to r\u00f3wnie\u017c Stalagu VIIIA \u2013 Goerlitz Ost, \u017cycia i losu je\u0144c\u00f3w przebywaj\u0105cych w...","og_url":"https:\/\/www.meetingpoint-memory-messiaen.eu\/pl\/bezimienni-bohaterowie\/","og_site_name":"Meetingpoint Memory Messiaen e.V.","article_modified_time":"2019-05-15T12:15:04+00:00","og_image":[{"url":"https:\/\/www.meetingpoint-memory-messiaen.eu\/wp-content\/uploads\/2019\/04\/namenlose-helden-plakat.jpg","type":"","width":"","height":""}],"twitter_card":"summary_large_image","twitter_misc":{"Szacowany czas czytania":"1 minuta"},"schema":{"@context":"https:\/\/schema.org","@graph":[{"@type":"WebPage","@id":"https:\/\/www.meetingpoint-memory-messiaen.eu\/pl\/bezimienni-bohaterowie\/","url":"https:\/\/www.meetingpoint-memory-messiaen.eu\/pl\/bezimienni-bohaterowie\/","name":"Bezimienni bohaterowie - Meetingpoint Memory Messiaen e.V.","isPartOf":{"@id":"https:\/\/www.meetingpoint-memory-messiaen.eu\/pl\/#website"},"primaryImageOfPage":{"@id":"https:\/\/www.meetingpoint-memory-messiaen.eu\/pl\/bezimienni-bohaterowie\/#primaryimage"},"image":{"@id":"https:\/\/www.meetingpoint-memory-messiaen.eu\/pl\/bezimienni-bohaterowie\/#primaryimage"},"thumbnailUrl":"https:\/\/www.meetingpoint-memory-messiaen.eu\/wp-content\/uploads\/2019\/04\/namenlose-helden-plakat.jpg","datePublished":"2018-07-18T11:45:31+00:00","dateModified":"2019-05-15T12:15:04+00:00","breadcrumb":{"@id":"https:\/\/www.meetingpoint-memory-messiaen.eu\/pl\/bezimienni-bohaterowie\/#breadcrumb"},"inLanguage":"pl-PL","potentialAction":[{"@type":"ReadAction","target":["https:\/\/www.meetingpoint-memory-messiaen.eu\/pl\/bezimienni-bohaterowie\/"]}]},{"@type":"ImageObject","inLanguage":"pl-PL","@id":"https:\/\/www.meetingpoint-memory-messiaen.eu\/pl\/bezimienni-bohaterowie\/#primaryimage","url":"https:\/\/www.meetingpoint-memory-messiaen.eu\/wp-content\/uploads\/2019\/04\/namenlose-helden-plakat.jpg","contentUrl":"https:\/\/www.meetingpoint-memory-messiaen.eu\/wp-content\/uploads\/2019\/04\/namenlose-helden-plakat.jpg"},{"@type":"BreadcrumbList","@id":"https:\/\/www.meetingpoint-memory-messiaen.eu\/pl\/bezimienni-bohaterowie\/#breadcrumb","itemListElement":[{"@type":"ListItem","position":1,"name":"Home","item":"https:\/\/www.meetingpoint-memory-messiaen.eu\/pl\/"},{"@type":"ListItem","position":2,"name":"Bezimienni bohaterowie"}]},{"@type":"WebSite","@id":"https:\/\/www.meetingpoint-memory-messiaen.eu\/pl\/#website","url":"https:\/\/www.meetingpoint-memory-messiaen.eu\/pl\/","name":"Meetingpoint Memory Messiaen e.V.","description":"","potentialAction":[{"@type":"SearchAction","target":{"@type":"EntryPoint","urlTemplate":"https:\/\/www.meetingpoint-memory-messiaen.eu\/pl\/?s={search_term_string}"},"query-input":{"@type":"PropertyValueSpecification","valueRequired":true,"valueName":"search_term_string"}}],"inLanguage":"pl-PL"}]}},"_links":{"self":[{"href":"https:\/\/www.meetingpoint-memory-messiaen.eu\/pl\/wp-json\/wp\/v2\/pages\/12885","targetHints":{"allow":["GET"]}}],"collection":[{"href":"https:\/\/www.meetingpoint-memory-messiaen.eu\/pl\/wp-json\/wp\/v2\/pages"}],"about":[{"href":"https:\/\/www.meetingpoint-memory-messiaen.eu\/pl\/wp-json\/wp\/v2\/types\/page"}],"author":[{"embeddable":true,"href":"https:\/\/www.meetingpoint-memory-messiaen.eu\/pl\/wp-json\/wp\/v2\/users\/21"}],"replies":[{"embeddable":true,"href":"https:\/\/www.meetingpoint-memory-messiaen.eu\/pl\/wp-json\/wp\/v2\/comments?post=12885"}],"version-history":[{"count":7,"href":"https:\/\/www.meetingpoint-memory-messiaen.eu\/pl\/wp-json\/wp\/v2\/pages\/12885\/revisions"}],"predecessor-version":[{"id":13813,"href":"https:\/\/www.meetingpoint-memory-messiaen.eu\/pl\/wp-json\/wp\/v2\/pages\/12885\/revisions\/13813"}],"wp:attachment":[{"href":"https:\/\/www.meetingpoint-memory-messiaen.eu\/pl\/wp-json\/wp\/v2\/media?parent=12885"}],"curies":[{"name":"wp","href":"https:\/\/api.w.org\/{rel}","templated":true}]}}