{"id":15665,"date":"2025-06-20T16:32:57","date_gmt":"2025-06-20T14:32:57","guid":{"rendered":"https:\/\/www.meetingpoint-memory-messiaen.eu\/en\/?page_id=15665"},"modified":"2025-06-20T16:57:45","modified_gmt":"2025-06-20T14:57:45","slug":"open-call-live-act-contemporary-music-academy","status":"publish","type":"page","link":"https:\/\/www.meetingpoint-memory-messiaen.eu\/en\/open-call-live-act-contemporary-music-academy\/","title":{"rendered":"Open Call: Live Act Contemporary Music Academy"},"content":{"rendered":"<p>[vc_row css_animation=&#8221;&#8221; row_type=&#8221;row&#8221; use_row_as_full_screen_section=&#8221;no&#8221; type=&#8221;full_width&#8221; angled_section=&#8221;no&#8221; text_align=&#8221;left&#8221; background_image_as_pattern=&#8221;without_pattern&#8221;][vc_column][vc_column_text]<strong>Live Act<\/strong> is a contemporary music academy held by Ensemble \u00c9coute and Meetingpoint Memory Messiaen. It will place from\u00a0 24<sup>th<\/sup> to 30<sup>th<\/sup> August in <strong>G\u00f6rlitz<\/strong> and <strong>Zgorzelec<\/strong>, at the \u00a0border between Germany and Poland including <strong>STALAG VIII A,<\/strong> the former prison camp where <strong>Olivier Messiaen<\/strong> was held captive and composed the <em>Quatour pour la fin de Temps<\/em>.<\/p>\n<p>For its first edition, three world-renowned musicians, composers <strong>Tristan Murail<\/strong> (FR), <strong>Gra\u017cyna Pstroko\u0144ska<\/strong> (PL), flutist <strong>Helen Bledsoe<\/strong> (DE) from Ensemble Musikfabrik and members of <strong>Ensemble \u00c9coute<\/strong> will mentor ca. 20 young instrumentalists and three young composers, both students and recent graduates, residing in France, Germany and Poland.<\/p>\n<p>This academy offers the opportunity to work on some of the finest pieces of contemporary repertoire by Olivier Messiaen, George Benjamin, Tristan Murail, Gra\u017cyna Pstroko\u0144ska-Nawratil, Marta Ptaszy\u0144ska, Betsy Jolas and Karlheinz Stockhausen, among others.<\/p>\n<p>Participants will form a merged ensemble made up of students and musicians from Ensemble \u00c9coute to prepare the pieces to be presented in public performances :<\/p>\n<ul>\n<li>Large-ensemble concert in Narodowe Forum Muzyki in Wroclaw (Poland)<\/li>\n<li>Large-ensemble concert in Kulturforum G\u00f6rlitzer Synagogue in G\u00f6rlitz (Germany)<\/li>\n<li>Chamber music concert in STALAG VIII A in G\u00f6rlitz (Germany)<\/li>\n<\/ul>\n<p>Daily activities will include, rehearsals, individual masterclasses, workshops and lectures and a guided tour of the prisoners camp.<\/p>\n<p><strong>Dates<\/strong> : 24<sup>th<\/sup> to 30<sup>st<\/sup> August 2025.<\/p>\n<p><strong>Faculty<\/strong><\/p>\n<p>Tristan Murail (FR)<\/p>\n<p>Gra\u017cyna Pstroko\u0144ska (PL)<\/p>\n<p>Helen Bledsoe (DE)<\/p>\n<p>Seven members of Ensemble \u00c9coute (FR) :<\/p>\n<p>Fernando Palomeque (conductor), Rachel Koblyakov (violin), Orlando Bass (piano), Samuel Casal (flute), Jos\u00e9phine Besancon (clarinette) and Quentin Dubreuil (percussion)[\/vc_column_text][\/vc_column][\/vc_row][vc_row css_animation=&#8221;&#8221; row_type=&#8221;row&#8221; use_row_as_full_screen_section=&#8221;no&#8221; type=&#8221;full_width&#8221; angled_section=&#8221;no&#8221; text_align=&#8221;left&#8221; background_image_as_pattern=&#8221;without_pattern&#8221;][vc_column][vc_column_text]<\/p>\n<p style=\"text-align: center;\"><b>PROGRAM<\/b><\/p>\n<p><strong>Public performances :<\/strong><\/p>\n<p>Two large-ensemble concerts :<\/p>\n<p><em>29\/08\/2025 &#8211; Narodowe Forum Muzyki in Wroclaw, Poland<\/em><\/p>\n<p><em>30\/08\/2025 &#8211; Kulturforum G\u00f6rlitzerSynagoge in G\u00f6rlitz, Germany<\/em><\/p>\n<p><strong>George Benjamin<\/strong> &#8211; At First Light<\/p>\n<p><strong>Tristan Murail<\/strong> \u2013 Le Lac<\/p>\n<p><strong>Karlheinz Stockhausen<\/strong> \u2013 Kontra-Punkte<\/p>\n<p><strong>Gra\u017cyna Pstroko\u0144ska-Nawratil<\/strong> &#8211; Pejza\u017c z Pluszczem<\/p>\n<p>Premiere of three pieces by young composers from Germany, France, and Poland<\/p>\n<p><em>One chamber music concerts at STALAG VIII A G\u00d6RLITZ<\/em><\/p>\n<p><em> Works by Olivier Messiaen, George Benjamin, Gra\u017cyna Pstroko\u0144ska-Nawratil, Marta Ptaszy\u0144ska, Betsy Jolas, Karlheinz Stockhausen&#8230;:<\/em><\/p>\n<p><strong>Workshops and lectures during the Academy:<\/strong><\/p>\n<ul>\n<li>Workshops on <strong>conception<\/strong> and <strong>development of contemporary music projects in Europe<\/strong>.<\/li>\n<li>Projects presentations from participants, individually or in groups.<\/li>\n<li>A dedicated lecture will explore Messiaen\u2019s class and music, along with insights into the works of Tristan Murail and Gra\u017cyna Pstroko\u0144ska-Nawratil, former students of Messiaen<\/li>\n<li>Presentation of new works by emerging composers<\/li>\n<\/ul>\n<p>&nbsp;<\/p>\n<p style=\"text-align: center;\"><strong>APPLICATION<\/strong><\/p>\n<p>Open to musicians of any nationality residing in France, Germany and Poland.<\/p>\n<p>Age limit: up to 35 years old before 24<sup>th<\/sup> august 2025<\/p>\n<p>To apply, please complete this <a href=\"https:\/\/docs.google.com\/forms\/d\/e\/1FAIpQLSeA3sj6-uZSlOgKspzqkrilC8bh5lnMGLjVfUWQbBhv8TsgxQ\/viewform\">form<\/a> including:<\/p>\n<ul>\n<li>Two different videos of yourself playing solo or chamber music pieces. At least one of them should be composed after 1945 (Links to Wetransfer will not be accepted)<\/li>\n<li>CV or Biography<\/li>\n<li>Repertoire List : Solo, chamber and ensemble pieces composed after 1945.<\/li>\n<\/ul>\n<p>&nbsp;<\/p>\n<p><strong>Instruments<\/strong> :<\/p>\n<p>Soprano, Flute (up to 2), Oboe (up to 2), Clarinet (up to 2), Bassoon, Horn, Trumpet, Trombone, Piano (up to 2), Harp, Percussion, Violin (2), Viola (up to 2), Cello (up to 2), and Double bass<\/p>\n<p>Tuition fees: 250\u20ac<br \/>\nincluding:\u00a0 accommodation, travels from your city of residence*, three meals a day, classes, lectures, workshops, rehearsals and concerts.<\/p>\n<p>*Travels will be covered only from the city of residence in France, Germany and Poland[\/vc_column_text][\/vc_column][\/vc_row]<\/p>\n<p><a  itemprop=\"url\" href=\"https:\/\/www.meetingpoint-memory-messiaen.eu\/en\/wp-content\/uploads\/2025\/06\/Flyer-Live-Act-A4-Meeting-Point.pdf\" target=\"_blank\"  class=\"qbutton  default\" style=\"color: #a4ad88; border-color: #a4ad88; \">FLYER<\/a>[vc_empty_space][vc_empty_space][vc_column_text]<\/p>\n","protected":false},"excerpt":{"rendered":"<p>[vc_row css_animation=&#8221;&#8221; row_type=&#8221;row&#8221; use_row_as_full_screen_section=&#8221;no&#8221; type=&#8221;full_width&#8221; angled_section=&#8221;no&#8221; text_align=&#8221;left&#8221; background_image_as_pattern=&#8221;without_pattern&#8221;][vc_column][vc_column_text]Live Act is a contemporary music academy held by Ensemble \u00c9coute and Meetingpoint Memory Messiaen. It will place from\u00a0 24th to 30th August in G\u00f6rlitz and Zgorzelec, at the \u00a0border between Germany and Poland including STALAG VIII A,&#8230;<\/p>\n","protected":false},"author":21,"featured_media":15666,"parent":0,"menu_order":0,"comment_status":"closed","ping_status":"closed","template":"","meta":{"_EventAllDay":false,"_EventTimezone":"","_EventStartDate":"","_EventEndDate":"","_EventStartDateUTC":"","_EventEndDateUTC":"","_EventShowMap":false,"_EventShowMapLink":false,"_EventURL":"","_EventCost":"","_EventCostDescription":"","_EventCurrencySymbol":"","_EventCurrencyCode":"","_EventCurrencyPosition":"","_EventDateTimeSeparator":"","_EventTimeRangeSeparator":"","_EventOrganizerID":[],"_EventVenueID":[],"_OrganizerEmail":"","_OrganizerPhone":"","_OrganizerWebsite":"","_VenueAddress":"","_VenueCity":"","_VenueCountry":"","_VenueProvince":"","_VenueState":"","_VenueZip":"","_VenuePhone":"","_VenueURL":"","_VenueStateProvince":"","_VenueLat":"","_VenueLng":"","_VenueShowMap":false,"_VenueShowMapLink":false,"footnotes":""},"class_list":["post-15665","page","type-page","status-publish","has-post-thumbnail","hentry"],"yoast_head":"<!-- This site is optimized with the Yoast SEO plugin v24.3 - https:\/\/yoast.com\/wordpress\/plugins\/seo\/ -->\n<title>Open Call: Live Act Contemporary Music Academy - Meetingpoint Memory Messiaen e.V.<\/title>\n<meta name=\"robots\" content=\"index, follow, max-snippet:-1, max-image-preview:large, max-video-preview:-1\" \/>\n<link rel=\"canonical\" href=\"https:\/\/www.meetingpoint-memory-messiaen.eu\/en\/open-call-live-act-contemporary-music-academy\/\" \/>\n<meta property=\"og:locale\" content=\"en_US\" \/>\n<meta property=\"og:type\" content=\"article\" \/>\n<meta property=\"og:title\" content=\"Open Call: Live Act Contemporary Music Academy - Meetingpoint Memory Messiaen e.V.\" \/>\n<meta property=\"og:description\" content=\"[vc_row css_animation=&#8221;&#8221; row_type=&#8221;row&#8221; use_row_as_full_screen_section=&#8221;no&#8221; type=&#8221;full_width&#8221; angled_section=&#8221;no&#8221; text_align=&#8221;left&#8221; background_image_as_pattern=&#8221;without_pattern&#8221;][vc_column][vc_column_text]Live Act is a contemporary music academy held by Ensemble \u00c9coute and Meetingpoint Memory Messiaen. It will place from\u00a0 24th to 30th August in G\u00f6rlitz and Zgorzelec, at the \u00a0border between Germany and Poland including STALAG VIII A,...\" \/>\n<meta property=\"og:url\" content=\"https:\/\/www.meetingpoint-memory-messiaen.eu\/en\/open-call-live-act-contemporary-music-academy\/\" \/>\n<meta property=\"og:site_name\" content=\"Meetingpoint Memory Messiaen e.V.\" \/>\n<meta property=\"article:modified_time\" content=\"2025-06-20T14:57:45+00:00\" \/>\n<meta property=\"og:image\" content=\"https:\/\/www.meetingpoint-memory-messiaen.eu\/en\/wp-content\/uploads\/2025\/06\/Flyer-Live-Act-A4-Meeting-Point-960-x-960-px.jpg\" \/>\n\t<meta property=\"og:image:width\" content=\"960\" \/>\n\t<meta property=\"og:image:height\" content=\"960\" \/>\n\t<meta property=\"og:image:type\" content=\"image\/jpeg\" \/>\n<meta name=\"twitter:card\" content=\"summary_large_image\" \/>\n<meta name=\"twitter:label1\" content=\"Est. reading time\" \/>\n\t<meta name=\"twitter:data1\" content=\"3 minutes\" \/>\n<script type=\"application\/ld+json\" class=\"yoast-schema-graph\">{\"@context\":\"https:\/\/schema.org\",\"@graph\":[{\"@type\":\"WebPage\",\"@id\":\"https:\/\/www.meetingpoint-memory-messiaen.eu\/en\/open-call-live-act-contemporary-music-academy\/\",\"url\":\"https:\/\/www.meetingpoint-memory-messiaen.eu\/en\/open-call-live-act-contemporary-music-academy\/\",\"name\":\"Open Call: Live Act Contemporary Music Academy - Meetingpoint Memory Messiaen e.V.\",\"isPartOf\":{\"@id\":\"https:\/\/www.meetingpoint-memory-messiaen.eu\/en\/#website\"},\"primaryImageOfPage\":{\"@id\":\"https:\/\/www.meetingpoint-memory-messiaen.eu\/en\/open-call-live-act-contemporary-music-academy\/#primaryimage\"},\"image\":{\"@id\":\"https:\/\/www.meetingpoint-memory-messiaen.eu\/en\/open-call-live-act-contemporary-music-academy\/#primaryimage\"},\"thumbnailUrl\":\"https:\/\/www.meetingpoint-memory-messiaen.eu\/en\/wp-content\/uploads\/2025\/06\/Flyer-Live-Act-A4-Meeting-Point-960-x-960-px.jpg\",\"datePublished\":\"2025-06-20T14:32:57+00:00\",\"dateModified\":\"2025-06-20T14:57:45+00:00\",\"breadcrumb\":{\"@id\":\"https:\/\/www.meetingpoint-memory-messiaen.eu\/en\/open-call-live-act-contemporary-music-academy\/#breadcrumb\"},\"inLanguage\":\"en-US\",\"potentialAction\":[{\"@type\":\"ReadAction\",\"target\":[\"https:\/\/www.meetingpoint-memory-messiaen.eu\/en\/open-call-live-act-contemporary-music-academy\/\"]}]},{\"@type\":\"ImageObject\",\"inLanguage\":\"en-US\",\"@id\":\"https:\/\/www.meetingpoint-memory-messiaen.eu\/en\/open-call-live-act-contemporary-music-academy\/#primaryimage\",\"url\":\"https:\/\/www.meetingpoint-memory-messiaen.eu\/en\/wp-content\/uploads\/2025\/06\/Flyer-Live-Act-A4-Meeting-Point-960-x-960-px.jpg\",\"contentUrl\":\"https:\/\/www.meetingpoint-memory-messiaen.eu\/en\/wp-content\/uploads\/2025\/06\/Flyer-Live-Act-A4-Meeting-Point-960-x-960-px.jpg\",\"width\":960,\"height\":960},{\"@type\":\"BreadcrumbList\",\"@id\":\"https:\/\/www.meetingpoint-memory-messiaen.eu\/en\/open-call-live-act-contemporary-music-academy\/#breadcrumb\",\"itemListElement\":[{\"@type\":\"ListItem\",\"position\":1,\"name\":\"Home\",\"item\":\"https:\/\/www.meetingpoint-memory-messiaen.eu\/en\/\"},{\"@type\":\"ListItem\",\"position\":2,\"name\":\"Open Call: Live Act Contemporary Music Academy\"}]},{\"@type\":\"WebSite\",\"@id\":\"https:\/\/www.meetingpoint-memory-messiaen.eu\/en\/#website\",\"url\":\"https:\/\/www.meetingpoint-memory-messiaen.eu\/en\/\",\"name\":\"Meetingpoint Memory Messiaen e.V.\",\"description\":\"\",\"potentialAction\":[{\"@type\":\"SearchAction\",\"target\":{\"@type\":\"EntryPoint\",\"urlTemplate\":\"https:\/\/www.meetingpoint-memory-messiaen.eu\/en\/?s={search_term_string}\"},\"query-input\":{\"@type\":\"PropertyValueSpecification\",\"valueRequired\":true,\"valueName\":\"search_term_string\"}}],\"inLanguage\":\"en-US\"}]}<\/script>\n<!-- \/ Yoast SEO plugin. -->","yoast_head_json":{"title":"Open Call: Live Act Contemporary Music Academy - Meetingpoint Memory Messiaen e.V.","robots":{"index":"index","follow":"follow","max-snippet":"max-snippet:-1","max-image-preview":"max-image-preview:large","max-video-preview":"max-video-preview:-1"},"canonical":"https:\/\/www.meetingpoint-memory-messiaen.eu\/en\/open-call-live-act-contemporary-music-academy\/","og_locale":"en_US","og_type":"article","og_title":"Open Call: Live Act Contemporary Music Academy - Meetingpoint Memory Messiaen e.V.","og_description":"[vc_row css_animation=&#8221;&#8221; row_type=&#8221;row&#8221; use_row_as_full_screen_section=&#8221;no&#8221; type=&#8221;full_width&#8221; angled_section=&#8221;no&#8221; text_align=&#8221;left&#8221; background_image_as_pattern=&#8221;without_pattern&#8221;][vc_column][vc_column_text]Live Act is a contemporary music academy held by Ensemble \u00c9coute and Meetingpoint Memory Messiaen. It will place from\u00a0 24th to 30th August in G\u00f6rlitz and Zgorzelec, at the \u00a0border between Germany and Poland including STALAG VIII A,...","og_url":"https:\/\/www.meetingpoint-memory-messiaen.eu\/en\/open-call-live-act-contemporary-music-academy\/","og_site_name":"Meetingpoint Memory Messiaen e.V.","article_modified_time":"2025-06-20T14:57:45+00:00","og_image":[{"width":960,"height":960,"url":"https:\/\/www.meetingpoint-memory-messiaen.eu\/en\/wp-content\/uploads\/2025\/06\/Flyer-Live-Act-A4-Meeting-Point-960-x-960-px.jpg","type":"image\/jpeg"}],"twitter_card":"summary_large_image","twitter_misc":{"Est. reading time":"3 minutes"},"schema":{"@context":"https:\/\/schema.org","@graph":[{"@type":"WebPage","@id":"https:\/\/www.meetingpoint-memory-messiaen.eu\/en\/open-call-live-act-contemporary-music-academy\/","url":"https:\/\/www.meetingpoint-memory-messiaen.eu\/en\/open-call-live-act-contemporary-music-academy\/","name":"Open Call: Live Act Contemporary Music Academy - Meetingpoint Memory Messiaen e.V.","isPartOf":{"@id":"https:\/\/www.meetingpoint-memory-messiaen.eu\/en\/#website"},"primaryImageOfPage":{"@id":"https:\/\/www.meetingpoint-memory-messiaen.eu\/en\/open-call-live-act-contemporary-music-academy\/#primaryimage"},"image":{"@id":"https:\/\/www.meetingpoint-memory-messiaen.eu\/en\/open-call-live-act-contemporary-music-academy\/#primaryimage"},"thumbnailUrl":"https:\/\/www.meetingpoint-memory-messiaen.eu\/en\/wp-content\/uploads\/2025\/06\/Flyer-Live-Act-A4-Meeting-Point-960-x-960-px.jpg","datePublished":"2025-06-20T14:32:57+00:00","dateModified":"2025-06-20T14:57:45+00:00","breadcrumb":{"@id":"https:\/\/www.meetingpoint-memory-messiaen.eu\/en\/open-call-live-act-contemporary-music-academy\/#breadcrumb"},"inLanguage":"en-US","potentialAction":[{"@type":"ReadAction","target":["https:\/\/www.meetingpoint-memory-messiaen.eu\/en\/open-call-live-act-contemporary-music-academy\/"]}]},{"@type":"ImageObject","inLanguage":"en-US","@id":"https:\/\/www.meetingpoint-memory-messiaen.eu\/en\/open-call-live-act-contemporary-music-academy\/#primaryimage","url":"https:\/\/www.meetingpoint-memory-messiaen.eu\/en\/wp-content\/uploads\/2025\/06\/Flyer-Live-Act-A4-Meeting-Point-960-x-960-px.jpg","contentUrl":"https:\/\/www.meetingpoint-memory-messiaen.eu\/en\/wp-content\/uploads\/2025\/06\/Flyer-Live-Act-A4-Meeting-Point-960-x-960-px.jpg","width":960,"height":960},{"@type":"BreadcrumbList","@id":"https:\/\/www.meetingpoint-memory-messiaen.eu\/en\/open-call-live-act-contemporary-music-academy\/#breadcrumb","itemListElement":[{"@type":"ListItem","position":1,"name":"Home","item":"https:\/\/www.meetingpoint-memory-messiaen.eu\/en\/"},{"@type":"ListItem","position":2,"name":"Open Call: Live Act Contemporary Music Academy"}]},{"@type":"WebSite","@id":"https:\/\/www.meetingpoint-memory-messiaen.eu\/en\/#website","url":"https:\/\/www.meetingpoint-memory-messiaen.eu\/en\/","name":"Meetingpoint Memory Messiaen e.V.","description":"","potentialAction":[{"@type":"SearchAction","target":{"@type":"EntryPoint","urlTemplate":"https:\/\/www.meetingpoint-memory-messiaen.eu\/en\/?s={search_term_string}"},"query-input":{"@type":"PropertyValueSpecification","valueRequired":true,"valueName":"search_term_string"}}],"inLanguage":"en-US"}]}},"_links":{"self":[{"href":"https:\/\/www.meetingpoint-memory-messiaen.eu\/en\/wp-json\/wp\/v2\/pages\/15665","targetHints":{"allow":["GET"]}}],"collection":[{"href":"https:\/\/www.meetingpoint-memory-messiaen.eu\/en\/wp-json\/wp\/v2\/pages"}],"about":[{"href":"https:\/\/www.meetingpoint-memory-messiaen.eu\/en\/wp-json\/wp\/v2\/types\/page"}],"author":[{"embeddable":true,"href":"https:\/\/www.meetingpoint-memory-messiaen.eu\/en\/wp-json\/wp\/v2\/users\/21"}],"replies":[{"embeddable":true,"href":"https:\/\/www.meetingpoint-memory-messiaen.eu\/en\/wp-json\/wp\/v2\/comments?post=15665"}],"version-history":[{"count":3,"href":"https:\/\/www.meetingpoint-memory-messiaen.eu\/en\/wp-json\/wp\/v2\/pages\/15665\/revisions"}],"predecessor-version":[{"id":15674,"href":"https:\/\/www.meetingpoint-memory-messiaen.eu\/en\/wp-json\/wp\/v2\/pages\/15665\/revisions\/15674"}],"wp:featuredmedia":[{"embeddable":true,"href":"https:\/\/www.meetingpoint-memory-messiaen.eu\/en\/wp-json\/wp\/v2\/media\/15666"}],"wp:attachment":[{"href":"https:\/\/www.meetingpoint-memory-messiaen.eu\/en\/wp-json\/wp\/v2\/media?parent=15665"}],"curies":[{"name":"wp","href":"https:\/\/api.w.org\/{rel}","templated":true}]}}